{"id":3146,"date":"2020-10-16T10:26:21","date_gmt":"2020-10-16T08:26:21","guid":{"rendered":"https:\/\/www.horizontresort.sk\/uslugi\/aktivity-v-okoli\/"},"modified":"2025-04-29T11:53:05","modified_gmt":"2025-04-29T09:53:05","slug":"atrakcje-w-okolicy","status":"publish","type":"page","link":"https:\/\/www.horizontresort.sk\/pl\/uslugi\/atrakcje-w-okolicy\/","title":{"rendered":"Atrakcje w okolicy"},"content":{"rendered":"<h2>Ciesz si\u0119 magi\u0105 Tatr Wysokich w pe\u0142ni!<\/h2>\n<div class=\"gdc_row\">\n<div class=\"gdc_column gdc_chalf\">\n<div class=\"gdc_inner\">\n<h3>Odkryj letni\u0105 twarz Tatr<\/h3>\n<p>Niezale\u017cnie od tego, czy szukasz aktywnego spaceru, spokojnego spaceru czy te\u017c przejazdu kolejk\u0105 linow\u0105 z widokiem, ka\u017cdy znajdzie tu co\u015b dla siebie. Kolejk\u0105 linow\u0105 mo\u017cna dojecha\u0107 na \u0141omnicki Szczyt, Hrebienok lub Skalnat\u00e9 Pleso. <a href=\"https:\/\/www.vt.sk\/informacie\/info\/prevadzka-lanoviek\">Dzia\u0142anie kolejki linowej<\/a><\/p>\n<p>Odkryj pi\u0119kno Szczyrbskiego Jeziora i Zielonego Jeziora, kt\u00f3re zaliczaj\u0105 si\u0119 do najpi\u0119kniejszych szlak\u00f3w turystycznych w regionie. Nie zapomnij o magicznej <a href=\"http:\/\/www.ssj.sk\/sk\/jaskyna\/2-belianska-jaskyna\">Jaskini Bielskiej<\/a>, miejscu pe\u0142nym stalagmit\u00f3w, jezior i fascynuj\u0105cych historii ukrytych pod ziemi\u0105. A je\u015bli szukasz spokojniejszego sposobu na sp\u0119dzenie wolnego czasu, zaledwie kilka minut od miejscowo\u015bci Stara Le\u015bna w Wielkiej \u0141omnicy znajdziesz <a href=\"https:\/\/www.golftatry.sk\/\">Black Stork Golf Resort<\/a> \u2013 27-do\u0142kowe pole golfowe, zaliczane do najpi\u0119kniejszych w Europie \u015arodkowej. Latem Tatry s\u0105 r\u00f3wnie\u017c rajem dla rowerzyst\u00f3w. Czekaj\u0105 tu na Ciebie <a href=\"https:\/\/regiontatry.sk\/cyklistika\/\">oznakowane trasy rowerowe<\/a> o r\u00f3\u017cnym stopniu trudno\u015bci, jak np. popularna Tatrza\u0144ska Magistrala czy trasa rowerowa z Hrebienoka do Domu \u015al\u0105skiego.<\/p>\n<\/div>\n<\/div>\n<div class=\"gdc_column gdc_chalf\">\n<div class=\"gdc_inner\">\n<p><img loading=\"lazy\" decoding=\"async\" class=\"alignnone wp-image-3654 size-large\" src=\"https:\/\/www.horizontresort.sk\/wp-content\/uploads\/2025\/04\/strbske-pleso-3231824_1920-1600x1067.jpg\" alt=\"\" width=\"1600\" height=\"1067\" srcset=\"https:\/\/www.horizontresort.sk\/wp-content\/uploads\/2025\/04\/strbske-pleso-3231824_1920-1600x1067.jpg 1600w, https:\/\/www.horizontresort.sk\/wp-content\/uploads\/2025\/04\/strbske-pleso-3231824_1920-300x200.jpg 300w, https:\/\/www.horizontresort.sk\/wp-content\/uploads\/2025\/04\/strbske-pleso-3231824_1920-768x512.jpg 768w, https:\/\/www.horizontresort.sk\/wp-content\/uploads\/2025\/04\/strbske-pleso-3231824_1920-1536x1024.jpg 1536w, https:\/\/www.horizontresort.sk\/wp-content\/uploads\/2025\/04\/strbske-pleso-3231824_1920.jpg 1920w\" sizes=\"auto, (max-width: 1600px) 100vw, 1600px\" \/><\/p>\n<\/div>\n<\/div>\n<\/div>\n<div class=\"gdc_row\">\n<div class=\"gdc_column gdc_chalf\">\n<div class=\"gdc_inner\">\n<img loading=\"lazy\" decoding=\"async\" class=\"alignnone wp-image-3658 size-full\" src=\"https:\/\/www.horizontresort.sk\/wp-content\/uploads\/2025\/04\/cable-car-854520_1280.jpg\" alt=\"\" width=\"1280\" height=\"960\" srcset=\"https:\/\/www.horizontresort.sk\/wp-content\/uploads\/2025\/04\/cable-car-854520_1280.jpg 1280w, https:\/\/www.horizontresort.sk\/wp-content\/uploads\/2025\/04\/cable-car-854520_1280-300x225.jpg 300w, https:\/\/www.horizontresort.sk\/wp-content\/uploads\/2025\/04\/cable-car-854520_1280-768x576.jpg 768w\" sizes=\"auto, (max-width: 1280px) 100vw, 1280px\" \/>\n<\/div>\n<\/div>\n<div class=\"gdc_column gdc_chalf\">\n<div class=\"gdc_inner\">\n<h3>Zim\u0105, gdy natura zamienia si\u0119 w bajk\u0119<\/h3>\n<p>Gdy krajobraz pokryje si\u0119 bia\u0142\u0105 ko\u0142dr\u0105, Wysokie Tatry zamieniaj\u0105 si\u0119 w magiczny raj. Wybierz si\u0119 na zimow\u0105 w\u0119dr\u00f3wk\u0119 na zamarzni\u0119te Jezioro Szczyrbskie lub podziwiaj zapieraj\u0105ce dech w piersiach widoki ze <a href=\"https:\/\/www.vt.sk\/stredisko\/strediska\/vylety-lanovkami\/lomnicky-stit\">szczytu \u0141omnica<\/a>, na kt\u00f3ry mo\u017cna dojecha\u0107 kolejk\u0105 linow\u0105 nawet zim\u0105. Tatry oferuj\u0105 r\u00f3wnie\u017c kilometry przygotowanych tras narciarstwa biegowego, romantyczne przeja\u017cd\u017cki saniami konnymi lub dawk\u0119 adrenaliny na <a href=\"https:\/\/www.vt.sk\/aktivity\/zimne-aktivity\/sankovacka-na-hrebienku\">torze saneczkowym<\/a> z Hrebienka do Smokowca, kt\u00f3rego d\u0142ugo\u015b\u0107 wynosi a\u017c 2,5 kilometra.<\/p>\n<h3>Kultura z tatrza\u0144skim akcentem<\/h3>\n<p>Tatry to nie tylko przyroda, to tak\u017ce miejsce o bogatej historii i \u017cywej kulturze. Poznaj Tatry nie tylko patrz\u0105c na szczyty. Odwied\u017a Muzeum <a href=\"https:\/\/www.tanap.sk\/\">TANAP<\/a> w Tatrza\u0144skiej \u0141omnicy i zanurz si\u0119 w fascynuj\u0105cym \u015bwiecie tatrza\u0144skiej przyrody oraz poznaj histori\u0119 ochrony tego wyj\u0105tkowego obszaru. Nie przegap ogrodu botanicznego, w kt\u00f3rym mo\u017cesz podziwia\u0107 pi\u0119kno i r\u00f3\u017cnorodno\u015b\u0107 g\u00f3rskiej flory.<\/p>\n<\/div>\n<\/div>\n<\/div>\n<h3>Adrenalina w Tatrach<\/h3>\n<p>Je\u015bli szukasz dawki emocji, Wysokie Tatry maj\u0105 co\u015b do zaoferowania nawet najbardziej odwa\u017cnym. Czekaj\u0105 na Ciebie wspinaczki ska\u0142kowe i <a href=\"https:\/\/www.tatry.sk\/tipy-na-vylety\/pre-aktivnych\/ferratou-cez-priecne-sedlo\/\">via ferraty<\/a>, kt\u00f3re wystawi\u0105 na pr\u00f3b\u0119 Twoj\u0105 odwag\u0119 i kondycj\u0119. Latem mo\u017cna uprawia\u0107 kolarstwo g\u00f3rskie po trasach pe\u0142nych adrenaliny lub je\u017adzi\u0107 na <a href=\"https:\/\/www.tatry.sk\/kolobezky\/\">hulajnodze<\/a> po 3-kilometrowej asfaltowej trasie ze Startu do Tatrza\u0144skiej \u0141omnicy. Mi\u0142o\u015bnicy wysoko\u015bci mog\u0105 skorzysta\u0107 r\u00f3wnie\u017c z paralotniarstwa, kt\u00f3re pozwoli im zobaczy\u0107 Tatry z lotu ptaka. Daj si\u0119 wci\u0105gn\u0105\u0107 w przygod\u0119, kt\u00f3rej szybko nie zapomnisz.<\/p>\n<div class=\"gdc_row\">\n<div class=\"gdc_column gdc_chalf\">\n<div class=\"gdc_inner\">\n<h3>Tatry oczami dzieci<\/h3>\n<p>Nawet najm\u0142odsi b\u0119d\u0105 zachwyceni Tatrami! Okolice Starej Le\u015bnej oferuj\u0105 mn\u00f3stwo przyg\u00f3d, dzi\u0119ki kt\u00f3rym ka\u017cdy dzie\u0144 stanie si\u0119 niezapomnianym prze\u017cyciem. Zabierz swoje dzieci do Wiewi\u00f3rczego <a href=\"https:\/\/www.tatry.sk\/kam-s-detmi\/lanove-parky\/\">Parku Linowego<\/a> w Szczyrbskim Plesie, odkryj magiczny \u015bwiat iluzji w <a href=\"https:\/\/www.tricklandia.sk\/en\/home-en\/\">Tricklandii<\/a> lub wybierz si\u0119 na wycieczk\u0119 do <a href=\"https:\/\/www.dobrahracka.sk\/\">Galerii Dobra Hraczka<\/a> w Tatrza\u0144skiej \u0141omnicy. W Nowym Smokowcu znajdziesz Drewniane Kr\u00f3lestwo Tatr, kt\u00f3re w zabawny spos\u00f3b przybli\u017ca pi\u0119kno przyrody. A je\u015bli chodzi o \u015bmiech i zabaw\u0119, <a href=\"https:\/\/www.poliankovo.sk\/\">Poliankovo<\/a> \u200b\u200bw Tatrza\u0144skiej Poliance lub <a href=\"https:\/\/www.vt.sk\/hory\/letne-atrakcie\/orlikovo\">Orl\u00edkovo<\/a> w Szczyrbskim Plesie zadbaj\u0105 o to, aby by\u0142 to dzie\u0144 pe\u0142en rado\u015bci, gier i odkry\u0107.<\/p>\n<\/div>\n<\/div>\n<div class=\"gdc_column gdc_chalf\">\n<div class=\"gdc_inner\">\n<img loading=\"lazy\" decoding=\"async\" class=\"alignnone size-full wp-image-3662\" src=\"https:\/\/www.horizontresort.sk\/wp-content\/uploads\/2025\/04\/legs-3842677_1280.jpg\" alt=\"\" width=\"1280\" height=\"853\" srcset=\"https:\/\/www.horizontresort.sk\/wp-content\/uploads\/2025\/04\/legs-3842677_1280.jpg 1280w, https:\/\/www.horizontresort.sk\/wp-content\/uploads\/2025\/04\/legs-3842677_1280-300x200.jpg 300w, https:\/\/www.horizontresort.sk\/wp-content\/uploads\/2025\/04\/legs-3842677_1280-768x512.jpg 768w\" sizes=\"auto, (max-width: 1280px) 100vw, 1280px\" \/>\n<\/div>\n<\/div>\n<\/div>\n<p>Niezapomniane widoki, zapach lasu i cisza, kt\u00f3ra leczy. Tatry to miejsce, w kt\u00f3rym pi\u0119kno natury \u0142\u0105czy si\u0119 z doskona\u0142ym relaksem. A wszystko to zaledwie o krok od Twojego miejsca zakwaterowania.<\/p>\n","protected":false},"excerpt":{"rendered":"<p>Ciesz si\u0119 magi\u0105 Tatr Wysokich w pe\u0142ni! Adrenalina w Tatrach Je\u015bli szukasz dawki emocji, Wysokie Tatry maj\u0105 co\u015b do zaoferowania nawet najbardziej odwa\u017cnym. Czekaj\u0105 na Ciebie wspinaczki ska\u0142kowe i via ferraty, kt\u00f3re wystawi\u0105 na pr\u00f3b\u0119 Twoj\u0105 odwag\u0119 i kondycj\u0119. Latem mo\u017cna uprawia\u0107 kolarstwo g\u00f3rskie po trasach pe\u0142nych adrenaliny lub je\u017adzi\u0107 na hulajnodze po 3-kilometrowej asfaltowej&#8230;<\/p>\n","protected":false},"author":1,"featured_media":2025,"parent":3096,"menu_order":39,"comment_status":"closed","ping_status":"closed","template":"","meta":{"footnotes":""},"class_list":["post-3146","page","type-page","status-publish","has-post-thumbnail","hentry"],"acf":[],"aioseo_notices":[],"_links":{"self":[{"href":"https:\/\/www.horizontresort.sk\/pl\/wp-json\/wp\/v2\/pages\/3146","targetHints":{"allow":["GET"]}}],"collection":[{"href":"https:\/\/www.horizontresort.sk\/pl\/wp-json\/wp\/v2\/pages"}],"about":[{"href":"https:\/\/www.horizontresort.sk\/pl\/wp-json\/wp\/v2\/types\/page"}],"author":[{"embeddable":true,"href":"https:\/\/www.horizontresort.sk\/pl\/wp-json\/wp\/v2\/users\/1"}],"replies":[{"embeddable":true,"href":"https:\/\/www.horizontresort.sk\/pl\/wp-json\/wp\/v2\/comments?post=3146"}],"version-history":[{"count":7,"href":"https:\/\/www.horizontresort.sk\/pl\/wp-json\/wp\/v2\/pages\/3146\/revisions"}],"predecessor-version":[{"id":3673,"href":"https:\/\/www.horizontresort.sk\/pl\/wp-json\/wp\/v2\/pages\/3146\/revisions\/3673"}],"up":[{"embeddable":true,"href":"https:\/\/www.horizontresort.sk\/pl\/wp-json\/wp\/v2\/pages\/3096"}],"wp:featuredmedia":[{"embeddable":true,"href":"https:\/\/www.horizontresort.sk\/pl\/wp-json\/wp\/v2\/media\/2025"}],"wp:attachment":[{"href":"https:\/\/www.horizontresort.sk\/pl\/wp-json\/wp\/v2\/media?parent=3146"}],"curies":[{"name":"wp","href":"https:\/\/api.w.org\/{rel}","templated":true}]}}