{"id":3136,"date":"2020-11-02T14:26:39","date_gmt":"2020-11-02T13:26:39","guid":{"rendered":"https:\/\/www.horizontresort.sk\/uslugi\/multifunkcne-ihrisko\/"},"modified":"2026-01-05T08:36:38","modified_gmt":"2026-01-05T07:36:38","slug":"boisko-wielofunkcyjne","status":"publish","type":"page","link":"https:\/\/www.horizontresort.sk\/pl\/uslugi\/boisko-wielofunkcyjne\/","title":{"rendered":"Boisko wielofunkcyjne"},"content":{"rendered":"<p>W Horizont Resort Hotel mo\u017cesz liczy\u0107 na wspania\u0142\u0105 rozrywk\u0119 przez ca\u0142y rok. Zaj\u0119cia sportowe stanowi\u0105 cz\u0119\u015b\u0107 naszych us\u0142ug i s\u0105 dostosowane zar\u00f3wno do sportowc\u00f3w rekreacyjnych, jak i aktywnych, doros\u0142ych i dzieci. Nasz wielofunkcyjny plac zabaw jest idealnym miejscem do uprawiania r\u00f3\u017cnych sport\u00f3w i zapewnia przestrze\u0144 do zabawy i \u0107wicze\u0144 na \u015bwie\u017cym powietrzu.<\/p>\n<p><img loading=\"lazy\" decoding=\"async\" class=\"alignnone size-full wp-image-1193\" src=\"https:\/\/www.horizontresort.sk\/wp-content\/uploads\/2025\/03\/Horizont_Resort_1000x650_159.jpg\" alt=\"\" width=\"1000\" height=\"650\" srcset=\"https:\/\/www.horizontresort.sk\/wp-content\/uploads\/2025\/03\/Horizont_Resort_1000x650_159.jpg 1000w, https:\/\/www.horizontresort.sk\/wp-content\/uploads\/2025\/03\/Horizont_Resort_1000x650_159-300x195.jpg 300w, https:\/\/www.horizontresort.sk\/wp-content\/uploads\/2025\/03\/Horizont_Resort_1000x650_159-768x499.jpg 768w\" sizes=\"auto, (max-width: 1000px) 100vw, 1000px\" \/><\/p>\n<h2>PLAC ZABAW (czynny w okresie letnim)<\/h2>\n<p>Roz\u0142aduj napi\u0119cie i stres, baw si\u0119 lub utrzymaj form\u0119 dzi\u0119ki naszym r\u00f3\u017cnorodnym zaj\u0119ciom sportowym. Na naszym wielofunkcyjnym boisku mo\u017cesz gra\u0107 w tenisa, pi\u0142k\u0119 no\u017cn\u0105, koszyk\u00f3wk\u0119, siatk\u00f3wk\u0119, netball i inne sporty zespo\u0142owe na \u015bwie\u017cym tatrza\u0144skim powietrzu. Dla Pa\u0144stwa wygody udost\u0119pniamy sprz\u0119t sportowy bezpo\u015brednio na terenie hotelu.<\/p>\n","protected":false},"excerpt":{"rendered":"<p>W Horizont Resort Hotel mo\u017cesz liczy\u0107 na wspania\u0142\u0105 rozrywk\u0119 przez ca\u0142y rok. Zaj\u0119cia sportowe stanowi\u0105 cz\u0119\u015b\u0107 naszych us\u0142ug i s\u0105 dostosowane zar\u00f3wno do sportowc\u00f3w rekreacyjnych, jak i aktywnych, doros\u0142ych i dzieci. Nasz wielofunkcyjny plac zabaw jest idealnym miejscem do uprawiania r\u00f3\u017cnych sport\u00f3w i zapewnia przestrze\u0144 do zabawy i \u0107wicze\u0144 na \u015bwie\u017cym powietrzu. PLAC ZABAW (czynny&#8230;<\/p>\n","protected":false},"author":1,"featured_media":0,"parent":3096,"menu_order":37,"comment_status":"closed","ping_status":"closed","template":"","meta":{"footnotes":""},"class_list":["post-3136","page","type-page","status-publish","hentry"],"acf":[],"aioseo_notices":[],"_links":{"self":[{"href":"https:\/\/www.horizontresort.sk\/pl\/wp-json\/wp\/v2\/pages\/3136","targetHints":{"allow":["GET"]}}],"collection":[{"href":"https:\/\/www.horizontresort.sk\/pl\/wp-json\/wp\/v2\/pages"}],"about":[{"href":"https:\/\/www.horizontresort.sk\/pl\/wp-json\/wp\/v2\/types\/page"}],"author":[{"embeddable":true,"href":"https:\/\/www.horizontresort.sk\/pl\/wp-json\/wp\/v2\/users\/1"}],"replies":[{"embeddable":true,"href":"https:\/\/www.horizontresort.sk\/pl\/wp-json\/wp\/v2\/comments?post=3136"}],"version-history":[{"count":5,"href":"https:\/\/www.horizontresort.sk\/pl\/wp-json\/wp\/v2\/pages\/3136\/revisions"}],"predecessor-version":[{"id":4212,"href":"https:\/\/www.horizontresort.sk\/pl\/wp-json\/wp\/v2\/pages\/3136\/revisions\/4212"}],"up":[{"embeddable":true,"href":"https:\/\/www.horizontresort.sk\/pl\/wp-json\/wp\/v2\/pages\/3096"}],"wp:attachment":[{"href":"https:\/\/www.horizontresort.sk\/pl\/wp-json\/wp\/v2\/media?parent=3136"}],"curies":[{"name":"wp","href":"https:\/\/api.w.org\/{rel}","templated":true}]}}