{"id":3075,"date":"2025-03-12T14:31:02","date_gmt":"2025-03-12T13:31:02","guid":{"rendered":"https:\/\/www.horizontresort.sk\/wellness\/solarium\/"},"modified":"2025-03-18T14:39:46","modified_gmt":"2025-03-18T13:39:46","slug":"solarium","status":"publish","type":"page","link":"https:\/\/www.horizontresort.sk\/pl\/wellness\/solarium\/","title":{"rendered":"Solarium"},"content":{"rendered":"<div class=\"gdc_row\">\n<div class=\"gdc_column gdc_chalf\">\n<div class=\"gdc_inner\">\n<p>Opalenizna jest nasz\u0105 najbardziej naturaln\u0105 form\u0105 kosmetyk\u00f3w. Solarium to idealne miejsce, gdzie mo\u017cna bezpiecznie opali\u0107 ca\u0142e cia\u0142o. Nie musisz ju\u017c martwi\u0107 si\u0119 o bia\u0142e, nieopalone plamy pod kostiumem k\u0105pielowym, poniewa\u017c teraz mo\u017cesz mie\u0107 pi\u0119kn\u0105 opalenizn\u0119 na ca\u0142ym ciele. Najlepszym sposobem na uzyskanie ciemniejszej karnacji jest kontrolowane opalanie i przyjmowanie witaminy D. Witamina D3 jest kluczowa dla zdrowia ko\u015bci, zapobiega osteoporozie i pomaga w magazynowaniu wapnia, co zwi\u0119ksza wytrzyma\u0142o\u015b\u0107 ko\u015bci. Solarium przyczynia si\u0119 tak\u017ce do zapobiegania grypie, wspomaga leczenie chor\u00f3b sk\u00f3ry, mo\u017ce by\u0107 pomocne przy niewydolno\u015bci nerek u dzieci, a przy tym ma znacz\u0105cy wp\u0142yw kosmetyczny i upi\u0119kszaj\u0105cy.<\/p>\n<\/div>\n<\/div>\n<div class=\"gdc_column gdc_chalf\">\n<div class=\"gdc_inner\">\n<p>Przestronna kabina opalaj\u0105ca serii Sunrise jest wyj\u0105tkowo wygodna do opalania \u2013 208 cm wysoko\u015bci i 86 cm szeroko\u015bci, parametry techniczne: 48 x maks. Promiennik UV Turbo o mocy 180 W. Por\u0119cze w \u0142\u00f3\u017ckach opalaj\u0105cych pomagaj\u0105 w znalezieniu idealnej pozycji cia\u0142a, u\u0142atwiaj\u0105 stanie i zapewniaj\u0105 r\u00f3wnomiern\u0105 opalenizn\u0119. Specjalna technologia Silent Cooling zapewni Ci wyj\u0105tkowo ciche i efektywne ch\u0142odzenie dzi\u0119ki trzem wentylatorom. Ambient Light tworzy fascynuj\u0105ce efekty i pokaz \u015bwietlny, kt\u00f3ry zagwarantuje odpowiedni\u0105 atmosfer\u0119 podczas sesji opalania. Dzi\u0119ki muzyce ka\u017cda czynno\u015b\u0107 staje si\u0119 przyjemniejsza. System d\u017awi\u0119ku Stereo 3D w solariach wyposa\u017cony jest w dwa g\u0142o\u015bniki, mo\u017cliwo\u015b\u0107 wyboru kana\u0142u, regulacj\u0119 g\u0142o\u015bno\u015bci oraz mo\u017cliwo\u015b\u0107 pod\u0142\u0105czenia s\u0142uchawek.<\/p>\n<\/div>\n<\/div>\n<\/div>\n","protected":false},"excerpt":{"rendered":"","protected":false},"author":1,"featured_media":0,"parent":3064,"menu_order":23,"comment_status":"closed","ping_status":"closed","template":"","meta":{"footnotes":""},"class_list":["post-3075","page","type-page","status-publish","hentry"],"acf":[],"aioseo_notices":[],"_links":{"self":[{"href":"https:\/\/www.horizontresort.sk\/pl\/wp-json\/wp\/v2\/pages\/3075","targetHints":{"allow":["GET"]}}],"collection":[{"href":"https:\/\/www.horizontresort.sk\/pl\/wp-json\/wp\/v2\/pages"}],"about":[{"href":"https:\/\/www.horizontresort.sk\/pl\/wp-json\/wp\/v2\/types\/page"}],"author":[{"embeddable":true,"href":"https:\/\/www.horizontresort.sk\/pl\/wp-json\/wp\/v2\/users\/1"}],"replies":[{"embeddable":true,"href":"https:\/\/www.horizontresort.sk\/pl\/wp-json\/wp\/v2\/comments?post=3075"}],"version-history":[{"count":2,"href":"https:\/\/www.horizontresort.sk\/pl\/wp-json\/wp\/v2\/pages\/3075\/revisions"}],"predecessor-version":[{"id":3356,"href":"https:\/\/www.horizontresort.sk\/pl\/wp-json\/wp\/v2\/pages\/3075\/revisions\/3356"}],"up":[{"embeddable":true,"href":"https:\/\/www.horizontresort.sk\/pl\/wp-json\/wp\/v2\/pages\/3064"}],"wp:attachment":[{"href":"https:\/\/www.horizontresort.sk\/pl\/wp-json\/wp\/v2\/media?parent=3075"}],"curies":[{"name":"wp","href":"https:\/\/api.w.org\/{rel}","templated":true}]}}