{"id":3067,"date":"2025-03-12T14:32:01","date_gmt":"2025-03-12T13:32:01","guid":{"rendered":"https:\/\/www.horizontresort.sk\/wellness\/thajske-masaze\/"},"modified":"2025-03-18T14:32:14","modified_gmt":"2025-03-18T13:32:14","slug":"masaze-tajskie","status":"publish","type":"page","link":"https:\/\/www.horizontresort.sk\/pl\/wellness\/masaze-tajskie\/","title":{"rendered":"Masa\u017ce tajskie"},"content":{"rendered":"<p>Siam Center Thai Massage to sie\u0107 centr\u00f3w masa\u017cu, kt\u00f3rej celem jest przybli\u017cenie orientalnej sztuki terapeutycznej masa\u017cu leczniczego. Podczas pobytu w hotelu wellness HORIZONT Resort mog\u0105 Pa\u0144stwo skorzysta\u0107 z szerokiej gamy masa\u017cy wykonywanych przez do\u015bwiadczone tajskie masa\u017cystki. Masa\u017c tajski, pochodz\u0105cy z Indii, \u0142\u0105czy w sobie elementy akupresury i jogi. Jest metod\u0105 leczenia, kt\u00f3ra ma ponad 2500 lat. Opiera si\u0119 na wiedzy o szlakach energetycznych w ciele cz\u0142owieka, zwanych Sen, na kt\u00f3rych zlokalizowane s\u0105 wa\u017cne punkty akupresurowe. Uciskanie tych punkt\u00f3w stymuluje przep\u0142yw wewn\u0119trznej energii, leczy chore organy i gruczo\u0142y oraz usuwa toksyny z tkanek. Tradycyjny tajski masa\u017c usuwa zm\u0119czenie, \u0142agodzi skurcze mi\u0119\u015bni i napi\u0119cie nerwowe, poprawia kr\u0105\u017cenie krwi i limfy oraz zwi\u0119ksza ruchomo\u015b\u0107 mi\u0119\u015bni, staw\u00f3w i \u015bci\u0119gien.<\/p>\n<div class=\"gdc_row\">\n<div class=\"gdc_column gdc_cthird\">\n<div class=\"gdc_inner\">\n<p><img loading=\"lazy\" decoding=\"async\" class=\"alignnone size-full wp-image-1063\" src=\"https:\/\/www.horizontresort.sk\/wp-content\/uploads\/2025\/03\/Horizont_Resort_1000x650_76.jpg\" alt=\"\" width=\"1000\" height=\"650\" srcset=\"https:\/\/www.horizontresort.sk\/wp-content\/uploads\/2025\/03\/Horizont_Resort_1000x650_76.jpg 1000w, https:\/\/www.horizontresort.sk\/wp-content\/uploads\/2025\/03\/Horizont_Resort_1000x650_76-300x195.jpg 300w, https:\/\/www.horizontresort.sk\/wp-content\/uploads\/2025\/03\/Horizont_Resort_1000x650_76-768x499.jpg 768w\" sizes=\"auto, (max-width: 1000px) 100vw, 1000px\" \/><\/p>\n<h2>Plecy i ramiona<\/h2>\n<p><strong>Tajski masa\u017c plec\u00f3w i szyi koncentruje si\u0119 na plecach i szyi, po\u015bladkach, okolicy ko\u015bci krzy\u017cowej i miednicy oraz mi\u0119\u015bniach i \u015bci\u0119gnach, kt\u00f3re s\u0105 najbardziej nara\u017cone na stres spowodowany siedz\u0105cym trybem pracy i brakiem ruchu.<\/strong><\/p>\n<p>Ten intensywny, g\u0142\u0119boki masa\u017c obejmuje techniki akupresury, kt\u00f3re uwalniaj\u0105 napi\u0119cie mi\u0119\u015bni, usuwaj\u0105 blokady energetyczne, zwi\u0119kszaj\u0105 elastyczno\u015b\u0107 cia\u0142a, eliminuj\u0105 b\u00f3le g\u0142owy i szyi oraz przynosz\u0105 ulg\u0119 w przewlek\u0142ym b\u00f3lu, zm\u0119czeniu i stresie.<\/p>\n<ul>\n<li>Plecy i ramiona 30 min \u2013 34,90 \u20ac<\/li>\n<\/ul>\n<\/div>\n<\/div>\n<div class=\"gdc_column gdc_cthird\">\n<div class=\"gdc_inner\">\n<p><img loading=\"lazy\" decoding=\"async\" class=\"alignnone size-full wp-image-1070\" src=\"https:\/\/www.horizontresort.sk\/wp-content\/uploads\/2025\/03\/Thajske-masaze_1000x650_4.jpg\" alt=\"\" width=\"1000\" height=\"666\" srcset=\"https:\/\/www.horizontresort.sk\/wp-content\/uploads\/2025\/03\/Thajske-masaze_1000x650_4.jpg 1000w, https:\/\/www.horizontresort.sk\/wp-content\/uploads\/2025\/03\/Thajske-masaze_1000x650_4-300x200.jpg 300w, https:\/\/www.horizontresort.sk\/wp-content\/uploads\/2025\/03\/Thajske-masaze_1000x650_4-768x511.jpg 768w\" sizes=\"auto, (max-width: 1000px) 100vw, 1000px\" \/><\/p>\n<h2>RAJ DLA PLEC\u00d3W \u2022 SPECJALNY MASA\u017b PLEC\u00d3W<\/h2>\n<p><strong>Specjalne po\u0142\u0105czenie technik masa\u017cu, zwane tak\u017ce terapi\u0105 ciepln\u0105. Dzia\u0142a rozlu\u017aniaj\u0105co na sztywne mi\u0119\u015bnie, w przypadku kontuzji, przeci\u0105\u017cenia mi\u0119\u015bni lub przezi\u0119bienia.<\/strong><\/p>\n<p>Terapeuta u\u017cywa gor\u0105cych zio\u0142owych woreczk\u00f3w, kt\u00f3re g\u0142\u0119boko oddzia\u0142uj\u0105 na mi\u0119\u015bnie, oraz olejku do masa\u017cu, kt\u00f3ry rozlu\u017ania sztywne mi\u0119\u015bnie.<br \/>\nRegularne powtarzanie zabiegu mo\u017ce przynie\u015b\u0107 ulg\u0119 w przewlek\u0142ym stanie zapalnym.<\/p>\n<ul>\n<li>Powr\u00f3t do nieba 60 min \u2013 69,90 \u20ac<\/li>\n<\/ul>\n<\/div>\n<\/div>\n<div class=\"gdc_column gdc_cthird\">\n<div class=\"gdc_inner\">\n<p><img loading=\"lazy\" decoding=\"async\" class=\"alignnone size-full wp-image-1069\" src=\"https:\/\/www.horizontresort.sk\/wp-content\/uploads\/2025\/03\/Thajske-masaze_1000x650_3.jpg\" alt=\"\" width=\"1000\" height=\"651\" srcset=\"https:\/\/www.horizontresort.sk\/wp-content\/uploads\/2025\/03\/Thajske-masaze_1000x650_3.jpg 1000w, https:\/\/www.horizontresort.sk\/wp-content\/uploads\/2025\/03\/Thajske-masaze_1000x650_3-300x195.jpg 300w, https:\/\/www.horizontresort.sk\/wp-content\/uploads\/2025\/03\/Thajske-masaze_1000x650_3-768x500.jpg 768w\" sizes=\"auto, (max-width: 1000px) 100vw, 1000px\" \/><\/p>\n<h2>KHAT NAA \u2022 MASA\u017b TWARZY<\/h2>\n<p><strong>Intensywna, nawil\u017caj\u0105ca kuracja przeciwstarzeniowa z zastosowaniem kosmetyk\u00f3w zawieraj\u0105cych kwas hialuronowy gwarantuje skuteczne, g\u0142\u0119bokie nawil\u017cenie i odm\u0142odzenie sk\u00f3ry.<\/strong><\/p>\n<p>Kwas hialuronowy wype\u0142nia przestrzenie mi\u0119dzy kom\u00f3rkami, zatrzymuj\u0105c wod\u0119 i chroni\u0105c kom\u00f3rki. Sk\u00f3ra staje si\u0119 promienna, od\u017cywiona, j\u0119drna i mi\u0119kka w dotyku. Polecane dla os\u00f3b w ka\u017cdym wieku.<\/p>\n<ul>\n<li>Khat Naa 30 min \u2013 39,90 \u20ac<\/li>\n<li>Khat Naa 60 min \u2013 65,90 \u20ac<\/li>\n<\/ul>\n<\/div>\n<\/div>\n<\/div>\n<div class=\"gdc_row\">\n<div class=\"gdc_column gdc_cthird\">\n<div class=\"gdc_inner\">\n<p><img loading=\"lazy\" decoding=\"async\" class=\"alignnone size-full wp-image-1068\" src=\"https:\/\/www.horizontresort.sk\/wp-content\/uploads\/2025\/03\/Thajske-masaze_1000x650_2.jpg\" alt=\"\" width=\"1000\" height=\"651\" srcset=\"https:\/\/www.horizontresort.sk\/wp-content\/uploads\/2025\/03\/Thajske-masaze_1000x650_2.jpg 1000w, https:\/\/www.horizontresort.sk\/wp-content\/uploads\/2025\/03\/Thajske-masaze_1000x650_2-300x195.jpg 300w, https:\/\/www.horizontresort.sk\/wp-content\/uploads\/2025\/03\/Thajske-masaze_1000x650_2-768x500.jpg 768w\" sizes=\"auto, (max-width: 1000px) 100vw, 1000px\" \/><\/p>\n<h2>NUAD THAI \u2022 TRADYCYJNY TAJSKI MASA\u017b<\/h2>\n<p><strong>Tradycyjny tajski masa\u017c jest metod\u0105 lecznicz\u0105 znan\u0105 od 2500 lat.<\/strong><\/p>\n<p>Poprzez palpacj\u0119 punkt\u00f3w akupresurowych i wywieranie na nie odpowiedniego nacisku, profesjonalni tajscy terapeuci uwolni\u0105 Twoje cia\u0142o od zm\u0119czenia, usun\u0105 skurcze mi\u0119\u015bni i napi\u0119cie nerwowe, pobudz\u0105 kr\u0105\u017cenie krwi i limfy oraz rozlu\u017ani\u0105 ruchomo\u015b\u0107 mi\u0119\u015bni, staw\u00f3w i \u015bci\u0119gien.<\/p>\n<ul>\n<li>Nuad Thai 60 min \u2013 54,50 \u20ac<\/li>\n<li>Nuad Thai 90 min \u2013 67,50 \u20ac<\/li>\n<li>Nuad Thai 120 min \u2013 88,50 \u20ac<\/li>\n<\/ul>\n<\/div>\n<\/div>\n<div class=\"gdc_column gdc_cthird\">\n<div class=\"gdc_inner\">\n<p><img loading=\"lazy\" decoding=\"async\" class=\"alignnone size-full wp-image-1063\" src=\"https:\/\/www.horizontresort.sk\/wp-content\/uploads\/2025\/03\/Horizont_Resort_1000x650_76.jpg\" alt=\"\" width=\"1000\" height=\"650\" srcset=\"https:\/\/www.horizontresort.sk\/wp-content\/uploads\/2025\/03\/Horizont_Resort_1000x650_76.jpg 1000w, https:\/\/www.horizontresort.sk\/wp-content\/uploads\/2025\/03\/Horizont_Resort_1000x650_76-300x195.jpg 300w, https:\/\/www.horizontresort.sk\/wp-content\/uploads\/2025\/03\/Horizont_Resort_1000x650_76-768x499.jpg 768w\" sizes=\"auto, (max-width: 1000px) 100vw, 1000px\" \/><\/p>\n<h2>RON DEE \u2022 MASA\u017b PEELINGUJ\u0104CY<\/h2>\n<p><strong>Masa\u017c peelinguj\u0105cy aktywuje mikrokr\u0105\u017cenie w uk\u0142adzie podsk\u00f3rnym, detoksykuje i usuwa martwe \u0142uski nask\u00f3rka, wspomagaj\u0105c w ten spos\u00f3b jego oddychanie.<\/strong><\/p>\n<p>Pozostawia sk\u00f3r\u0119 mi\u0119kk\u0105, g\u0142adk\u0105 w dotyku i wygl\u0105dzie, dzia\u0142a przeciwdepresyjnie i skutecznie regeneruje dojrza\u0142\u0105 lub zm\u0119czon\u0105 sk\u00f3r\u0119. Peeling solny zawiera s\u00f3l morsk\u0105, awokado i olejek jojoba.<\/p>\n<ul>\n<li>Ron Dee 60 min \u2013 64,90 \u20ac<\/li>\n<\/ul>\n<\/div>\n<\/div>\n<div class=\"gdc_column gdc_cthird\">\n<div class=\"gdc_inner\">\n<p><img loading=\"lazy\" decoding=\"async\" class=\"alignnone size-full wp-image-1070\" src=\"https:\/\/www.horizontresort.sk\/wp-content\/uploads\/2025\/03\/Thajske-masaze_1000x650_4.jpg\" alt=\"\" width=\"1000\" height=\"666\" srcset=\"https:\/\/www.horizontresort.sk\/wp-content\/uploads\/2025\/03\/Thajske-masaze_1000x650_4.jpg 1000w, https:\/\/www.horizontresort.sk\/wp-content\/uploads\/2025\/03\/Thajske-masaze_1000x650_4-300x200.jpg 300w, https:\/\/www.horizontresort.sk\/wp-content\/uploads\/2025\/03\/Thajske-masaze_1000x650_4-768x511.jpg 768w\" sizes=\"auto, (max-width: 1000px) 100vw, 1000px\" \/><\/p>\n<h2>Przep\u0142yw sn\u00f3w<\/h2>\n<p><strong>Tok Sen to staro\u017cytny masa\u017c, kt\u00f3rego tradycja liczy ponad 5000 lat. W t\u0142umaczeniu TOK SEN oznacza: \u201eprzep\u0142yw energii\u201d.<\/strong><\/p>\n<p>Do masa\u017cu TOK SEN stosuje si\u0119 specjalne narz\u0119dzia wykonane z drewna tamaryndowca. Za pomoc\u0105 tych narz\u0119dzi: klina i m\u0142otka, powstaj\u0105 przenikliwe drgania mechaniczne i d\u017awi\u0119kowe, kt\u00f3re rezonuj\u0105 w g\u0142\u0119bokich warstwach tkanek i ko\u015bci. Delikatnie uderza w meridiany energetyczne, co powoduje u\u015bmierzenie b\u00f3lu, rozlu\u017anienie sztywnych organ\u00f3w, popraw\u0119 kr\u0105\u017cenia krwi i usuni\u0119cie zablokowanej energii.Jest bardzo polecany osobom pracuj\u0105cym fizycznie, o du\u017cym napi\u0119ciu nerwowym i cz\u0119sto odczuwaj\u0105cym stres.<\/p>\n<ul>\n<li>Dream Flow 60 min \u2013 64,90 \u20ac<\/li>\n<\/ul>\n<\/div>\n<\/div>\n<\/div>\n<div class=\"gdc_row\">\n<div class=\"gdc_column gdc_cthird\">\n<div class=\"gdc_inner\">\n<p><img loading=\"lazy\" decoding=\"async\" class=\"alignnone size-full wp-image-1069\" src=\"https:\/\/www.horizontresort.sk\/wp-content\/uploads\/2025\/03\/Thajske-masaze_1000x650_3.jpg\" alt=\"\" width=\"1000\" height=\"651\" srcset=\"https:\/\/www.horizontresort.sk\/wp-content\/uploads\/2025\/03\/Thajske-masaze_1000x650_3.jpg 1000w, https:\/\/www.horizontresort.sk\/wp-content\/uploads\/2025\/03\/Thajske-masaze_1000x650_3-300x195.jpg 300w, https:\/\/www.horizontresort.sk\/wp-content\/uploads\/2025\/03\/Thajske-masaze_1000x650_3-768x500.jpg 768w\" sizes=\"auto, (max-width: 1000px) 100vw, 1000px\" \/><\/p>\n<h2>MASA\u017b KOKOSOWY \u2022 MASA\u017b KOKOSOWY<\/h2>\n<p><strong>\u0141\u0105czy w sobie techniki lecznicze stosowane w tradycyjnym masa\u017cu tajskim z olejem kokosowym. Olej kokosowy od\u017cywia sk\u00f3r\u0119, pozostawiaj\u0105c j\u0105 zdrowsz\u0105, bardziej elastyczn\u0105, roz\u015bwietlon\u0105 i aksamitnie mi\u0119kk\u0105.<\/strong><\/p>\n<p>Olejek zawiera du\u017co naturalnych przeciwutleniaczy i witamin (A, C, E) oraz ma w\u0142a\u015bciwo\u015bci g\u0142\u0119boko nawil\u017caj\u0105ce. Jest r\u00f3wnie\u017c niezwykle skuteczny w leczeniu i usuwaniu blizn, plam pigmentacyjnych i zmarszczek. Relaksuj\u0105cy masa\u017c kokosowy uspokaja psychik\u0119, zwalcza zm\u0119czenie, wywo\u0142uje przyjemny relaks cia\u0142a, \u0142agodzi stres, rozlu\u017ania napi\u0119cie nerwowe i mi\u0119\u015bniowe.<\/p>\n<ul>\n<li>Masa\u017c kokosowy 60 min \u2013 64,90 \u20ac<\/li>\n<\/ul>\n<\/div>\n<\/div>\n<div class=\"gdc_column gdc_cthird\">\n<div class=\"gdc_inner\">\n<p><img loading=\"lazy\" decoding=\"async\" class=\"alignnone size-full wp-image-1068\" src=\"https:\/\/www.horizontresort.sk\/wp-content\/uploads\/2025\/03\/Thajske-masaze_1000x650_2.jpg\" alt=\"\" width=\"1000\" height=\"651\" srcset=\"https:\/\/www.horizontresort.sk\/wp-content\/uploads\/2025\/03\/Thajske-masaze_1000x650_2.jpg 1000w, https:\/\/www.horizontresort.sk\/wp-content\/uploads\/2025\/03\/Thajske-masaze_1000x650_2-300x195.jpg 300w, https:\/\/www.horizontresort.sk\/wp-content\/uploads\/2025\/03\/Thajske-masaze_1000x650_2-768x500.jpg 768w\" sizes=\"auto, (max-width: 1000px) 100vw, 1000px\" \/><\/p>\n<h2>MASA\u017b MAS\u0141EM SHEA \u2022 MASA\u017b MAS\u0141EM SHEA<\/h2>\n<p><strong>\u0141\u0105czy w sobie lecznicze techniki tradycyjnego tajskiego masa\u017cu z dodatkiem mas\u0142a shea. Masa\u017c jest idealny dla sk\u00f3ry suchej.<\/strong><\/p>\n<p>Mas\u0142o shea nie zatyka por\u00f3w sk\u00f3ry, dzi\u0119ki czemu mo\u017ce ona swobodnie oddycha\u0107. Mas\u0142o ma dzia\u0142anie nawil\u017caj\u0105ce, regeneruj\u0105ce, przeciwzapalne i odm\u0142adzaj\u0105ce.<br \/>\nDobrze wch\u0142ania si\u0119 w sk\u00f3r\u0119 i ma d\u0142ugotrwa\u0142e dzia\u0142anie nawil\u017caj\u0105ce, pobudzaj\u0105c jednocze\u015bnie naturalne zdolno\u015bci sk\u00f3ry do samoleczenia.Mas\u0142o shea sprawi, \u017ce Twoja sk\u00f3ra b\u0119dzie wygl\u0105da\u0107 m\u0142odziej, j\u0119drniej i zdrowiej.Masa\u017c relaksacyjny uspokaja psychik\u0119, zwalcza zm\u0119czenie, wywo\u0142uje przyjemny relaks cia\u0142a, \u0142agodzi stres i co najwa\u017cniejsze, od\u017cywia sk\u00f3r\u0119.<\/p>\n<ul>\n<li>Masa\u017c mas\u0142em shea 60 min \u2013 64,90 \u20ac<\/li>\n<\/ul>\n<\/div>\n<\/div>\n<div class=\"gdc_column gdc_cthird\">\n<div class=\"gdc_inner\">\n<p><img loading=\"lazy\" decoding=\"async\" class=\"alignnone size-full wp-image-1067\" src=\"https:\/\/www.horizontresort.sk\/wp-content\/uploads\/2025\/03\/Masaz-Horizont_2_800x521-1.jpg\" alt=\"\" width=\"800\" height=\"521\" srcset=\"https:\/\/www.horizontresort.sk\/wp-content\/uploads\/2025\/03\/Masaz-Horizont_2_800x521-1.jpg 800w, https:\/\/www.horizontresort.sk\/wp-content\/uploads\/2025\/03\/Masaz-Horizont_2_800x521-1-300x195.jpg 300w, https:\/\/www.horizontresort.sk\/wp-content\/uploads\/2025\/03\/Masaz-Horizont_2_800x521-1-768x500.jpg 768w\" sizes=\"auto, (max-width: 800px) 100vw, 800px\" \/><\/p>\n<h2>RIT TEE \u2022 GOR\u0104CY MASA\u017b ZIO\u0141OWY<\/h2>\n<p><strong>Gor\u0105cy masa\u017c zio\u0142owy z u\u017cyciem prawdziwych tajskich zi\u00f3\u0142 w bawe\u0142nianym woreczku. Przy\u0142o\u017cenie ciep\u0142ego kompresu otwiera pory w sk\u00f3rze, a zio\u0142a uwalniaj\u0105 swoje przeciwzapalne, antybakteryjne i antyseptyczne dzia\u0142anie g\u0142\u0119boko w mi\u0119\u015bniach.<\/strong><\/p>\n<p>Mieszanka tradycyjnych tajskich zi\u00f3\u0142 dzia\u0142a pobudzaj\u0105co, relaksuj\u0105co i orze\u017awiaj\u0105co na cia\u0142o i umys\u0142. Terapeuta u\u017cywa dw\u00f3ch work\u00f3w, kt\u00f3re przed masa\u017cem s\u0105 podgrzewane w specjalnych urz\u0105dzeniach parowych, co pozwala uzyska\u0107 efekt terapeutyczny.<br \/>\nZio\u0142owa kula do masa\u017cu sk\u0142ada si\u0119 z 10 rodzaj\u00f3w rzadkich zi\u00f3\u0142: imbiru, li\u015bci i sk\u00f3rki limonki, kurkumy, galangalu, trawy cytrynowej, tamaryndowca, kozieradki, li\u015bci specjalnych tajskich zi\u00f3\u0142, samboilu i samsiel.<\/p>\n<ul>\n<li>Butt Tee 60 min \u2013 69,90 \u20ac<\/li>\n<li>Butt Tee 90 min \u2013 85,90 \u20ac<\/li>\n<\/ul>\n<\/div>\n<\/div>\n<\/div>\n<div class=\"gdc_row\">\n<div class=\"gdc_column gdc_cthird\">\n<div class=\"gdc_inner\">\n<p><img loading=\"lazy\" decoding=\"async\" class=\"alignnone size-full wp-image-1066\" src=\"https:\/\/www.horizontresort.sk\/wp-content\/uploads\/2025\/03\/Horizont_Resort_1000x650_81.jpg\" alt=\"\" width=\"1000\" height=\"650\" srcset=\"https:\/\/www.horizontresort.sk\/wp-content\/uploads\/2025\/03\/Horizont_Resort_1000x650_81.jpg 1000w, https:\/\/www.horizontresort.sk\/wp-content\/uploads\/2025\/03\/Horizont_Resort_1000x650_81-300x195.jpg 300w, https:\/\/www.horizontresort.sk\/wp-content\/uploads\/2025\/03\/Horizont_Resort_1000x650_81-768x499.jpg 768w\" sizes=\"auto, (max-width: 1000px) 100vw, 1000px\" \/><\/p>\n<h2>SOK DEE \u2022 MASA\u017b ST\u00d3P I N\u00d3G<\/h2>\n<p><strong>Masa\u017c akupresurowy stymuluj\u0105cy punkty odruchowe na stopach. Masa\u017c punkt\u00f3w odruchowych stymuluje poszczeg\u00f3lne odpowiadaj\u0105ce im organy.<\/strong><\/p>\n<p>Masa\u017c st\u00f3p wykonuje si\u0119 palcami i drewnianymi patyczkami, stosuj\u0105c specjalny krem, kt\u00f3rego g\u0142\u00f3wnymi sk\u0142adnikami s\u0105 mentol i kamfora.<br \/>\nMasa\u017c przynosi spok\u00f3j, relaks, r\u00f3wnowag\u0119 emocjonaln\u0105 i detoksykacj\u0119 organizmu.Likwiduje stres, uczucie ci\u0119\u017cko\u015bci i zm\u0119czenia n\u00f3g, korzystnie wp\u0142ywa na uk\u0142ad odporno\u015bciowy oraz kr\u0105\u017cenie krwi i limfy w organizmie, poprawia metabolizm, ukrwienie stymulowanego organu, harmonizuje kr\u0105\u017cenie krwi, poprawia odporno\u015b\u0107 organizmu, dzia\u0142a detoksykuj\u0105co i odm\u0142adzaj\u0105co, wspomaga funkcjonowanie i aktywno\u015b\u0107 narz\u0105d\u00f3w wewn\u0119trznych, usuwa szkodliwe substancje z organizmu.<br \/>\nStopa jest map\u0105 cia\u0142a. Je\u015bli ko\u0144czyna lub narz\u0105d jest chory, tzn. ma s\u0142abe kr\u0105\u017cenie, odpowiadaj\u0105cy mu punkt na stopie b\u0119dzie bolesny lub wra\u017cliwy na ucisk.<br \/>\nJe\u017celi kr\u0105\u017cenie zostanie pobudzone, kr\u0105\u017cenie si\u0119 poprawi. Ten rodzaj masa\u017cu jest uwa\u017cany za cz\u0119\u015b\u0107 leczenia wielu chor\u00f3b.<\/p>\n<ul>\n<li>Juice Dee 30 min \u2013 34,90 \u20ac<\/li>\n<li>Juice Dee 60 min \u2013 49,90 \u20ac<\/li>\n<\/ul>\n<\/div>\n<\/div>\n<div class=\"gdc_column gdc_cthird\">\n<div class=\"gdc_inner\">\n<p><img loading=\"lazy\" decoding=\"async\" class=\"alignnone size-full wp-image-1065\" src=\"https:\/\/www.horizontresort.sk\/wp-content\/uploads\/2025\/03\/Horizont_Resort_1000x650_78.jpg\" alt=\"\" width=\"1000\" height=\"650\" srcset=\"https:\/\/www.horizontresort.sk\/wp-content\/uploads\/2025\/03\/Horizont_Resort_1000x650_78.jpg 1000w, https:\/\/www.horizontresort.sk\/wp-content\/uploads\/2025\/03\/Horizont_Resort_1000x650_78-300x195.jpg 300w, https:\/\/www.horizontresort.sk\/wp-content\/uploads\/2025\/03\/Horizont_Resort_1000x650_78-768x499.jpg 768w\" sizes=\"auto, (max-width: 1000px) 100vw, 1000px\" \/><\/p>\n<h2>FAN DEE \u2022 TAJSKI MASA\u017b OLEJKOWY<\/h2>\n<p><strong>Tajski masa\u017c olejkami aromatycznymi \u0142\u0105czy w sobie techniki lecznicze stosowane w tradycyjnym tajskim masa\u017cu z aromaterapi\u0105 i wmasowywaniem olejku w sk\u00f3r\u0119.<\/strong><\/p>\n<p>Ten rodzaj masa\u017cu wymaga minimalnego ruchu. B\u0119dziesz ca\u0142y czas le\u017ce\u0107 na \u0142\u00f3\u017cku i cieszy\u0107 si\u0119 wszystkimi korzy\u015bciami po\u0142\u0105czenia tajskiego masa\u017cu i aromaterapii olejkami.<br \/>\nTwoje cia\u0142o osi\u0105gnie stan g\u0142\u0119bokiego relaksu. Ten masa\u017c cieszy si\u0119 popularno\u015bci\u0105 w\u015br\u00f3d wielu naszych klient\u00f3w i jest idealnym wyborem, je\u015bli jeste\u015b zaj\u0119ty i potrzebujesz ucieczki od stresuj\u0105cego trybu \u017cycia.Mo\u017cesz spodziewa\u0107 si\u0119 relaksuj\u0105cego odpr\u0119\u017cenia cia\u0142a i umys\u0142u.<\/p>\n<ul>\n<li>Fan Dee 60 min \u2013 64,90 \u20ac<\/li>\n<li>Fan Dee 90 min \u2013 79,90 \u20ac<\/li>\n<li>Fan Dee 120 min \u2013 95,50 \u20ac<\/li>\n<\/ul>\n<\/div>\n<\/div>\n<div class=\"gdc_column gdc_cthird\">\n<div class=\"gdc_inner\">\n<p><img loading=\"lazy\" decoding=\"async\" class=\"alignnone size-full wp-image-1064\" src=\"https:\/\/www.horizontresort.sk\/wp-content\/uploads\/2025\/03\/Horizont_Resort_1000x650_77.jpg\" alt=\"\" width=\"1000\" height=\"650\" srcset=\"https:\/\/www.horizontresort.sk\/wp-content\/uploads\/2025\/03\/Horizont_Resort_1000x650_77.jpg 1000w, https:\/\/www.horizontresort.sk\/wp-content\/uploads\/2025\/03\/Horizont_Resort_1000x650_77-300x195.jpg 300w, https:\/\/www.horizontresort.sk\/wp-content\/uploads\/2025\/03\/Horizont_Resort_1000x650_77-768x499.jpg 768w\" sizes=\"auto, (max-width: 1000px) 100vw, 1000px\" \/><\/p>\n<h2>Z\u0141OTY DOTYK \u2022 Z\u0141OTY MASA\u017b<\/h2>\n<p><strong>Luksusowy masa\u017c ca\u0142ego cia\u0142a z u\u017cyciem 24-karatowego z\u0142ota. Specjalny olejek przeznaczony do luksusowego, wyszczuplaj\u0105cego masa\u017cu cia\u0142a.<\/strong><\/p>\n<p>Zawiera 24-karatowe z\u0142oto, mieszank\u0119 olejk\u00f3w eterycznych (imbir, go\u017adziki, kurkuma, pochodne kwasu salicylowego, kt\u00f3re dzia\u0142aj\u0105 przeciwcellulitowo, naturalne wyci\u0105gi z imbiru, bluszczu i wodorost\u00f3w), naturalne oleje ro\u015blinne i lecytyn\u0119 sojow\u0105.<\/p>\n<ul>\n<li>Z\u0142oty Dotyk 60 min \u2013 89,90 \u20ac<\/li>\n<\/ul>\n<\/div>\n<\/div>\n<\/div>\n<div class=\"gdc_row\">\n<div class=\"gdc_column gdc_cthird\">\n<div class=\"gdc_inner\">\n<p><img loading=\"lazy\" decoding=\"async\" class=\"alignnone size-full wp-image-1072\" src=\"https:\/\/www.horizontresort.sk\/wp-content\/uploads\/2025\/03\/Thajske-masaze_1000x650_7.jpg\" alt=\"\" width=\"1000\" height=\"665\" srcset=\"https:\/\/www.horizontresort.sk\/wp-content\/uploads\/2025\/03\/Thajske-masaze_1000x650_7.jpg 1000w, https:\/\/www.horizontresort.sk\/wp-content\/uploads\/2025\/03\/Thajske-masaze_1000x650_7-300x200.jpg 300w, https:\/\/www.horizontresort.sk\/wp-content\/uploads\/2025\/03\/Thajske-masaze_1000x650_7-768x511.jpg 768w\" sizes=\"auto, (max-width: 1000px) 100vw, 1000px\" \/><\/p>\n<h2>PRAW HAA \u2022 CUD KOKOSOWY \u2013 GOR\u0104CY MASA\u017b KOKOSOWY<\/h2>\n<p><strong>Wyj\u0105tkowy masa\u017c z tajskimi kulkami kokosowymi i olejem kokosowym. Kulki do masa\u017cu kokosowego s\u0105 wyj\u0105tkowe ze wzgl\u0119du na zawarto\u015b\u0107 czystej, naturalnej witaminy E w oleju kokosowym.<\/strong><\/p>\n<p>Od\u017cywiaj\u0105, zmi\u0119kczaj\u0105 i rewitalizuj\u0105 sk\u00f3r\u0119, jednocze\u015bnie chroni\u0105c j\u0105 przed intensywnym dzia\u0142aniem promieni s\u0142onecznych. Olej kokosowy sprawia, \u017ce \u200b\u200bsk\u00f3ra pozostaje mi\u0119kka i elastyczna. Kulki do masa\u017cu kokosowego idealnie nadaj\u0105 si\u0119 do masa\u017cu twarzy i cia\u0142a, szczeg\u00f3lnie polecane s\u0105 do sk\u00f3ry wra\u017cliwej.<\/p>\n<ul>\n<li>Praw Haa 90 min \u2013 85,90 \u20ac<\/li>\n<\/ul>\n<\/div>\n<\/div>\n<div class=\"gdc_column gdc_cthird\">\n<div class=\"gdc_inner\">\n<p><img loading=\"lazy\" decoding=\"async\" class=\"alignnone size-full wp-image-1071\" src=\"https:\/\/www.horizontresort.sk\/wp-content\/uploads\/2025\/03\/Thajske-masaze_1000x650_5.jpg\" alt=\"\" width=\"1000\" height=\"650\" srcset=\"https:\/\/www.horizontresort.sk\/wp-content\/uploads\/2025\/03\/Thajske-masaze_1000x650_5.jpg 1000w, https:\/\/www.horizontresort.sk\/wp-content\/uploads\/2025\/03\/Thajske-masaze_1000x650_5-300x195.jpg 300w, https:\/\/www.horizontresort.sk\/wp-content\/uploads\/2025\/03\/Thajske-masaze_1000x650_5-768x499.jpg 768w\" sizes=\"auto, (max-width: 1000px) 100vw, 1000px\" \/><\/p>\n<h2>MASA\u017b ALOESOWY \u2022 MASA\u017b ALOESOWY<\/h2>\n<p><strong>Dobroczynne i wyj\u0105tkowe dzia\u0142anie aloesu, zawieraj\u0105cego witaminy A, B1, B2, B3, B6, B12, C, E, niacyn\u0119 i cholin\u0119, doskonale sprawdza si\u0119 w piel\u0119gnacji sk\u00f3ry wra\u017cliwej, suchej, podra\u017cnionej i poparzonej s\u0142o\u0144cem.<\/strong><\/p>\n<p>Do masa\u017cu TOK SEN stosuje si\u0119 specjalne narz\u0119dzia wykonane z drewna tamaryndowca. Za pomoc\u0105 tych narz\u0119dzi: klina i m\u0142otka, powstaj\u0105 przenikliwe drgania mechaniczne i d\u017awi\u0119kowe, kt\u00f3re rezonuj\u0105 w g\u0142\u0119bokich warstwach tkanek i ko\u015bci. Delikatnie uderza w meridiany energetyczne, co powoduje u\u015bmierzenie b\u00f3lu, rozlu\u017anienie sztywnych organ\u00f3w, popraw\u0119 kr\u0105\u017cenia krwi i usuni\u0119cie zablokowanej energii.Jest bardzo polecany osobom pracuj\u0105cym fizycznie, o du\u017cym napi\u0119ciu nerwowym i cz\u0119sto odczuwaj\u0105cym stres.<\/p>\n<ul>\n<li>Aloe Vera 60 min \u2013 64,90 \u20ac<\/li>\n<li>Aloe Vera 90 min \u2013 79,90 \u20ac<\/li>\n<\/ul>\n<\/div>\n<\/div>\n<div class=\"gdc_column gdc_cthird\">\n<div class=\"gdc_inner\">\n<\/div>\n<\/div>\n<\/div>\n<div class=\"line\"><\/div>\n<div class=\"gdc_row\">\n<div class=\"gdc_column gdc_cquarter\">\n<div class=\"gdc_inner\">\n<p style=\"text-align: center;\"><strong>E-MAIL<\/strong><\/p>\n<p style=\"text-align: center;\"><a href=\"mailto:prevadzkahorizont@thajskemasaze.sk\">prevadzkahorizont@thajskemasaze.sk<\/a><\/p>\n<\/div>\n<\/div>\n<div class=\"gdc_column gdc_cquarter\">\n<div class=\"gdc_inner\">\n<p style=\"text-align: center;\"><strong>TELEFON<\/strong><\/p>\n<p style=\"text-align: center;\">+421 907 103 886<\/p>\n<\/div>\n<\/div>\n<div class=\"gdc_column gdc_cquarter\">\n<div class=\"gdc_inner\">\n<p style=\"text-align: center;\"><a href=\"https:\/\/www.facebook.com\/thairelaxpoprad\/\" target=\"_blank\" rel=\"noopener\"><strong>FACEBOOK<\/strong><\/a><\/p>\n<p style=\"text-align: center;\">Masa\u017ce tajskie<\/p>\n<\/div>\n<\/div>\n<div class=\"gdc_column gdc_cquarter\">\n<div class=\"gdc_inner\">\n<p style=\"text-align: center;\"><a href=\"\/wp-content\/uploads\/2025\/03\/cennik-horizont_10_23.jpg\" target=\"_blank\" rel=\"noopener\" data-rel=\"lightbox-image-0\" data-rl_title=\"\" data-rl_caption=\"\" title=\"\"><strong>CENN\u00cdK DO POBRANIA<\/strong><\/a><\/p>\n<p style=\"text-align: center;\">Cennik do pobrania<\/p>\n<\/div>\n<\/div>\n<\/div>\n","protected":false},"excerpt":{"rendered":"<p>Siam Center Thai Massage to sie\u0107 centr\u00f3w masa\u017cu, kt\u00f3rej celem jest przybli\u017cenie orientalnej sztuki terapeutycznej masa\u017cu leczniczego. Podczas pobytu w hotelu wellness HORIZONT Resort mog\u0105 Pa\u0144stwo skorzysta\u0107 z szerokiej gamy masa\u017cy wykonywanych przez do\u015bwiadczone tajskie masa\u017cystki. Masa\u017c tajski, pochodz\u0105cy z Indii, \u0142\u0105czy w sobie elementy akupresury i jogi. Jest metod\u0105 leczenia, kt\u00f3ra ma ponad 2500&#8230;<\/p>\n","protected":false},"author":1,"featured_media":1933,"parent":3064,"menu_order":21,"comment_status":"closed","ping_status":"closed","template":"","meta":{"footnotes":""},"class_list":["post-3067","page","type-page","status-publish","has-post-thumbnail","hentry"],"acf":[],"aioseo_notices":[],"_links":{"self":[{"href":"https:\/\/www.horizontresort.sk\/pl\/wp-json\/wp\/v2\/pages\/3067","targetHints":{"allow":["GET"]}}],"collection":[{"href":"https:\/\/www.horizontresort.sk\/pl\/wp-json\/wp\/v2\/pages"}],"about":[{"href":"https:\/\/www.horizontresort.sk\/pl\/wp-json\/wp\/v2\/types\/page"}],"author":[{"embeddable":true,"href":"https:\/\/www.horizontresort.sk\/pl\/wp-json\/wp\/v2\/users\/1"}],"replies":[{"embeddable":true,"href":"https:\/\/www.horizontresort.sk\/pl\/wp-json\/wp\/v2\/comments?post=3067"}],"version-history":[{"count":3,"href":"https:\/\/www.horizontresort.sk\/pl\/wp-json\/wp\/v2\/pages\/3067\/revisions"}],"predecessor-version":[{"id":3353,"href":"https:\/\/www.horizontresort.sk\/pl\/wp-json\/wp\/v2\/pages\/3067\/revisions\/3353"}],"up":[{"embeddable":true,"href":"https:\/\/www.horizontresort.sk\/pl\/wp-json\/wp\/v2\/pages\/3064"}],"wp:featuredmedia":[{"embeddable":true,"href":"https:\/\/www.horizontresort.sk\/pl\/wp-json\/wp\/v2\/media\/1933"}],"wp:attachment":[{"href":"https:\/\/www.horizontresort.sk\/pl\/wp-json\/wp\/v2\/media?parent=3067"}],"curies":[{"name":"wp","href":"https:\/\/api.w.org\/{rel}","templated":true}]}}