{"id":3054,"date":"2025-03-14T10:15:58","date_gmt":"2025-03-14T09:15:58","guid":{"rendered":"https:\/\/www.horizontresort.sk\/zakwaterowanie\/chalety-i-apartamenty\/apartman-smrek\/"},"modified":"2025-03-18T13:44:39","modified_gmt":"2025-03-18T12:44:39","slug":"apartament-smrek","status":"publish","type":"page","link":"https:\/\/www.horizontresort.sk\/pl\/zakwaterowanie\/chalety-i-apartamenty\/apartament-smrek\/","title":{"rendered":"Apartament Smrek"},"content":{"rendered":"<style type=\"text\/css\">\n\t\t\t#gallery-1 {\n\t\t\t\tmargin: auto;\n\t\t\t}\n\t\t\t#gallery-1 .gallery-item {\n\t\t\t\tfloat: left;\n\t\t\t\tmargin-top: 10px;\n\t\t\t\ttext-align: center;\n\t\t\t\twidth: 25%;\n\t\t\t}\n\t\t\t#gallery-1 img {\n\t\t\t\tborder: 2px solid #cfcfcf;\n\t\t\t}\n\t\t\t#gallery-1 .gallery-caption {\n\t\t\t\tmargin-left: 0;\n\t\t\t}\n\t\t\t\/* see gallery_shortcode() in wp-includes\/media.php *\/\n\t\t<\/style>\n<div id='gallery-1' class='gallery galleryid-3054 gallery-columns-4 gallery-size-thumbnail'>\n<dl class='gallery-item'>\n<dt class='gallery-icon landscape'>\n\t\t\t\t<a href='https:\/\/www.horizontresort.sk\/wp-content\/uploads\/2025\/03\/Apartman_brezy_asi_SMREK_web_00-1600x1063.jpg' title=\"\" data-rl_title=\"\" class=\"rl-gallery-link\" data-rl_caption=\"\" data-rel=\"lightbox-gallery-1\"><img loading=\"lazy\" decoding=\"async\" width=\"800\" height=\"650\" src=\"https:\/\/www.horizontresort.sk\/wp-content\/uploads\/2025\/03\/Apartman_brezy_asi_SMREK_web_00-800x650.jpg\" class=\"attachment-thumbnail size-thumbnail\" alt=\"\" \/><\/a>\n\t\t\t<\/dt>\n<\/dl>\n<dl class='gallery-item'>\n<dt class='gallery-icon landscape'>\n\t\t\t\t<a href='https:\/\/www.horizontresort.sk\/wp-content\/uploads\/2025\/03\/Apartman_brezy_asi_SMREK_web_01-1600x1063.jpg' title=\"\" data-rl_title=\"\" class=\"rl-gallery-link\" data-rl_caption=\"\" data-rel=\"lightbox-gallery-1\"><img loading=\"lazy\" decoding=\"async\" width=\"800\" height=\"650\" src=\"https:\/\/www.horizontresort.sk\/wp-content\/uploads\/2025\/03\/Apartman_brezy_asi_SMREK_web_01-800x650.jpg\" class=\"attachment-thumbnail size-thumbnail\" alt=\"\" \/><\/a>\n\t\t\t<\/dt>\n<\/dl>\n<dl class='gallery-item'>\n<dt class='gallery-icon landscape'>\n\t\t\t\t<a href='https:\/\/www.horizontresort.sk\/wp-content\/uploads\/2025\/03\/Apartman_brezy_asi_SMREK_web_04-1600x1063.jpg' title=\"\" data-rl_title=\"\" class=\"rl-gallery-link\" data-rl_caption=\"\" data-rel=\"lightbox-gallery-1\"><img loading=\"lazy\" decoding=\"async\" width=\"800\" height=\"650\" src=\"https:\/\/www.horizontresort.sk\/wp-content\/uploads\/2025\/03\/Apartman_brezy_asi_SMREK_web_04-800x650.jpg\" class=\"attachment-thumbnail size-thumbnail\" alt=\"\" \/><\/a>\n\t\t\t<\/dt>\n<\/dl>\n<dl class='gallery-item'>\n<dt class='gallery-icon landscape'>\n\t\t\t\t<a href='https:\/\/www.horizontresort.sk\/wp-content\/uploads\/2025\/03\/Apartman_brezy_asi_SMREK_web_06-1600x1063.jpg' title=\"\" data-rl_title=\"\" class=\"rl-gallery-link\" data-rl_caption=\"\" data-rel=\"lightbox-gallery-1\"><img loading=\"lazy\" decoding=\"async\" width=\"800\" height=\"650\" src=\"https:\/\/www.horizontresort.sk\/wp-content\/uploads\/2025\/03\/Apartman_brezy_asi_SMREK_web_06-800x650.jpg\" class=\"attachment-thumbnail size-thumbnail\" alt=\"\" \/><\/a>\n\t\t\t<\/dt>\n<\/dl>\n<p><br style=\"clear: both\" \/><\/p>\n<dl class='gallery-item'>\n<dt class='gallery-icon landscape'>\n\t\t\t\t<a href='https:\/\/www.horizontresort.sk\/wp-content\/uploads\/2025\/03\/Apartman_brezy_asi_SMREK_web_08-1600x1063.jpg' title=\"\" data-rl_title=\"\" class=\"rl-gallery-link\" data-rl_caption=\"\" data-rel=\"lightbox-gallery-1\"><img loading=\"lazy\" decoding=\"async\" width=\"800\" height=\"650\" src=\"https:\/\/www.horizontresort.sk\/wp-content\/uploads\/2025\/03\/Apartman_brezy_asi_SMREK_web_08-800x650.jpg\" class=\"attachment-thumbnail size-thumbnail\" alt=\"\" \/><\/a>\n\t\t\t<\/dt>\n<\/dl>\n<dl class='gallery-item'>\n<dt class='gallery-icon landscape'>\n\t\t\t\t<a href='https:\/\/www.horizontresort.sk\/wp-content\/uploads\/2025\/03\/Apartman_brezy_asi_SMREK_web_10-1600x1063.jpg' title=\"\" data-rl_title=\"\" class=\"rl-gallery-link\" data-rl_caption=\"\" data-rel=\"lightbox-gallery-1\"><img loading=\"lazy\" decoding=\"async\" width=\"800\" height=\"650\" src=\"https:\/\/www.horizontresort.sk\/wp-content\/uploads\/2025\/03\/Apartman_brezy_asi_SMREK_web_10-800x650.jpg\" class=\"attachment-thumbnail size-thumbnail\" alt=\"\" \/><\/a>\n\t\t\t<\/dt>\n<\/dl>\n<dl class='gallery-item'>\n<dt class='gallery-icon landscape'>\n\t\t\t\t<a href='https:\/\/www.horizontresort.sk\/wp-content\/uploads\/2025\/03\/Apartman_brezy_asi_SMREK_web_12-1600x1063.jpg' title=\"\" data-rl_title=\"\" class=\"rl-gallery-link\" data-rl_caption=\"\" data-rel=\"lightbox-gallery-1\"><img loading=\"lazy\" decoding=\"async\" width=\"800\" height=\"650\" src=\"https:\/\/www.horizontresort.sk\/wp-content\/uploads\/2025\/03\/Apartman_brezy_asi_SMREK_web_12-800x650.jpg\" class=\"attachment-thumbnail size-thumbnail\" alt=\"\" \/><\/a>\n\t\t\t<\/dt>\n<\/dl>\n<dl class='gallery-item'>\n<dt class='gallery-icon landscape'>\n\t\t\t\t<a href='https:\/\/www.horizontresort.sk\/wp-content\/uploads\/2025\/03\/Apartman_brezy_asi_SMREK_web_13-1600x1063.jpg' title=\"\" data-rl_title=\"\" class=\"rl-gallery-link\" data-rl_caption=\"\" data-rel=\"lightbox-gallery-1\"><img loading=\"lazy\" decoding=\"async\" width=\"800\" height=\"650\" src=\"https:\/\/www.horizontresort.sk\/wp-content\/uploads\/2025\/03\/Apartman_brezy_asi_SMREK_web_13-800x650.jpg\" class=\"attachment-thumbnail size-thumbnail\" alt=\"\" \/><\/a>\n\t\t\t<\/dt>\n<\/dl>\n<p><br style=\"clear: both\" \/><\/p>\n<dl class='gallery-item'>\n<dt class='gallery-icon landscape'>\n\t\t\t\t<a href='https:\/\/www.horizontresort.sk\/wp-content\/uploads\/2025\/03\/Apartman_brezy_asi_SMREK_web_15-1600x1063.jpg' title=\"\" data-rl_title=\"\" class=\"rl-gallery-link\" data-rl_caption=\"\" data-rel=\"lightbox-gallery-1\"><img loading=\"lazy\" decoding=\"async\" width=\"800\" height=\"650\" src=\"https:\/\/www.horizontresort.sk\/wp-content\/uploads\/2025\/03\/Apartman_brezy_asi_SMREK_web_15-800x650.jpg\" class=\"attachment-thumbnail size-thumbnail\" alt=\"\" \/><\/a>\n\t\t\t<\/dt>\n<\/dl>\n<dl class='gallery-item'>\n<dt class='gallery-icon landscape'>\n\t\t\t\t<a href='https:\/\/www.horizontresort.sk\/wp-content\/uploads\/2025\/03\/Apartman_brezy_asi_SMREK_web_19-1600x1063.jpg' title=\"\" data-rl_title=\"\" class=\"rl-gallery-link\" data-rl_caption=\"\" data-rel=\"lightbox-gallery-1\"><img loading=\"lazy\" decoding=\"async\" width=\"800\" height=\"650\" src=\"https:\/\/www.horizontresort.sk\/wp-content\/uploads\/2025\/03\/Apartman_brezy_asi_SMREK_web_19-800x650.jpg\" class=\"attachment-thumbnail size-thumbnail\" alt=\"\" \/><\/a>\n\t\t\t<\/dt>\n<\/dl>\n<dl class='gallery-item'>\n<dt class='gallery-icon landscape'>\n\t\t\t\t<a href='https:\/\/www.horizontresort.sk\/wp-content\/uploads\/2025\/03\/Apartman_brezy_asi_SMREK_web_20-1600x1063.jpg' title=\"\" data-rl_title=\"\" class=\"rl-gallery-link\" data-rl_caption=\"\" data-rel=\"lightbox-gallery-1\"><img loading=\"lazy\" decoding=\"async\" width=\"800\" height=\"650\" src=\"https:\/\/www.horizontresort.sk\/wp-content\/uploads\/2025\/03\/Apartman_brezy_asi_SMREK_web_20-800x650.jpg\" class=\"attachment-thumbnail size-thumbnail\" alt=\"\" \/><\/a>\n\t\t\t<\/dt>\n<\/dl>\n<dl class='gallery-item'>\n<dt class='gallery-icon landscape'>\n\t\t\t\t<a href='https:\/\/www.horizontresort.sk\/wp-content\/uploads\/2025\/03\/Apartman_brezy_asi_SMREK_web_22-1600x1063.jpg' title=\"\" data-rl_title=\"\" class=\"rl-gallery-link\" data-rl_caption=\"\" data-rel=\"lightbox-gallery-1\"><img loading=\"lazy\" decoding=\"async\" width=\"800\" height=\"650\" src=\"https:\/\/www.horizontresort.sk\/wp-content\/uploads\/2025\/03\/Apartman_brezy_asi_SMREK_web_22-800x650.jpg\" class=\"attachment-thumbnail size-thumbnail\" alt=\"\" \/><\/a>\n\t\t\t<\/dt>\n<\/dl>\n<p><br style=\"clear: both\" \/>\n\t\t<\/div>\n<div class=\"line\"><\/div>\n<div class=\"gdc_row\">\n<div class=\"gdc_column gdc_chalf\">\n<div class=\"gdc_inner\">\n<h2>Informacja<\/h2>\n<p>Zapraszamy do domk\u00f3w i apartament\u00f3w tatrza\u0144skich, po\u0142o\u017conych w brzozowym gaju i b\u0119d\u0105cych cz\u0119\u015bci\u0105 kompleksu hotelowego Horizont Resort. Te luksusowe domki g\u00f3rskie w stylu alpejskim oferuj\u0105 idealne po\u0142\u0105czenie komfortu, wygody i relaksu w otoczeniu, kt\u00f3re mo\u017ce sta\u0107 si\u0119 Twoim drugim domem. Opr\u00f3cz pi\u0119knych widok\u00f3w na otaczaj\u0105c\u0105 przyrod\u0119 i szczyty Tatr Wysokich, zapewniaj\u0105 one maksymalny komfort us\u0142ug. Obszar ten po\u0142o\u017cony jest w pobli\u017cu obiekt\u00f3w turystycznych, o\u015brodk\u00f3w narciarskich i o\u015brodk\u00f3w odnowy biologicznej.<\/p>\n<p>Apartament idealny dla 5 os\u00f3b, sk\u0142ada si\u0119 z sypialni, salonu, kuchni i \u0142azienki. Apartament sk\u0142ada si\u0119 z dw\u00f3ch sypialni &#8211; jednej z \u0142\u00f3\u017ckiem podw\u00f3jnym i drugiej z \u0142\u00f3\u017ckiem pojedynczym. Szklane okna typu francuska \u015bciana zapewniaj\u0105 pi\u0119kne widoki na otaczaj\u0105c\u0105 przyrod\u0119. Cz\u0119\u015b\u0107 wypoczynkowa wyposa\u017cona jest w telewizor, kominek, st\u00f3\u0142 jadalny i po\u0142\u0105czona jest z w pe\u0142ni wyposa\u017con\u0105 kuchni\u0105, w kt\u00f3rej znajduje si\u0119 piekarnik z p\u0142yt\u0105 ceramiczn\u0105, lod\u00f3wka, czajnik elektryczny i zmywarka. W cz\u0119\u015bci dziennej znajduj\u0105 si\u0119 dwie rozk\u0142adane sofy, kt\u00f3re mo\u017cna roz\u0142o\u017cy\u0107 do spania dla jednej osoby.<\/p>\n<p>Obiekt dysponuje przechowalni\u0105 sprz\u0119tu narciarskiego z suszark\u0105 ozonow\u0105 w g\u0142\u00f3wnym budynku hotelu Horizont Resort, bezp\u0142atnym prywatnym parkingiem oraz placem zabaw dla dzieci i stawem. Bezp\u0142atny dost\u0119p do Internetu WiFi jest dost\u0119pny na terenie wszystkich domk\u00f3w i apartament\u00f3w.<\/p>\n<\/div>\n<\/div>\n<div class=\"gdc_column gdc_chalf\">\n<div class=\"gdc_inner\">\n<h2>Sprz\u0119t<\/h2>\n<ul>\n<li>Ko\u0142dry antyalergiczne<\/li>\n<li>Okno francuskie<\/li>\n<li>Zestaw kosmetyczny<\/li>\n<li>Kominek<\/li>\n<li>Kuchnia \u2013 piekarnik, lod\u00f3wka, zmywarka, czajnik<\/li>\n<li>Telewizor LCD 40&#8243;<\/li>\n<li>Materace ortopedyczne<\/li>\n<li>Prysznic, Toaleta, Suszarka do w\u0142os\u00f3w<\/li>\n<li>Wi-Fi<\/li>\n<\/ul>\n<\/div>\n<\/div>\n<\/div>\n","protected":false},"excerpt":{"rendered":"","protected":false},"author":1,"featured_media":2862,"parent":3029,"menu_order":18,"comment_status":"closed","ping_status":"closed","template":"template-detail-pokoje.php","meta":{"footnotes":""},"class_list":["post-3054","page","type-page","status-publish","has-post-thumbnail","hentry"],"acf":[],"aioseo_notices":[],"_links":{"self":[{"href":"https:\/\/www.horizontresort.sk\/pl\/wp-json\/wp\/v2\/pages\/3054","targetHints":{"allow":["GET"]}}],"collection":[{"href":"https:\/\/www.horizontresort.sk\/pl\/wp-json\/wp\/v2\/pages"}],"about":[{"href":"https:\/\/www.horizontresort.sk\/pl\/wp-json\/wp\/v2\/types\/page"}],"author":[{"embeddable":true,"href":"https:\/\/www.horizontresort.sk\/pl\/wp-json\/wp\/v2\/users\/1"}],"replies":[{"embeddable":true,"href":"https:\/\/www.horizontresort.sk\/pl\/wp-json\/wp\/v2\/comments?post=3054"}],"version-history":[{"count":2,"href":"https:\/\/www.horizontresort.sk\/pl\/wp-json\/wp\/v2\/pages\/3054\/revisions"}],"predecessor-version":[{"id":3348,"href":"https:\/\/www.horizontresort.sk\/pl\/wp-json\/wp\/v2\/pages\/3054\/revisions\/3348"}],"up":[{"embeddable":true,"href":"https:\/\/www.horizontresort.sk\/pl\/wp-json\/wp\/v2\/pages\/3029"}],"wp:featuredmedia":[{"embeddable":true,"href":"https:\/\/www.horizontresort.sk\/pl\/wp-json\/wp\/v2\/media\/2862"}],"wp:attachment":[{"href":"https:\/\/www.horizontresort.sk\/pl\/wp-json\/wp\/v2\/media?parent=3054"}],"curies":[{"name":"wp","href":"https:\/\/api.w.org\/{rel}","templated":true}]}}