{"id":3034,"date":"2025-03-13T15:13:08","date_gmt":"2025-03-13T14:13:08","guid":{"rendered":"https:\/\/www.horizontresort.sk\/zakwaterowanie\/chalety-i-apartamenty\/chalet-horizont\/"},"modified":"2025-04-08T14:25:47","modified_gmt":"2025-04-08T12:25:47","slug":"chalet-horizont","status":"publish","type":"page","link":"https:\/\/www.horizontresort.sk\/pl\/zakwaterowanie\/chalety-i-apartamenty\/chalet-horizont\/","title":{"rendered":"Chalet"},"content":{"rendered":"<style type=\"text\/css\">\n\t\t\t#gallery-1 {\n\t\t\t\tmargin: auto;\n\t\t\t}\n\t\t\t#gallery-1 .gallery-item {\n\t\t\t\tfloat: left;\n\t\t\t\tmargin-top: 10px;\n\t\t\t\ttext-align: center;\n\t\t\t\twidth: 25%;\n\t\t\t}\n\t\t\t#gallery-1 img {\n\t\t\t\tborder: 2px solid #cfcfcf;\n\t\t\t}\n\t\t\t#gallery-1 .gallery-caption {\n\t\t\t\tmargin-left: 0;\n\t\t\t}\n\t\t\t\/* see gallery_shortcode() in wp-includes\/media.php *\/\n\t\t<\/style>\n<div id='gallery-1' class='gallery galleryid-3034 gallery-columns-4 gallery-size-thumbnail'>\n<dl class='gallery-item'>\n<dt class='gallery-icon landscape'>\n\t\t\t\t<a href='https:\/\/www.horizontresort.sk\/wp-content\/uploads\/2025\/03\/Chalet_Horizont_Resort_1-1.jpg' title=\"\" data-rl_title=\"\" class=\"rl-gallery-link\" data-rl_caption=\"\" data-rel=\"lightbox-gallery-1\"><img loading=\"lazy\" decoding=\"async\" width=\"800\" height=\"650\" src=\"https:\/\/www.horizontresort.sk\/wp-content\/uploads\/2025\/03\/Chalet_Horizont_Resort_1-1-800x650.jpg\" class=\"attachment-thumbnail size-thumbnail\" alt=\"\" \/><\/a>\n\t\t\t<\/dt>\n<\/dl>\n<dl class='gallery-item'>\n<dt class='gallery-icon landscape'>\n\t\t\t\t<a href='https:\/\/www.horizontresort.sk\/wp-content\/uploads\/2025\/03\/Brezy_chalety_apartmany_LQ_00-1-1600x1063.jpg' title=\"\" data-rl_title=\"\" class=\"rl-gallery-link\" data-rl_caption=\"\" data-rel=\"lightbox-gallery-1\"><img loading=\"lazy\" decoding=\"async\" width=\"800\" height=\"650\" src=\"https:\/\/www.horizontresort.sk\/wp-content\/uploads\/2025\/03\/Brezy_chalety_apartmany_LQ_00-1-800x650.jpg\" class=\"attachment-thumbnail size-thumbnail\" alt=\"\" \/><\/a>\n\t\t\t<\/dt>\n<\/dl>\n<dl class='gallery-item'>\n<dt class='gallery-icon landscape'>\n\t\t\t\t<a href='https:\/\/www.horizontresort.sk\/wp-content\/uploads\/2025\/03\/Brezy_chalety_apartmany_LQ_02-1-1600x1063.jpg' title=\"\" data-rl_title=\"\" class=\"rl-gallery-link\" data-rl_caption=\"\" data-rel=\"lightbox-gallery-1\"><img loading=\"lazy\" decoding=\"async\" width=\"800\" height=\"650\" src=\"https:\/\/www.horizontresort.sk\/wp-content\/uploads\/2025\/03\/Brezy_chalety_apartmany_LQ_02-1-800x650.jpg\" class=\"attachment-thumbnail size-thumbnail\" alt=\"\" \/><\/a>\n\t\t\t<\/dt>\n<\/dl>\n<dl class='gallery-item'>\n<dt class='gallery-icon landscape'>\n\t\t\t\t<a href='https:\/\/www.horizontresort.sk\/wp-content\/uploads\/2025\/03\/Brezy_chalety_apartmany_LQ_08-1-1600x1063.jpg' title=\"\" data-rl_title=\"\" class=\"rl-gallery-link\" data-rl_caption=\"\" data-rel=\"lightbox-gallery-1\"><img loading=\"lazy\" decoding=\"async\" width=\"800\" height=\"650\" src=\"https:\/\/www.horizontresort.sk\/wp-content\/uploads\/2025\/03\/Brezy_chalety_apartmany_LQ_08-1-800x650.jpg\" class=\"attachment-thumbnail size-thumbnail\" alt=\"\" \/><\/a>\n\t\t\t<\/dt>\n<\/dl>\n<p><br style=\"clear: both\" \/><\/p>\n<dl class='gallery-item'>\n<dt class='gallery-icon landscape'>\n\t\t\t\t<a href='https:\/\/www.horizontresort.sk\/wp-content\/uploads\/2025\/03\/Brezy_chalety_apartmany_LQ_06-1-1600x1063.jpg' title=\"\" data-rl_title=\"\" class=\"rl-gallery-link\" data-rl_caption=\"\" data-rel=\"lightbox-gallery-1\"><img loading=\"lazy\" decoding=\"async\" width=\"800\" height=\"650\" src=\"https:\/\/www.horizontresort.sk\/wp-content\/uploads\/2025\/03\/Brezy_chalety_apartmany_LQ_06-1-800x650.jpg\" class=\"attachment-thumbnail size-thumbnail\" alt=\"\" \/><\/a>\n\t\t\t<\/dt>\n<\/dl>\n<dl class='gallery-item'>\n<dt class='gallery-icon landscape'>\n\t\t\t\t<a href='https:\/\/www.horizontresort.sk\/wp-content\/uploads\/2025\/03\/Brezy_chalet_07.jpg' title=\"\" data-rl_title=\"\" class=\"rl-gallery-link\" data-rl_caption=\"\" data-rel=\"lightbox-gallery-1\"><img loading=\"lazy\" decoding=\"async\" width=\"800\" height=\"650\" src=\"https:\/\/www.horizontresort.sk\/wp-content\/uploads\/2025\/03\/Brezy_chalet_07-800x650.jpg\" class=\"attachment-thumbnail size-thumbnail\" alt=\"\" \/><\/a>\n\t\t\t<\/dt>\n<\/dl>\n<dl class='gallery-item'>\n<dt class='gallery-icon landscape'>\n\t\t\t\t<a href='https:\/\/www.horizontresort.sk\/wp-content\/uploads\/2025\/03\/Brezy_chalet_05-1.jpg' title=\"\" data-rl_title=\"\" class=\"rl-gallery-link\" data-rl_caption=\"\" data-rel=\"lightbox-gallery-1\"><img loading=\"lazy\" decoding=\"async\" width=\"800\" height=\"650\" src=\"https:\/\/www.horizontresort.sk\/wp-content\/uploads\/2025\/03\/Brezy_chalet_05-1-800x650.jpg\" class=\"attachment-thumbnail size-thumbnail\" alt=\"\" \/><\/a>\n\t\t\t<\/dt>\n<\/dl>\n<dl class='gallery-item'>\n<dt class='gallery-icon landscape'>\n\t\t\t\t<a href='https:\/\/www.horizontresort.sk\/wp-content\/uploads\/2025\/03\/Brezy_chalety_apartmany_LQ_12-1-1600x1063.jpg' title=\"\" data-rl_title=\"\" class=\"rl-gallery-link\" data-rl_caption=\"\" data-rel=\"lightbox-gallery-1\"><img loading=\"lazy\" decoding=\"async\" width=\"800\" height=\"650\" src=\"https:\/\/www.horizontresort.sk\/wp-content\/uploads\/2025\/03\/Brezy_chalety_apartmany_LQ_12-1-800x650.jpg\" class=\"attachment-thumbnail size-thumbnail\" alt=\"\" \/><\/a>\n\t\t\t<\/dt>\n<\/dl>\n<p><br style=\"clear: both\" \/><\/p>\n<dl class='gallery-item'>\n<dt class='gallery-icon landscape'>\n\t\t\t\t<a href='https:\/\/www.horizontresort.sk\/wp-content\/uploads\/2025\/03\/Brezy_chalety_apartmany_LQ_14-1600x1063.jpg' title=\"\" data-rl_title=\"\" class=\"rl-gallery-link\" data-rl_caption=\"\" data-rel=\"lightbox-gallery-1\"><img loading=\"lazy\" decoding=\"async\" width=\"800\" height=\"650\" src=\"https:\/\/www.horizontresort.sk\/wp-content\/uploads\/2025\/03\/Brezy_chalety_apartmany_LQ_14-800x650.jpg\" class=\"attachment-thumbnail size-thumbnail\" alt=\"\" \/><\/a>\n\t\t\t<\/dt>\n<\/dl>\n<dl class='gallery-item'>\n<dt class='gallery-icon landscape'>\n\t\t\t\t<a href='https:\/\/www.horizontresort.sk\/wp-content\/uploads\/2025\/03\/Brezy_chalety_apartmany_LQ_15-1600x1063.jpg' title=\"\" data-rl_title=\"\" class=\"rl-gallery-link\" data-rl_caption=\"\" data-rel=\"lightbox-gallery-1\"><img loading=\"lazy\" decoding=\"async\" width=\"800\" height=\"650\" src=\"https:\/\/www.horizontresort.sk\/wp-content\/uploads\/2025\/03\/Brezy_chalety_apartmany_LQ_15-800x650.jpg\" class=\"attachment-thumbnail size-thumbnail\" alt=\"\" \/><\/a>\n\t\t\t<\/dt>\n<\/dl>\n<dl class='gallery-item'>\n<dt class='gallery-icon landscape'>\n\t\t\t\t<a href='https:\/\/www.horizontresort.sk\/wp-content\/uploads\/2025\/03\/Brezy_chalety_apartmany_LQ_16-1600x1063.jpg' title=\"\" data-rl_title=\"\" class=\"rl-gallery-link\" data-rl_caption=\"\" data-rel=\"lightbox-gallery-1\"><img loading=\"lazy\" decoding=\"async\" width=\"800\" height=\"650\" src=\"https:\/\/www.horizontresort.sk\/wp-content\/uploads\/2025\/03\/Brezy_chalety_apartmany_LQ_16-800x650.jpg\" class=\"attachment-thumbnail size-thumbnail\" alt=\"\" \/><\/a>\n\t\t\t<\/dt>\n<\/dl>\n<p>\t\t\t<br style='clear: both' \/>\n\t\t<\/div>\n<div class=\"line\"><\/div>\n<div class=\"gdc_row\">\n<div class=\"gdc_column gdc_chalf\">\n<div class=\"gdc_inner\">\n<h2>Informacja<\/h2>\n<p>W tatrza\u0144skich domkach i apartamentach, po\u0142o\u017conych w brzozowym gaju na terenie hotelu Horizont Resort, do\u015bwiadcz\u0105 Pa\u0144stwo doskona\u0142ego komfortu i relaksu z pi\u0119knymi widokami na otaczaj\u0105c\u0105 przyrod\u0119 i szczyty Tatr Wysokich. Luksusowe domki g\u00f3rskie w stylu alpejskim oferuj\u0105 maksymalny komfort rodzinom, grupom przyjaci\u00f3\u0142 i kolekcjom.<\/p>\n<h3>Charakterystyka domk\u00f3w:<\/h3>\n<p>Pojemno\u015b\u0107: do 8 os\u00f3b.<\/p>\n<p><strong>Pod\u0142oga<\/strong>:<\/p>\n<p>Trzy oddzielne sypialnie: jedna z \u0142\u00f3\u017ckiem ma\u0142\u017ce\u0144skim (mo\u017cliwo\u015b\u0107 dostawienia \u0142\u00f3\u017ceczka dzieci\u0119cego) i dwie z osobnymi \u0142\u00f3\u017ckami, wszystkie z oknami typu balkon z widokiem na natur\u0119.<\/p>\n<p><strong>Parter<\/strong>:<\/p>\n<ul>\n<li>Salon z TV, kominkiem i sto\u0142em jadalnym.<\/li>\n<li>W pe\u0142ni wyposa\u017cona kuchnia z piekarnikiem, p\u0142yt\u0105 ceramiczn\u0105, lod\u00f3wk\u0105, czajnikiem i zmywark\u0105.<\/li>\n<li>Zewn\u0119trznie: Taras z widokiem na Tatry Wysokie.<\/li>\n<\/ul>\n<h3>Us\u0142ugi i wyposa\u017cenie:<\/h3>\n<ul>\n<li>Przechowalnia sprz\u0119tu narciarskiego: Z suszark\u0105 ozonow\u0105 w g\u0142\u00f3wnym budynku hotelowym.<\/li>\n<li>Parking: Bezp\u0142atny parking prywatny.<\/li>\n<li>Teren: Plac zabaw dla dzieci i staw.<\/li>\n<li>Internet: Bezp\u0142atne Wi-Fi na terenie ca\u0142ego obiektu.<\/li>\n<\/ul>\n<p>Te domki s\u0105 idealnym wyborem dla os\u00f3b poszukuj\u0105cych po\u0142\u0105czenia prywatno\u015bci, wygody i blisko\u015bci natury. W pobli\u017cu znajduj\u0105 si\u0119 o\u015brodki narciarskie i szlaki turystyczne, a tak\u017ce o\u015brodki odnowy biologicznej, co gwarantuje r\u00f3\u017cnorodne zaj\u0119cia przez ca\u0142y rok.<\/p>\n<\/div>\n<\/div>\n<div class=\"gdc_column gdc_chalf\">\n<div class=\"gdc_inner\">\n<h2>Sprz\u0119t<\/h2>\n<ul>\n<li>Ko\u0142dry antyalergiczne<\/li>\n<li>Okno francuskie<\/li>\n<li>Zestaw kosmetyczny<\/li>\n<li>Kominek<\/li>\n<li>Kuchnia \u2013 piekarnik, lod\u00f3wka, zmywarka, czajnik<\/li>\n<li>Telewizor LCD 40&#8243;<\/li>\n<li>Materace ortopedyczne<\/li>\n<li>Prysznic, Toaleta, Suszarka do w\u0142os\u00f3w<\/li>\n<li>Taras<\/li>\n<li>Wi-Fi<\/li>\n<\/ul>\n<\/div>\n<\/div>\n<\/div>\n","protected":false},"excerpt":{"rendered":"","protected":false},"author":1,"featured_media":2724,"parent":3029,"menu_order":14,"comment_status":"closed","ping_status":"closed","template":"template-detail-pokoje.php","meta":{"footnotes":""},"class_list":["post-3034","page","type-page","status-publish","has-post-thumbnail","hentry"],"acf":[],"aioseo_notices":[],"_links":{"self":[{"href":"https:\/\/www.horizontresort.sk\/pl\/wp-json\/wp\/v2\/pages\/3034","targetHints":{"allow":["GET"]}}],"collection":[{"href":"https:\/\/www.horizontresort.sk\/pl\/wp-json\/wp\/v2\/pages"}],"about":[{"href":"https:\/\/www.horizontresort.sk\/pl\/wp-json\/wp\/v2\/types\/page"}],"author":[{"embeddable":true,"href":"https:\/\/www.horizontresort.sk\/pl\/wp-json\/wp\/v2\/users\/1"}],"replies":[{"embeddable":true,"href":"https:\/\/www.horizontresort.sk\/pl\/wp-json\/wp\/v2\/comments?post=3034"}],"version-history":[{"count":3,"href":"https:\/\/www.horizontresort.sk\/pl\/wp-json\/wp\/v2\/pages\/3034\/revisions"}],"predecessor-version":[{"id":3577,"href":"https:\/\/www.horizontresort.sk\/pl\/wp-json\/wp\/v2\/pages\/3034\/revisions\/3577"}],"up":[{"embeddable":true,"href":"https:\/\/www.horizontresort.sk\/pl\/wp-json\/wp\/v2\/pages\/3029"}],"wp:featuredmedia":[{"embeddable":true,"href":"https:\/\/www.horizontresort.sk\/pl\/wp-json\/wp\/v2\/media\/2724"}],"wp:attachment":[{"href":"https:\/\/www.horizontresort.sk\/pl\/wp-json\/wp\/v2\/media?parent=3034"}],"curies":[{"name":"wp","href":"https:\/\/api.w.org\/{rel}","templated":true}]}}