{"id":3029,"date":"2025-03-13T15:12:29","date_gmt":"2025-03-13T14:12:29","guid":{"rendered":"https:\/\/www.horizontresort.sk\/zakwaterowanie\/chalety-a-apartmany\/"},"modified":"2025-10-16T14:28:55","modified_gmt":"2025-10-16T12:28:55","slug":"chalety-i-apartamenty","status":"publish","type":"page","link":"https:\/\/www.horizontresort.sk\/pl\/zakwaterowanie\/chalety-i-apartamenty\/","title":{"rendered":"Chalety i apartamenty"},"content":{"rendered":"<p>Witamy w tatrza\u0144skich<strong> chaletach i apartamentach<\/strong>, po\u0142o\u017conych w brzozowym gaju, w pobli\u017cu terenu i resortu hotelu Horizont Resort. Do dyspozycji go\u015bci jest bezp\u0142atny prywatny parking, teren rekreacyjny z placem zabaw dla dzieci i stawem, a w sezonie zimowym przechowalnia nart z ozonowym suszeniem w g\u0142\u00f3wnym budynku hotelu Horizont Resort. We wszystkich chaletach i apartamentach dost\u0119pne jest bezp\u0142atne Wi-Fi. Rezerwacja pobytu mo\u017cliwa jest na minimum dwie noce.<\/p>\n","protected":false},"excerpt":{"rendered":"<p>Witamy w tatrza\u0144skich chaletach i apartamentach, po\u0142o\u017conych w brzozowym gaju, w pobli\u017cu terenu i resortu hotelu Horizont Resort. Do dyspozycji go\u015bci jest bezp\u0142atny prywatny parking, teren rekreacyjny z placem zabaw dla dzieci i stawem, a w sezonie zimowym przechowalnia nart z ozonowym suszeniem w g\u0142\u00f3wnym budynku hotelu Horizont Resort. We wszystkich chaletach i apartamentach dost\u0119pne&#8230;<\/p>\n","protected":false},"author":1,"featured_media":1899,"parent":2998,"menu_order":13,"comment_status":"closed","ping_status":"closed","template":"template-pokoje.php","meta":{"footnotes":""},"class_list":["post-3029","page","type-page","status-publish","has-post-thumbnail","hentry"],"acf":[],"aioseo_notices":[],"_links":{"self":[{"href":"https:\/\/www.horizontresort.sk\/pl\/wp-json\/wp\/v2\/pages\/3029","targetHints":{"allow":["GET"]}}],"collection":[{"href":"https:\/\/www.horizontresort.sk\/pl\/wp-json\/wp\/v2\/pages"}],"about":[{"href":"https:\/\/www.horizontresort.sk\/pl\/wp-json\/wp\/v2\/types\/page"}],"author":[{"embeddable":true,"href":"https:\/\/www.horizontresort.sk\/pl\/wp-json\/wp\/v2\/users\/1"}],"replies":[{"embeddable":true,"href":"https:\/\/www.horizontresort.sk\/pl\/wp-json\/wp\/v2\/comments?post=3029"}],"version-history":[{"count":7,"href":"https:\/\/www.horizontresort.sk\/pl\/wp-json\/wp\/v2\/pages\/3029\/revisions"}],"predecessor-version":[{"id":4061,"href":"https:\/\/www.horizontresort.sk\/pl\/wp-json\/wp\/v2\/pages\/3029\/revisions\/4061"}],"up":[{"embeddable":true,"href":"https:\/\/www.horizontresort.sk\/pl\/wp-json\/wp\/v2\/pages\/2998"}],"wp:featuredmedia":[{"embeddable":true,"href":"https:\/\/www.horizontresort.sk\/pl\/wp-json\/wp\/v2\/media\/1899"}],"wp:attachment":[{"href":"https:\/\/www.horizontresort.sk\/pl\/wp-json\/wp\/v2\/media?parent=3029"}],"curies":[{"name":"wp","href":"https:\/\/api.w.org\/{rel}","templated":true}]}}