{"id":3023,"date":"2020-10-16T08:35:18","date_gmt":"2020-10-16T06:35:18","guid":{"rendered":"https:\/\/www.horizontresort.sk\/zakwaterowanie\/hotel-horizont-resort\/de-luxe-apartmany\/"},"modified":"2025-03-18T13:38:04","modified_gmt":"2025-03-18T12:38:04","slug":"apartamenty-de-luxe","status":"publish","type":"page","link":"https:\/\/www.horizontresort.sk\/pl\/zakwaterowanie\/hotel-horizont-resort\/apartamenty-de-luxe\/","title":{"rendered":"Apartamenty De Luxe"},"content":{"rendered":"<style type=\"text\/css\">\n\t\t\t#gallery-1 {\n\t\t\t\tmargin: auto;\n\t\t\t}\n\t\t\t#gallery-1 .gallery-item {\n\t\t\t\tfloat: left;\n\t\t\t\tmargin-top: 10px;\n\t\t\t\ttext-align: center;\n\t\t\t\twidth: 25%;\n\t\t\t}\n\t\t\t#gallery-1 img {\n\t\t\t\tborder: 2px solid #cfcfcf;\n\t\t\t}\n\t\t\t#gallery-1 .gallery-caption {\n\t\t\t\tmargin-left: 0;\n\t\t\t}\n\t\t\t\/* see gallery_shortcode() in wp-includes\/media.php *\/\n\t\t<\/style>\n<div id='gallery-1' class='gallery galleryid-3023 gallery-columns-4 gallery-size-thumbnail'>\n<dl class='gallery-item'>\n<dt class='gallery-icon landscape'>\n\t\t\t\t<a href='https:\/\/www.horizontresort.sk\/wp-content\/uploads\/2025\/03\/Horizont_Resort_1000x650_169.jpg' title=\"\" data-rl_title=\"\" class=\"rl-gallery-link\" data-rl_caption=\"\" data-rel=\"lightbox-gallery-1\"><img loading=\"lazy\" decoding=\"async\" width=\"800\" height=\"650\" src=\"https:\/\/www.horizontresort.sk\/wp-content\/uploads\/2025\/03\/Horizont_Resort_1000x650_169-800x650.jpg\" class=\"attachment-thumbnail size-thumbnail\" alt=\"\" \/><\/a>\n\t\t\t<\/dt>\n<\/dl>\n<dl class='gallery-item'>\n<dt class='gallery-icon landscape'>\n\t\t\t\t<a href='https:\/\/www.horizontresort.sk\/wp-content\/uploads\/2025\/03\/Horizont_Resort_1000x650_170.jpg' title=\"\" data-rl_title=\"\" class=\"rl-gallery-link\" data-rl_caption=\"\" data-rel=\"lightbox-gallery-1\"><img loading=\"lazy\" decoding=\"async\" width=\"800\" height=\"650\" src=\"https:\/\/www.horizontresort.sk\/wp-content\/uploads\/2025\/03\/Horizont_Resort_1000x650_170-800x650.jpg\" class=\"attachment-thumbnail size-thumbnail\" alt=\"\" \/><\/a>\n\t\t\t<\/dt>\n<\/dl>\n<dl class='gallery-item'>\n<dt class='gallery-icon landscape'>\n\t\t\t\t<a href='https:\/\/www.horizontresort.sk\/wp-content\/uploads\/2025\/03\/Horizont_Resort_1000x650_168.jpg' title=\"\" data-rl_title=\"\" class=\"rl-gallery-link\" data-rl_caption=\"\" data-rel=\"lightbox-gallery-1\"><img loading=\"lazy\" decoding=\"async\" width=\"800\" height=\"650\" src=\"https:\/\/www.horizontresort.sk\/wp-content\/uploads\/2025\/03\/Horizont_Resort_1000x650_168-800x650.jpg\" class=\"attachment-thumbnail size-thumbnail\" alt=\"\" \/><\/a>\n\t\t\t<\/dt>\n<\/dl>\n<dl class='gallery-item'>\n<dt class='gallery-icon landscape'>\n\t\t\t\t<a href='https:\/\/www.horizontresort.sk\/wp-content\/uploads\/2025\/03\/Horizont_Resort_1000x650_173.jpg' title=\"\" data-rl_title=\"\" class=\"rl-gallery-link\" data-rl_caption=\"\" data-rel=\"lightbox-gallery-1\"><img loading=\"lazy\" decoding=\"async\" width=\"800\" height=\"650\" src=\"https:\/\/www.horizontresort.sk\/wp-content\/uploads\/2025\/03\/Horizont_Resort_1000x650_173-800x650.jpg\" class=\"attachment-thumbnail size-thumbnail\" alt=\"\" \/><\/a>\n\t\t\t<\/dt>\n<\/dl>\n<p><br style=\"clear: both\" \/>\n\t\t<\/div>\n<div class=\"line\"><\/div>\n<div class=\"gdc_row\">\n<div class=\"gdc_column gdc_cthird\">\n<div class=\"gdc_inner\">\n<h2>Informacja<\/h2>\n<p>Niezr\u00f3wnany luksus podczas pobytu zapewni\u0105 Pa\u0144stwu nasze dwa apartamenty VIP. Idealne pokoje o wyj\u0105tkowym wn\u0119trzu zadowol\u0105 nawet najbardziej wymagaj\u0105cych klient\u00f3w. O powierzchni 62,77 m2 nadaj\u0105 si\u0119 do zakwaterowania od 2 do 4 os\u00f3b i idealnie nadaj\u0105 si\u0119 na wspania\u0142y pobyt. Oddzielna cz\u0119\u015b\u0107 dzienna i sypialniana oraz dwie oddzielne \u0142azienki zapewniaj\u0105 odpowiedni komfort i wyj\u0105tkowe widoki na Tatry Wysokie. Ka\u017cdy apartament posiada w\u0142asny taras i jest mo\u017cliwo\u015b\u0107 dostawienia \u0142\u00f3\u017ceczka dzieci\u0119cego.<\/p>\n<\/div>\n<\/div>\n<div class=\"gdc_column gdc_cthird\">\n<div class=\"gdc_inner\">\n<h2>Sprz\u0119t<\/h2>\n<ul>\n<li>Ko\u0142dry antyalergiczne<\/li>\n<li>Zestaw kosmetyczny<\/li>\n<li>Telewizor LCD 40&#8243;<\/li>\n<li>Mini-bar<\/li>\n<li>Materace ortopedyczne<\/li>\n<li>Kapcie<\/li>\n<li>Parking przy hotelu<\/li>\n<li>Room Service \u2013 dostawa jedzenia do pokoju<\/li>\n<li>Zestaw do kawy i herbaty<\/li>\n<li>Prysznic, Toaleta, Suszarka do w\u0142os\u00f3w<\/li>\n<li>Telefon<\/li>\n<li>Taras<\/li>\n<li>Bezpieczna<\/li>\n<li>Wi-Fi<\/li>\n<li>K\u0105pielowy szlafrok<\/li>\n<\/ul>\n<\/div>\n<\/div>\n<div class=\"gdc_column gdc_cthird\">\n<div class=\"gdc_inner\">\n<h2>Us\u0142ugi dodatkowe<\/h2>\n<p>\u0141\u00f3\u017ceczko dzieci\u0119ce &#8211; bezp\u0142atnie<\/p>\n<p>P\u00f3\u017ane wymeldowanie:<\/p>\n<p>Je\u015bli s\u0105 Pa\u0144stwo zainteresowani wcze\u015bniejszym zameldowaniem lub p\u00f3\u017aniejszym wymeldowaniem, prosimy o kontakt z recepcj\u0105 hotelu. \u015awiadczenie tych dodatkowych us\u0142ug uzale\u017cnione jest od bie\u017c\u0105cych mo\u017cliwo\u015bci operacyjnych i przepustowo\u015bci hotelu.<\/p>\n<\/div>\n<\/div>\n<\/div>\n","protected":false},"excerpt":{"rendered":"","protected":false},"author":1,"featured_media":1847,"parent":3003,"menu_order":12,"comment_status":"closed","ping_status":"closed","template":"template-detail-pokoje.php","meta":{"footnotes":""},"class_list":["post-3023","page","type-page","status-publish","has-post-thumbnail","hentry"],"acf":[],"aioseo_notices":[],"_links":{"self":[{"href":"https:\/\/www.horizontresort.sk\/pl\/wp-json\/wp\/v2\/pages\/3023","targetHints":{"allow":["GET"]}}],"collection":[{"href":"https:\/\/www.horizontresort.sk\/pl\/wp-json\/wp\/v2\/pages"}],"about":[{"href":"https:\/\/www.horizontresort.sk\/pl\/wp-json\/wp\/v2\/types\/page"}],"author":[{"embeddable":true,"href":"https:\/\/www.horizontresort.sk\/pl\/wp-json\/wp\/v2\/users\/1"}],"replies":[{"embeddable":true,"href":"https:\/\/www.horizontresort.sk\/pl\/wp-json\/wp\/v2\/comments?post=3023"}],"version-history":[{"count":3,"href":"https:\/\/www.horizontresort.sk\/pl\/wp-json\/wp\/v2\/pages\/3023\/revisions"}],"predecessor-version":[{"id":3341,"href":"https:\/\/www.horizontresort.sk\/pl\/wp-json\/wp\/v2\/pages\/3023\/revisions\/3341"}],"up":[{"embeddable":true,"href":"https:\/\/www.horizontresort.sk\/pl\/wp-json\/wp\/v2\/pages\/3003"}],"wp:featuredmedia":[{"embeddable":true,"href":"https:\/\/www.horizontresort.sk\/pl\/wp-json\/wp\/v2\/media\/1847"}],"wp:attachment":[{"href":"https:\/\/www.horizontresort.sk\/pl\/wp-json\/wp\/v2\/media?parent=3023"}],"curies":[{"name":"wp","href":"https:\/\/api.w.org\/{rel}","templated":true}]}}