{"id":2925,"date":"2020-04-22T11:04:32","date_gmt":"2020-04-22T09:04:32","guid":{"rendered":"https:\/\/www.horizontresort.sk\/o-hoteli\/"},"modified":"2025-03-24T12:43:55","modified_gmt":"2025-03-24T11:43:55","slug":"o-hotelu","status":"publish","type":"page","link":"https:\/\/www.horizontresort.sk\/pl\/o-hotelu\/","title":{"rendered":"O hotelu"},"content":{"rendered":"<div class=\"gdc_row\">\n<div class=\"gdc_column gdc_cthird\">\n<div class=\"gdc_inner\">\n<p><img loading=\"lazy\" decoding=\"async\" class=\"alignnone size-full wp-image-934\" src=\"https:\/\/www.horizontresort.sk\/wp-content\/uploads\/2025\/03\/Horizont_Resort__9_650x650.jpg\" alt=\"\" width=\"650\" height=\"650\" srcset=\"https:\/\/www.horizontresort.sk\/wp-content\/uploads\/2025\/03\/Horizont_Resort__9_650x650.jpg 650w, https:\/\/www.horizontresort.sk\/wp-content\/uploads\/2025\/03\/Horizont_Resort__9_650x650-300x300.jpg 300w\" sizes=\"auto, (max-width: 650px) 100vw, 650px\" \/><\/p>\n<\/div>\n<\/div>\n<div class=\"gdc_column gdc_ctwo-thirds\">\n<div class=\"gdc_inner\">\n<h2>Witamy w Hotelu Horizont Resort ****<\/h2>\n<p>Szanowni Go\u015bcie, serdecznie witamy w naszym hotelu Horizont Resort.<\/p>\n<p>Je\u015bli szukasz wyj\u0105tkowych pobyt\u00f3w wellness, rodzinnych wakacji z dzie\u0107mi, romantycznego pobytu dla swojej drugiej po\u0142\u00f3wki lub chcesz zapewni\u0107 sobie idealny relaks, wellness i odpoczynek z zachwycaj\u0105cym widokiem na szczyty Tatr Wysokich, to trafi\u0142e\u015b we w\u0142a\u015bciwe miejsce.<\/p>\n<p>Skorzystaj z us\u0142ug hotelu Horizont Resort i zarezerwuj pobyt swoich marze\u0144.<\/p>\n<\/div>\n<\/div>\n<\/div>\n<div class=\"line\"><\/div>\n<div class=\"gdc_row\">\n<div class=\"gdc_column gdc_cthird\">\n<div class=\"gdc_inner\">\n<p><strong>Nowoczesny i komfortowy<\/strong><\/p>\n<h2>ZAKWATEROWANIE W HOTELU HORIZONT RESORT<\/h2>\n<p>Hotel Horizont Resort oferuje zakwaterowanie w 61 pokojach r\u00f3\u017cnych kategorii. Pokoje standardowe, apartamenty Family Superior lub Exclusive Suite oraz apartamenty De Luxe. Ca\u0142kowita pojemno\u015b\u0107 hotelu wynosi 122 \u0142\u00f3\u017cka sta\u0142e i 32 \u0142\u00f3\u017cka dostawne, co daje \u0142\u0105cznie 154 osoby.<\/p>\n<\/div>\n<\/div>\n<div class=\"gdc_column gdc_cthird\">\n<div class=\"gdc_inner\">\n<p><strong>Wyj\u0105tkowy i profesjonalny<\/strong><\/p>\n<h2>US\u0141UGI RELAKSU I WELLNESS<\/h2>\n<p>Najwi\u0119ksz\u0105 atrakcj\u0105 hotelu jest ekskluzywna prywatna strefa na dachu hotelu, Vip Sky Lounge, g\u00f3rskie centrum odnowy biologicznej wykonane z drewna cedrowego z wieloma atrakcjami, klasyczne masa\u017ce relaksacyjne lub tajskie centrum masa\u017cu z rodzimymi masa\u017cystkami z Tajlandii.<\/p>\n<\/div>\n<\/div>\n<div class=\"gdc_column gdc_cthird\">\n<div class=\"gdc_inner\">\n<p><strong>Ponadstandardowa firma<\/strong><\/p>\n<h2>WYDARZENIA I PROMOCJE<\/h2>\n<p>Szeroka oferta przestrzeni konferencyjnych dostosowana jest do najnowszych trend\u00f3w i wymaga\u0144 w zakresie organizacji event\u00f3w, szkole\u0144, kongres\u00f3w, wesel, teambuilding\u00f3w i imprez korporacyjnych. Oferujemy Pa\u0144stwu elastyczn\u0105 sal\u0119 kongresow\u0105 mog\u0105c\u0105 pomie\u015bci\u0107 220 os\u00f3b, sal\u0119 konferencyjn\u0105, salonik biznesowy, salonik VIP lub przestrzenie zewn\u0119trzne na pi\u0119knym terenie hotelu.<\/p>\n<\/div>\n<\/div>\n<\/div>\n<div class=\"line\"><\/div>\n<p><strong>Kim jeste\u015bmy<\/strong><\/p>\n<h2>Nasza historia<\/h2>\n<div class=\"gdc_row\">\n<div class=\"gdc_column gdc_chalf\">\n<div class=\"gdc_inner\">\n<p><img loading=\"lazy\" decoding=\"async\" class=\"alignnone size-full wp-image-873\" src=\"https:\/\/www.horizontresort.sk\/wp-content\/uploads\/2025\/03\/Horizont_Resort_1000x650_39.jpg\" alt=\"\" width=\"1000\" height=\"650\" srcset=\"https:\/\/www.horizontresort.sk\/wp-content\/uploads\/2025\/03\/Horizont_Resort_1000x650_39.jpg 1000w, https:\/\/www.horizontresort.sk\/wp-content\/uploads\/2025\/03\/Horizont_Resort_1000x650_39-300x195.jpg 300w, https:\/\/www.horizontresort.sk\/wp-content\/uploads\/2025\/03\/Horizont_Resort_1000x650_39-768x499.jpg 768w\" sizes=\"auto, (max-width: 1000px) 100vw, 1000px\" \/><\/p>\n<\/div>\n<\/div>\n<div class=\"gdc_column gdc_chalf\">\n<div class=\"gdc_inner\">\n<p>Firma TATRA TRADING INTERNATIONAL s.r.o. zosta\u0142a za\u0142o\u017cona w 1997 roku i \u015bwiadczy\u0142a us\u0142ugi noclegowe i pokrewne w hotelu HORIZONT***.<\/p>\n<p>Hotel po\u0142o\u017cony jest w miejscowo\u015bci Stara Le\u015bna, w regionie Tatr o najwy\u017cszym znaczeniu mi\u0119dzynarodowym. Korzystne po\u0142o\u017cenie geograficzne, dobra dost\u0119pno\u015b\u0107 komunikacyjna, istnienie du\u017cego potencja\u0142u naturalnego i kulturalno-historycznego regionu oraz znakomite warunki do uprawiania turystyki zimowej i letniej sprawi\u0142y, \u017ce hotel ten ju\u017c od dawna jest jednym z najwa\u017cniejszych hoteli na S\u0142owacji. Dzi\u0119ki wsparciu UE, realizacja dzia\u0142a\u0144 projektowych zaowocowa\u0142a powstaniem atrakcyjnego obiektu hotelowego, kt\u00f3ry po przebudowie w 2016 r. jest w stanie sprosta\u0107 oczekiwaniom grup docelowych i oferuje kompleksow\u0105 gam\u0119 wysokiej jako\u015bci us\u0142ug turystycznych do ca\u0142orocznego u\u017cytku, jakich wcze\u015bniej nie by\u0142o w okolicach miejscowo\u015bci Stara Le\u015bna.<\/p>\n<\/div>\n<\/div>\n<\/div>\n<p>Nowo wybudowana sala kongresowa umo\u017cliwi\u0142a uruchomienie turystyki kongresowej, efektem synergii jest efektywniejsze i intensywniejsze wykorzystanie istniej\u0105cych mo\u017cliwo\u015bci noclegowych i us\u0142ug gastronomicznych. Sala kongresowa wykorzystywana jest przez ca\u0142y rok nie tylko na eventy korporacyjne, ale tak\u017ce na r\u00f3\u017cnego rodzaju imprezy towarzyskie, kulturalne i rodzinne. Wyj\u0105tkowa lokalizacja hotelu, z przepi\u0119knym widokiem bezpo\u015brednio na \u0141omnic\u0119 oraz bogata oferta wyj\u0105tkowych us\u0142ug wellness zachwyc\u0105 ka\u017cdego go\u015bcia tego kurortu.<\/p>\n<p>Z przyjemno\u015bci\u0105 powitamy Pa\u0144stwa w naszym hotelu, zapewnimy najlepsze i niezapomniane wra\u017cenia podczas pobytu oraz przekonamy o jako\u015bci naszych us\u0142ug.<\/p>\n","protected":false},"excerpt":{"rendered":"<p>Kim jeste\u015bmy Nasza historia Nowo wybudowana sala kongresowa umo\u017cliwi\u0142a uruchomienie turystyki kongresowej, efektem synergii jest efektywniejsze i intensywniejsze wykorzystanie istniej\u0105cych mo\u017cliwo\u015bci noclegowych i us\u0142ug gastronomicznych. Sala kongresowa wykorzystywana jest przez ca\u0142y rok nie tylko na eventy korporacyjne, ale tak\u017ce na r\u00f3\u017cnego rodzaju imprezy towarzyskie, kulturalne i rodzinne. Wyj\u0105tkowa lokalizacja hotelu, z przepi\u0119knym widokiem bezpo\u015brednio na&#8230;<\/p>\n","protected":false},"author":1,"featured_media":0,"parent":0,"menu_order":41,"comment_status":"closed","ping_status":"closed","template":"","meta":{"footnotes":""},"class_list":["post-2925","page","type-page","status-publish","hentry"],"acf":[],"aioseo_notices":[],"_links":{"self":[{"href":"https:\/\/www.horizontresort.sk\/pl\/wp-json\/wp\/v2\/pages\/2925","targetHints":{"allow":["GET"]}}],"collection":[{"href":"https:\/\/www.horizontresort.sk\/pl\/wp-json\/wp\/v2\/pages"}],"about":[{"href":"https:\/\/www.horizontresort.sk\/pl\/wp-json\/wp\/v2\/types\/page"}],"author":[{"embeddable":true,"href":"https:\/\/www.horizontresort.sk\/pl\/wp-json\/wp\/v2\/users\/1"}],"replies":[{"embeddable":true,"href":"https:\/\/www.horizontresort.sk\/pl\/wp-json\/wp\/v2\/comments?post=2925"}],"version-history":[{"count":5,"href":"https:\/\/www.horizontresort.sk\/pl\/wp-json\/wp\/v2\/pages\/2925\/revisions"}],"predecessor-version":[{"id":3444,"href":"https:\/\/www.horizontresort.sk\/pl\/wp-json\/wp\/v2\/pages\/2925\/revisions\/3444"}],"wp:attachment":[{"href":"https:\/\/www.horizontresort.sk\/pl\/wp-json\/wp\/v2\/media?parent=2925"}],"curies":[{"name":"wp","href":"https:\/\/api.w.org\/{rel}","templated":true}]}}