{"id":5209,"date":"2020-10-16T10:26:58","date_gmt":"2020-10-16T08:26:58","guid":{"rendered":"https:\/\/www.horizontresort.sk\/szolgaltatasok\/cyklistika-a-sportove-sluzby\/"},"modified":"2026-03-16T16:19:50","modified_gmt":"2026-03-16T15:19:50","slug":"kerekparozas-es-sport-szolgaltatasok","status":"publish","type":"page","link":"https:\/\/www.horizontresort.sk\/hu\/szolgaltatasok\/kerekparozas-es-sport-szolgaltatasok\/","title":{"rendered":"Ker\u00e9kp\u00e1roz\u00e1s \u00e9s sport szolg\u00e1ltat\u00e1sok"},"content":{"rendered":"<p>A Horizont Resort** sz\u00e1llod\u00e1ban eg\u00e9sz \u00e9vben kiv\u00e1l\u00f3 sz\u00f3rakoz\u00e1s v\u00e1rja vend\u00e9geit. A sporttev\u00e9kenys\u00e9gek szolg\u00e1ltat\u00e1saink szerves r\u00e9sz\u00e9t k\u00e9pezik. A ker\u00e9kp\u00e1roz\u00e1s szerelmeseinek a Magas-T\u00e1tra v\u00e1ltozatos \u00fatvonalakat k\u00edn\u00e1l \u2013 v\u00e1laszthatnak k\u00f6nnyebb, rekre\u00e1ci\u00f3s szakaszok, illetve nagy szintk\u00fcl\u00f6nbs\u00e9g\u0171, kih\u00edv\u00e1st jelent\u0151 t\u00far\u00e1k k\u00f6z\u00fcl.<\/p>\n<div class=\"gdc_row\">\n<div class=\"gdc_column gdc_chalf\">\n<div class=\"gdc_inner\">\n<p><img loading=\"lazy\" decoding=\"async\" class=\"alignnone size-full wp-image-1196\" src=\"https:\/\/www.horizontresort.sk\/wp-content\/uploads\/2025\/03\/Horizont_Resort_1000x650_25.jpg\" alt=\"\" width=\"1000\" height=\"650\" srcset=\"https:\/\/www.horizontresort.sk\/wp-content\/uploads\/2025\/03\/Horizont_Resort_1000x650_25.jpg 1000w, https:\/\/www.horizontresort.sk\/wp-content\/uploads\/2025\/03\/Horizont_Resort_1000x650_25-300x195.jpg 300w, https:\/\/www.horizontresort.sk\/wp-content\/uploads\/2025\/03\/Horizont_Resort_1000x650_25-768x499.jpg 768w\" sizes=\"auto, (max-width: 1000px) 100vw, 1000px\" \/><\/p>\n<h2>Fitneszterem<\/h2>\n<p>Amennyiben a k\u00f6rnyez\u0151 term\u00e9szet nem ny\u00fajt elegend\u0151 teret az akt\u00edv pihen\u00e9shez, sz\u00e1llod\u00e1nk modern fitneszteremmel \u00e1ll rendelkez\u00e9s\u00e9re, amely cs\u00facskateg\u00f3ri\u00e1s g\u00e9pekkel van felszerelve az er\u0151- \u00e9s \u00e1ll\u00f3k\u00e9pess\u00e9gi edz\u00e9sekhez.<\/p>\n<p>Fitneszterm\u00fcnk s\u00falyz\u00f3s \u00e9s kardi\u00f3 g\u00e9pekkel rendelkezik, amelyek az \u00f6sszes izomcsoport edz\u00e9s\u00e9t lehet\u0151v\u00e9 teszik. Padok, k\u00e9zis\u00falyz\u00f3k, s\u00falyz\u00f3k \u00e9s modern, k\u00f6nnyen kezelhet\u0151 g\u00e9pek v\u00e1rj\u00e1k vend\u00e9geinket, amelyek minden ig\u00e9nyt kiel\u00e9g\u00edtenek a fitts\u00e9g fejleszt\u00e9se \u00e9rdek\u00e9ben.<\/p>\n<ul>\n<li>A fitneszterem a sz\u00e1lloda vend\u00e9gei sz\u00e1m\u00e1ra ingyenesen haszn\u00e1lhat\u00f3.<\/li>\n<li>Nyitva tart\u00e1s: naponta 14:00 \u2013 21:00<\/li>\n<\/ul>\n<\/div>\n<\/div>\n<div class=\"gdc_column gdc_chalf\">\n<div class=\"gdc_inner\">\n<p><img loading=\"lazy\" decoding=\"async\" class=\"alignnone size-full wp-image-1197\" src=\"https:\/\/www.horizontresort.sk\/wp-content\/uploads\/2025\/03\/Horizont_Resort_1000x650_26.jpg\" alt=\"\" width=\"1000\" height=\"650\" srcset=\"https:\/\/www.horizontresort.sk\/wp-content\/uploads\/2025\/03\/Horizont_Resort_1000x650_26.jpg 1000w, https:\/\/www.horizontresort.sk\/wp-content\/uploads\/2025\/03\/Horizont_Resort_1000x650_26-300x195.jpg 300w, https:\/\/www.horizontresort.sk\/wp-content\/uploads\/2025\/03\/Horizont_Resort_1000x650_26-768x499.jpg 768w\" sizes=\"auto, (max-width: 1000px) 100vw, 1000px\" \/><\/p>\n<h2>Ker\u00e9kp\u00e1roz\u00e1s \u00e9s ker\u00e9kp\u00e1rk\u00f6lcs\u00f6nz\u00e9s<\/h2>\n<p>A ker\u00e9kp\u00e1roz\u00e1s \u00e9s a k\u00f6rny\u00e9k felfedez\u00e9s\u00e9nek kedvel\u0151i sz\u00e1m\u00e1ra f\u00e9rfi, n\u0151i \u00e9s gyermek ker\u00e9kp\u00e1rok b\u00e9rl\u00e9s\u00e9t k\u00edn\u00e1ljuk. Buk\u00f3sisakok is rendelkez\u00e9sre \u00e1llnak.<\/p>\n<p>A Magas-T\u00e1tr\u00e1ban sz\u00e1mos ker\u00e9kp\u00e1r\u00fat tal\u00e1lhat\u00f3. A legig\u00e9nyesebb, ugyanakkor legszebb panor\u00e1m\u00e1t k\u00edn\u00e1l\u00f3 \u00fatvonalak k\u00f6z\u00e9 tartozik a Z\u00f6ld-tavi mened\u00e9kh\u00e1zhoz, a Hrebienokra, a Szil\u00e9ziai-h\u00e1zhoz vagy a Popr\u00e1di-t\u00f3hoz vezet\u0151 ker\u00e9kp\u00e1r\u00fat.<\/p>\n<p>A Magas-T\u00e1tra r\u00e9gi\u00f3 300 km kijel\u00f6lt ker\u00e9kp\u00e1rutat k\u00edn\u00e1l. V\u00e1lassza ki az \u00d6nnek legmegfelel\u0151bb ker\u00e9kp\u00e1ros kir\u00e1ndul\u00e1st.<\/p>\n<div class=\"button-wrap text-center\"><a class=\"button button--inverse\" href=\"https:\/\/regiontatry.sk\/cyklistika\/cyklotrasy\/\">Tov\u00e1bbi inform\u00e1ci\u00f3k<\/a><\/div>\n<\/div>\n<\/div>\n<\/div>\n","protected":false},"excerpt":{"rendered":"<p>A Horizont Resort** sz\u00e1llod\u00e1ban eg\u00e9sz \u00e9vben kiv\u00e1l\u00f3 sz\u00f3rakoz\u00e1s v\u00e1rja vend\u00e9geit. A sporttev\u00e9kenys\u00e9gek szolg\u00e1ltat\u00e1saink szerves r\u00e9sz\u00e9t k\u00e9pezik. A ker\u00e9kp\u00e1roz\u00e1s szerelmeseinek a Magas-T\u00e1tra v\u00e1ltozatos \u00fatvonalakat k\u00edn\u00e1l \u2013 v\u00e1laszthatnak k\u00f6nnyebb, rekre\u00e1ci\u00f3s szakaszok, illetve nagy szintk\u00fcl\u00f6nbs\u00e9g\u0171, kih\u00edv\u00e1st jelent\u0151 t\u00far\u00e1k k\u00f6z\u00fcl.<\/p>\n","protected":false},"author":1,"featured_media":0,"parent":5188,"menu_order":38,"comment_status":"closed","ping_status":"closed","template":"","meta":{"footnotes":""},"class_list":["post-5209","page","type-page","status-publish","hentry"],"acf":[],"aioseo_notices":[],"_links":{"self":[{"href":"https:\/\/www.horizontresort.sk\/hu\/wp-json\/wp\/v2\/pages\/5209","targetHints":{"allow":["GET"]}}],"collection":[{"href":"https:\/\/www.horizontresort.sk\/hu\/wp-json\/wp\/v2\/pages"}],"about":[{"href":"https:\/\/www.horizontresort.sk\/hu\/wp-json\/wp\/v2\/types\/page"}],"author":[{"embeddable":true,"href":"https:\/\/www.horizontresort.sk\/hu\/wp-json\/wp\/v2\/users\/1"}],"replies":[{"embeddable":true,"href":"https:\/\/www.horizontresort.sk\/hu\/wp-json\/wp\/v2\/comments?post=5209"}],"version-history":[{"count":3,"href":"https:\/\/www.horizontresort.sk\/hu\/wp-json\/wp\/v2\/pages\/5209\/revisions"}],"predecessor-version":[{"id":5247,"href":"https:\/\/www.horizontresort.sk\/hu\/wp-json\/wp\/v2\/pages\/5209\/revisions\/5247"}],"up":[{"embeddable":true,"href":"https:\/\/www.horizontresort.sk\/hu\/wp-json\/wp\/v2\/pages\/5188"}],"wp:attachment":[{"href":"https:\/\/www.horizontresort.sk\/hu\/wp-json\/wp\/v2\/media?parent=5209"}],"curies":[{"name":"wp","href":"https:\/\/api.w.org\/{rel}","templated":true}]}}