{"id":5207,"date":"2020-11-02T14:26:39","date_gmt":"2020-11-02T13:26:39","guid":{"rendered":"https:\/\/www.horizontresort.sk\/szolgaltatasok\/multifunkcne-ihrisko\/"},"modified":"2026-03-16T16:17:41","modified_gmt":"2026-03-16T15:17:41","slug":"multifunkcionalis-palya","status":"publish","type":"page","link":"https:\/\/www.horizontresort.sk\/hu\/szolgaltatasok\/multifunkcionalis-palya\/","title":{"rendered":"Multifunkcion\u00e1lis p\u00e1lya"},"content":{"rendered":"<p>A Horizont Resort** sz\u00e1llod\u00e1ban eg\u00e9sz \u00e9vben nagyszer\u0171 sz\u00f3rakoz\u00e1s v\u00e1rja vend\u00e9geit. A sporttev\u00e9kenys\u00e9gek szolg\u00e1ltat\u00e1saink szerves r\u00e9sz\u00e9t k\u00e9pezik, \u00e9s egyar\u00e1nt alkalmazkodnak a hobbi sportol\u00f3khoz, az akt\u00edv sportkedvel\u0151kh\u00f6z, feln\u0151ttekhez \u00e9s gyermekekhez.<\/p>\n<p>Multifunkcion\u00e1lis sportp\u00e1ly\u00e1nk ide\u00e1lis helysz\u00ednt biztos\u00edt k\u00fcl\u00f6nf\u00e9le sporttev\u00e9kenys\u00e9gekhez, valamint lehet\u0151s\u00e9get ny\u00fajt a friss leveg\u0151n t\u00f6rt\u00e9n\u0151 mozg\u00e1sra \u00e9s kikapcsol\u00f3d\u00e1sra.<\/p>\n<p><img loading=\"lazy\" decoding=\"async\" class=\"alignnone size-full wp-image-1193\" src=\"https:\/\/www.horizontresort.sk\/wp-content\/uploads\/2025\/03\/Horizont_Resort_1000x650_159.jpg\" alt=\"\" width=\"1000\" height=\"650\" srcset=\"https:\/\/www.horizontresort.sk\/wp-content\/uploads\/2025\/03\/Horizont_Resort_1000x650_159.jpg 1000w, https:\/\/www.horizontresort.sk\/wp-content\/uploads\/2025\/03\/Horizont_Resort_1000x650_159-300x195.jpg 300w, https:\/\/www.horizontresort.sk\/wp-content\/uploads\/2025\/03\/Horizont_Resort_1000x650_159-768x499.jpg 768w\" sizes=\"auto, (max-width: 1000px) 100vw, 1000px\" \/><\/p>\n<h2>Sportp\u00e1lya (ny\u00e1ri \u00fczemel\u00e9s)<\/h2>\n<p>Engedje el a fesz\u00fclts\u00e9get \u00e9s a stresszt, j\u00e1tsszon vagy tartsa form\u00e1ban mag\u00e1t a k\u00edn\u00e1lt sporttev\u00e9kenys\u00e9gekkel. Multifunkcion\u00e1lis p\u00e1ly\u00e1nkon lehet\u0151s\u00e9g van teniszez\u00e9sre, labdar\u00fag\u00e1sra, kos\u00e1rlabd\u00e1z\u00e1sra, r\u00f6plabd\u00e1z\u00e1sra \u00e9s egy\u00e9b csapatsportokra a friss t\u00e1trai leveg\u0151n.<\/p>\n<p>Vend\u00e9geink k\u00e9nyelme \u00e9rdek\u00e9ben a sporteszk\u00f6z\u00f6ket k\u00f6zvetlen\u00fcl a sz\u00e1lloda ter\u00fclet\u00e9n biztos\u00edtjuk.<\/p>\n","protected":false},"excerpt":{"rendered":"<p>A Horizont Resort** sz\u00e1llod\u00e1ban eg\u00e9sz \u00e9vben nagyszer\u0171 sz\u00f3rakoz\u00e1s v\u00e1rja vend\u00e9geit. A sporttev\u00e9kenys\u00e9gek szolg\u00e1ltat\u00e1saink szerves r\u00e9sz\u00e9t k\u00e9pezik, \u00e9s egyar\u00e1nt alkalmazkodnak a hobbi sportol\u00f3khoz, az akt\u00edv sportkedvel\u0151kh\u00f6z, feln\u0151ttekhez \u00e9s gyermekekhez. Multifunkcion\u00e1lis sportp\u00e1ly\u00e1nk ide\u00e1lis helysz\u00ednt biztos\u00edt k\u00fcl\u00f6nf\u00e9le sporttev\u00e9kenys\u00e9gekhez, valamint lehet\u0151s\u00e9get ny\u00fajt a friss leveg\u0151n t\u00f6rt\u00e9n\u0151 mozg\u00e1sra \u00e9s kikapcsol\u00f3d\u00e1sra. Sportp\u00e1lya (ny\u00e1ri \u00fczemel\u00e9s) Engedje el a fesz\u00fclts\u00e9get \u00e9s a stresszt,&#8230;<\/p>\n","protected":false},"author":1,"featured_media":0,"parent":5188,"menu_order":37,"comment_status":"closed","ping_status":"closed","template":"","meta":{"footnotes":""},"class_list":["post-5207","page","type-page","status-publish","hentry"],"acf":[],"aioseo_notices":[],"_links":{"self":[{"href":"https:\/\/www.horizontresort.sk\/hu\/wp-json\/wp\/v2\/pages\/5207","targetHints":{"allow":["GET"]}}],"collection":[{"href":"https:\/\/www.horizontresort.sk\/hu\/wp-json\/wp\/v2\/pages"}],"about":[{"href":"https:\/\/www.horizontresort.sk\/hu\/wp-json\/wp\/v2\/types\/page"}],"author":[{"embeddable":true,"href":"https:\/\/www.horizontresort.sk\/hu\/wp-json\/wp\/v2\/users\/1"}],"replies":[{"embeddable":true,"href":"https:\/\/www.horizontresort.sk\/hu\/wp-json\/wp\/v2\/comments?post=5207"}],"version-history":[{"count":2,"href":"https:\/\/www.horizontresort.sk\/hu\/wp-json\/wp\/v2\/pages\/5207\/revisions"}],"predecessor-version":[{"id":5245,"href":"https:\/\/www.horizontresort.sk\/hu\/wp-json\/wp\/v2\/pages\/5207\/revisions\/5245"}],"up":[{"embeddable":true,"href":"https:\/\/www.horizontresort.sk\/hu\/wp-json\/wp\/v2\/pages\/5188"}],"wp:attachment":[{"href":"https:\/\/www.horizontresort.sk\/hu\/wp-json\/wp\/v2\/media?parent=5207"}],"curies":[{"name":"wp","href":"https:\/\/api.w.org\/{rel}","templated":true}]}}