{"id":5186,"date":"2020-04-22T11:07:06","date_gmt":"2020-04-22T09:07:06","guid":{"rendered":"https:\/\/www.horizontresort.sk\/galeria\/"},"modified":"2026-03-13T09:41:50","modified_gmt":"2026-03-13T08:41:50","slug":"galeria","status":"publish","type":"page","link":"https:\/\/www.horizontresort.sk\/hu\/galeria\/","title":{"rendered":"Gal\u00e9ria"},"content":{"rendered":"<p style=\"text-align: center;\">Prohl\u00e9dn\u011bte si n\u00e1\u0161 hotel.<\/p>\n","protected":false},"excerpt":{"rendered":"<p>Prohl\u00e9dn\u011bte si n\u00e1\u0161 hotel.<\/p>\n","protected":false},"author":1,"featured_media":0,"parent":0,"menu_order":27,"comment_status":"closed","ping_status":"closed","template":"template-gallery.php","meta":{"footnotes":""},"class_list":["post-5186","page","type-page","status-publish","hentry"],"acf":[],"aioseo_notices":[],"_links":{"self":[{"href":"https:\/\/www.horizontresort.sk\/hu\/wp-json\/wp\/v2\/pages\/5186","targetHints":{"allow":["GET"]}}],"collection":[{"href":"https:\/\/www.horizontresort.sk\/hu\/wp-json\/wp\/v2\/pages"}],"about":[{"href":"https:\/\/www.horizontresort.sk\/hu\/wp-json\/wp\/v2\/types\/page"}],"author":[{"embeddable":true,"href":"https:\/\/www.horizontresort.sk\/hu\/wp-json\/wp\/v2\/users\/1"}],"replies":[{"embeddable":true,"href":"https:\/\/www.horizontresort.sk\/hu\/wp-json\/wp\/v2\/comments?post=5186"}],"version-history":[{"count":1,"href":"https:\/\/www.horizontresort.sk\/hu\/wp-json\/wp\/v2\/pages\/5186\/revisions"}],"predecessor-version":[{"id":5187,"href":"https:\/\/www.horizontresort.sk\/hu\/wp-json\/wp\/v2\/pages\/5186\/revisions\/5187"}],"wp:attachment":[{"href":"https:\/\/www.horizontresort.sk\/hu\/wp-json\/wp\/v2\/media?parent=5186"}],"curies":[{"name":"wp","href":"https:\/\/api.w.org\/{rel}","templated":true}]}}