{"id":5181,"date":"2025-03-12T14:24:45","date_gmt":"2025-03-12T13:24:45","guid":{"rendered":"https:\/\/www.horizontresort.sk\/wellness\/vip-sky-lounge\/"},"modified":"2026-03-16T14:42:24","modified_gmt":"2026-03-16T13:42:24","slug":"vip-sky-lounge","status":"publish","type":"page","link":"https:\/\/www.horizontresort.sk\/hu\/wellness\/vip-sky-lounge\/","title":{"rendered":"VIP Sky Lounge"},"content":{"rendered":"<p>Felejtse el a beteljes\u00fcletlen \u00e1lmokat, \u00e9s tal\u00e1lja meg a mennyorsz\u00e1g egy darabk\u00e1j\u00e1t kiv\u00e9teles VIP Sky Lounge priv\u00e1t z\u00f3n\u00e1nkban. Luxus, t\u00f6k\u00e9letes romantika \u00e9s zavartalan nyugalom v\u00e1rja. \u00cdgy jellemezhetn\u00e9nk ezt az egyed\u00fcl\u00e1ll\u00f3, exkluz\u00edv teret, amely k\u00f6zvetlen\u00fcl a Horizont Resort Hotel tetej\u00e9n tal\u00e1lhat\u00f3.<\/p>\n<p>A csillagos \u00e9g alatt, a pezsg\u0151f\u00fcrd\u0151b\u0151l \u00e9lvezheti a Magas-T\u00e1tra cs\u00facsaira ny\u00edl\u00f3 l\u00e9legzetel\u00e1ll\u00edt\u00f3 panor\u00e1m\u00e1t. A priv\u00e1t z\u00f3n\u00e1ban jacuzzi, egy k\u00fcl\u00f6n\u00e1ll\u00f3, \u00fcvegfal\u00fa finn szauna 5 f\u0151 r\u00e9sz\u00e9re, mini konyha az \u00e9telek \u00e9s italok el\u0151k\u00e9sz\u00edt\u00e9s\u00e9hez, valamint napoz\u00f3\u00e1gyakkal felszerelt terasz \u00e1ll rendelkez\u00e9sre az \u00e9jszakai \u00e9gbolt megfigyel\u00e9s\u00e9hez.<\/p>\n<p>Az \u00e9letben csak kev\u00e9s igaz\u00e1n felejthetetlen \u00e9s megism\u00e9telhetetlen \u00e9lm\u00e9ny l\u00e9tezik. A VIP Sky Lounge pontosan ilyen.<\/p>\n<div class=\"gdc_row\">\n<div class=\"gdc_column gdc_chalf\">\n<div class=\"gdc_inner\">\n<p><img loading=\"lazy\" decoding=\"async\" class=\"alignnone size-full wp-image-1005\" src=\"https:\/\/www.horizontresort.sk\/wp-content\/uploads\/2025\/03\/Horizont_Resort_1000x650_43.jpg\" alt=\"\" width=\"1000\" height=\"650\" srcset=\"https:\/\/www.horizontresort.sk\/wp-content\/uploads\/2025\/03\/Horizont_Resort_1000x650_43.jpg 1000w, https:\/\/www.horizontresort.sk\/wp-content\/uploads\/2025\/03\/Horizont_Resort_1000x650_43-300x195.jpg 300w, https:\/\/www.horizontresort.sk\/wp-content\/uploads\/2025\/03\/Horizont_Resort_1000x650_43-768x499.jpg 768w\" sizes=\"auto, (max-width: 1000px) 100vw, 1000px\" \/><\/p>\n<h2>Finn szauna (sz\u00e1raz szauna)<\/h2>\n<p><strong>Az \u00fcvegfallal k\u00f6r\u00fclvett finn szaun\u00e1ban elt\u00f6lt\u00f6tt id\u0151 nemcsak felfriss\u00edt \u00e9s felt\u00f6lt energi\u00e1val, hanem er\u0151s\u00edti az eg\u00e9szs\u00e9get \u00e9s a szervezet ellen\u00e1ll\u00f3 k\u00e9pess\u00e9g\u00e9t is.<\/strong><\/p>\n<p>A finn szauna jav\u00edtja a v\u00e9rkering\u00e9st, el\u0151seg\u00edti a m\u00e9ly relax\u00e1ci\u00f3t \u00e9s pihen\u00e9st, valamint kedvez\u0151 hat\u00e1ssal van a l\u00e9g\u00fati \u00e9s b\u0151rprobl\u00e9m\u00e1kra. Tiszt\u00edtja a szervezetet, ellaz\u00edtja az elm\u00e9t, \u00e9s hozz\u00e1j\u00e1rul a testi \u00e9s lelki egyens\u00faly el\u00e9r\u00e9s\u00e9hez. Az ide\u00e1lis, k\u00f6r\u00fclbel\u00fcl 30 sz\u00e1zal\u00e9kos p\u00e1ratartalmat a forr\u00f3 k\u00f6vek rendszeres fel\u00f6nt\u00e9s\u00e9vel biztos\u00edtjuk.<\/p>\n<p>A szauna hat\u00e1sa a test h\u0151szab\u00e1lyoz\u00e1si folyamatainak aktiv\u00e1l\u00e1s\u00e1n alapul. A v\u00e9r a test belsej\u00e9b\u0151l a b\u0151r felsz\u00edne alatti kit\u00e1gult erekbe \u00e1ramlik, intenz\u00edv izzad\u00e1s k\u00f6vetkezik be. Ennek eredm\u00e9nyek\u00e9nt a szervezet megszabadul a m\u00e9reganyagokt\u00f3l, a b\u0151r eg\u00e9szs\u00e9gesebb\u00e9 \u00e9s szebb\u00e9 v\u00e1lik. A finn szaun\u00e1z\u00e1s elengedhetetlen r\u00e9sze a leh\u0171l\u00e9s, amely sor\u00e1n a v\u00e9r visszat\u00e9r a bels\u0151 szervekhez, aktiv\u00e1lva az immunrendszert \u00e9s felgyors\u00edtva a regener\u00e1ci\u00f3s folyamatokat.<\/p>\n<ul>\n<li>H\u0151m\u00e9rs\u00e9klet: 90\u2013105 \u00b0C<\/li>\n<li>P\u00e1ratartalom: 10\u201315 %<\/li>\n<li>Aj\u00e1nlott id\u0151: 10\u201315 perc<\/li>\n<li>Hat\u00e1sok: regener\u00e1l\u00f3, relax\u00e1l\u00f3, immuner\u0151s\u00edt\u0151, megf\u00e1z\u00e1s megel\u0151z\u00e9se<\/li>\n<li>Ellenjavallatok: akut betegs\u00e9gek, pajzsmirigy t\u00falm\u0171k\u00f6d\u00e9s, v\u00e9rz\u00e9ssel j\u00e1r\u00f3 betegs\u00e9gek, vissz\u00e9rgyullad\u00e1s, epilepszia, fert\u0151z\u0151 betegs\u00e9gek, magas v\u00e9rnyom\u00e1s, nem kompenz\u00e1lt cukorbetegs\u00e9g, rosszindulat\u00fa daganatok, nem gy\u00f3gyul\u00f3 b\u0151rs\u00e9r\u00fcl\u00e9sek, fert\u0151z\u0151, parazit\u00e1s betegs\u00e9gek, akt\u00edv TBC, l\u00e1zas \u00e1llapotok, pszichi\u00e1triai betegs\u00e9gek, \u00e1ltal\u00e1nos \u00e9relmeszesed\u00e9s szervi k\u00e1rosod\u00e1ssal, sz\u00edvinfarktus vagy stroke ut\u00e1ni \u00e1llapot (orvosi vizsg\u00e1latot k\u00f6vet\u0151en, komplik\u00e1ci\u00f3mentesen legal\u00e1bb 3 h\u00f3nap ut\u00e1n), sz\u00edv- \u00e9s \u00e9rrendszeri betegs\u00e9gek szakorvosi konzult\u00e1ci\u00f3t k\u00f6vet\u0151en, terhess\u00e9g, 70 \u00e9v feletti \u00e9letkor.<\/li>\n<\/ul>\n<\/div>\n<\/div>\n<div class=\"gdc_column gdc_chalf\">\n<div class=\"gdc_inner\">\n<p><img loading=\"lazy\" decoding=\"async\" class=\"alignnone size-full wp-image-1006\" src=\"https:\/\/www.horizontresort.sk\/wp-content\/uploads\/2025\/03\/Horizont_Resort_1000x650_37.jpg\" alt=\"\" width=\"1000\" height=\"650\" srcset=\"https:\/\/www.horizontresort.sk\/wp-content\/uploads\/2025\/03\/Horizont_Resort_1000x650_37.jpg 1000w, https:\/\/www.horizontresort.sk\/wp-content\/uploads\/2025\/03\/Horizont_Resort_1000x650_37-300x195.jpg 300w, https:\/\/www.horizontresort.sk\/wp-content\/uploads\/2025\/03\/Horizont_Resort_1000x650_37-768x499.jpg 768w\" sizes=\"auto, (max-width: 1000px) 100vw, 1000px\" \/><\/p>\n<h2>JACUZZI<\/h2>\n<p><strong>A wellness \u00e9letst\u00edlus. Felejtse el a stresszt, \u00e9s engedje \u00e1t mag\u00e1t a priv\u00e1t pihen\u00e9snek p\u00e1rj\u00e1val vagy szeretteivel. A jacuzzi pezsg\u0151 bubor\u00e9kai az eg\u00e9sz testet massz\u00edrozz\u00e1k \u00e9s serkentik a nyirokrendszert.<\/strong><\/p>\n<p>A meleg v\u00edz, a felhajt\u00f3er\u0151 \u00e9s a hidromassz\u00e1zs egy\u00fcttesen jav\u00edtj\u00e1k a v\u00e9rkering\u00e9st, cs\u00f6kkentik a f\u00e1jdalmat, ellaz\u00edtj\u00e1k az izmokat, \u00e9s teljes testi-lelki kikapcsol\u00f3d\u00e1st biztos\u00edtanak.<\/p>\n<ul>\n<li>V\u00edz h\u0151m\u00e9rs\u00e9klete: 34\u201336 \u00b0C<\/li>\n<li>M\u00e9lys\u00e9g: 1 m F\u00e9r\u0151hely: 6 f\u0151<\/li>\n<li>Hat\u00e1sok: hidromassz\u00e1zs, relax\u00e1ci\u00f3, v\u00e9rkering\u00e9s jav\u00edt\u00e1sa. A meleg v\u00edz cs\u00f6kkenti az izomfesz\u00fclts\u00e9get, a test \u00e9s l\u00e1bmassz\u00e1zs t\u00e1mogatja a kering\u00e9st \u00e9s a teljes ellazul\u00e1st.<\/li>\n<li>Ellenjavallatok: gennyes b\u0151rbetegs\u00e9gek, gomb\u00e1s \u00e9s fert\u0151z\u0151 betegs\u00e9gek, kering\u00e9si el\u00e9gtelens\u00e9g jelei, epilepszia, akut l\u00e1zas betegs\u00e9gek, m\u00e9lyv\u00e9n\u00e1s tromb\u00f3zis ut\u00e1ni \u00e1llapot, rosszindulat\u00fa daganatok, vizelet- \u00e9s sz\u00e9kletinkontinencia, terhess\u00e9g, kr\u00f3nikus betegs\u00e9gek akut fell\u00e1ngol\u00e1sa.<\/li>\n<\/ul>\n<\/div>\n<\/div>\n<\/div>\n<div class=\"line\"><\/div>\n<div class=\"gdc_row\">\n<div class=\"gdc_column gdc_cthird\">\n<div class=\"gdc_inner\">\n<p style=\"text-align: center;\"><strong>Nyitvatart\u00e1s <\/strong><\/p>\n<p style=\"text-align: center;\">Naponta: 10:00 \u2013 22:00<\/p>\n<\/div>\n<\/div>\n<div class=\"gdc_column gdc_cthird\">\n<div class=\"gdc_inner\">\n<p style=\"text-align: center;\"><strong>Kapcsolat <\/strong><\/p>\n<p style=\"text-align: center;\">Email : <a href=\"mailto:recepcia@horizontresort.sk\">recepcia@horizontresort.sk<\/a> Foglal\u00e1s: +421 527 843 344<\/p>\n<\/div>\n<\/div>\n<div class=\"gdc_column gdc_cthird\">\n<div class=\"gdc_inner\">\n<p style=\"text-align: center;\"><a href=\"\/wp-content\/uploads\/2025\/03\/Horizont_Cennik_wellness_2022_A4_TLAC.pdf\" target=\"_blank\" rel=\"noopener\"><strong>\u00c1rlista<\/strong><\/a><\/p>\n<p style=\"text-align: center;\">Wellness bel\u00e9p\u0151k \u00e9s kieg\u00e9sz\u00edt\u0151k \u00e1rlist\u00e1ja.<\/p>\n<\/div>\n<\/div>\n<\/div>\n","protected":false},"excerpt":{"rendered":"<p>Felejtse el a beteljes\u00fcletlen \u00e1lmokat, \u00e9s tal\u00e1lja meg a mennyorsz\u00e1g egy darabk\u00e1j\u00e1t kiv\u00e9teles VIP Sky Lounge priv\u00e1t z\u00f3n\u00e1nkban. Luxus, t\u00f6k\u00e9letes romantika \u00e9s zavartalan nyugalom v\u00e1rja. \u00cdgy jellemezhetn\u00e9nk ezt az egyed\u00fcl\u00e1ll\u00f3, exkluz\u00edv teret, amely k\u00f6zvetlen\u00fcl a Horizont Resort Hotel tetej\u00e9n tal\u00e1lhat\u00f3. A csillagos \u00e9g alatt, a pezsg\u0151f\u00fcrd\u0151b\u0151l \u00e9lvezheti a Magas-T\u00e1tra cs\u00facsaira ny\u00edl\u00f3 l\u00e9legzetel\u00e1ll\u00edt\u00f3 panor\u00e1m\u00e1t. A priv\u00e1t&#8230;<\/p>\n","protected":false},"author":1,"featured_media":0,"parent":5176,"menu_order":24,"comment_status":"closed","ping_status":"closed","template":"","meta":{"footnotes":""},"class_list":["post-5181","page","type-page","status-publish","hentry"],"acf":[],"aioseo_notices":[],"_links":{"self":[{"href":"https:\/\/www.horizontresort.sk\/hu\/wp-json\/wp\/v2\/pages\/5181","targetHints":{"allow":["GET"]}}],"collection":[{"href":"https:\/\/www.horizontresort.sk\/hu\/wp-json\/wp\/v2\/pages"}],"about":[{"href":"https:\/\/www.horizontresort.sk\/hu\/wp-json\/wp\/v2\/types\/page"}],"author":[{"embeddable":true,"href":"https:\/\/www.horizontresort.sk\/hu\/wp-json\/wp\/v2\/users\/1"}],"replies":[{"embeddable":true,"href":"https:\/\/www.horizontresort.sk\/hu\/wp-json\/wp\/v2\/comments?post=5181"}],"version-history":[{"count":2,"href":"https:\/\/www.horizontresort.sk\/hu\/wp-json\/wp\/v2\/pages\/5181\/revisions"}],"predecessor-version":[{"id":5227,"href":"https:\/\/www.horizontresort.sk\/hu\/wp-json\/wp\/v2\/pages\/5181\/revisions\/5227"}],"up":[{"embeddable":true,"href":"https:\/\/www.horizontresort.sk\/hu\/wp-json\/wp\/v2\/pages\/5176"}],"wp:attachment":[{"href":"https:\/\/www.horizontresort.sk\/hu\/wp-json\/wp\/v2\/media?parent=5181"}],"curies":[{"name":"wp","href":"https:\/\/api.w.org\/{rel}","templated":true}]}}