{"id":5179,"date":"2025-03-12T14:31:02","date_gmt":"2025-03-12T13:31:02","guid":{"rendered":"https:\/\/www.horizontresort.sk\/wellness\/solarium\/"},"modified":"2026-03-16T15:44:08","modified_gmt":"2026-03-16T14:44:08","slug":"szolarium","status":"publish","type":"page","link":"https:\/\/www.horizontresort.sk\/hu\/wellness\/szolarium\/","title":{"rendered":"Szol\u00e1rium"},"content":{"rendered":"<div class=\"gdc_row\">\n<div class=\"gdc_column gdc_chalf\">\n<div class=\"gdc_inner\">\n<p>A barnul\u00e1s a sz\u00e9ps\u00e9g egyik legterm\u00e9szetesebb form\u00e1ja. A szol\u00e1rium ide\u00e1lis hely az eg\u00e9sz test biztons\u00e1gos lebarn\u00edt\u00e1s\u00e1ra. T\u00f6bb\u00e9 nem kell agg\u00f3dnia a f\u00fcrd\u0151ruha alatti vil\u00e1gos foltok miatt, hiszen most egyenletes, vonz\u00f3 barnas\u00e1got \u00e9rhet el az eg\u00e9sz test\u00e9n.<\/p>\n<p>Az ellen\u0151rz\u00f6tt napoz\u00e1s \u00e9s a D vitamin p\u00f3tl\u00e1sa a legjobb m\u00f3dja a b\u0151r pigment\u00e1ci\u00f3j\u00e1nak elm\u00e9ly\u00edt\u00e9s\u00e9re. A D3 vitamin kulcsfontoss\u00e1g\u00fa a csontok eg\u00e9szs\u00e9ge szempontj\u00e1b\u00f3l, seg\u00edt megel\u0151zni a csontritkul\u00e1st, t\u00e1mogatja a kalcium be\u00e9p\u00fcl\u00e9s\u00e9t, ez\u00e1ltal n\u00f6veli a csontok szil\u00e1rds\u00e1g\u00e1t. A szol\u00e1rium hozz\u00e1j\u00e1rulhat az influenza megel\u0151z\u00e9s\u00e9hez, t\u00e1mogatja egyes b\u0151rbetegs\u00e9gek kezel\u00e9s\u00e9t, valamint kozmetikai \u00e9s eszt\u00e9tikai szempontb\u00f3l is jelent\u0151s hat\u00e1ssal b\u00edr.<\/p>\n<\/div>\n<\/div>\n<div class=\"gdc_column gdc_chalf\">\n<div class=\"gdc_inner\">\n<p>A Sunrise sz\u00e9ria t\u00e1gas szol\u00e1rium kabinja rendk\u00edv\u00fcl k\u00e9nyelmes barnul\u00e1st biztos\u00edt. A 208 cm-es belmagass\u00e1g \u00e9s a 86 cm-es sz\u00e9less\u00e9g mellett a berendez\u00e9s 48 darab, egyenk\u00e9nt maximum 180 W teljes\u00edtm\u00e9ny\u0171 UV Turbo cs\u0151vel van felszerelve. A szol\u00e1rium\u00e1gyak kapaszkod\u00f3i seg\u00edtenek megtal\u00e1lni az ide\u00e1lis testhelyzetet, megk\u00f6nny\u00edtik a fel\u00e1ll\u00e1st, \u00e9s biztos\u00edtj\u00e1k az egyenletes barnul\u00e1st.<\/p>\n<p>A speci\u00e1lis Silent Cooling h\u0171t\u0151rendszer h\u00e1rom ventil\u00e1tornak k\u00f6sz\u00f6nhet\u0151en rendk\u00edv\u00fcl csendes \u00e9s hat\u00e9kony h\u0171t\u00e9st biztos\u00edt. Az Ambient Light vil\u00e1g\u00edt\u00e1s leny\u0171g\u00f6z\u0151 f\u00e9nyhat\u00e1sokat \u00e9s hangulatvil\u00e1g\u00edt\u00e1st teremt, amely t\u00f6k\u00e9letes atmoszf\u00e9r\u00e1t biztos\u00edt a barnul\u00e1shoz. Zen\u00e9vel minden \u00e9lm\u00e9ny kellemesebb. A szol\u00e1rium\u00e1gyak Stereo 3D Sound hangrendszere k\u00e9t hangsz\u00f3r\u00f3val, csatornav\u00e1laszt\u00e1si \u00e9s hanger\u0151 szab\u00e1lyoz\u00e1si lehet\u0151s\u00e9ggel, valamint fejhallgat\u00f3 csatlakoztat\u00e1s\u00e1val is rendelkezik.<\/p>\n<\/div>\n<\/div>\n<\/div>\n","protected":false},"excerpt":{"rendered":"","protected":false},"author":1,"featured_media":0,"parent":5176,"menu_order":23,"comment_status":"closed","ping_status":"closed","template":"","meta":{"footnotes":""},"class_list":["post-5179","page","type-page","status-publish","hentry"],"acf":[],"aioseo_notices":[],"_links":{"self":[{"href":"https:\/\/www.horizontresort.sk\/hu\/wp-json\/wp\/v2\/pages\/5179","targetHints":{"allow":["GET"]}}],"collection":[{"href":"https:\/\/www.horizontresort.sk\/hu\/wp-json\/wp\/v2\/pages"}],"about":[{"href":"https:\/\/www.horizontresort.sk\/hu\/wp-json\/wp\/v2\/types\/page"}],"author":[{"embeddable":true,"href":"https:\/\/www.horizontresort.sk\/hu\/wp-json\/wp\/v2\/users\/1"}],"replies":[{"embeddable":true,"href":"https:\/\/www.horizontresort.sk\/hu\/wp-json\/wp\/v2\/comments?post=5179"}],"version-history":[{"count":3,"href":"https:\/\/www.horizontresort.sk\/hu\/wp-json\/wp\/v2\/pages\/5179\/revisions"}],"predecessor-version":[{"id":5231,"href":"https:\/\/www.horizontresort.sk\/hu\/wp-json\/wp\/v2\/pages\/5179\/revisions\/5231"}],"up":[{"embeddable":true,"href":"https:\/\/www.horizontresort.sk\/hu\/wp-json\/wp\/v2\/pages\/5176"}],"wp:attachment":[{"href":"https:\/\/www.horizontresort.sk\/hu\/wp-json\/wp\/v2\/media?parent=5179"}],"curies":[{"name":"wp","href":"https:\/\/api.w.org\/{rel}","templated":true}]}}