{"id":5177,"date":"2025-03-12T14:32:01","date_gmt":"2025-03-12T13:32:01","guid":{"rendered":"https:\/\/www.horizontresort.sk\/wellness\/thajske-masaze\/"},"modified":"2026-03-16T15:43:18","modified_gmt":"2026-03-16T14:43:18","slug":"thai-masszazsok","status":"publish","type":"page","link":"https:\/\/www.horizontresort.sk\/hu\/wellness\/thai-masszazsok\/","title":{"rendered":"Thai massz\u00e1zsok"},"content":{"rendered":"<p>A Siam Center Thai Massage massz\u00e1zsk\u00f6zpont-h\u00e1l\u00f3zat c\u00e9lja a keleti gy\u00f3gy\u00edt\u00f3 massz\u00e1zsm\u0171v\u00e9szet bemutat\u00e1sa. A Horizont Resort wellness sz\u00e1llod\u00e1ban tett tart\u00f3zkod\u00e1sa sor\u00e1n tapasztalt, csal\u00e1di hagyom\u00e1nyokra \u00e9p\u00fcl\u0151 thai massz\u0151r\u00f6k \u00e1ltal v\u00e9gzett massz\u00e1zsok sz\u00e9les v\u00e1laszt\u00e9k\u00e1t \u00e9lvezheti.<\/p>\n<p>A thai massz\u00e1zs Indi\u00e1b\u00f3l sz\u00e1rmazik, \u00e9s az akupressz\u00fara valamint a j\u00f3ga elemeit \u00f6tv\u00f6zi. T\u00f6bb mint 2500 \u00e9ves gy\u00f3gy\u00edt\u00f3 m\u00f3dszer, amely az emberi test energiavonalain, az \u00fagynevezett Sen pontokon alapul. Ezek stimul\u00e1l\u00e1sa serkenti a bels\u0151 energia \u00e1raml\u00e1s\u00e1t, seg\u00edti a szervek \u00e9s mirigyek m\u0171k\u00f6d\u00e9s\u00e9t, valamint elt\u00e1vol\u00edtja a m\u00e9reganyagokat a sz\u00f6vetekb\u0151l.<\/p>\n<p>A hagyom\u00e1nyos thai massz\u00e1zs cs\u00f6kkenti a f\u00e1radts\u00e1got, oldja az izomg\u00f6rcs\u00f6ket \u00e9s az idegi fesz\u00fclts\u00e9get, t\u00e1mogatja a v\u00e9r- \u00e9s nyirokkering\u00e9st, valamint jav\u00edtja az izmok, \u00edz\u00fcletek \u00e9s inak mozg\u00e9konys\u00e1g\u00e1t.<\/p>\n<div class=\"gdc_row\">\n<div class=\"gdc_column gdc_cthird\">\n<div class=\"gdc_inner\">\n<p><img loading=\"lazy\" decoding=\"async\" class=\"alignnone size-full wp-image-1063\" src=\"https:\/\/www.horizontresort.sk\/wp-content\/uploads\/2025\/03\/Horizont_Resort_1000x650_76.jpg\" alt=\"\" width=\"1000\" height=\"650\" srcset=\"https:\/\/www.horizontresort.sk\/wp-content\/uploads\/2025\/03\/Horizont_Resort_1000x650_76.jpg 1000w, https:\/\/www.horizontresort.sk\/wp-content\/uploads\/2025\/03\/Horizont_Resort_1000x650_76-300x195.jpg 300w, https:\/\/www.horizontresort.sk\/wp-content\/uploads\/2025\/03\/Horizont_Resort_1000x650_76-768x499.jpg 768w\" sizes=\"auto, (max-width: 1000px) 100vw, 1000px\" \/><\/p>\n<h2>BACK AND SHOULDERS \u2013 h\u00e1t \u00e9s v\u00e1ll massz\u00e1zs<\/h2>\n<p><strong>A thai h\u00e1t \u00e9s nyakmassz\u00e1zs a h\u00e1tra, nyakra, farizmokra, keresztcsontra \u00e9s medenc\u00e9re \u00f6sszpontos\u00edt, k\u00fcl\u00f6n\u00f6sen az \u00fcl\u0151munka \u00e9s mozg\u00e1shi\u00e1ny \u00e1ltal t\u00falterhelt izmokra \u00e9s inakra.<\/strong><\/p>\n<p>Ez az intenz\u00edv, m\u00e9ly massz\u00e1zs akupressz\u00far\u00e1s technik\u00e1kat alkalmaz, amelyek oldj\u00e1k az izomfesz\u00fclts\u00e9get, megsz\u00fcntetik az energia blokkokat, n\u00f6velik a test rugalmass\u00e1g\u00e1t, enyh\u00edtik a fej- \u00e9s nyakf\u00e1j\u00e1st, valamint cs\u00f6kkentik a kr\u00f3nikus f\u00e1jdalmat, f\u00e1radts\u00e1got \u00e9s stresszt.<\/p>\n<ul>\n<li>Back and Shoulders 30 perc \u2013 34,90 \u20ac<\/li>\n<\/ul>\n<\/div>\n<\/div>\n<div class=\"gdc_column gdc_cthird\">\n<div class=\"gdc_inner\">\n<p><img loading=\"lazy\" decoding=\"async\" class=\"alignnone size-full wp-image-1070\" src=\"https:\/\/www.horizontresort.sk\/wp-content\/uploads\/2025\/03\/Thajske-masaze_1000x650_4.jpg\" alt=\"\" width=\"1000\" height=\"666\" srcset=\"https:\/\/www.horizontresort.sk\/wp-content\/uploads\/2025\/03\/Thajske-masaze_1000x650_4.jpg 1000w, https:\/\/www.horizontresort.sk\/wp-content\/uploads\/2025\/03\/Thajske-masaze_1000x650_4-300x200.jpg 300w, https:\/\/www.horizontresort.sk\/wp-content\/uploads\/2025\/03\/Thajske-masaze_1000x650_4-768x511.jpg 768w\" sizes=\"auto, (max-width: 1000px) 100vw, 1000px\" \/><\/p>\n<h2>BACK HEAVEN \u2013 speci\u00e1lis h\u00e1tmassz\u00e1zs<\/h2>\n<p><strong>Speci\u00e1lis massz\u00e1zstechnik\u00e1k kombin\u00e1ci\u00f3ja, m\u00e1s n\u00e9ven h\u0151ter\u00e1pia. Hat\u00e9konyan laz\u00edtja a merev izmokat s\u00e9r\u00fcl\u00e9sek, t\u00falterhel\u00e9s vagy leh\u0171l\u00e9s eset\u00e9n.<\/strong><\/p>\n<p>A terapeuta forr\u00f3 gy\u00f3gyn\u00f6v\u00e9nyes batyukat \u00e9s massz\u00e1zsolajat haszn\u00e1l, amelyek m\u00e9lyen hatnak az izmokra. A rendszeres kezel\u00e9s enyh\u00fcl\u00e9st hozhat kr\u00f3nikus gyullad\u00e1sok eset\u00e9n is.<\/p>\n<ul>\n<li>Back Heaven 60 perc \u2013 69,90 \u20ac<\/li>\n<\/ul>\n<\/div>\n<\/div>\n<div class=\"gdc_column gdc_cthird\">\n<div class=\"gdc_inner\">\n<p><img loading=\"lazy\" decoding=\"async\" class=\"alignnone size-full wp-image-1069\" src=\"https:\/\/www.horizontresort.sk\/wp-content\/uploads\/2025\/03\/Thajske-masaze_1000x650_3.jpg\" alt=\"\" width=\"1000\" height=\"651\" srcset=\"https:\/\/www.horizontresort.sk\/wp-content\/uploads\/2025\/03\/Thajske-masaze_1000x650_3.jpg 1000w, https:\/\/www.horizontresort.sk\/wp-content\/uploads\/2025\/03\/Thajske-masaze_1000x650_3-300x195.jpg 300w, https:\/\/www.horizontresort.sk\/wp-content\/uploads\/2025\/03\/Thajske-masaze_1000x650_3-768x500.jpg 768w\" sizes=\"auto, (max-width: 1000px) 100vw, 1000px\" \/><\/p>\n<h2>KHAT NAA \u2013 arcmassz\u00e1zs<\/h2>\n<p><strong>Intenz\u00edv, hidrat\u00e1l\u00f3 anti aging kezel\u00e9s hialuronsavas kozmetikumokkal, amelyek m\u00e9ly hidrat\u00e1l\u00e1st \u00e9s b\u0151rmeg\u00fajul\u00e1st biztos\u00edtanak.<\/strong><\/p>\n<p>A hialuronsav megk\u00f6ti a vizet a sejtek k\u00f6z\u00f6tt, v\u00e9di a b\u0151rt. Az arcb\u0151r ragyog\u00f3v\u00e1, feszess\u00e9 \u00e9s selymes tapint\u00e1s\u00fav\u00e1 v\u00e1lik. Minden koroszt\u00e1ly sz\u00e1m\u00e1ra aj\u00e1nlott.<\/p>\n<ul>\n<li>Khat Naa 30 perc \u2013 39,90 \u20ac<\/li>\n<li>Khat Naa 60 perc \u2013 65,90 \u20ac<\/li>\n<\/ul>\n<\/div>\n<\/div>\n<\/div>\n<div class=\"gdc_row\">\n<div class=\"gdc_column gdc_cthird\">\n<div class=\"gdc_inner\">\n<p><img loading=\"lazy\" decoding=\"async\" class=\"alignnone size-full wp-image-1068\" src=\"https:\/\/www.horizontresort.sk\/wp-content\/uploads\/2025\/03\/Thajske-masaze_1000x650_2.jpg\" alt=\"\" width=\"1000\" height=\"651\" srcset=\"https:\/\/www.horizontresort.sk\/wp-content\/uploads\/2025\/03\/Thajske-masaze_1000x650_2.jpg 1000w, https:\/\/www.horizontresort.sk\/wp-content\/uploads\/2025\/03\/Thajske-masaze_1000x650_2-300x195.jpg 300w, https:\/\/www.horizontresort.sk\/wp-content\/uploads\/2025\/03\/Thajske-masaze_1000x650_2-768x500.jpg 768w\" sizes=\"auto, (max-width: 1000px) 100vw, 1000px\" \/><\/p>\n<h2>NUAD THAI \u2013 hagyom\u00e1nyos thai massz\u00e1zs<\/h2>\n<p><strong>A hagyom\u00e1nyos thai massz\u00e1zs t\u00f6bb mint 2500 \u00e9ves gy\u00f3gy\u00edt\u00f3 m\u00f3dszer.<\/strong><\/p>\n<p>A professzion\u00e1lis thai terapeut\u00e1k az akupressz\u00far\u00e1s pontok stimul\u00e1l\u00e1s\u00e1val megsz\u00fcntetik a f\u00e1radts\u00e1got, oldj\u00e1k az izomg\u00f6rcs\u00f6ket \u00e9s idegi fesz\u00fclts\u00e9get, serkentik a v\u00e9r- \u00e9s nyirokkering\u00e9st, valamint jav\u00edtj\u00e1k az izmok \u00e9s \u00edz\u00fcletek mozg\u00e9konys\u00e1g\u00e1t.<\/p>\n<ul>\n<li>Nuad Thai 60 perc \u2013 54,50 \u20ac<\/li>\n<li>Nuad Thai 90 perc \u2013 67,50 \u20ac<\/li>\n<li>Nuad Thai 120 perc \u2013 88,50 \u20ac<\/li>\n<\/ul>\n<\/div>\n<\/div>\n<div class=\"gdc_column gdc_cthird\">\n<div class=\"gdc_inner\">\n<p><img loading=\"lazy\" decoding=\"async\" class=\"alignnone size-full wp-image-1063\" src=\"https:\/\/www.horizontresort.sk\/wp-content\/uploads\/2025\/03\/Horizont_Resort_1000x650_76.jpg\" alt=\"\" width=\"1000\" height=\"650\" srcset=\"https:\/\/www.horizontresort.sk\/wp-content\/uploads\/2025\/03\/Horizont_Resort_1000x650_76.jpg 1000w, https:\/\/www.horizontresort.sk\/wp-content\/uploads\/2025\/03\/Horizont_Resort_1000x650_76-300x195.jpg 300w, https:\/\/www.horizontresort.sk\/wp-content\/uploads\/2025\/03\/Horizont_Resort_1000x650_76-768x499.jpg 768w\" sizes=\"auto, (max-width: 1000px) 100vw, 1000px\" \/><\/p>\n<h2>RON DEE \u2013 peeling massz\u00e1zs<\/h2>\n<p><strong>A peeling massz\u00e1zs aktiv\u00e1lja a b\u0151r alatti mikrokering\u00e9st, m\u00e9regtelen\u00edt \u00e9s elt\u00e1vol\u00edtja az elhalt h\u00e1msejteket, ez\u00e1ltal serkenti a b\u0151r l\u00e9gz\u00e9s\u00e9t.<\/strong><\/p>\n<p>A b\u0151r puha, sima \u00e9s \u00fcde lesz. Antidepressz\u00edv hat\u00e1s\u00fa, hat\u00e9konyan regener\u00e1lja az \u00e9rett vagy f\u00e1radt b\u0151rt. A s\u00f3s peeling tengeri s\u00f3t, avok\u00e1d\u00f3- \u00e9s jojobaolajat tartalmaz.<\/p>\n<ul>\n<li>Ron Dee 60 perc \u2013 64,90 \u20ac<\/li>\n<\/ul>\n<\/div>\n<\/div>\n<div class=\"gdc_column gdc_cthird\">\n<div class=\"gdc_inner\">\n<p><img loading=\"lazy\" decoding=\"async\" class=\"alignnone size-full wp-image-1070\" src=\"https:\/\/www.horizontresort.sk\/wp-content\/uploads\/2025\/03\/Thajske-masaze_1000x650_4.jpg\" alt=\"\" width=\"1000\" height=\"666\" srcset=\"https:\/\/www.horizontresort.sk\/wp-content\/uploads\/2025\/03\/Thajske-masaze_1000x650_4.jpg 1000w, https:\/\/www.horizontresort.sk\/wp-content\/uploads\/2025\/03\/Thajske-masaze_1000x650_4-300x200.jpg 300w, https:\/\/www.horizontresort.sk\/wp-content\/uploads\/2025\/03\/Thajske-masaze_1000x650_4-768x511.jpg 768w\" sizes=\"auto, (max-width: 1000px) 100vw, 1000px\" \/><\/p>\n<h2>TOK SEN<\/h2>\n<p><strong>A Tok Sen t\u00f6bb mint 5000 \u00e9ves m\u00faltra visszatekint\u0151 \u0151si massz\u00e1zstechnika. Jelent\u00e9se: \u201eenergia\u00e1raml\u00e1s\u201d.<\/strong><\/p>\n<p>Tamarindfa sz\u00edvf\u00e1b\u00f3l k\u00e9sz\u00fclt speci\u00e1lis eszk\u00f6z\u00f6kkel v\u00e9gzik, amelyek m\u00e9ly mechanikai \u00e9s hangrezg\u00e9seket hoznak l\u00e9tre. Enyh\u00edti a f\u00e1jdalmat, oldja az izommerevs\u00e9get, jav\u00edtja a v\u00e9rkering\u00e9st \u00e9s megsz\u00fcnteti az energia blokkokat. K\u00fcl\u00f6n\u00f6sen aj\u00e1nlott fizikai munk\u00e1t v\u00e9gz\u0151knek \u00e9s stresszes \u00e9letm\u00f3d eset\u00e9n.<\/p>\n<ul>\n<li>Tok Sen 60 perc \u2013 64,90 \u20ac<\/li>\n<\/ul>\n<\/div>\n<\/div>\n<\/div>\n<div class=\"gdc_row\">\n<div class=\"gdc_column gdc_cthird\">\n<div class=\"gdc_inner\">\n<p><img loading=\"lazy\" decoding=\"async\" class=\"alignnone size-full wp-image-1069\" src=\"https:\/\/www.horizontresort.sk\/wp-content\/uploads\/2025\/03\/Thajske-masaze_1000x650_3.jpg\" alt=\"\" width=\"1000\" height=\"651\" srcset=\"https:\/\/www.horizontresort.sk\/wp-content\/uploads\/2025\/03\/Thajske-masaze_1000x650_3.jpg 1000w, https:\/\/www.horizontresort.sk\/wp-content\/uploads\/2025\/03\/Thajske-masaze_1000x650_3-300x195.jpg 300w, https:\/\/www.horizontresort.sk\/wp-content\/uploads\/2025\/03\/Thajske-masaze_1000x650_3-768x500.jpg 768w\" sizes=\"auto, (max-width: 1000px) 100vw, 1000px\" \/><\/p>\n<h2>COCONUT MASSAGE \u2013 k\u00f3kuszolajos massz\u00e1zs<\/h2>\n<p><strong>A hagyom\u00e1nyos thai massz\u00e1zs technik\u00e1it k\u00f3kuszolajjal kombin\u00e1lja. A k\u00f3kuszolaj t\u00e1pl\u00e1lja a b\u0151rt, rugalmasabb\u00e1, ragyog\u00f3bb\u00e1 \u00e9s selymess\u00e9 teszi.<\/strong><\/p>\n<p>Gazdag antioxid\u00e1nsokban \u00e9s vitaminokban (A, C, E), m\u00e9lyen hidrat\u00e1l. Nyugtatja az idegrendszert, oldja a stresszt \u00e9s az izomfesz\u00fclts\u00e9get.<\/p>\n<ul>\n<li>Coconut Massage 60 perc \u2013 64,90 \u20ac<\/li>\n<\/ul>\n<\/div>\n<\/div>\n<div class=\"gdc_column gdc_cthird\">\n<div class=\"gdc_inner\">\n<p><img loading=\"lazy\" decoding=\"async\" class=\"alignnone size-full wp-image-1068\" src=\"https:\/\/www.horizontresort.sk\/wp-content\/uploads\/2025\/03\/Thajske-masaze_1000x650_2.jpg\" alt=\"\" width=\"1000\" height=\"651\" srcset=\"https:\/\/www.horizontresort.sk\/wp-content\/uploads\/2025\/03\/Thajske-masaze_1000x650_2.jpg 1000w, https:\/\/www.horizontresort.sk\/wp-content\/uploads\/2025\/03\/Thajske-masaze_1000x650_2-300x195.jpg 300w, https:\/\/www.horizontresort.sk\/wp-content\/uploads\/2025\/03\/Thajske-masaze_1000x650_2-768x500.jpg 768w\" sizes=\"auto, (max-width: 1000px) 100vw, 1000px\" \/><\/p>\n<h2>SHEA BUTTER MASSAGE \u2013 shea vajas massz\u00e1zs<\/h2>\n<p><strong>A hagyom\u00e1nyos thai massz\u00e1zs shea vajjal kombin\u00e1lva. K\u00fcl\u00f6n\u00f6sen alkalmas sz\u00e1raz b\u0151rt\u00edpusra.<\/strong><\/p>\n<p>A shea vaj hidrat\u00e1l\u00f3, regener\u00e1l\u00f3, gyullad\u00e1scs\u00f6kkent\u0151 \u00e9s fiatal\u00edt\u00f3 hat\u00e1s\u00fa. A b\u0151r feszesebb, eg\u00e9szs\u00e9gesebb \u00e9s fiatalosabb megjelen\u00e9s\u0171 lesz.<\/p>\n<ul>\n<li>Shea Butter Massage 60 perc \u2013 64,90 \u20ac<\/li>\n<\/ul>\n<\/div>\n<\/div>\n<div class=\"gdc_column gdc_cthird\">\n<div class=\"gdc_inner\">\n<p><img loading=\"lazy\" decoding=\"async\" class=\"alignnone size-full wp-image-1067\" src=\"https:\/\/www.horizontresort.sk\/wp-content\/uploads\/2025\/03\/Masaz-Horizont_2_800x521-1.jpg\" alt=\"\" width=\"800\" height=\"521\" srcset=\"https:\/\/www.horizontresort.sk\/wp-content\/uploads\/2025\/03\/Masaz-Horizont_2_800x521-1.jpg 800w, https:\/\/www.horizontresort.sk\/wp-content\/uploads\/2025\/03\/Masaz-Horizont_2_800x521-1-300x195.jpg 300w, https:\/\/www.horizontresort.sk\/wp-content\/uploads\/2025\/03\/Masaz-Horizont_2_800x521-1-768x500.jpg 768w\" sizes=\"auto, (max-width: 800px) 100vw, 800px\" \/><\/p>\n<h2>RIT TEE \u2013 forr\u00f3 gy\u00f3gyn\u00f6v\u00e9nyes massz\u00e1zs<\/h2>\n<p>Forr\u00f3 gy\u00f3gyn\u00f6v\u00e9nyes batyukkal v\u00e9gzett massz\u00e1zs, val\u00f3di thai gy\u00f3gyn\u00f6v\u00e9nyekkel. A meleg megnyitja a p\u00f3rusokat, a gy\u00f3gyn\u00f6v\u00e9nyek m\u00e9lyen fejtik ki gyullad\u00e1scs\u00f6kkent\u0151 \u00e9s antibakteri\u00e1lis hat\u00e1sukat.<\/p>\n<ul>\n<li>Rit Tee 60 perc \u2013 69,90 \u20ac<\/li>\n<li>Rit Tee 90 perc \u2013 85,90 \u20ac<\/li>\n<\/ul>\n<\/div>\n<\/div>\n<\/div>\n<div class=\"gdc_row\">\n<div class=\"gdc_column gdc_cthird\">\n<div class=\"gdc_inner\">\n<p><img loading=\"lazy\" decoding=\"async\" class=\"alignnone size-full wp-image-1066\" src=\"https:\/\/www.horizontresort.sk\/wp-content\/uploads\/2025\/03\/Horizont_Resort_1000x650_81.jpg\" alt=\"\" width=\"1000\" height=\"650\" srcset=\"https:\/\/www.horizontresort.sk\/wp-content\/uploads\/2025\/03\/Horizont_Resort_1000x650_81.jpg 1000w, https:\/\/www.horizontresort.sk\/wp-content\/uploads\/2025\/03\/Horizont_Resort_1000x650_81-300x195.jpg 300w, https:\/\/www.horizontresort.sk\/wp-content\/uploads\/2025\/03\/Horizont_Resort_1000x650_81-768x499.jpg 768w\" sizes=\"auto, (max-width: 1000px) 100vw, 1000px\" \/><\/p>\n<h2>SOK DEE \u2013 talp \u00e9s l\u00e1bmassz\u00e1zs<\/h2>\n<p><strong>Akupressz\u00far\u00e1s massz\u00e1zs, amely a talpon tal\u00e1lhat\u00f3 reflexpontokat stimul\u00e1lja, ez\u00e1ltal hat a bels\u0151 szervekre.<\/strong><\/p>\n<p>Elt\u00e1vol\u00edtja a f\u00e1radts\u00e1got, jav\u00edtja a kering\u00e9st, t\u00e1mogatja az immunrendszert \u00e9s a szervezet m\u00e9regtelen\u00edt\u00e9s\u00e9t.<\/p>\n<ul>\n<li>Sok Dee 30 perc \u2013 34,90 \u20ac<\/li>\n<li>Sok Dee 60 perc \u2013 49,90 \u20ac<\/li>\n<\/ul>\n<\/div>\n<\/div>\n<div class=\"gdc_column gdc_cthird\">\n<div class=\"gdc_inner\">\n<p><img loading=\"lazy\" decoding=\"async\" class=\"alignnone size-full wp-image-1065\" src=\"https:\/\/www.horizontresort.sk\/wp-content\/uploads\/2025\/03\/Horizont_Resort_1000x650_78.jpg\" alt=\"\" width=\"1000\" height=\"650\" srcset=\"https:\/\/www.horizontresort.sk\/wp-content\/uploads\/2025\/03\/Horizont_Resort_1000x650_78.jpg 1000w, https:\/\/www.horizontresort.sk\/wp-content\/uploads\/2025\/03\/Horizont_Resort_1000x650_78-300x195.jpg 300w, https:\/\/www.horizontresort.sk\/wp-content\/uploads\/2025\/03\/Horizont_Resort_1000x650_78-768x499.jpg 768w\" sizes=\"auto, (max-width: 1000px) 100vw, 1000px\" \/><\/p>\n<h2>FAN DEE \u2013 thai olajos massz\u00e1zs<\/h2>\n<p>A hagyom\u00e1nyos thai massz\u00e1zs \u00e9s az aromater\u00e1pi\u00e1s olajok t\u00f6k\u00e9letes kombin\u00e1ci\u00f3ja. M\u00e9ly relax\u00e1ci\u00f3t biztos\u00edt, ide\u00e1lis stresszes \u00e9letm\u00f3d eset\u00e9n.<\/p>\n<ul>\n<li>Fan Dee 60 perc \u2013 64,90 \u20ac<\/li>\n<li>Fan Dee 90 perc \u2013 79,90 \u20ac<\/li>\n<li>Fan Dee 120 perc \u2013 95,50 \u20ac<\/li>\n<\/ul>\n<\/div>\n<\/div>\n<div class=\"gdc_column gdc_cthird\">\n<div class=\"gdc_inner\">\n<p><img loading=\"lazy\" decoding=\"async\" class=\"alignnone size-full wp-image-1064\" src=\"https:\/\/www.horizontresort.sk\/wp-content\/uploads\/2025\/03\/Horizont_Resort_1000x650_77.jpg\" alt=\"\" width=\"1000\" height=\"650\" srcset=\"https:\/\/www.horizontresort.sk\/wp-content\/uploads\/2025\/03\/Horizont_Resort_1000x650_77.jpg 1000w, https:\/\/www.horizontresort.sk\/wp-content\/uploads\/2025\/03\/Horizont_Resort_1000x650_77-300x195.jpg 300w, https:\/\/www.horizontresort.sk\/wp-content\/uploads\/2025\/03\/Horizont_Resort_1000x650_77-768x499.jpg 768w\" sizes=\"auto, (max-width: 1000px) 100vw, 1000px\" \/><\/p>\n<h2>GOLDEN TOUCH \u2013 aranymassz\u00e1zs<\/h2>\n<p>Luxus teljes testmassz\u00e1zs 24 kar\u00e1tos arannyal. Karcs\u00fas\u00edt\u00f3 \u00e9s b\u0151rfeszes\u00edt\u0151 hat\u00e1s\u00fa.<\/p>\n<ul>\n<li>Golden Touch 60 perc \u2013 89,90 \u20ac<\/li>\n<\/ul>\n<\/div>\n<\/div>\n<\/div>\n<div class=\"gdc_row\">\n<div class=\"gdc_column gdc_cthird\">\n<div class=\"gdc_inner\">\n<p><img loading=\"lazy\" decoding=\"async\" class=\"alignnone size-full wp-image-1072\" src=\"https:\/\/www.horizontresort.sk\/wp-content\/uploads\/2025\/03\/Thajske-masaze_1000x650_7.jpg\" alt=\"\" width=\"1000\" height=\"665\" srcset=\"https:\/\/www.horizontresort.sk\/wp-content\/uploads\/2025\/03\/Thajske-masaze_1000x650_7.jpg 1000w, https:\/\/www.horizontresort.sk\/wp-content\/uploads\/2025\/03\/Thajske-masaze_1000x650_7-300x200.jpg 300w, https:\/\/www.horizontresort.sk\/wp-content\/uploads\/2025\/03\/Thajske-masaze_1000x650_7-768x511.jpg 768w\" sizes=\"auto, (max-width: 1000px) 100vw, 1000px\" \/><\/p>\n<h2>PRAW HAA \u2013 Coconut Miracle forr\u00f3 k\u00f3kuszos massz\u00e1zs<\/h2>\n<p>K\u00fcl\u00f6nleges massz\u00e1zs thai k\u00f3kuszgoly\u00f3kkal \u00e9s k\u00f3kuszolajjal. K\u00fcl\u00f6n\u00f6sen alkalmas \u00e9rz\u00e9keny b\u0151rre.<\/p>\n<ul>\n<li>Praw Haa 90 perc \u2013 85,90 \u20ac<\/li>\n<\/ul>\n<\/div>\n<\/div>\n<div class=\"gdc_column gdc_cthird\">\n<div class=\"gdc_inner\">\n<p><img loading=\"lazy\" decoding=\"async\" class=\"alignnone size-full wp-image-1071\" src=\"https:\/\/www.horizontresort.sk\/wp-content\/uploads\/2025\/03\/Thajske-masaze_1000x650_5.jpg\" alt=\"\" width=\"1000\" height=\"650\" srcset=\"https:\/\/www.horizontresort.sk\/wp-content\/uploads\/2025\/03\/Thajske-masaze_1000x650_5.jpg 1000w, https:\/\/www.horizontresort.sk\/wp-content\/uploads\/2025\/03\/Thajske-masaze_1000x650_5-300x195.jpg 300w, https:\/\/www.horizontresort.sk\/wp-content\/uploads\/2025\/03\/Thajske-masaze_1000x650_5-768x499.jpg 768w\" sizes=\"auto, (max-width: 1000px) 100vw, 1000px\" \/><\/p>\n<h2>ALOE VERA MASSZ\u00c1ZS<\/h2>\n<p>Az aloe vera vitaminokban gazdag hat\u00f3anyagai kiv\u00e1l\u00f3ak \u00e9rz\u00e9keny, sz\u00e1raz, irrit\u00e1lt vagy nap\u00e9gette b\u0151rre.<\/p>\n<ul>\n<li>Aloe Vera 60 perc \u2013 64,90 \u20ac<\/li>\n<li>Aloe Vera 90 perc \u2013 79,90 \u20ac<\/li>\n<\/ul>\n<\/div>\n<\/div>\n<div class=\"gdc_column gdc_cthird\">\n<div class=\"gdc_inner\">\n<\/div>\n<\/div>\n<\/div>\n<div class=\"line\"><\/div>\n<div class=\"gdc_row\">\n<div class=\"gdc_column gdc_cquarter\">\n<div class=\"gdc_inner\">\n<p style=\"text-align: center;\"><strong>E-MAIL<\/strong><\/p>\n<p style=\"text-align: center;\"><a href=\"mailto:prevadzkahorizont@thajskemasaze.sk\">prevadzkahorizont@thajskemasaze.sk<\/a><\/p>\n<\/div>\n<\/div>\n<div class=\"gdc_column gdc_cquarter\">\n<div class=\"gdc_inner\">\n<p style=\"text-align: center;\"><strong>TELEFON<\/strong><\/p>\n<p style=\"text-align: center;\">+421 907 103 886<\/p>\n<\/div>\n<\/div>\n<div class=\"gdc_column gdc_cquarter\">\n<div class=\"gdc_inner\">\n<p style=\"text-align: center;\"><a href=\"https:\/\/www.facebook.com\/thairelaxpoprad\/\" target=\"_blank\" rel=\"noopener\"><strong>FACEBOOK<\/strong><\/a><\/p>\n<p style=\"text-align: center;\">Thajsk\u00e9 mas\u00e1\u017ee<\/p>\n<\/div>\n<\/div>\n<div class=\"gdc_column gdc_cquarter\">\n<div class=\"gdc_inner\">\n<p style=\"text-align: center;\"><a href=\"\/wp-content\/uploads\/2025\/03\/cennik-horizont_10_23.jpg\" target=\"_blank\" rel=\"noopener\" data-rel=\"lightbox-image-0\" data-rl_title=\"\" data-rl_caption=\"\" title=\"\"><strong>\u00c1rlista<\/strong><\/a><\/p>\n<p style=\"text-align: center;\">Wellness massz\u00e1zsok \u00e1rlist\u00e1ja let\u00f6lthet\u0151.<\/p>\n<\/div>\n<\/div>\n<\/div>\n","protected":false},"excerpt":{"rendered":"<p>A Siam Center Thai Massage massz\u00e1zsk\u00f6zpont-h\u00e1l\u00f3zat c\u00e9lja a keleti gy\u00f3gy\u00edt\u00f3 massz\u00e1zsm\u0171v\u00e9szet bemutat\u00e1sa. A Horizont Resort wellness sz\u00e1llod\u00e1ban tett tart\u00f3zkod\u00e1sa sor\u00e1n tapasztalt, csal\u00e1di hagyom\u00e1nyokra \u00e9p\u00fcl\u0151 thai massz\u0151r\u00f6k \u00e1ltal v\u00e9gzett massz\u00e1zsok sz\u00e9les v\u00e1laszt\u00e9k\u00e1t \u00e9lvezheti. A thai massz\u00e1zs Indi\u00e1b\u00f3l sz\u00e1rmazik, \u00e9s az akupressz\u00fara valamint a j\u00f3ga elemeit \u00f6tv\u00f6zi. T\u00f6bb mint 2500 \u00e9ves gy\u00f3gy\u00edt\u00f3 m\u00f3dszer, amely az emberi test&#8230;<\/p>\n","protected":false},"author":1,"featured_media":4772,"parent":5176,"menu_order":21,"comment_status":"closed","ping_status":"closed","template":"","meta":{"footnotes":""},"class_list":["post-5177","page","type-page","status-publish","has-post-thumbnail","hentry"],"acf":[],"aioseo_notices":[],"_links":{"self":[{"href":"https:\/\/www.horizontresort.sk\/hu\/wp-json\/wp\/v2\/pages\/5177","targetHints":{"allow":["GET"]}}],"collection":[{"href":"https:\/\/www.horizontresort.sk\/hu\/wp-json\/wp\/v2\/pages"}],"about":[{"href":"https:\/\/www.horizontresort.sk\/hu\/wp-json\/wp\/v2\/types\/page"}],"author":[{"embeddable":true,"href":"https:\/\/www.horizontresort.sk\/hu\/wp-json\/wp\/v2\/users\/1"}],"replies":[{"embeddable":true,"href":"https:\/\/www.horizontresort.sk\/hu\/wp-json\/wp\/v2\/comments?post=5177"}],"version-history":[{"count":3,"href":"https:\/\/www.horizontresort.sk\/hu\/wp-json\/wp\/v2\/pages\/5177\/revisions"}],"predecessor-version":[{"id":5229,"href":"https:\/\/www.horizontresort.sk\/hu\/wp-json\/wp\/v2\/pages\/5177\/revisions\/5229"}],"up":[{"embeddable":true,"href":"https:\/\/www.horizontresort.sk\/hu\/wp-json\/wp\/v2\/pages\/5176"}],"wp:featuredmedia":[{"embeddable":true,"href":"https:\/\/www.horizontresort.sk\/hu\/wp-json\/wp\/v2\/media\/4772"}],"wp:attachment":[{"href":"https:\/\/www.horizontresort.sk\/hu\/wp-json\/wp\/v2\/media?parent=5177"}],"curies":[{"name":"wp","href":"https:\/\/api.w.org\/{rel}","templated":true}]}}