{"id":5176,"date":"2020-10-16T07:40:24","date_gmt":"2020-10-16T05:40:24","guid":{"rendered":"https:\/\/www.horizontresort.sk\/wellness\/"},"modified":"2026-03-16T14:23:13","modified_gmt":"2026-03-16T13:23:13","slug":"wellness","status":"publish","type":"page","link":"https:\/\/www.horizontresort.sk\/hu\/wellness\/","title":{"rendered":"Wellness"},"content":{"rendered":"<p>A Horizont Resort Hotel Mountain Wellness Centere c\u00e9drusf\u00e1b\u00f3l \u00e9p\u00fclt, \u00e9s harmonikus k\u00f6rnyezetet k\u00edn\u00e1l a testi \u00e9s lelki egyens\u00faly helyre\u00e1ll\u00edt\u00e1s\u00e1hoz. K\u00e9nyeztesse mag\u00e1t kiv\u00e9teles wellness \u00e9lm\u00e9nyekkel, amelyek a term\u00e9szetes gy\u00f3gyn\u00f6v\u00e9nyek \u00e9s illatos esszenci\u00e1k erej\u00e9t \u00f6tv\u00f6zik. A t\u00f6k\u00e9letes relax\u00e1ci\u00f3 \u00e9s medit\u00e1ci\u00f3 helysz\u00edne az \u00e9lm\u00e9nymedence, ahol harmoniz\u00e1l\u00f3 f\u00e9nyek, v\u00edzi attrakci\u00f3k \u00e9s v\u00edzi b\u00e1r is v\u00e1rja a vend\u00e9geket. A teljes ellazul\u00e1s \u00e9rdek\u00e9ben egy legfeljebb 10 f\u0151 sz\u00e1m\u00e1ra kialak\u00edtott jacuzzi is rendelkez\u00e9sre \u00e1ll. A wellness k\u00f6zpont magas sz\u00ednvonal\u00fa szaun\u00e1kat \u00e9s inhal\u00e1ci\u00f3kat k\u00edn\u00e1l, bele\u00e9rtve a s\u00f3s, finn, g\u0151z \u00e9s infra szaun\u00e1t. Tov\u00e1bb\u00e1 pihen\u0151szoba massz\u00e1zs\u00e1ggyal \u00e9s jacuzzival, v\u00edzes\u00e9ses relax\u00e1ci\u00f3s t\u00e9r, valamint mer\u00fcl\u0151medence is tal\u00e1lhat\u00f3.<\/p>\n<div class=\"gdc_row\">\n<div class=\"gdc_column gdc_chalf\">\n<div class=\"gdc_inner\">\n<p><img loading=\"lazy\" decoding=\"async\" class=\"alignnone size-full wp-image-976\" src=\"https:\/\/www.horizontresort.sk\/wp-content\/uploads\/2025\/03\/Horizont_Resort_1000x650_75.jpg\" alt=\"\" width=\"1000\" height=\"650\" srcset=\"https:\/\/www.horizontresort.sk\/wp-content\/uploads\/2025\/03\/Horizont_Resort_1000x650_75.jpg 1000w, https:\/\/www.horizontresort.sk\/wp-content\/uploads\/2025\/03\/Horizont_Resort_1000x650_75-300x195.jpg 300w, https:\/\/www.horizontresort.sk\/wp-content\/uploads\/2025\/03\/Horizont_Resort_1000x650_75-768x499.jpg 768w\" sizes=\"auto, (max-width: 1000px) 100vw, 1000px\" \/><\/p>\n<h2>NORTHERN ROOM \u2013 finn szauna (sz\u00e1raz szauna)<\/h2>\n<p><strong>A hagyom\u00e1nyos finn szaun\u00e1ban t\u00f6rt\u00e9n\u0151 szaun\u00e1z\u00e1s bizony\u00edtottan pozit\u00edv hat\u00e1ssal van az emberi eg\u00e9szs\u00e9gre.<\/strong><\/p>\n<p>\u00c9lvezze a skandin\u00e1v n\u00e9pek gazdag hagyom\u00e1ny\u00e1b\u00f3l fakad\u00f3 szauna \u00e9lm\u00e9nyt, ahol teste regener\u00e1l\u00f3dik, izmai ellazulnak, \u00e9s megszabadulhat a mindennapi stresszt\u0151l. A h\u0151m\u00e9rs\u00e9klet a szaun\u00e1n bel\u00fcli elhelyezked\u00e9st\u0151l f\u00fcgg\u0151en 65\u201390 \u00b0C k\u00f6z\u00f6tt mozog. A magas h\u0151m\u00e9rs\u00e9klet fokozza az izzad\u00e1st, seg\u00edti a m\u00e9reganyagok t\u00e1voz\u00e1s\u00e1t \u00e9s er\u0151s\u00edti az immunrendszert.<\/p>\n<ul>\n<li>H\u0151m\u00e9rs\u00e9klet: 90\u2013105 \u00b0C<\/li>\n<li>P\u00e1ratartalom: 10\u201315 %<\/li>\n<li>Aj\u00e1nlott id\u0151: 10\u201315 perc<\/li>\n<li>Hat\u00e1sok: regener\u00e1l\u00f3, laz\u00edt\u00f3, immuner\u0151s\u00edt\u0151, megf\u00e1z\u00e1s megel\u0151z\u00e9se<\/li>\n<li>Ellenjavallatok: akut betegs\u00e9gek, pajzsmirigy t\u00falm\u0171k\u00f6d\u00e9s, v\u00e9rz\u00e9ssel j\u00e1r\u00f3 betegs\u00e9gek, vissz\u00e9rgyullad\u00e1s, epilepszia, fert\u0151z\u0151 betegs\u00e9gek, magas v\u00e9rnyom\u00e1s, nem kompenz\u00e1lt cukorbetegs\u00e9g, rosszindulat\u00fa daganatok, nem gy\u00f3gyul\u00f3 b\u0151rs\u00e9r\u00fcl\u00e9sek, akt\u00edv TBC, l\u00e1zas \u00e1llapotok, pszichi\u00e1triai betegs\u00e9gek, sz\u00edvinfarktus vagy stroke ut\u00e1ni \u00e1llapot (orvosi enged\u00e9llyel minimum 3 h\u00f3nap ut\u00e1n), sz\u00edv- \u00e9s \u00e9rrendszeri betegs\u00e9gek orvosi konzult\u00e1ci\u00f3t k\u00f6vet\u0151en, terhess\u00e9g, 70 \u00e9v feletti \u00e9letkor.<\/li>\n<\/ul>\n<\/div>\n<\/div>\n<div class=\"gdc_column gdc_chalf\">\n<div class=\"gdc_inner\">\n<p><img loading=\"lazy\" decoding=\"async\" class=\"alignnone size-full wp-image-979\" src=\"https:\/\/www.horizontresort.sk\/wp-content\/uploads\/2025\/03\/Horizont_Resort_1000x650_61.jpg\" alt=\"\" width=\"1000\" height=\"650\" srcset=\"https:\/\/www.horizontresort.sk\/wp-content\/uploads\/2025\/03\/Horizont_Resort_1000x650_61.jpg 1000w, https:\/\/www.horizontresort.sk\/wp-content\/uploads\/2025\/03\/Horizont_Resort_1000x650_61-300x195.jpg 300w, https:\/\/www.horizontresort.sk\/wp-content\/uploads\/2025\/03\/Horizont_Resort_1000x650_61-768x499.jpg 768w\" sizes=\"auto, (max-width: 1000px) 100vw, 1000px\" \/><\/p>\n<h2>PINE FOREST \u2013 g\u0151zszauna<\/h2>\n<p><strong>A g\u0151zszauna az aromater\u00e1pia \u00e9s a gy\u00f3gyn\u00f6v\u00e9nyek t\u00f6k\u00e9letes kombin\u00e1ci\u00f3ja. L\u00e9legezze be a feny\u0151erd\u0151 j\u00f3t\u00e9kony illat\u00e1t, \u00e9s \u00e9lvezze a gyeng\u00e9d g\u0151z k\u00e9nyeztet\u00e9s\u00e9t.<\/strong><\/p>\n<p>A magas p\u00e1ratartalm\u00fa leveg\u0151 j\u00f3t\u00e9kony hat\u00e1ssal van a b\u0151rre, amely intenz\u00edven tisztul, v\u00e9rb\u0151s\u00e9ge fokoz\u00f3dik, \u00e9s selymesen puh\u00e1v\u00e1 v\u00e1lik.<\/p>\n<ul>\n<li>H\u0151m\u00e9rs\u00e9klet: 40\u201355 \u00b0C<\/li>\n<li>P\u00e1ratartalom: 100 %<\/li>\n<li>Aj\u00e1nlott id\u0151: 15\u201320 perc<\/li>\n<li>Hat\u00e1sok: relax\u00e1l\u00f3, immuner\u0151s\u00edt\u0151, l\u00e9g\u00fati megbeteged\u00e9sekre kedvez\u0151, v\u00edrusos \u00e9s bakteri\u00e1lis fert\u0151z\u00e9sek elleni v\u00e9delem<\/li>\n<li>Ellenjavallatok: fert\u0151z\u0151 betegs\u00e9gek, gennyes b\u0151rbetegs\u00e9gek, gomb\u00e1s fert\u0151z\u00e9sek, magas v\u00e9rnyom\u00e1s, m\u00e9lyv\u00e9n\u00e1s tromb\u00f3zis ut\u00e1ni \u00e1llapot, rosszindulat\u00fa daganatok, epilepszia, akt\u00edv TBC, l\u00e1zas \u00e1llapot, terhess\u00e9g, 70 \u00e9v feletti \u00e9letkor.<\/li>\n<\/ul>\n<\/div>\n<\/div>\n<\/div>\n<div class=\"line\"><\/div>\n<div class=\"gdc_row\">\n<div class=\"gdc_column gdc_chalf\">\n<div class=\"gdc_inner\">\n<p><img loading=\"lazy\" decoding=\"async\" class=\"alignnone size-full wp-image-981\" src=\"https:\/\/www.horizontresort.sk\/wp-content\/uploads\/2025\/03\/Horizont_Resort_1000x650_57.jpg\" alt=\"\" width=\"1000\" height=\"650\" srcset=\"https:\/\/www.horizontresort.sk\/wp-content\/uploads\/2025\/03\/Horizont_Resort_1000x650_57.jpg 1000w, https:\/\/www.horizontresort.sk\/wp-content\/uploads\/2025\/03\/Horizont_Resort_1000x650_57-300x195.jpg 300w, https:\/\/www.horizontresort.sk\/wp-content\/uploads\/2025\/03\/Horizont_Resort_1000x650_57-768x499.jpg 768w\" sizes=\"auto, (max-width: 1000px) 100vw, 1000px\" \/><\/p>\n<h2>SUNSHINE \u2013 infra szauna<\/h2>\n<p><strong>A l\u00e1thatatlan infrav\u00f6r\u00f6s sugarak a nap meleg\u00e9hez hasonl\u00f3 m\u00f3don meleg\u00edtik fel a testet k\u00e1ros UV sug\u00e1rz\u00e1s n\u00e9lk\u00fcl. Az infra szauna el\u0151seg\u00edti a zs\u00edrbont\u00e1st \u00e9s a tests\u00falycs\u00f6kkent\u00e9st.<\/strong><\/p>\n<p>Az infra sugarak jav\u00edtj\u00e1k a v\u00e9rkering\u00e9st, tiszt\u00edtj\u00e1k a b\u0151rt, cs\u00f6kkentik a cellulitot, \u00e9s el\u0151seg\u00edtik a regener\u00e1ci\u00f3t \u00e9s a m\u00e9ly relax\u00e1ci\u00f3t.<\/p>\n<ul>\n<li>H\u0151m\u00e9rs\u00e9klet: 40\u201350 \u00b0C<\/li>\n<li>P\u00e1ratartalom: 10\u201330 %<\/li>\n<li>Aj\u00e1nlott id\u0151: 20 perc<\/li>\n<li>Hat\u00e1sok: v\u00e9rkering\u00e9s jav\u00edt\u00e1sa, m\u00e9regtelen\u00edt\u00e9s, b\u0151rtiszt\u00edt\u00e1s, cellulit cs\u00f6kkent\u00e9se, relax\u00e1ci\u00f3<\/li>\n<li>Ellenjavallatok: akut betegs\u00e9gek, pajzsmirigy t\u00falm\u0171k\u00f6d\u00e9s, fert\u0151z\u0151 betegs\u00e9gek, magas v\u00e9rnyom\u00e1s, rosszindulat\u00fa daganatok, nem gy\u00f3gyul\u00f3 b\u0151rs\u00e9r\u00fcl\u00e9sek, sz\u00edv- \u00e9s \u00e9rrendszeri betegs\u00e9gek.<\/li>\n<\/ul>\n<\/div>\n<\/div>\n<div class=\"gdc_column gdc_chalf\">\n<div class=\"gdc_inner\">\n<p><img loading=\"lazy\" decoding=\"async\" class=\"alignnone size-full wp-image-982\" src=\"https:\/\/www.horizontresort.sk\/wp-content\/uploads\/2025\/03\/Horizont_Resort_800x521_24-768x500-1.jpg\" alt=\"\" width=\"768\" height=\"500\" srcset=\"https:\/\/www.horizontresort.sk\/wp-content\/uploads\/2025\/03\/Horizont_Resort_800x521_24-768x500-1.jpg 768w, https:\/\/www.horizontresort.sk\/wp-content\/uploads\/2025\/03\/Horizont_Resort_800x521_24-768x500-1-300x195.jpg 300w\" sizes=\"auto, (max-width: 768px) 100vw, 768px\" \/><\/p>\n<h2>HIMALAYAN CRYSTAL \u2013 s\u00f3s szauna<\/h2>\n<p><strong>A 45 \u00b0C-os h\u0151m\u00e9rs\u00e9klet\u0171 \u00e9s magas p\u00e1ratartalm\u00fa szauna a h\u0151 \u00e9s a s\u00f3 j\u00f3t\u00e9kony hat\u00e1s\u00e1t \u00f6tv\u00f6zi. A himal\u00e1jai s\u00f3krist\u00e1lyok el\u0151seg\u00edtik a b\u0151r term\u00e9szetes meg\u00fajul\u00e1s\u00e1t \u00e9s a szervezet m\u00e9regtelen\u00edt\u00e9s\u00e9t.<\/strong><\/p>\n<p>K\u00fcl\u00f6n\u00f6sen aj\u00e1nlott allergi\u00e1k, megf\u00e1z\u00e1s, l\u00e9g\u00fati megbeteged\u00e9sek \u00e9s reumatikus probl\u00e9m\u00e1k eset\u00e9n.<\/p>\n<ul>\n<li>H\u0151m\u00e9rs\u00e9klet: 45 \u00b0C<\/li>\n<li>P\u00e1ratartalom: 100 %<\/li>\n<li>Aj\u00e1nlott id\u0151: 15\u201320 perc<\/li>\n<li>Hat\u00e1sok: relax\u00e1l\u00f3, fert\u0151tlen\u00edt\u0151, immuner\u0151s\u00edt\u0151<\/li>\n<li>Ellenjavallatok: gennyes b\u0151rbetegs\u00e9gek, fert\u0151z\u00e9sek, ny\u00edlt sebek.<\/li>\n<\/ul>\n<\/div>\n<\/div>\n<\/div>\n<div class=\"line\"><\/div>\n<div class=\"gdc_row\">\n<div class=\"gdc_column gdc_chalf\">\n<div class=\"gdc_inner\">\n<p><img loading=\"lazy\" decoding=\"async\" class=\"alignnone size-full wp-image-984\" src=\"https:\/\/www.horizontresort.sk\/wp-content\/uploads\/2025\/03\/Horizont_Resort_1000x650_70.jpg\" alt=\"\" width=\"1000\" height=\"650\" srcset=\"https:\/\/www.horizontresort.sk\/wp-content\/uploads\/2025\/03\/Horizont_Resort_1000x650_70.jpg 1000w, https:\/\/www.horizontresort.sk\/wp-content\/uploads\/2025\/03\/Horizont_Resort_1000x650_70-300x195.jpg 300w, https:\/\/www.horizontresort.sk\/wp-content\/uploads\/2025\/03\/Horizont_Resort_1000x650_70-768x499.jpg 768w\" sizes=\"auto, (max-width: 1000px) 100vw, 1000px\" \/><\/p>\n<h2>TATRA LAGOON \u2013 \u00e9lm\u00e9nymedence<\/h2>\n<p>Az \u00e9lm\u00e9nymedence zavartalan pihen\u00e9st k\u00edn\u00e1l sz\u00e1mos v\u00edzi attrakci\u00f3val. A 33 \u00b0C-os v\u00edzben hidromassz\u00e1zs elemek, v\u00edzsugarak, pezsg\u0151f\u00fav\u00f3k\u00e1k \u00e9s v\u00edzi gomb\u00e1k seg\u00edtik a test regener\u00e1ci\u00f3j\u00e1t. A k\u00fcl\u00f6nleges hangulatot a medence feletti t\u00fckr\u00f6z\u0151d\u0151 f\u00f3lia \u00e9s a Magas-T\u00e1tr\u00e1ra ny\u00edl\u00f3 panor\u00e1ma teszi teljess\u00e9.<\/p>\n<ul>\n<li>V\u00edzh\u0151m\u00e9rs\u00e9klet: 33 \u00b0C<\/li>\n<li>M\u00e9lys\u00e9g: 1,2 m<\/li>\n<li>M\u00e9ret: 10 \u00d7 11 m<\/li>\n<\/ul>\n<\/div>\n<\/div>\n<div class=\"gdc_column gdc_chalf\">\n<div class=\"gdc_inner\">\n<p><img loading=\"lazy\" decoding=\"async\" class=\"alignnone size-full wp-image-985\" src=\"https:\/\/www.horizontresort.sk\/wp-content\/uploads\/2025\/03\/Horizont_Resort_1000x650_51.jpg\" alt=\"\" width=\"1000\" height=\"650\" srcset=\"https:\/\/www.horizontresort.sk\/wp-content\/uploads\/2025\/03\/Horizont_Resort_1000x650_51.jpg 1000w, https:\/\/www.horizontresort.sk\/wp-content\/uploads\/2025\/03\/Horizont_Resort_1000x650_51-300x195.jpg 300w, https:\/\/www.horizontresort.sk\/wp-content\/uploads\/2025\/03\/Horizont_Resort_1000x650_51-768x499.jpg 768w\" sizes=\"auto, (max-width: 1000px) 100vw, 1000px\" \/><\/p>\n<h2>Pihen\u0151szoba<\/h2>\n<p>A szaun\u00e1z\u00e1s ut\u00e1n pihenjen k\u00e9nyelmes nyug\u00e1gyakon az egyed\u00fcl\u00e1ll\u00f3 v\u00edzes\u00e9s mellett, \u00e9s \u00e9lvezze a term\u00e9szet erej\u00e9t \u00e9s nyugalm\u00e1t.<\/p>\n<\/div>\n<\/div>\n<\/div>\n<div class=\"line\"><\/div>\n<div class=\"gdc_row\">\n<div class=\"gdc_column gdc_chalf\">\n<div class=\"gdc_inner\">\n<p><img loading=\"lazy\" decoding=\"async\" class=\"alignnone size-full wp-image-987\" src=\"https:\/\/www.horizontresort.sk\/wp-content\/uploads\/2025\/03\/Horizont_Resort_800x521_25.jpg\" alt=\"\" width=\"1000\" height=\"651\" srcset=\"https:\/\/www.horizontresort.sk\/wp-content\/uploads\/2025\/03\/Horizont_Resort_800x521_25.jpg 1000w, https:\/\/www.horizontresort.sk\/wp-content\/uploads\/2025\/03\/Horizont_Resort_800x521_25-300x195.jpg 300w, https:\/\/www.horizontresort.sk\/wp-content\/uploads\/2025\/03\/Horizont_Resort_800x521_25-768x500.jpg 768w\" sizes=\"auto, (max-width: 1000px) 100vw, 1000px\" \/><\/p>\n<h2>MOUNTAIN POOL \u2013 mer\u00fcl\u0151medence<\/h2>\n<p>A szauna ut\u00e1ni jeges v\u00edzben val\u00f3 megmer\u00fcl\u00e9s er\u0151s\u00edti az immunrendszert \u00e9s fokozza a v\u00e9rk\u00e9pz\u00e9st. A hideg \u00e9s meleg v\u00e1ltakoz\u00e1sa energiz\u00e1lja a szervezetet \u00e9s hozz\u00e1j\u00e1rul a hossz\u00fa t\u00e1v\u00fa vitalit\u00e1shoz.<\/p>\n<\/div>\n<\/div>\n<div class=\"gdc_column gdc_chalf\">\n<div class=\"gdc_inner\">\n<p><img loading=\"lazy\" decoding=\"async\" class=\"alignnone size-full wp-image-988\" src=\"https:\/\/www.horizontresort.sk\/wp-content\/uploads\/2025\/03\/Horizont_Resort_1000x650_55.jpg\" alt=\"\" width=\"1000\" height=\"650\" srcset=\"https:\/\/www.horizontresort.sk\/wp-content\/uploads\/2025\/03\/Horizont_Resort_1000x650_55.jpg 1000w, https:\/\/www.horizontresort.sk\/wp-content\/uploads\/2025\/03\/Horizont_Resort_1000x650_55-300x195.jpg 300w, https:\/\/www.horizontresort.sk\/wp-content\/uploads\/2025\/03\/Horizont_Resort_1000x650_55-768x499.jpg 768w\" sizes=\"auto, (max-width: 1000px) 100vw, 1000px\" \/><\/p>\n<h2>ICE WHIRLWIND \u2013 j\u00e9gv\u00f6d\u00f6r<\/h2>\n<p><strong>LA hideg vizes le\u00f6nt\u00e9s klasszikus m\u00f3dszere a test leh\u0171t\u00e9s\u00e9nek. Az \u00e9lm\u00e9ny intenz\u00edv felfriss\u00fcl\u00e9st biztos\u00edt, \u00e9s val\u00f3di energial\u00f6ketet ad. <\/strong><\/p>\n<ul>\n<li>H\u0151m\u00e9rs\u00e9klet: 9\u201312 \u00b0C<\/li>\n<\/ul>\n<\/div>\n<\/div>\n<\/div>\n<div class=\"line\"><\/div>\n<div class=\"gdc_row\">\n<div class=\"gdc_column gdc_chalf\">\n<div class=\"gdc_inner\">\n<p><img loading=\"lazy\" decoding=\"async\" class=\"alignnone size-full wp-image-990\" src=\"https:\/\/www.horizontresort.sk\/wp-content\/uploads\/2025\/03\/Horizont_Resort_1000x650_47.jpg\" alt=\"\" width=\"1000\" height=\"650\" srcset=\"https:\/\/www.horizontresort.sk\/wp-content\/uploads\/2025\/03\/Horizont_Resort_1000x650_47.jpg 1000w, https:\/\/www.horizontresort.sk\/wp-content\/uploads\/2025\/03\/Horizont_Resort_1000x650_47-300x195.jpg 300w, https:\/\/www.horizontresort.sk\/wp-content\/uploads\/2025\/03\/Horizont_Resort_1000x650_47-768x499.jpg 768w\" sizes=\"auto, (max-width: 1000px) 100vw, 1000px\" \/><\/p>\n<h2>NATURAL SPRING \u2013 jacuzzi<\/h2>\n<p>Mer\u00fclj\u00f6n el a nyugalom meleg o\u00e1zis\u00e1ban. A v\u00edz alatti mikromassz\u00e1zs ellaz\u00edtja az izmokat, jav\u00edtja a v\u00e9rkering\u00e9st, \u00e9s teljes testi-lelki kikapcsol\u00f3d\u00e1st ny\u00fajt.<\/p>\n<ul>\n<li>V\u00edzh\u0151m\u00e9rs\u00e9klet: 34\u201336 \u00b0C<\/li>\n<li>M\u00e9lys\u00e9g: 1 m<\/li>\n<li>F\u00e9r\u0151hely: 8 f\u0151<\/li>\n<\/ul>\n<\/div>\n<\/div>\n<div class=\"gdc_column gdc_chalf\">\n<div class=\"gdc_inner\">\n<p><img loading=\"lazy\" decoding=\"async\" class=\"alignnone size-full wp-image-991\" src=\"https:\/\/www.horizontresort.sk\/wp-content\/uploads\/2025\/03\/Horizont_Resort_1000x650_50.jpg\" alt=\"\" width=\"1000\" height=\"650\" srcset=\"https:\/\/www.horizontresort.sk\/wp-content\/uploads\/2025\/03\/Horizont_Resort_1000x650_50.jpg 1000w, https:\/\/www.horizontresort.sk\/wp-content\/uploads\/2025\/03\/Horizont_Resort_1000x650_50-300x195.jpg 300w, https:\/\/www.horizontresort.sk\/wp-content\/uploads\/2025\/03\/Horizont_Resort_1000x650_50-768x499.jpg 768w\" sizes=\"auto, (max-width: 1000px) 100vw, 1000px\" \/><\/p>\n<h2>Whirlpool<\/h2>\n<p>\u00c9lvezze a forr\u00f3 pezsg\u0151f\u00fcrd\u0151t hidromassz\u00e1zs f\u00fav\u00f3k\u00e1kkal, amely t\u00f6k\u00e9letes ellazul\u00e1st \u00e9s regener\u00e1ci\u00f3t biztos\u00edt.<\/p>\n<ul>\n<li>V\u00edzh\u0151m\u00e9rs\u00e9klet: 34\u201336 \u00b0C<\/li>\n<li>F\u00e9r\u0151hely: 4 f\u0151<\/li>\n<\/ul>\n<\/div>\n<\/div>\n<\/div>\n<div class=\"line\"><\/div>\n<div class=\"gdc_row\">\n<div class=\"gdc_column gdc_chalf\">\n<div class=\"gdc_inner\">\n<p><img loading=\"lazy\" decoding=\"async\" class=\"alignnone size-full wp-image-992\" src=\"https:\/\/www.horizontresort.sk\/wp-content\/uploads\/2025\/03\/Horizont_Resort_1000x650_53.jpg\" alt=\"\" width=\"1000\" height=\"650\" srcset=\"https:\/\/www.horizontresort.sk\/wp-content\/uploads\/2025\/03\/Horizont_Resort_1000x650_53.jpg 1000w, https:\/\/www.horizontresort.sk\/wp-content\/uploads\/2025\/03\/Horizont_Resort_1000x650_53-300x195.jpg 300w, https:\/\/www.horizontresort.sk\/wp-content\/uploads\/2025\/03\/Horizont_Resort_1000x650_53-768x499.jpg 768w\" sizes=\"auto, (max-width: 1000px) 100vw, 1000px\" \/><\/p>\n<h2>V\u00edz\u00e1gy<\/h2>\n<p>A v\u00edz\u00e1gyon val\u00f3 lebeg\u00e9s \u00e9lm\u00e9nye teljesen ellaz\u00edtja a testet \u00e9s az elm\u00e9t. Ide\u00e1lis relax\u00e1ci\u00f3s elem wellness k\u00f6zpontunkban.<\/p>\n<\/div>\n<\/div>\n<div class=\"gdc_column gdc_chalf\">\n<div class=\"gdc_inner\">\n<p><img loading=\"lazy\" decoding=\"async\" class=\"alignnone size-full wp-image-993\" src=\"https:\/\/www.horizontresort.sk\/wp-content\/uploads\/2025\/03\/Horizont_Resort_1000x650_71.jpg\" alt=\"\" width=\"1000\" height=\"650\" srcset=\"https:\/\/www.horizontresort.sk\/wp-content\/uploads\/2025\/03\/Horizont_Resort_1000x650_71.jpg 1000w, https:\/\/www.horizontresort.sk\/wp-content\/uploads\/2025\/03\/Horizont_Resort_1000x650_71-300x195.jpg 300w, https:\/\/www.horizontresort.sk\/wp-content\/uploads\/2025\/03\/Horizont_Resort_1000x650_71-768x499.jpg 768w\" sizes=\"auto, (max-width: 1000px) 100vw, 1000px\" \/><\/p>\n<h2>\u00c9lm\u00e9nyszuhanyok<\/h2>\n<p>A meleg \u00e9s hideg v\u00edz v\u00e1ltakoz\u00e1sa serkenti a nyirokrendszert, t\u00e1mogatja az immunrendszert \u00e9s m\u00e9regtelen\u00edti a szervezetet.<\/p>\n<\/div>\n<\/div>\n<\/div>\n<div class=\"line\"><\/div>\n<div class=\"gdc_row\">\n<div class=\"gdc_column gdc_chalf\">\n<div class=\"gdc_inner\">\n<h2>A szauna helyes haszn\u00e1lat\u00e1nak alapelvei<\/h2>\n<p>A wellness k\u00f6zpont l\u00e1togat\u00f3i k\u00f6telesek betartani az \u00fczemeltet\u0151 szab\u00e1lyait. A szauna haszn\u00e1lata nem aj\u00e1nlott terhes n\u0151knek, sz\u00edv-, vese-, pajzsmirigy betegs\u00e9gekben szenved\u0151knek, magas v\u00e9rnyom\u00e1s eset\u00e9n, illetve alkohol vagy drog hat\u00e1sa alatt \u00e1ll\u00f3knak. 12 \u00e9v alatti gyermekek csak feln\u0151tt k\u00eds\u00e9ret\u00e9ben l\u00e9phetnek be, \u00e9s 17:00 \u00f3r\u00e1ig haszn\u00e1lhatj\u00e1k a szaunavil\u00e1got. F\u00fcrd\u0151ruha kiz\u00e1r\u00f3lag a medenc\u00e9kben \u00e9s jacuzzikban enged\u00e9lyezett.<\/p>\n<\/div>\n<\/div>\n<div class=\"gdc_column gdc_chalf\">\n<div class=\"gdc_inner\">\n<h2>A SZAUNA HASZN\u00c1LATA EL\u0150TT<\/h2>\n<ul>\n<li>A szaun\u00e1z\u00e1s aj\u00e1nlott id\u0151tartama hetente 1-2 alkalom, a szaun\u00e1z\u00e1s aj\u00e1nlott id\u0151tartama 1,5-2 \u00f3ra.<\/li>\n<li>A tervezett szaun\u00e1z\u00e1s el\u0151tt javasoljuk, hogy ne fogyasszon neh\u00e9z \u00e9teleket \u00e9s alkoholt.<\/li>\n<li>A szaun\u00e1z\u00e1s el\u0151tt tegye el az \u00f3r\u00e1j\u00e1t, mobiltelefonj\u00e1t, \u00e9kszereit stb. az \u00f6lt\u00f6z\u0151ben.<\/li>\n<li>A szaun\u00e1z\u00e1s el\u0151tt zuhanyozzon le, mosakodjon meg szappannal, majd t\u00f6r\u00f6lje sz\u00e1razra.<\/li>\n<\/ul>\n<\/div>\n<\/div>\n<\/div>\n<div class=\"line\"><\/div>\n<div class=\"gdc_row\">\n<div class=\"gdc_column gdc_cthird\">\n<div class=\"gdc_inner\">\n<p style=\"text-align: center;\"><strong>Nyitvatart\u00e1s <\/strong><\/p>\n<p style=\"text-align: center;\">H\u00e9tf\u0151 \u2013 p\u00e9ntek: 14:00 \u2013 21:00 Szombat \u2013 vas\u00e1rnap: 10:00 \u2013 21:00<\/p>\n<\/div>\n<\/div>\n<div class=\"gdc_column gdc_cthird\">\n<div class=\"gdc_inner\">\n<p style=\"text-align: center;\"><strong>Kapcsolat <\/strong><\/p>\n<p style=\"text-align: center;\">Email : <a href=\"mailto:recepcia@horizontresort.sk\">recepcia@horizontresort.sk<\/a> Foglal\u00e1s: +421 527 843 344<\/p>\n<\/div>\n<\/div>\n<div class=\"gdc_column gdc_cthird\">\n<div class=\"gdc_inner\">\n<p style=\"text-align: center;\"><a href=\"\/wp-content\/uploads\/2026\/01\/Horizont_Cennik_wellness_2026_A4_TLAC-1.pdf\" target=\"_blank\" rel=\"noopener\"><strong>\u00c1rlista<\/strong><\/a><\/p>\n<p style=\"text-align: center;\">Wellness bel\u00e9p\u0151k \u00e9s kieg\u00e9sz\u00edt\u0151k \u00e1rlist\u00e1ja. A sz\u00e1lloda vend\u00e9gei sz\u00e1m\u00e1ra a wellness k\u00f6zpont haszn\u00e1lata ingyenes.<\/p>\n<\/div>\n<\/div>\n<\/div>\n","protected":false},"excerpt":{"rendered":"<p>A Horizont Resort Hotel Mountain Wellness Centere c\u00e9drusf\u00e1b\u00f3l \u00e9p\u00fclt, \u00e9s harmonikus k\u00f6rnyezetet k\u00edn\u00e1l a testi \u00e9s lelki egyens\u00faly helyre\u00e1ll\u00edt\u00e1s\u00e1hoz. K\u00e9nyeztesse mag\u00e1t kiv\u00e9teles wellness \u00e9lm\u00e9nyekkel, amelyek a term\u00e9szetes gy\u00f3gyn\u00f6v\u00e9nyek \u00e9s illatos esszenci\u00e1k erej\u00e9t \u00f6tv\u00f6zik. A t\u00f6k\u00e9letes relax\u00e1ci\u00f3 \u00e9s medit\u00e1ci\u00f3 helysz\u00edne az \u00e9lm\u00e9nymedence, ahol harmoniz\u00e1l\u00f3 f\u00e9nyek, v\u00edzi attrakci\u00f3k \u00e9s v\u00edzi b\u00e1r is v\u00e1rja a vend\u00e9geket. A teljes&#8230;<\/p>\n","protected":false},"author":1,"featured_media":4739,"parent":0,"menu_order":20,"comment_status":"closed","ping_status":"closed","template":"","meta":{"footnotes":""},"class_list":["post-5176","page","type-page","status-publish","has-post-thumbnail","hentry"],"acf":[],"aioseo_notices":[],"_links":{"self":[{"href":"https:\/\/www.horizontresort.sk\/hu\/wp-json\/wp\/v2\/pages\/5176","targetHints":{"allow":["GET"]}}],"collection":[{"href":"https:\/\/www.horizontresort.sk\/hu\/wp-json\/wp\/v2\/pages"}],"about":[{"href":"https:\/\/www.horizontresort.sk\/hu\/wp-json\/wp\/v2\/types\/page"}],"author":[{"embeddable":true,"href":"https:\/\/www.horizontresort.sk\/hu\/wp-json\/wp\/v2\/users\/1"}],"replies":[{"embeddable":true,"href":"https:\/\/www.horizontresort.sk\/hu\/wp-json\/wp\/v2\/comments?post=5176"}],"version-history":[{"count":2,"href":"https:\/\/www.horizontresort.sk\/hu\/wp-json\/wp\/v2\/pages\/5176\/revisions"}],"predecessor-version":[{"id":5225,"href":"https:\/\/www.horizontresort.sk\/hu\/wp-json\/wp\/v2\/pages\/5176\/revisions\/5225"}],"wp:featuredmedia":[{"embeddable":true,"href":"https:\/\/www.horizontresort.sk\/hu\/wp-json\/wp\/v2\/media\/4739"}],"wp:attachment":[{"href":"https:\/\/www.horizontresort.sk\/hu\/wp-json\/wp\/v2\/media?parent=5176"}],"curies":[{"name":"wp","href":"https:\/\/api.w.org\/{rel}","templated":true}]}}