{"id":5174,"date":"2025-03-14T10:22:14","date_gmt":"2025-03-14T09:22:14","guid":{"rendered":"https:\/\/www.horizontresort.sk\/szallas\/fahazak-es-apartmanok\/apartman-jedla\/"},"modified":"2026-03-13T09:32:18","modified_gmt":"2026-03-13T08:32:18","slug":"jegenyefenyo-apartman","status":"publish","type":"page","link":"https:\/\/www.horizontresort.sk\/hu\/szallas\/fahazak-es-apartmanok\/jegenyefenyo-apartman\/","title":{"rendered":"Jegenyefeny\u0151 apartman"},"content":{"rendered":"<style type=\"text\/css\">\n\t\t\t#gallery-1 {\n\t\t\t\tmargin: auto;\n\t\t\t}\n\t\t\t#gallery-1 .gallery-item {\n\t\t\t\tfloat: left;\n\t\t\t\tmargin-top: 10px;\n\t\t\t\ttext-align: center;\n\t\t\t\twidth: 20%;\n\t\t\t}\n\t\t\t#gallery-1 img {\n\t\t\t\tborder: 2px solid #cfcfcf;\n\t\t\t}\n\t\t\t#gallery-1 .gallery-caption {\n\t\t\t\tmargin-left: 0;\n\t\t\t}\n\t\t\t\/* see gallery_shortcode() in wp-includes\/media.php *\/\n\t\t<\/style>\n<div id='gallery-1' class='gallery galleryid-5174 gallery-columns-5 gallery-size-thumbnail'>\n<dl class='gallery-item'>\n<dt class='gallery-icon landscape'>\n\t\t\t\t<a href='https:\/\/www.horizontresort.sk\/wp-content\/uploads\/2025\/03\/APARTMAN-A2_09_03_4_11zon-1600x900.jpg' title=\"\" data-rl_title=\"\" class=\"rl-gallery-link\" data-rl_caption=\"\" data-rel=\"lightbox-gallery-1\"><img loading=\"lazy\" decoding=\"async\" width=\"800\" height=\"650\" src=\"https:\/\/www.horizontresort.sk\/wp-content\/uploads\/2025\/03\/APARTMAN-A2_09_03_4_11zon-800x650.jpg\" class=\"attachment-thumbnail size-thumbnail\" alt=\"\" \/><\/a>\n\t\t\t<\/dt>\n<\/dl>\n<dl class='gallery-item'>\n<dt class='gallery-icon landscape'>\n\t\t\t\t<a href='https:\/\/www.horizontresort.sk\/wp-content\/uploads\/2025\/03\/APARTMAN-A2_09_14_15_11zon-1-1600x900.jpg' title=\"\" data-rl_title=\"\" class=\"rl-gallery-link\" data-rl_caption=\"\" data-rel=\"lightbox-gallery-1\"><img loading=\"lazy\" decoding=\"async\" width=\"800\" height=\"650\" src=\"https:\/\/www.horizontresort.sk\/wp-content\/uploads\/2025\/03\/APARTMAN-A2_09_14_15_11zon-1-800x650.jpg\" class=\"attachment-thumbnail size-thumbnail\" alt=\"\" \/><\/a>\n\t\t\t<\/dt>\n<\/dl>\n<dl class='gallery-item'>\n<dt class='gallery-icon landscape'>\n\t\t\t\t<a href='https:\/\/www.horizontresort.sk\/wp-content\/uploads\/2025\/03\/APARTMAN-A2_09_06_7_11zon-1600x900.jpg' title=\"\" data-rl_title=\"\" class=\"rl-gallery-link\" data-rl_caption=\"\" data-rel=\"lightbox-gallery-1\"><img loading=\"lazy\" decoding=\"async\" width=\"800\" height=\"650\" src=\"https:\/\/www.horizontresort.sk\/wp-content\/uploads\/2025\/03\/APARTMAN-A2_09_06_7_11zon-800x650.jpg\" class=\"attachment-thumbnail size-thumbnail\" alt=\"\" \/><\/a>\n\t\t\t<\/dt>\n<\/dl>\n<dl class='gallery-item'>\n<dt class='gallery-icon landscape'>\n\t\t\t\t<a href='https:\/\/www.horizontresort.sk\/wp-content\/uploads\/2025\/03\/APARTMAN-A2_09_09_10_11zon-1600x900.jpg' title=\"\" data-rl_title=\"\" class=\"rl-gallery-link\" data-rl_caption=\"\" data-rel=\"lightbox-gallery-1\"><img loading=\"lazy\" decoding=\"async\" width=\"800\" height=\"650\" src=\"https:\/\/www.horizontresort.sk\/wp-content\/uploads\/2025\/03\/APARTMAN-A2_09_09_10_11zon-800x650.jpg\" class=\"attachment-thumbnail size-thumbnail\" alt=\"\" \/><\/a>\n\t\t\t<\/dt>\n<\/dl>\n<dl class='gallery-item'>\n<dt class='gallery-icon landscape'>\n\t\t\t\t<a href='https:\/\/www.horizontresort.sk\/wp-content\/uploads\/2025\/03\/APARTMAN-A2_09_12_13_11zon-1600x900.jpg' title=\"\" data-rl_title=\"\" class=\"rl-gallery-link\" data-rl_caption=\"\" data-rel=\"lightbox-gallery-1\"><img loading=\"lazy\" decoding=\"async\" width=\"800\" height=\"650\" src=\"https:\/\/www.horizontresort.sk\/wp-content\/uploads\/2025\/03\/APARTMAN-A2_09_12_13_11zon-800x650.jpg\" class=\"attachment-thumbnail size-thumbnail\" alt=\"\" \/><\/a>\n\t\t\t<\/dt>\n<\/dl>\n<p><br style=\"clear: both\" \/>\n\t\t<\/div>\n<div class=\"line\"><\/div>\n<div class=\"gdc_row\">\n<div class=\"gdc_column gdc_chalf\">\n<div class=\"gdc_inner\">\n<h2>Informace<\/h2>\n<p>V\u00edtejte v tatransk\u00fdch chaletech a apartm\u00e1nech, kter\u00e9 jsou situov\u00e1ny v b\u0159ezov\u00e9m h\u00e1ji a jsou sou\u010d\u00e1st\u00ed are\u00e1lu hotelu Horizont Resort. Nab\u00edz\u00edme v\u00e1m v\u00fdjime\u010dn\u00e9 spojen\u00ed komfortu, pohodl\u00ed a relaxace na m\u00edst\u011b, kter\u00e9 se m\u016f\u017ee st\u00e1t va\u0161\u00edm druh\u00fdm domovem. Tyto luxusn\u00ed horsk\u00e9 chaty v alpsk\u00e9m stylu poskytuj\u00ed n\u00e1dhern\u00e9 v\u00fdhledy na okoln\u00ed p\u0159\u00edrodu a \u0161t\u00edty Vysok\u00fdch Tater, p\u0159i\u010dem\u017e zaru\u010duj\u00ed maxim\u00e1ln\u00ed komfort slu\u017eeb. Are\u00e1l m\u00e1 vynikaj\u00edc\u00ed dostupnost turistick\u00fdch, ly\u017ea\u0159sk\u00fdch a wellness slu\u017eeb. V r\u00e1mci ubytov\u00e1n\u00ed m\u016f\u017eete vyu\u017e\u00edt ly\u017e\u00e1rnu s ozonov\u00fdm su\u0161en\u00edm v hlavn\u00ed budov\u011b hotelu Horizont Resort, bezplatn\u00e9 soukrom\u00e9 parkovi\u0161t\u011b a are\u00e1l s d\u011btsk\u00fdm h\u0159i\u0161t\u011bm a jez\u00edrkem. Ve v\u0161ech prostor\u00e1ch chalet\u016f a apartm\u00e1n\u016f je k dispozici bezplatn\u00e9 WiFi p\u0159ipojen\u00ed na internet.<\/p>\n<p>Apartm\u00e1n JEDLA, kter\u00fd se nach\u00e1z\u00ed ve 2. pat\u0159e apartm\u00e1nov\u00e9ho domu, je ide\u00e1ln\u00ed pro 4 dosp\u011bl\u00e9 osoby a 2 d\u011bti do 18 let. Sou\u010d\u00e1st\u00ed apartm\u00e1nu je lo\u017enice, pokoj se 2 jednol\u016f\u017ekov\u00fdmi postelemi, kter\u00e9 lze rozlo\u017eit na 2 samostatn\u00e9 postele, ob\u00fdvac\u00ed m\u00edstnost s kuchyn\u00ed a koupelna. Ob\u00fdvac\u00ed \u010d\u00e1st je vybavena TV, sedac\u00ed soupravou, j\u00eddeln\u00edm stolem a je propojena s pln\u011b vybavenou kuchyn\u00ed, kter\u00e1 obsahuje varnou desku, elektrickou troubu, lednici, varnou konvici a my\u010dku n\u00e1dob\u00ed. Apartm\u00e1n je vybaven terasou s v\u00fdhledem na \u0161t\u00edty Vysok\u00fdch Tater a neobsahuje krb.<\/p>\n<\/div>\n<\/div>\n<div class=\"gdc_column gdc_chalf\">\n<div class=\"gdc_inner\">\n<h2>Vybaven\u00ed<\/h2>\n<ul>\n<li>Antialergick\u00e9 p\u0159ikr\u00fdvky<\/li>\n<li>chladni\u010dka<\/li>\n<li>Francouzsk\u00e9 okno<\/li>\n<li>Kosmetick\u00fd set<\/li>\n<li>Kuchyn\u011b &#8211; varn\u00e1 deska na va\u0159en\u00ed<\/li>\n<li>LCD TV 40\u201c<\/li>\n<li>Ortopedick\u00e9 matrace<\/li>\n<li>Sprcha, WC, Vysou\u0161e\u010d vlas\u016f<\/li>\n<li>my\u010dka n\u00e1dob\u00ed<\/li>\n<li>varn\u00e1 konvice<\/li>\n<li>Wi-Fi<\/li>\n<\/ul>\n<\/div>\n<\/div>\n<\/div>\n","protected":false},"excerpt":{"rendered":"","protected":false},"author":1,"featured_media":5018,"parent":5161,"menu_order":19,"comment_status":"closed","ping_status":"closed","template":"template-detail-pokoje.php","meta":{"footnotes":""},"class_list":["post-5174","page","type-page","status-publish","has-post-thumbnail","hentry"],"acf":[],"aioseo_notices":[],"_links":{"self":[{"href":"https:\/\/www.horizontresort.sk\/hu\/wp-json\/wp\/v2\/pages\/5174","targetHints":{"allow":["GET"]}}],"collection":[{"href":"https:\/\/www.horizontresort.sk\/hu\/wp-json\/wp\/v2\/pages"}],"about":[{"href":"https:\/\/www.horizontresort.sk\/hu\/wp-json\/wp\/v2\/types\/page"}],"author":[{"embeddable":true,"href":"https:\/\/www.horizontresort.sk\/hu\/wp-json\/wp\/v2\/users\/1"}],"replies":[{"embeddable":true,"href":"https:\/\/www.horizontresort.sk\/hu\/wp-json\/wp\/v2\/comments?post=5174"}],"version-history":[{"count":1,"href":"https:\/\/www.horizontresort.sk\/hu\/wp-json\/wp\/v2\/pages\/5174\/revisions"}],"predecessor-version":[{"id":5175,"href":"https:\/\/www.horizontresort.sk\/hu\/wp-json\/wp\/v2\/pages\/5174\/revisions\/5175"}],"up":[{"embeddable":true,"href":"https:\/\/www.horizontresort.sk\/hu\/wp-json\/wp\/v2\/pages\/5161"}],"wp:featuredmedia":[{"embeddable":true,"href":"https:\/\/www.horizontresort.sk\/hu\/wp-json\/wp\/v2\/media\/5018"}],"wp:attachment":[{"href":"https:\/\/www.horizontresort.sk\/hu\/wp-json\/wp\/v2\/media?parent=5174"}],"curies":[{"name":"wp","href":"https:\/\/api.w.org\/{rel}","templated":true}]}}