{"id":5171,"date":"2025-03-14T10:15:58","date_gmt":"2025-03-14T09:15:58","guid":{"rendered":"https:\/\/www.horizontresort.sk\/szallas\/fahazak-es-apartmanok\/apartman-smrek\/"},"modified":"2026-03-13T09:31:41","modified_gmt":"2026-03-13T08:31:41","slug":"lucfenyo-apartman","status":"publish","type":"page","link":"https:\/\/www.horizontresort.sk\/hu\/szallas\/fahazak-es-apartmanok\/lucfenyo-apartman\/","title":{"rendered":"Lucfeny\u0151 apartman"},"content":{"rendered":"<style type=\"text\/css\">\n\t\t\t#gallery-1 {\n\t\t\t\tmargin: auto;\n\t\t\t}\n\t\t\t#gallery-1 .gallery-item {\n\t\t\t\tfloat: left;\n\t\t\t\tmargin-top: 10px;\n\t\t\t\ttext-align: center;\n\t\t\t\twidth: 25%;\n\t\t\t}\n\t\t\t#gallery-1 img {\n\t\t\t\tborder: 2px solid #cfcfcf;\n\t\t\t}\n\t\t\t#gallery-1 .gallery-caption {\n\t\t\t\tmargin-left: 0;\n\t\t\t}\n\t\t\t\/* see gallery_shortcode() in wp-includes\/media.php *\/\n\t\t<\/style>\n<div id='gallery-1' class='gallery galleryid-5171 gallery-columns-4 gallery-size-thumbnail'>\n<dl class='gallery-item'>\n<dt class='gallery-icon landscape'>\n\t\t\t\t<a href='https:\/\/www.horizontresort.sk\/wp-content\/uploads\/2025\/03\/Apartman_brezy_asi_SMREK_web_00-1600x1063.jpg' title=\"\" data-rl_title=\"\" class=\"rl-gallery-link\" data-rl_caption=\"\" data-rel=\"lightbox-gallery-1\"><img loading=\"lazy\" decoding=\"async\" width=\"800\" height=\"650\" src=\"https:\/\/www.horizontresort.sk\/wp-content\/uploads\/2025\/03\/Apartman_brezy_asi_SMREK_web_00-800x650.jpg\" class=\"attachment-thumbnail size-thumbnail\" alt=\"\" \/><\/a>\n\t\t\t<\/dt>\n<\/dl>\n<dl class='gallery-item'>\n<dt class='gallery-icon landscape'>\n\t\t\t\t<a href='https:\/\/www.horizontresort.sk\/wp-content\/uploads\/2025\/03\/Apartman_brezy_asi_SMREK_web_01-1600x1063.jpg' title=\"\" data-rl_title=\"\" class=\"rl-gallery-link\" data-rl_caption=\"\" data-rel=\"lightbox-gallery-1\"><img loading=\"lazy\" decoding=\"async\" width=\"800\" height=\"650\" src=\"https:\/\/www.horizontresort.sk\/wp-content\/uploads\/2025\/03\/Apartman_brezy_asi_SMREK_web_01-800x650.jpg\" class=\"attachment-thumbnail size-thumbnail\" alt=\"\" \/><\/a>\n\t\t\t<\/dt>\n<\/dl>\n<dl class='gallery-item'>\n<dt class='gallery-icon landscape'>\n\t\t\t\t<a href='https:\/\/www.horizontresort.sk\/wp-content\/uploads\/2025\/03\/Apartman_brezy_asi_SMREK_web_04-1600x1063.jpg' title=\"\" data-rl_title=\"\" class=\"rl-gallery-link\" data-rl_caption=\"\" data-rel=\"lightbox-gallery-1\"><img loading=\"lazy\" decoding=\"async\" width=\"800\" height=\"650\" src=\"https:\/\/www.horizontresort.sk\/wp-content\/uploads\/2025\/03\/Apartman_brezy_asi_SMREK_web_04-800x650.jpg\" class=\"attachment-thumbnail size-thumbnail\" alt=\"\" \/><\/a>\n\t\t\t<\/dt>\n<\/dl>\n<dl class='gallery-item'>\n<dt class='gallery-icon landscape'>\n\t\t\t\t<a href='https:\/\/www.horizontresort.sk\/wp-content\/uploads\/2025\/03\/Apartman_brezy_asi_SMREK_web_06-1600x1063.jpg' title=\"\" data-rl_title=\"\" class=\"rl-gallery-link\" data-rl_caption=\"\" data-rel=\"lightbox-gallery-1\"><img loading=\"lazy\" decoding=\"async\" width=\"800\" height=\"650\" src=\"https:\/\/www.horizontresort.sk\/wp-content\/uploads\/2025\/03\/Apartman_brezy_asi_SMREK_web_06-800x650.jpg\" class=\"attachment-thumbnail size-thumbnail\" alt=\"\" \/><\/a>\n\t\t\t<\/dt>\n<\/dl>\n<p><br style=\"clear: both\" \/><\/p>\n<dl class='gallery-item'>\n<dt class='gallery-icon landscape'>\n\t\t\t\t<a href='https:\/\/www.horizontresort.sk\/wp-content\/uploads\/2025\/03\/Apartman_brezy_asi_SMREK_web_08-1600x1063.jpg' title=\"\" data-rl_title=\"\" class=\"rl-gallery-link\" data-rl_caption=\"\" data-rel=\"lightbox-gallery-1\"><img loading=\"lazy\" decoding=\"async\" width=\"800\" height=\"650\" src=\"https:\/\/www.horizontresort.sk\/wp-content\/uploads\/2025\/03\/Apartman_brezy_asi_SMREK_web_08-800x650.jpg\" class=\"attachment-thumbnail size-thumbnail\" alt=\"\" \/><\/a>\n\t\t\t<\/dt>\n<\/dl>\n<dl class='gallery-item'>\n<dt class='gallery-icon landscape'>\n\t\t\t\t<a href='https:\/\/www.horizontresort.sk\/wp-content\/uploads\/2025\/03\/Apartman_brezy_asi_SMREK_web_10-1600x1063.jpg' title=\"\" data-rl_title=\"\" class=\"rl-gallery-link\" data-rl_caption=\"\" data-rel=\"lightbox-gallery-1\"><img loading=\"lazy\" decoding=\"async\" width=\"800\" height=\"650\" src=\"https:\/\/www.horizontresort.sk\/wp-content\/uploads\/2025\/03\/Apartman_brezy_asi_SMREK_web_10-800x650.jpg\" class=\"attachment-thumbnail size-thumbnail\" alt=\"\" \/><\/a>\n\t\t\t<\/dt>\n<\/dl>\n<dl class='gallery-item'>\n<dt class='gallery-icon landscape'>\n\t\t\t\t<a href='https:\/\/www.horizontresort.sk\/wp-content\/uploads\/2025\/03\/Apartman_brezy_asi_SMREK_web_12-1600x1063.jpg' title=\"\" data-rl_title=\"\" class=\"rl-gallery-link\" data-rl_caption=\"\" data-rel=\"lightbox-gallery-1\"><img loading=\"lazy\" decoding=\"async\" width=\"800\" height=\"650\" src=\"https:\/\/www.horizontresort.sk\/wp-content\/uploads\/2025\/03\/Apartman_brezy_asi_SMREK_web_12-800x650.jpg\" class=\"attachment-thumbnail size-thumbnail\" alt=\"\" \/><\/a>\n\t\t\t<\/dt>\n<\/dl>\n<dl class='gallery-item'>\n<dt class='gallery-icon landscape'>\n\t\t\t\t<a href='https:\/\/www.horizontresort.sk\/wp-content\/uploads\/2025\/03\/Apartman_brezy_asi_SMREK_web_13-1600x1063.jpg' title=\"\" data-rl_title=\"\" class=\"rl-gallery-link\" data-rl_caption=\"\" data-rel=\"lightbox-gallery-1\"><img loading=\"lazy\" decoding=\"async\" width=\"800\" height=\"650\" src=\"https:\/\/www.horizontresort.sk\/wp-content\/uploads\/2025\/03\/Apartman_brezy_asi_SMREK_web_13-800x650.jpg\" class=\"attachment-thumbnail size-thumbnail\" alt=\"\" \/><\/a>\n\t\t\t<\/dt>\n<\/dl>\n<p><br style=\"clear: both\" \/><\/p>\n<dl class='gallery-item'>\n<dt class='gallery-icon landscape'>\n\t\t\t\t<a href='https:\/\/www.horizontresort.sk\/wp-content\/uploads\/2025\/03\/Apartman_brezy_asi_SMREK_web_15-1600x1063.jpg' title=\"\" data-rl_title=\"\" class=\"rl-gallery-link\" data-rl_caption=\"\" data-rel=\"lightbox-gallery-1\"><img loading=\"lazy\" decoding=\"async\" width=\"800\" height=\"650\" src=\"https:\/\/www.horizontresort.sk\/wp-content\/uploads\/2025\/03\/Apartman_brezy_asi_SMREK_web_15-800x650.jpg\" class=\"attachment-thumbnail size-thumbnail\" alt=\"\" \/><\/a>\n\t\t\t<\/dt>\n<\/dl>\n<dl class='gallery-item'>\n<dt class='gallery-icon landscape'>\n\t\t\t\t<a href='https:\/\/www.horizontresort.sk\/wp-content\/uploads\/2025\/03\/Apartman_brezy_asi_SMREK_web_19-1600x1063.jpg' title=\"\" data-rl_title=\"\" class=\"rl-gallery-link\" data-rl_caption=\"\" data-rel=\"lightbox-gallery-1\"><img loading=\"lazy\" decoding=\"async\" width=\"800\" height=\"650\" src=\"https:\/\/www.horizontresort.sk\/wp-content\/uploads\/2025\/03\/Apartman_brezy_asi_SMREK_web_19-800x650.jpg\" class=\"attachment-thumbnail size-thumbnail\" alt=\"\" \/><\/a>\n\t\t\t<\/dt>\n<\/dl>\n<dl class='gallery-item'>\n<dt class='gallery-icon landscape'>\n\t\t\t\t<a href='https:\/\/www.horizontresort.sk\/wp-content\/uploads\/2025\/03\/Apartman_brezy_asi_SMREK_web_20-1600x1063.jpg' title=\"\" data-rl_title=\"\" class=\"rl-gallery-link\" data-rl_caption=\"\" data-rel=\"lightbox-gallery-1\"><img loading=\"lazy\" decoding=\"async\" width=\"800\" height=\"650\" src=\"https:\/\/www.horizontresort.sk\/wp-content\/uploads\/2025\/03\/Apartman_brezy_asi_SMREK_web_20-800x650.jpg\" class=\"attachment-thumbnail size-thumbnail\" alt=\"\" \/><\/a>\n\t\t\t<\/dt>\n<\/dl>\n<dl class='gallery-item'>\n<dt class='gallery-icon landscape'>\n\t\t\t\t<a href='https:\/\/www.horizontresort.sk\/wp-content\/uploads\/2025\/03\/Apartman_brezy_asi_SMREK_web_22-1600x1063.jpg' title=\"\" data-rl_title=\"\" class=\"rl-gallery-link\" data-rl_caption=\"\" data-rel=\"lightbox-gallery-1\"><img loading=\"lazy\" decoding=\"async\" width=\"800\" height=\"650\" src=\"https:\/\/www.horizontresort.sk\/wp-content\/uploads\/2025\/03\/Apartman_brezy_asi_SMREK_web_22-800x650.jpg\" class=\"attachment-thumbnail size-thumbnail\" alt=\"\" \/><\/a>\n\t\t\t<\/dt>\n<\/dl>\n<p><br style=\"clear: both\" \/>\n\t\t<\/div>\n<div class=\"line\"><\/div>\n<div class=\"gdc_row\">\n<div class=\"gdc_column gdc_chalf\">\n<div class=\"gdc_inner\">\n<h2>Informace<\/h2>\n<p>V\u00edtejte v tatransk\u00fdch chaletech a apartm\u00e1nech, kter\u00e9 se nach\u00e1zej\u00ed v b\u0159ezov\u00e9m h\u00e1ji a jsou sou\u010d\u00e1st\u00ed are\u00e1lu hotelu Horizont Resort. Tyto luxusn\u00ed horsk\u00e9 chaty v alpsk\u00e9m stylu v\u00e1m nab\u00edz\u00ed ide\u00e1ln\u00ed spojen\u00ed komfortu, pohodl\u00ed a relaxace v prost\u0159ed\u00ed, kter\u00e9 se m\u016f\u017ee st\u00e1t va\u0161\u00edm druh\u00fdm domovem. Krom\u011b n\u00e1dhern\u00fdch v\u00fdhled\u016f na okoln\u00ed p\u0159\u00edrodu a \u0161t\u00edty Vysok\u00fdch Tater poskytuj\u00ed maxim\u00e1ln\u00ed komfort slu\u017eeb. Are\u00e1l je um\u00edst\u011bn v bl\u00edzkosti turistick\u00fdch, ly\u017ea\u0159sk\u00fdch a wellness slu\u017eeb.<\/p>\n<p>Apartm\u00e1n je ide\u00e1ln\u00ed pro 5 osob a sest\u00e1v\u00e1 z lo\u017enice, ob\u00fdvac\u00ed m\u00edstnosti, kuchyn\u011b a koupelny. Sou\u010d\u00e1st\u00ed apartm\u00e1nu jsou 2 lo\u017enice &#8211; jedna s lo\u017enic\u00ed a druh\u00e1 s jednol\u016f\u017ekovou postel\u00ed. Prosklen\u00e1 francouzsk\u00e1 okna poskytuj\u00ed kr\u00e1sn\u00fd v\u00fdhled na okoln\u00ed p\u0159\u00edrodu. Ob\u00fdvac\u00ed \u010d\u00e1st je vybavena TV, krbem, j\u00eddeln\u00edm stolem a je propojena s pln\u011b vybavenou kuchyn\u00ed, kter\u00e1 zahrnuje troubu s keramickou deskou, ledni\u010dku, varnou konvici a my\u010dku n\u00e1dob\u00ed. V ob\u00fdvac\u00ed \u010d\u00e1sti jsou dva rozkl\u00e1dac\u00ed gau\u010de, kter\u00e9 lze rozlo\u017eit na l\u016f\u017eka pro jednu osobu ka\u017ed\u00fd.<\/p>\n<p>V r\u00e1mci ubytov\u00e1n\u00ed m\u00e1te k dispozici ly\u017e\u00e1rnu s oz\u00f3nov\u00fdm su\u0161en\u00edm v hlavn\u00ed budov\u011b hotelu Horizont Resort, bezplatn\u00e9 soukrom\u00e9 parkovi\u0161t\u011b, are\u00e1l s d\u011btsk\u00fdm h\u0159i\u0161t\u011bm a jez\u00edrkem. Ve v\u0161ech prostor\u00e1ch chalet\u016f a apartm\u00e1n\u016f je k dispozici bezplatn\u00e9 WiFi p\u0159ipojen\u00ed na internet.<\/p>\n<\/div>\n<\/div>\n<div class=\"gdc_column gdc_chalf\">\n<div class=\"gdc_inner\">\n<h2>Vybaven\u00ed<\/h2>\n<ul>\n<li>Antialergick\u00e9 p\u0159ikr\u00fdvky<\/li>\n<li>Francouzsk\u00e9 okno<\/li>\n<li>Kosmetick\u00fd set<\/li>\n<li>Krb<\/li>\n<li>Kuchy\u0148 \u2013 trouba na va\u0159en\u00ed, chladni\u010dka, my\u010dka n\u00e1dob\u00ed, varn\u00e1 konvice<\/li>\n<li>LCD TV 40\u201c<\/li>\n<li>Ortopedick\u00e9 matrace<\/li>\n<li>Sprcha, WC, Vysou\u0161e\u010d vlas\u016f<\/li>\n<li>Wi-Fi<\/li>\n<\/ul>\n<\/div>\n<\/div>\n<\/div>\n","protected":false},"excerpt":{"rendered":"","protected":false},"author":1,"featured_media":5005,"parent":5161,"menu_order":18,"comment_status":"closed","ping_status":"closed","template":"template-detail-pokoje.php","meta":{"footnotes":""},"class_list":["post-5171","page","type-page","status-publish","has-post-thumbnail","hentry"],"acf":[],"aioseo_notices":[],"_links":{"self":[{"href":"https:\/\/www.horizontresort.sk\/hu\/wp-json\/wp\/v2\/pages\/5171","targetHints":{"allow":["GET"]}}],"collection":[{"href":"https:\/\/www.horizontresort.sk\/hu\/wp-json\/wp\/v2\/pages"}],"about":[{"href":"https:\/\/www.horizontresort.sk\/hu\/wp-json\/wp\/v2\/types\/page"}],"author":[{"embeddable":true,"href":"https:\/\/www.horizontresort.sk\/hu\/wp-json\/wp\/v2\/users\/1"}],"replies":[{"embeddable":true,"href":"https:\/\/www.horizontresort.sk\/hu\/wp-json\/wp\/v2\/comments?post=5171"}],"version-history":[{"count":1,"href":"https:\/\/www.horizontresort.sk\/hu\/wp-json\/wp\/v2\/pages\/5171\/revisions"}],"predecessor-version":[{"id":5172,"href":"https:\/\/www.horizontresort.sk\/hu\/wp-json\/wp\/v2\/pages\/5171\/revisions\/5172"}],"up":[{"embeddable":true,"href":"https:\/\/www.horizontresort.sk\/hu\/wp-json\/wp\/v2\/pages\/5161"}],"wp:featuredmedia":[{"embeddable":true,"href":"https:\/\/www.horizontresort.sk\/hu\/wp-json\/wp\/v2\/media\/5005"}],"wp:attachment":[{"href":"https:\/\/www.horizontresort.sk\/hu\/wp-json\/wp\/v2\/media?parent=5171"}],"curies":[{"name":"wp","href":"https:\/\/api.w.org\/{rel}","templated":true}]}}