{"id":5167,"date":"2025-03-14T09:55:41","date_gmt":"2025-03-14T08:55:41","guid":{"rendered":"https:\/\/www.horizontresort.sk\/szallas\/fahazak-es-apartmanok\/apartman-brezy\/"},"modified":"2026-03-13T09:30:21","modified_gmt":"2026-03-13T08:30:21","slug":"nyirfa-apartman","status":"publish","type":"page","link":"https:\/\/www.horizontresort.sk\/hu\/szallas\/fahazak-es-apartmanok\/nyirfa-apartman\/","title":{"rendered":"Ny\u00edrfa apartman"},"content":{"rendered":"<style type=\"text\/css\">\n\t\t\t#gallery-1 {\n\t\t\t\tmargin: auto;\n\t\t\t}\n\t\t\t#gallery-1 .gallery-item {\n\t\t\t\tfloat: left;\n\t\t\t\tmargin-top: 10px;\n\t\t\t\ttext-align: center;\n\t\t\t\twidth: 25%;\n\t\t\t}\n\t\t\t#gallery-1 img {\n\t\t\t\tborder: 2px solid #cfcfcf;\n\t\t\t}\n\t\t\t#gallery-1 .gallery-caption {\n\t\t\t\tmargin-left: 0;\n\t\t\t}\n\t\t\t\/* see gallery_shortcode() in wp-includes\/media.php *\/\n\t\t<\/style>\n<div id='gallery-1' class='gallery galleryid-5167 gallery-columns-4 gallery-size-thumbnail'>\n<dl class='gallery-item'>\n<dt class='gallery-icon landscape'>\n\t\t\t\t<a href='https:\/\/www.horizontresort.sk\/wp-content\/uploads\/2025\/03\/Chalet_Apartman_4_1920x1080_01-1600x900.jpg' title=\"\" data-rl_title=\"\" class=\"rl-gallery-link\" data-rl_caption=\"\" data-rel=\"lightbox-gallery-1\"><img loading=\"lazy\" decoding=\"async\" width=\"800\" height=\"650\" src=\"https:\/\/www.horizontresort.sk\/wp-content\/uploads\/2025\/03\/Chalet_Apartman_4_1920x1080_01-800x650.jpg\" class=\"attachment-thumbnail size-thumbnail\" alt=\"\" \/><\/a>\n\t\t\t<\/dt>\n<\/dl>\n<dl class='gallery-item'>\n<dt class='gallery-icon landscape'>\n\t\t\t\t<a href='https:\/\/www.horizontresort.sk\/wp-content\/uploads\/2025\/03\/Chalet_Apartman_4_1920x1080_04-1600x900.jpg' title=\"\" data-rl_title=\"\" class=\"rl-gallery-link\" data-rl_caption=\"\" data-rel=\"lightbox-gallery-1\"><img loading=\"lazy\" decoding=\"async\" width=\"800\" height=\"650\" src=\"https:\/\/www.horizontresort.sk\/wp-content\/uploads\/2025\/03\/Chalet_Apartman_4_1920x1080_04-800x650.jpg\" class=\"attachment-thumbnail size-thumbnail\" alt=\"\" \/><\/a>\n\t\t\t<\/dt>\n<\/dl>\n<dl class='gallery-item'>\n<dt class='gallery-icon landscape'>\n\t\t\t\t<a href='https:\/\/www.horizontresort.sk\/wp-content\/uploads\/2025\/03\/Chalet_Apartman_4_1920x1080_05-1-1600x900.jpg' title=\"\" data-rl_title=\"\" class=\"rl-gallery-link\" data-rl_caption=\"\" data-rel=\"lightbox-gallery-1\"><img loading=\"lazy\" decoding=\"async\" width=\"800\" height=\"650\" src=\"https:\/\/www.horizontresort.sk\/wp-content\/uploads\/2025\/03\/Chalet_Apartman_4_1920x1080_05-1-800x650.jpg\" class=\"attachment-thumbnail size-thumbnail\" alt=\"\" \/><\/a>\n\t\t\t<\/dt>\n<\/dl>\n<dl class='gallery-item'>\n<dt class='gallery-icon landscape'>\n\t\t\t\t<a href='https:\/\/www.horizontresort.sk\/wp-content\/uploads\/2025\/03\/Chalet_Apartman_4_1920x1080_10-1-1600x900.jpg' title=\"\" data-rl_title=\"\" class=\"rl-gallery-link\" data-rl_caption=\"\" data-rel=\"lightbox-gallery-1\"><img loading=\"lazy\" decoding=\"async\" width=\"800\" height=\"650\" src=\"https:\/\/www.horizontresort.sk\/wp-content\/uploads\/2025\/03\/Chalet_Apartman_4_1920x1080_10-1-800x650.jpg\" class=\"attachment-thumbnail size-thumbnail\" alt=\"\" \/><\/a>\n\t\t\t<\/dt>\n<\/dl>\n<p><br style=\"clear: both\" \/><\/p>\n<dl class='gallery-item'>\n<dt class='gallery-icon landscape'>\n\t\t\t\t<a href='https:\/\/www.horizontresort.sk\/wp-content\/uploads\/2025\/03\/Chalet_Apartman_4_1920x1080_15-1600x900.jpg' title=\"\" data-rl_title=\"\" class=\"rl-gallery-link\" data-rl_caption=\"\" data-rel=\"lightbox-gallery-1\"><img loading=\"lazy\" decoding=\"async\" width=\"800\" height=\"650\" src=\"https:\/\/www.horizontresort.sk\/wp-content\/uploads\/2025\/03\/Chalet_Apartman_4_1920x1080_15-800x650.jpg\" class=\"attachment-thumbnail size-thumbnail\" alt=\"\" \/><\/a>\n\t\t\t<\/dt>\n<\/dl>\n<dl class='gallery-item'>\n<dt class='gallery-icon landscape'>\n\t\t\t\t<a href='https:\/\/www.horizontresort.sk\/wp-content\/uploads\/2025\/03\/Chalet_Apartman_4_1920x1080_16-1600x900.jpg' title=\"\" data-rl_title=\"\" class=\"rl-gallery-link\" data-rl_caption=\"\" data-rel=\"lightbox-gallery-1\"><img loading=\"lazy\" decoding=\"async\" width=\"800\" height=\"650\" src=\"https:\/\/www.horizontresort.sk\/wp-content\/uploads\/2025\/03\/Chalet_Apartman_4_1920x1080_16-800x650.jpg\" class=\"attachment-thumbnail size-thumbnail\" alt=\"\" \/><\/a>\n\t\t\t<\/dt>\n<\/dl>\n<dl class='gallery-item'>\n<dt class='gallery-icon landscape'>\n\t\t\t\t<a href='https:\/\/www.horizontresort.sk\/wp-content\/uploads\/2025\/03\/Chalet_Apartman_4_1920x1080_19-1600x900.jpg' title=\"\" data-rl_title=\"\" class=\"rl-gallery-link\" data-rl_caption=\"\" data-rel=\"lightbox-gallery-1\"><img loading=\"lazy\" decoding=\"async\" width=\"800\" height=\"650\" src=\"https:\/\/www.horizontresort.sk\/wp-content\/uploads\/2025\/03\/Chalet_Apartman_4_1920x1080_19-800x650.jpg\" class=\"attachment-thumbnail size-thumbnail\" alt=\"\" \/><\/a>\n\t\t\t<\/dt>\n<\/dl>\n<dl class='gallery-item'>\n<dt class='gallery-icon landscape'>\n\t\t\t\t<a href='https:\/\/www.horizontresort.sk\/wp-content\/uploads\/2025\/03\/Chalet_Apartman_4_1920x1080_20-1600x900.jpg' title=\"\" data-rl_title=\"\" class=\"rl-gallery-link\" data-rl_caption=\"\" data-rel=\"lightbox-gallery-1\"><img loading=\"lazy\" decoding=\"async\" width=\"800\" height=\"650\" src=\"https:\/\/www.horizontresort.sk\/wp-content\/uploads\/2025\/03\/Chalet_Apartman_4_1920x1080_20-800x650.jpg\" class=\"attachment-thumbnail size-thumbnail\" alt=\"\" \/><\/a>\n\t\t\t<\/dt>\n<\/dl>\n<p><br style=\"clear: both\" \/><\/p>\n<dl class='gallery-item'>\n<dt class='gallery-icon landscape'>\n\t\t\t\t<a href='https:\/\/www.horizontresort.sk\/wp-content\/uploads\/2025\/03\/Chalet_Apartman_4_1920x1080_21-1600x900.jpg' title=\"\" data-rl_title=\"\" class=\"rl-gallery-link\" data-rl_caption=\"\" data-rel=\"lightbox-gallery-1\"><img loading=\"lazy\" decoding=\"async\" width=\"800\" height=\"650\" src=\"https:\/\/www.horizontresort.sk\/wp-content\/uploads\/2025\/03\/Chalet_Apartman_4_1920x1080_21-800x650.jpg\" class=\"attachment-thumbnail size-thumbnail\" alt=\"\" \/><\/a>\n\t\t\t<\/dt>\n<\/dl>\n<dl class='gallery-item'>\n<dt class='gallery-icon landscape'>\n\t\t\t\t<a href='https:\/\/www.horizontresort.sk\/wp-content\/uploads\/2025\/03\/Chalet_Apartman_4_1920x1080_22-1600x900.jpg' title=\"\" data-rl_title=\"\" class=\"rl-gallery-link\" data-rl_caption=\"\" data-rel=\"lightbox-gallery-1\"><img loading=\"lazy\" decoding=\"async\" width=\"800\" height=\"650\" src=\"https:\/\/www.horizontresort.sk\/wp-content\/uploads\/2025\/03\/Chalet_Apartman_4_1920x1080_22-800x650.jpg\" class=\"attachment-thumbnail size-thumbnail\" alt=\"\" \/><\/a>\n\t\t\t<\/dt>\n<\/dl>\n<dl class='gallery-item'>\n<dt class='gallery-icon landscape'>\n\t\t\t\t<a href='https:\/\/www.horizontresort.sk\/wp-content\/uploads\/2025\/03\/Chalet_Apartman_4_1920x1080_23-1600x900.jpg' title=\"\" data-rl_title=\"\" class=\"rl-gallery-link\" data-rl_caption=\"\" data-rel=\"lightbox-gallery-1\"><img loading=\"lazy\" decoding=\"async\" width=\"800\" height=\"650\" src=\"https:\/\/www.horizontresort.sk\/wp-content\/uploads\/2025\/03\/Chalet_Apartman_4_1920x1080_23-800x650.jpg\" class=\"attachment-thumbnail size-thumbnail\" alt=\"\" \/><\/a>\n\t\t\t<\/dt>\n<\/dl>\n<dl class='gallery-item'>\n<dt class='gallery-icon landscape'>\n\t\t\t\t<a href='https:\/\/www.horizontresort.sk\/wp-content\/uploads\/2025\/03\/Chalet_Apartman_4_1920x1080_24-1600x900.jpg' title=\"\" data-rl_title=\"\" class=\"rl-gallery-link\" data-rl_caption=\"\" data-rel=\"lightbox-gallery-1\"><img loading=\"lazy\" decoding=\"async\" width=\"800\" height=\"650\" src=\"https:\/\/www.horizontresort.sk\/wp-content\/uploads\/2025\/03\/Chalet_Apartman_4_1920x1080_24-800x650.jpg\" class=\"attachment-thumbnail size-thumbnail\" alt=\"\" \/><\/a>\n\t\t\t<\/dt>\n<\/dl>\n<p><br style=\"clear: both\" \/>\n\t\t<\/div>\n<div class=\"line\"><\/div>\n<div class=\"gdc_row\">\n<div class=\"gdc_column gdc_chalf\">\n<div class=\"gdc_inner\">\n<h2>Informace<\/h2>\n<p>V\u00edtejte v tatransk\u00fdch chaletech a apartm\u00e1nech, kter\u00e9 jsou sou\u010d\u00e1st\u00ed are\u00e1lu hotelu Horizont Resort a nach\u00e1zej\u00ed se v kr\u00e1sn\u00e9m b\u0159ezov\u00e9m h\u00e1ji. Tyto luxusn\u00ed horsk\u00e9 chaty v alpsk\u00e9m stylu nab\u00edzej\u00ed n\u00e1dhern\u00fd v\u00fdhled na p\u0159\u00edrodu a \u0161t\u00edty Vysok\u00fdch Tater, p\u0159i\u010dem\u017e zaru\u010duj\u00ed maxim\u00e1ln\u00ed komfort a relaxaci. Ide\u00e1ln\u00ed jsou k pobytu v bl\u00edzkosti turistick\u00fdch, ly\u017ea\u0159sk\u00fdch a wellness slu\u017eeb.<\/p>\n<p>Apartm\u00e1n v p\u0159\u00edzem\u00ed apartm\u00e1nov\u00e9ho domu je ide\u00e1ln\u00ed pro ubytov\u00e1n\u00ed 4 osob. Skl\u00e1d\u00e1 se z lo\u017enicov\u00e9 \u010d\u00e1sti, ob\u00fdvac\u00ed m\u00edstnosti s kuchyn\u00ed a koupelny. Prosklen\u00e1 francouzsk\u00e1 okna umo\u017e\u0148uj\u00ed kr\u00e1sn\u00e9 v\u00fdhledy na okoln\u00ed p\u0159\u00edrodu. Ob\u00fdvac\u00ed \u010d\u00e1st je vybavena TV, krbem, j\u00eddeln\u00edm stolem a je propojena s pln\u011b vybavenou kuchyn\u00ed, kter\u00e1 obsahuje troubu, keramickou varnou desku, lednici, varnou konvici, my\u010dku n\u00e1dob\u00ed a mikrovlnnou troubu.<\/p>\n<p>V r\u00e1mci ubytov\u00e1n\u00ed m\u00e1te k dispozici ly\u017e\u00e1rnu s ozonov\u00fdm su\u0161en\u00edm v hlavn\u00ed budov\u011b hotelu, bezplatn\u00e9 soukrom\u00e9 parkovi\u0161t\u011b, are\u00e1l s d\u011btsk\u00fdm h\u0159i\u0161t\u011bm a jez\u00edrkem. V\u0161echny prostory chalet\u016f a apartm\u00e1n\u016f jsou vybaveny bezplatn\u00fdm Wi-Fi p\u0159ipojen\u00edm na internet.<\/p>\n<\/div>\n<\/div>\n<div class=\"gdc_column gdc_chalf\">\n<div class=\"gdc_inner\">\n<h2>Vybaven\u00ed<\/h2>\n<ul>\n<li>Antialergick\u00e9 p\u0159ikr\u00fdvky<\/li>\n<li>Francouzsk\u00e9 okno<\/li>\n<li>Kosmetick\u00fd set<\/li>\n<li>Krb<\/li>\n<li>Kuchy\u0148 &#8211; trouba na va\u0159en\u00ed, ledni\u010dka, varn\u00e1 konvice, mikrovlnn\u00e1 trouba<\/li>\n<li>LCD TV 40\u201c<\/li>\n<li>Ortopedick\u00e9 matrace<\/li>\n<li>Sprcha, WC, Vysou\u0161e\u010d vlas\u016f<\/li>\n<li>Terasa<\/li>\n<li>Wi-Fi<\/li>\n<\/ul>\n<\/div>\n<\/div>\n<\/div>\n","protected":false},"excerpt":{"rendered":"","protected":false},"author":1,"featured_media":4983,"parent":5161,"menu_order":16,"comment_status":"closed","ping_status":"closed","template":"template-detail-pokoje.php","meta":{"footnotes":""},"class_list":["post-5167","page","type-page","status-publish","has-post-thumbnail","hentry"],"acf":[],"aioseo_notices":[],"_links":{"self":[{"href":"https:\/\/www.horizontresort.sk\/hu\/wp-json\/wp\/v2\/pages\/5167","targetHints":{"allow":["GET"]}}],"collection":[{"href":"https:\/\/www.horizontresort.sk\/hu\/wp-json\/wp\/v2\/pages"}],"about":[{"href":"https:\/\/www.horizontresort.sk\/hu\/wp-json\/wp\/v2\/types\/page"}],"author":[{"embeddable":true,"href":"https:\/\/www.horizontresort.sk\/hu\/wp-json\/wp\/v2\/users\/1"}],"replies":[{"embeddable":true,"href":"https:\/\/www.horizontresort.sk\/hu\/wp-json\/wp\/v2\/comments?post=5167"}],"version-history":[{"count":1,"href":"https:\/\/www.horizontresort.sk\/hu\/wp-json\/wp\/v2\/pages\/5167\/revisions"}],"predecessor-version":[{"id":5168,"href":"https:\/\/www.horizontresort.sk\/hu\/wp-json\/wp\/v2\/pages\/5167\/revisions\/5168"}],"up":[{"embeddable":true,"href":"https:\/\/www.horizontresort.sk\/hu\/wp-json\/wp\/v2\/pages\/5161"}],"wp:featuredmedia":[{"embeddable":true,"href":"https:\/\/www.horizontresort.sk\/hu\/wp-json\/wp\/v2\/media\/4983"}],"wp:attachment":[{"href":"https:\/\/www.horizontresort.sk\/hu\/wp-json\/wp\/v2\/media?parent=5167"}],"curies":[{"name":"wp","href":"https:\/\/api.w.org\/{rel}","templated":true}]}}