{"id":5161,"date":"2025-03-13T15:12:29","date_gmt":"2025-03-13T14:12:29","guid":{"rendered":"https:\/\/www.horizontresort.sk\/szallas\/chalety-a-apartmany\/"},"modified":"2026-03-16T14:03:06","modified_gmt":"2026-03-16T13:03:06","slug":"fahazak-es-apartmanok","status":"publish","type":"page","link":"https:\/\/www.horizontresort.sk\/hu\/szallas\/fahazak-es-apartmanok\/","title":{"rendered":"Fah\u00e1zak \u00e9s apartmanok"},"content":{"rendered":"<p>\u00dcdv\u00f6z\u00f6lj\u00fck a T\u00e1trai Chaletek \u00e9s apartmanok vil\u00e1g\u00e1ban, amelyek egy ny\u00edrfaligetben helyezkednek el, a Hotel Horizont Resort ter\u00fclet\u00e9nek \u00e9s \u00e9p\u00fclet\u00e9nek k\u00f6zel\u00e9ben. Vend\u00e9geink sz\u00e1m\u00e1ra ingyenes, priv\u00e1t parkol\u00e1s biztos\u00edtott, tov\u00e1bb\u00e1 rekre\u00e1ci\u00f3s ter\u00fclet gyermekj\u00e1tsz\u00f3t\u00e9rrel \u00e9s t\u00f3val. A t\u00e9li id\u0151szakban a s\u00edfelszerel\u00e9s t\u00e1rol\u00e1sa \u00f3zonos sz\u00e1r\u00edt\u00e1ssal a Horizont Resort f\u0151\u00e9p\u00fclet\u00e9ben \u00e1ll rendelkez\u00e9sre.\u00a0Az \u00f6sszes chaletben \u00e9s apartmanban ingyenes Wi Fi internetkapcsolat \u00e9rhet\u0151 el. A foglal\u00e1sok eset\u00e9ben minimum k\u00e9t \u00e9jszak\u00e1s tart\u00f3zkod\u00e1s sz\u00fcks\u00e9ges.<\/p>\n","protected":false},"excerpt":{"rendered":"<p>\u00dcdv\u00f6z\u00f6lj\u00fck a T\u00e1trai Chaletek \u00e9s apartmanok vil\u00e1g\u00e1ban, amelyek egy ny\u00edrfaligetben helyezkednek el, a Hotel Horizont Resort ter\u00fclet\u00e9nek \u00e9s \u00e9p\u00fclet\u00e9nek k\u00f6zel\u00e9ben. Vend\u00e9geink sz\u00e1m\u00e1ra ingyenes, priv\u00e1t parkol\u00e1s biztos\u00edtott, tov\u00e1bb\u00e1 rekre\u00e1ci\u00f3s ter\u00fclet gyermekj\u00e1tsz\u00f3t\u00e9rrel \u00e9s t\u00f3val. A t\u00e9li id\u0151szakban a s\u00edfelszerel\u00e9s t\u00e1rol\u00e1sa \u00f3zonos sz\u00e1r\u00edt\u00e1ssal a Horizont Resort f\u0151\u00e9p\u00fclet\u00e9ben \u00e1ll rendelkez\u00e9sre.\u00a0Az \u00f6sszes chaletben \u00e9s apartmanban ingyenes Wi Fi internetkapcsolat \u00e9rhet\u0151&#8230;<\/p>\n","protected":false},"author":1,"featured_media":4755,"parent":5148,"menu_order":13,"comment_status":"closed","ping_status":"closed","template":"template-pokoje.php","meta":{"footnotes":""},"class_list":["post-5161","page","type-page","status-publish","has-post-thumbnail","hentry"],"acf":[],"aioseo_notices":[],"_links":{"self":[{"href":"https:\/\/www.horizontresort.sk\/hu\/wp-json\/wp\/v2\/pages\/5161","targetHints":{"allow":["GET"]}}],"collection":[{"href":"https:\/\/www.horizontresort.sk\/hu\/wp-json\/wp\/v2\/pages"}],"about":[{"href":"https:\/\/www.horizontresort.sk\/hu\/wp-json\/wp\/v2\/types\/page"}],"author":[{"embeddable":true,"href":"https:\/\/www.horizontresort.sk\/hu\/wp-json\/wp\/v2\/users\/1"}],"replies":[{"embeddable":true,"href":"https:\/\/www.horizontresort.sk\/hu\/wp-json\/wp\/v2\/comments?post=5161"}],"version-history":[{"count":2,"href":"https:\/\/www.horizontresort.sk\/hu\/wp-json\/wp\/v2\/pages\/5161\/revisions"}],"predecessor-version":[{"id":5223,"href":"https:\/\/www.horizontresort.sk\/hu\/wp-json\/wp\/v2\/pages\/5161\/revisions\/5223"}],"up":[{"embeddable":true,"href":"https:\/\/www.horizontresort.sk\/hu\/wp-json\/wp\/v2\/pages\/5148"}],"wp:featuredmedia":[{"embeddable":true,"href":"https:\/\/www.horizontresort.sk\/hu\/wp-json\/wp\/v2\/media\/4755"}],"wp:attachment":[{"href":"https:\/\/www.horizontresort.sk\/hu\/wp-json\/wp\/v2\/media?parent=5161"}],"curies":[{"name":"wp","href":"https:\/\/api.w.org\/{rel}","templated":true}]}}