{"id":5156,"date":"2020-10-16T08:37:50","date_gmt":"2020-10-16T06:37:50","guid":{"rendered":"https:\/\/www.horizontresort.sk\/szallas\/hotel-horizont-resort\/exclusive-suite\/"},"modified":"2026-03-13T09:20:51","modified_gmt":"2026-03-13T08:20:51","slug":"exclusive-lakosztaly","status":"publish","type":"page","link":"https:\/\/www.horizontresort.sk\/hu\/szallas\/hotel-horizont-resort\/exclusive-lakosztaly\/","title":{"rendered":"Exclusive lakoszt\u00e1ly"},"content":{"rendered":"<style type=\"text\/css\">\n\t\t\t#gallery-1 {\n\t\t\t\tmargin: auto;\n\t\t\t}\n\t\t\t#gallery-1 .gallery-item {\n\t\t\t\tfloat: left;\n\t\t\t\tmargin-top: 10px;\n\t\t\t\ttext-align: center;\n\t\t\t\twidth: 25%;\n\t\t\t}\n\t\t\t#gallery-1 img {\n\t\t\t\tborder: 2px solid #cfcfcf;\n\t\t\t}\n\t\t\t#gallery-1 .gallery-caption {\n\t\t\t\tmargin-left: 0;\n\t\t\t}\n\t\t\t\/* see gallery_shortcode() in wp-includes\/media.php *\/\n\t\t<\/style>\n<div id='gallery-1' class='gallery galleryid-5156 gallery-columns-4 gallery-size-thumbnail'>\n<dl class='gallery-item'>\n<dt class='gallery-icon landscape'>\n\t\t\t\t<a href='https:\/\/www.horizontresort.sk\/wp-content\/uploads\/2025\/03\/Horizont_Resort_1000x650_151.jpg' title=\"\" data-rl_title=\"\" class=\"rl-gallery-link\" data-rl_caption=\"\" data-rel=\"lightbox-gallery-1\"><img loading=\"lazy\" decoding=\"async\" width=\"800\" height=\"650\" src=\"https:\/\/www.horizontresort.sk\/wp-content\/uploads\/2025\/03\/Horizont_Resort_1000x650_151-800x650.jpg\" class=\"attachment-thumbnail size-thumbnail\" alt=\"\" \/><\/a>\n\t\t\t<\/dt>\n<\/dl>\n<dl class='gallery-item'>\n<dt class='gallery-icon landscape'>\n\t\t\t\t<a href='https:\/\/www.horizontresort.sk\/wp-content\/uploads\/2025\/03\/Horizont_Resort_1000x650_149.jpg' title=\"\" data-rl_title=\"\" class=\"rl-gallery-link\" data-rl_caption=\"\" data-rel=\"lightbox-gallery-1\"><img loading=\"lazy\" decoding=\"async\" width=\"800\" height=\"650\" src=\"https:\/\/www.horizontresort.sk\/wp-content\/uploads\/2025\/03\/Horizont_Resort_1000x650_149-800x650.jpg\" class=\"attachment-thumbnail size-thumbnail\" alt=\"\" \/><\/a>\n\t\t\t<\/dt>\n<\/dl>\n<dl class='gallery-item'>\n<dt class='gallery-icon landscape'>\n\t\t\t\t<a href='https:\/\/www.horizontresort.sk\/wp-content\/uploads\/2025\/03\/Horizont_Resort_1000x650_154.jpg' title=\"\" data-rl_title=\"\" class=\"rl-gallery-link\" data-rl_caption=\"\" data-rel=\"lightbox-gallery-1\"><img loading=\"lazy\" decoding=\"async\" width=\"800\" height=\"650\" src=\"https:\/\/www.horizontresort.sk\/wp-content\/uploads\/2025\/03\/Horizont_Resort_1000x650_154-800x650.jpg\" class=\"attachment-thumbnail size-thumbnail\" alt=\"\" \/><\/a>\n\t\t\t<\/dt>\n<\/dl>\n<dl class='gallery-item'>\n<dt class='gallery-icon landscape'>\n\t\t\t\t<a href='https:\/\/www.horizontresort.sk\/wp-content\/uploads\/2025\/03\/Horizont_Resort_1000x650_145.jpg' title=\"\" data-rl_title=\"\" class=\"rl-gallery-link\" data-rl_caption=\"\" data-rel=\"lightbox-gallery-1\"><img loading=\"lazy\" decoding=\"async\" width=\"800\" height=\"650\" src=\"https:\/\/www.horizontresort.sk\/wp-content\/uploads\/2025\/03\/Horizont_Resort_1000x650_145-800x650.jpg\" class=\"attachment-thumbnail size-thumbnail\" alt=\"\" \/><\/a>\n\t\t\t<\/dt>\n<\/dl>\n<p><br style=\"clear: both\" \/>\n\t\t<\/div>\n<div class=\"line\"><\/div>\n<div class=\"gdc_row\">\n<div class=\"gdc_column gdc_cthird\">\n<div class=\"gdc_inner\">\n<h2>Exclusive Suite &#8211; Soukrom\u00ed a luxus v srdci Tater<\/h2>\n<p>Za\u017eijte dokonal\u00fd komfort a soukrom\u00ed v Exclusive Suite apartm\u00e1 s odd\u011blenou ob\u00fdvac\u00ed m\u00edstnost\u00ed a lo\u017enic\u00ed. Tento prostorn\u00fd, prosklen\u00fd apartm\u00e1n s n\u00e1dhern\u00fdm v\u00fdhledem na okoln\u00ed p\u0159\u00edrodu nab\u00edz\u00ed maxim\u00e1ln\u00ed luxus b\u011bhem va\u0161eho pobytu a je ide\u00e1ln\u00ed pro 2 a\u017e 4 osoby.<\/p>\n<p>Nab\u00edz\u00edme 5 apartm\u00e1n\u016f o rozloze 50,97 m\u00b2, kter\u00e9 poskytuj\u00ed vysok\u00fd standard ubytov\u00e1n\u00ed, komfort a absolutn\u00ed soukrom\u00ed.<\/p>\n<p>Ka\u017ed\u00fd apartm\u00e1n je vybaven francouzsk\u00fdmi okny, d\u00edky kter\u00fdm si m\u016f\u017eete vychutnat \u00fachvatn\u00fd v\u00fdhled na Vysok\u00e9 Tatry. Nav\u00edc dostate\u010dn\u011b velk\u00fd prostor umo\u017e\u0148uje um\u00edst\u011bn\u00ed d\u011btsk\u00e9 post\u00fdlky na po\u017e\u00e1d\u00e1n\u00ed.<\/p>\n<\/div>\n<\/div>\n<div class=\"gdc_column gdc_cthird\">\n<div class=\"gdc_inner\">\n<h2>Vybaven\u00ed<\/h2>\n<ul>\n<li>Antialergick\u00e9 p\u0159ikr\u00fdvky<\/li>\n<li>Francouzsk\u00e9 okno v ob\u00fdv\u00e1ku, v lo\u017enici balkon<\/li>\n<li>Kosmetick\u00fd set<\/li>\n<li>LCD TV 40\u201c<\/li>\n<li>Minibar<\/li>\n<li>Ortopedick\u00e9 matrace<\/li>\n<li>Ba\u010dk\u016frky<\/li>\n<li>Parkov\u00e1n\u00ed u hotelu<\/li>\n<li>Room Service &#8211; rozvoz j\u00eddla na pokoj<\/li>\n<li>Set k\u00e1vy a \u010daje<\/li>\n<li>Telefon<\/li>\n<li>Trezor<\/li>\n<li>Vana nebo sprcha<\/li>\n<li>WC, vysou\u0161e\u010d vlas\u016f<\/li>\n<li>Wi-Fi<\/li>\n<li>\u017dupan<\/li>\n<\/ul>\n<\/div>\n<\/div>\n<div class=\"gdc_column gdc_cthird\">\n<div class=\"gdc_inner\">\n<h2>Extra slu\u017eby<\/h2>\n<p>D\u011btsk\u00e1 post\u00fdlka &#8211; bezplatn\u011b<\/p>\n<p>Late Check out:<\/p>\n<p>V p\u0159\u00edpad\u011b z\u00e1jmu o \u010dasn\u00fd Check \u2013 in nebo pozdn\u00ed Check \u2013 out kontaktujte pros\u00edm recepci hotelu. Poskytnut\u00ed t\u011bchto dopl\u0148kov\u00fdch slu\u017eeb z\u00e1vis\u00ed na aktu\u00e1ln\u00edch provozn\u00edch a kapacitn\u00edch mo\u017enostech hotelu.<\/p>\n<\/div>\n<\/div>\n<\/div>\n","protected":false},"excerpt":{"rendered":"","protected":false},"author":1,"featured_media":4724,"parent":5151,"menu_order":10,"comment_status":"closed","ping_status":"closed","template":"template-detail-pokoje.php","meta":{"footnotes":""},"class_list":["post-5156","page","type-page","status-publish","has-post-thumbnail","hentry"],"acf":[],"aioseo_notices":[],"_links":{"self":[{"href":"https:\/\/www.horizontresort.sk\/hu\/wp-json\/wp\/v2\/pages\/5156","targetHints":{"allow":["GET"]}}],"collection":[{"href":"https:\/\/www.horizontresort.sk\/hu\/wp-json\/wp\/v2\/pages"}],"about":[{"href":"https:\/\/www.horizontresort.sk\/hu\/wp-json\/wp\/v2\/types\/page"}],"author":[{"embeddable":true,"href":"https:\/\/www.horizontresort.sk\/hu\/wp-json\/wp\/v2\/users\/1"}],"replies":[{"embeddable":true,"href":"https:\/\/www.horizontresort.sk\/hu\/wp-json\/wp\/v2\/comments?post=5156"}],"version-history":[{"count":1,"href":"https:\/\/www.horizontresort.sk\/hu\/wp-json\/wp\/v2\/pages\/5156\/revisions"}],"predecessor-version":[{"id":5157,"href":"https:\/\/www.horizontresort.sk\/hu\/wp-json\/wp\/v2\/pages\/5156\/revisions\/5157"}],"up":[{"embeddable":true,"href":"https:\/\/www.horizontresort.sk\/hu\/wp-json\/wp\/v2\/pages\/5151"}],"wp:featuredmedia":[{"embeddable":true,"href":"https:\/\/www.horizontresort.sk\/hu\/wp-json\/wp\/v2\/media\/4724"}],"wp:attachment":[{"href":"https:\/\/www.horizontresort.sk\/hu\/wp-json\/wp\/v2\/media?parent=5156"}],"curies":[{"name":"wp","href":"https:\/\/api.w.org\/{rel}","templated":true}]}}