{"id":5152,"date":"2020-10-16T08:52:00","date_gmt":"2020-10-16T06:52:00","guid":{"rendered":"https:\/\/www.horizontresort.sk\/szallas\/hotel-horizont-resort\/izby-basic\/"},"modified":"2026-03-13T09:18:16","modified_gmt":"2026-03-13T08:18:16","slug":"basic-szobak","status":"publish","type":"page","link":"https:\/\/www.horizontresort.sk\/hu\/szallas\/hotel-horizont-resort\/basic-szobak\/","title":{"rendered":"Basic szob\u00e1k"},"content":{"rendered":"<style type=\"text\/css\">\n\t\t\t#gallery-1 {\n\t\t\t\tmargin: auto;\n\t\t\t}\n\t\t\t#gallery-1 .gallery-item {\n\t\t\t\tfloat: left;\n\t\t\t\tmargin-top: 10px;\n\t\t\t\ttext-align: center;\n\t\t\t\twidth: 25%;\n\t\t\t}\n\t\t\t#gallery-1 img {\n\t\t\t\tborder: 2px solid #cfcfcf;\n\t\t\t}\n\t\t\t#gallery-1 .gallery-caption {\n\t\t\t\tmargin-left: 0;\n\t\t\t}\n\t\t\t\/* see gallery_shortcode() in wp-includes\/media.php *\/\n\t\t<\/style>\n<div id='gallery-1' class='gallery galleryid-5152 gallery-columns-4 gallery-size-thumbnail'>\n<dl class='gallery-item'>\n<dt class='gallery-icon landscape'>\n\t\t\t\t<a href='https:\/\/www.horizontresort.sk\/wp-content\/uploads\/2025\/03\/Horizont_Resort_Basic_izba_web_00-1-1600x1063.jpg' title=\"\" data-rl_title=\"\" class=\"rl-gallery-link\" data-rl_caption=\"\" data-rel=\"lightbox-gallery-1\"><img loading=\"lazy\" decoding=\"async\" width=\"800\" height=\"650\" src=\"https:\/\/www.horizontresort.sk\/wp-content\/uploads\/2025\/03\/Horizont_Resort_Basic_izba_web_00-1-800x650.jpg\" class=\"attachment-thumbnail size-thumbnail\" alt=\"\" \/><\/a>\n\t\t\t<\/dt>\n<\/dl>\n<dl class='gallery-item'>\n<dt class='gallery-icon landscape'>\n\t\t\t\t<a href='https:\/\/www.horizontresort.sk\/wp-content\/uploads\/2025\/03\/Horizont_Resort_Basic_izba_web_02-1-1600x1063.jpg' title=\"\" data-rl_title=\"\" class=\"rl-gallery-link\" data-rl_caption=\"\" data-rel=\"lightbox-gallery-1\"><img loading=\"lazy\" decoding=\"async\" width=\"800\" height=\"650\" src=\"https:\/\/www.horizontresort.sk\/wp-content\/uploads\/2025\/03\/Horizont_Resort_Basic_izba_web_02-1-800x650.jpg\" class=\"attachment-thumbnail size-thumbnail\" alt=\"\" \/><\/a>\n\t\t\t<\/dt>\n<\/dl>\n<dl class='gallery-item'>\n<dt class='gallery-icon landscape'>\n\t\t\t\t<a href='https:\/\/www.horizontresort.sk\/wp-content\/uploads\/2025\/03\/Horizont_Resort_Basic_izba_web_03-1-1600x1063.jpg' title=\"\" data-rl_title=\"\" class=\"rl-gallery-link\" data-rl_caption=\"\" data-rel=\"lightbox-gallery-1\"><img loading=\"lazy\" decoding=\"async\" width=\"800\" height=\"650\" src=\"https:\/\/www.horizontresort.sk\/wp-content\/uploads\/2025\/03\/Horizont_Resort_Basic_izba_web_03-1-800x650.jpg\" class=\"attachment-thumbnail size-thumbnail\" alt=\"\" \/><\/a>\n\t\t\t<\/dt>\n<\/dl>\n<dl class='gallery-item'>\n<dt class='gallery-icon landscape'>\n\t\t\t\t<a href='https:\/\/www.horizontresort.sk\/wp-content\/uploads\/2025\/03\/Horizont_Resort_Basic_izba_web_05-1-1600x1063.jpg' title=\"\" data-rl_title=\"\" class=\"rl-gallery-link\" data-rl_caption=\"\" data-rel=\"lightbox-gallery-1\"><img loading=\"lazy\" decoding=\"async\" width=\"800\" height=\"650\" src=\"https:\/\/www.horizontresort.sk\/wp-content\/uploads\/2025\/03\/Horizont_Resort_Basic_izba_web_05-1-800x650.jpg\" class=\"attachment-thumbnail size-thumbnail\" alt=\"\" \/><\/a>\n\t\t\t<\/dt>\n<\/dl>\n<p><br style=\"clear: both\" \/>\n\t\t<\/div>\n<div class=\"line\"><\/div>\n<div class=\"gdc_row\">\n<div class=\"gdc_column gdc_cthird\">\n<div class=\"gdc_inner\">\n<h2>Informace o ubytov\u00e1n\u00ed<\/h2>\n<p>Dop\u0159ejte si pohodl\u00ed podle va\u0161ich p\u0159edstav v \u00fatuln\u00e9m a luxusn\u00edm interi\u00e9ru. Na\u0161e modern\u011b za\u0159\u00edzen\u00e9 pokoje s n\u00e1dechem elegance nab\u00edz\u00ed n\u00e1dhern\u00fd v\u00fdhled na Vysok\u00e9 Tatry (bez balkonu).<\/p>\n<p>Nab\u00edz\u00edme 9 dvoul\u016f\u017ekov\u00fdch nebo jednol\u016f\u017ekov\u00fdch pokoj\u016f BASIC s man\u017eelskou postel\u00ed a rozlohou 14 m\u00b2, ide\u00e1ln\u00edch pro 1 a\u017e 2 osoby. Na t\u011bchto pokoj\u00edch nen\u00ed mo\u017en\u00e9 um\u00edstit p\u0159ist\u00fdlku ani post\u00fdlku.<\/p>\n<p>Pokoje jsou vybaveny v\u011b\u0161\u00e1kovou st\u011bnou nam\u00edsto \u0161atn\u00ed sk\u0159\u00edn\u011b, co\u017e zaji\u0161\u0165uje praktick\u00e9 a efektivn\u00ed uspo\u0159\u00e1d\u00e1n\u00ed prostoru.<\/p>\n<\/div>\n<\/div>\n<div class=\"gdc_column gdc_cthird\">\n<div class=\"gdc_inner\">\n<h2>Vybaven\u00ed<\/h2>\n<ul>\n<li>Antialergick\u00e9 p\u0159ikr\u00fdvky<\/li>\n<li>Kosmetick\u00fd set<\/li>\n<li>LCD TV 40\u201c<\/li>\n<li>Minibar<\/li>\n<li>Ortopedick\u00e9 matrace<\/li>\n<li>Parkov\u00e1n\u00ed u hotelu<\/li>\n<li>Room Service &#8211; rozvoz j\u00eddla na pokoj<\/li>\n<li>Set k\u00e1vy a \u010daje<\/li>\n<li>Sprcha, WC, Vysou\u0161e\u010d vlas\u016f<\/li>\n<li>Telefon<\/li>\n<li>Trezor<\/li>\n<li>Wi-Fi<\/li>\n<li>\u017dupan<\/li>\n<\/ul>\n<\/div>\n<\/div>\n<div class=\"gdc_column gdc_cthird\">\n<div class=\"gdc_inner\">\n<h2>Extra slu\u017eby<\/h2>\n<p>Late Check out:<\/p>\n<p>V p\u0159\u00edpad\u011b z\u00e1jmu o \u010dasn\u00fd Check \u2013 in nebo pozdn\u00ed Check \u2013 out kontaktujte pros\u00edm recepci hotelu. Poskytnut\u00ed t\u011bchto dopl\u0148kov\u00fdch slu\u017eeb z\u00e1vis\u00ed na aktu\u00e1ln\u00edch provozn\u00edch a kapacitn\u00edch mo\u017enostech hotelu.<\/p>\n<\/div>\n<\/div>\n<\/div>\n","protected":false},"excerpt":{"rendered":"","protected":false},"author":1,"featured_media":4708,"parent":5151,"menu_order":8,"comment_status":"closed","ping_status":"closed","template":"template-detail-pokoje.php","meta":{"footnotes":""},"class_list":["post-5152","page","type-page","status-publish","has-post-thumbnail","hentry"],"acf":[],"aioseo_notices":[],"_links":{"self":[{"href":"https:\/\/www.horizontresort.sk\/hu\/wp-json\/wp\/v2\/pages\/5152","targetHints":{"allow":["GET"]}}],"collection":[{"href":"https:\/\/www.horizontresort.sk\/hu\/wp-json\/wp\/v2\/pages"}],"about":[{"href":"https:\/\/www.horizontresort.sk\/hu\/wp-json\/wp\/v2\/types\/page"}],"author":[{"embeddable":true,"href":"https:\/\/www.horizontresort.sk\/hu\/wp-json\/wp\/v2\/users\/1"}],"replies":[{"embeddable":true,"href":"https:\/\/www.horizontresort.sk\/hu\/wp-json\/wp\/v2\/comments?post=5152"}],"version-history":[{"count":1,"href":"https:\/\/www.horizontresort.sk\/hu\/wp-json\/wp\/v2\/pages\/5152\/revisions"}],"predecessor-version":[{"id":5153,"href":"https:\/\/www.horizontresort.sk\/hu\/wp-json\/wp\/v2\/pages\/5152\/revisions\/5153"}],"up":[{"embeddable":true,"href":"https:\/\/www.horizontresort.sk\/hu\/wp-json\/wp\/v2\/pages\/5151"}],"wp:featuredmedia":[{"embeddable":true,"href":"https:\/\/www.horizontresort.sk\/hu\/wp-json\/wp\/v2\/media\/4708"}],"wp:attachment":[{"href":"https:\/\/www.horizontresort.sk\/hu\/wp-json\/wp\/v2\/media?parent=5152"}],"curies":[{"name":"wp","href":"https:\/\/api.w.org\/{rel}","templated":true}]}}