{"id":5146,"date":"2025-09-23T14:12:17","date_gmt":"2025-09-23T12:12:17","guid":{"rendered":"https:\/\/www.horizontresort.sk\/esemenyek\/skoleni-a-kongresy\/"},"modified":"2026-03-16T15:57:48","modified_gmt":"2026-03-16T14:57:48","slug":"kepzesek-es-kongresszusok","status":"publish","type":"page","link":"https:\/\/www.horizontresort.sk\/hu\/esemenyek\/kepzesek-es-kongresszusok\/","title":{"rendered":"K\u00e9pz\u00e9sek \u00e9s kongresszusok"},"content":{"rendered":"","protected":false},"excerpt":{"rendered":"","protected":false},"author":7,"featured_media":0,"parent":5140,"menu_order":0,"comment_status":"closed","ping_status":"closed","template":"template-boxes.php","meta":{"footnotes":""},"class_list":["post-5146","page","type-page","status-publish","hentry"],"acf":[],"aioseo_notices":[],"_links":{"self":[{"href":"https:\/\/www.horizontresort.sk\/hu\/wp-json\/wp\/v2\/pages\/5146","targetHints":{"allow":["GET"]}}],"collection":[{"href":"https:\/\/www.horizontresort.sk\/hu\/wp-json\/wp\/v2\/pages"}],"about":[{"href":"https:\/\/www.horizontresort.sk\/hu\/wp-json\/wp\/v2\/types\/page"}],"author":[{"embeddable":true,"href":"https:\/\/www.horizontresort.sk\/hu\/wp-json\/wp\/v2\/users\/7"}],"replies":[{"embeddable":true,"href":"https:\/\/www.horizontresort.sk\/hu\/wp-json\/wp\/v2\/comments?post=5146"}],"version-history":[{"count":3,"href":"https:\/\/www.horizontresort.sk\/hu\/wp-json\/wp\/v2\/pages\/5146\/revisions"}],"predecessor-version":[{"id":5234,"href":"https:\/\/www.horizontresort.sk\/hu\/wp-json\/wp\/v2\/pages\/5146\/revisions\/5234"}],"up":[{"embeddable":true,"href":"https:\/\/www.horizontresort.sk\/hu\/wp-json\/wp\/v2\/pages\/5140"}],"wp:attachment":[{"href":"https:\/\/www.horizontresort.sk\/hu\/wp-json\/wp\/v2\/media?parent=5146"}],"curies":[{"name":"wp","href":"https:\/\/api.w.org\/{rel}","templated":true}]}}