{"id":5144,"date":"2025-09-23T14:12:21","date_gmt":"2025-09-23T12:12:21","guid":{"rendered":"https:\/\/www.horizontresort.sk\/esemenyek\/teambuildingy\/"},"modified":"2026-03-16T16:00:31","modified_gmt":"2026-03-16T15:00:31","slug":"csapatepitok","status":"publish","type":"page","link":"https:\/\/www.horizontresort.sk\/hu\/esemenyek\/csapatepitok\/","title":{"rendered":"Csapat\u00e9p\u00edt\u0151k"},"content":{"rendered":"","protected":false},"excerpt":{"rendered":"","protected":false},"author":7,"featured_media":0,"parent":5140,"menu_order":0,"comment_status":"closed","ping_status":"closed","template":"template-boxes.php","meta":{"footnotes":""},"class_list":["post-5144","page","type-page","status-publish","hentry"],"acf":[],"aioseo_notices":[],"_links":{"self":[{"href":"https:\/\/www.horizontresort.sk\/hu\/wp-json\/wp\/v2\/pages\/5144","targetHints":{"allow":["GET"]}}],"collection":[{"href":"https:\/\/www.horizontresort.sk\/hu\/wp-json\/wp\/v2\/pages"}],"about":[{"href":"https:\/\/www.horizontresort.sk\/hu\/wp-json\/wp\/v2\/types\/page"}],"author":[{"embeddable":true,"href":"https:\/\/www.horizontresort.sk\/hu\/wp-json\/wp\/v2\/users\/7"}],"replies":[{"embeddable":true,"href":"https:\/\/www.horizontresort.sk\/hu\/wp-json\/wp\/v2\/comments?post=5144"}],"version-history":[{"count":3,"href":"https:\/\/www.horizontresort.sk\/hu\/wp-json\/wp\/v2\/pages\/5144\/revisions"}],"predecessor-version":[{"id":5236,"href":"https:\/\/www.horizontresort.sk\/hu\/wp-json\/wp\/v2\/pages\/5144\/revisions\/5236"}],"up":[{"embeddable":true,"href":"https:\/\/www.horizontresort.sk\/hu\/wp-json\/wp\/v2\/pages\/5140"}],"wp:attachment":[{"href":"https:\/\/www.horizontresort.sk\/hu\/wp-json\/wp\/v2\/media?parent=5144"}],"curies":[{"name":"wp","href":"https:\/\/api.w.org\/{rel}","templated":true}]}}