{"id":5131,"date":"2025-03-14T10:51:23","date_gmt":"2025-03-14T09:51:23","guid":{"rendered":"https:\/\/www.horizontresort.sk\/ubytovaci-poriadok\/"},"modified":"2026-03-13T09:05:43","modified_gmt":"2026-03-13T08:05:43","slug":"szallasrend","status":"publish","type":"page","link":"https:\/\/www.horizontresort.sk\/hu\/szallasrend\/","title":{"rendered":"Sz\u00e1ll\u00e1srend"},"content":{"rendered":"<h2>UBYTOVAC\u00cd\u00a0\u00a0PORIADOK \u2013 HOTEL HORIZONT RESORT****<\/h2>\n<p>Ubytovac\u00ed poriadok je vydan\u00fd spolo\u010dnos\u0165ou TATRA TRADING INTERNATIONAL s.r.o., Star\u00e1 Lesn\u00e1 178, 059 60 Tatransk\u00e1 Lomnica, I\u010cO: 35 710 501, spolo\u010dnos\u0165 zap\u00edsan\u00e1 v OR Okr. s\u00fadu Pre\u0161ov, odd. Sro, vlo\u017eka \u010d. 11587\/P (\u010falej len \u201eprev\u00e1dzkovate\u013e\u201c) a vz\u0165ahuje sa na poskytovanie ubytovac\u00edch a s t\u00fdm s\u00favisiacich slu\u017eieb (\u010falej len \u201eslu\u017eby\u201c) v ubytovacom zariaden\u00ed Hotel Horizont Resort **** (\u010falej len \u201ehotel\u201c) a upravuje pr\u00e1va a povinnosti prev\u00e1dzkovate\u013ea a host\u00ed ubytovan\u00fdch v hoteli (\u010falej len \u201ez\u00e1kazn\u00edk\u201c alebo \u201ez\u00e1kazn\u00edci\u201c) od momentu n\u00e1stupu z\u00e1kazn\u00edka na pobyt v hoteli do jeho ukon\u010denia.<\/p>\n<ol>\n<li>V hoteli Horizont Resort m\u00f4\u017ee by\u0165 ubytovan\u00fd len hos\u0165, ktor\u00fd sa riadne prihl\u00e1si. Za t\u00fdm \u00fa\u010delom predlo\u017e\u00ed pracovn\u00edkovi na recepcii hotela svoj osobn\u00fd doklad o toto\u017enosti, ob\u010diansky preukaz, platn\u00fd cestovn\u00fd pas alebo in\u00fd doklad toto\u017enosti.\u00a0 Pracovn\u00edk recepcie hos\u0165ovi vyd\u00e1 hne\u010f pri n\u00e1stupe ubytovac\u00ed preukaz s uveden\u00edm jeho mena, \u010d\u00edsla izby, d\u013a\u017eky pobytu a pr\u00edstupov\u00fa kartu od izby. Za ubytovacie a ostatn\u00e9 slu\u017eby je hos\u0165 povinn\u00fd plati\u0165 ceny vopred dohodnut\u00e9 pri n\u00e1stupe na pobyt. \u00da\u010det je splatn\u00fd pri predlo\u017een\u00ed hos\u0165ovi.<\/li>\n<li>Tento ubytovac\u00ed poriadok je neoddelite\u013enou s\u00fa\u010das\u0165ou zmluvy o ubytovan\u00ed v zmysle \u00a7 754 a nasl. z\u00e1kona \u010d. 40\/1964 Zb. Ob\u010dianskeho z\u00e1konn\u00edka v znen\u00ed neskor\u0161\u00edch predpisov (\u010falej len \u201eOb\u010diansky z\u00e1konn\u00edk\u201c), k uzatvoreniu ktorej doch\u00e1dza medzi z\u00e1kazn\u00edkom<br \/>\na prev\u00e1dzkovate\u013eom. Ubytovac\u00ed poriadok je zverejnen\u00fd na internetovej str\u00e1nke hotela www.horizontresort.sk a umiestnen\u00fd na recepcii hotela. Pred n\u00e1stupom na pobyt a vyu\u017e\u00edvan\u00edm slu\u017eieb v hoteli z\u00e1kazn\u00edk potvrdzuje, \u017ee bol s t\u00fdmto ubytovac\u00edm poriadkom obozn\u00e1men\u00fd a zav\u00e4zuje sa<br \/>\nho dodr\u017eiava\u0165.<\/li>\n<li>Recepcia hotela pracuje v re\u017eime nepretr\u017eitej prev\u00e1dzky \u2013 24 hod\u00edn denne. Pracovn\u00edk recepcie po\u010das prihlasovania na pobyt vysvetl\u00ed z\u00e1kazn\u00edkovi podmienky ubytovania a poskytovania slu\u017eieb, vybavenie hotelovej izby, z\u00e1kladn\u00e9 orienta\u010dn\u00e9 a bezpe\u010dnostn\u00e9 inform\u00e1cie o hoteli, podmienky parkovania motorov\u00fdch vozidiel, \u00faschovy \u0161portov\u00e9ho vybavenia a podobne.<\/li>\n<li>Pou\u017e\u00edvanie hotela je povolen\u00e9 len osob\u00e1m, ktor\u00e9 nie s\u00fa postihnut\u00e9 infek\u010dn\u00fdmi ochoreniami. Hotel m\u00e1 pr\u00e1vo odmietnu\u0165 ubytova\u0165 z\u00e1kazn\u00edka s prenosnou chorobou, parazitickou infekciou alebo inou chorobou, ktor\u00e1 by mohla predstavova\u0165 zdravotn\u00e9 riziko pre zamestnancov<br \/>\nprev\u00e1dzkovate\u013ea alebo in\u00fdch z\u00e1kazn\u00edkov hotela.<\/li>\n<li>Ubytovanie host\u00ed v hoteli v de\u0148 n\u00e1stupu na pobyt v zmysle rezerv\u00e1cie je v \u010dase od 14:00 hod. (check-in), ak v potvrden\u00ed rezerv\u00e1cie nebol prev\u00e1dzkovate\u013eom uveden\u00fd in\u00fd \u010das mo\u017enosti n\u00e1stupu na pobyt a podmienky (vr\u00e1tane ceny) za skor\u00fd n\u00e1stup na pobyt (pred 14.00<br \/>\nhod. v de\u0148 n\u00e1stupu na pobyt) (early check-in). V pr\u00edpade, \u017ee z\u00e1kazn\u00edk nenast\u00fapi na pobyt najnesk\u00f4r do 24.00 hod. bez predch\u00e1dzaj\u00faceho informovania prev\u00e1dzkovate\u013ea o neskor\u0161om n\u00e1stupe na pobyt, je prev\u00e1dzkovate\u013e opr\u00e1vnen\u00fd poskytn\u00fa\u0165 z\u00e1kazn\u00edkom rezervovan\u00fa izbu\/izby<br \/>\nin\u00fdm z\u00e1kazn\u00edkom na vyu\u017eitie. Z\u00e1kazn\u00edkovi nevznik\u00e1 pr\u00e1vo na vr\u00e1tenie n\u00edm zaplatenej ceny pobytu, ani na in\u00fa finan\u010dn\u00fa \u010di nefinan\u010dn\u00fa n\u00e1hradu ani n\u00e1hradn\u00e9 plnenie \u010di n\u00e1hradu \u0161kody<\/li>\n<li>Hotel m\u00f4\u017ee v osobitn\u00fdch pr\u00edpadoch pon\u00faknu\u0165 hos\u0165ovi aj in\u00e9 ako dohodnut\u00e9 ubytovanie, pokia\u013e sa podstatne nel\u00ed\u0161i od u\u017e potvrdenej objedn\u00e1vky.<\/li>\n<li>Ubytovacie zariadenie pod\u013ea osobitn\u00fdch predpisov bod 18.6 Po\u0161tov\u00fdch podmienok \u2013 V\u0161eobecn\u00e1 \u010das\u0165 (vn\u00fatro\u0161t\u00e1tny styk) a\u00a0bodu 15.5 Po\u0161tov\u00fdch podmienok \u2013 V\u0161eobecn\u00e1 \u010das\u0165 (medzin\u00e1rodn\u00fd styk) Slovenskej po\u0161ty, a.s.) prij\u00edma z\u00e1sielky adresovan\u00e9 ubytovan\u00fdm hos\u0165om alebo hos\u0165om, ktor\u00ed maj\u00fa ubytovacie slu\u017eby objednan\u00e9. Tieto z\u00e1sielky s\u00fa povinn\u00e9 doru\u010di\u0165 adres\u00e1tom a ak to nie je mo\u017en\u00e9, vr\u00e1ti\u0165 ich sp\u00e4\u0165.<\/li>\n<li>Hotel zabezpe\u010d\u00ed pri ochoren\u00ed alebo zranen\u00ed hos\u0165a poskytnutie lek\u00e1rskej pomoci, pr\u00edp. prevoz do nemocnice.<\/li>\n<li>Hotel poskytuje ubytovan\u00fdm hos\u0165om slu\u017eby v rozsahu ur\u010denom t\u00fdmto Ubytovac\u00edm poriadkom,\u00a0Obchodn\u00fdmi podmienkami a\u00a0\u0161pecifik\u00e1ciou jednotlivej slu\u017eby poskytnutej ubytovan\u00e9mu hos\u0165ovi pred uzatvoren\u00edm zmluvy o ubytovan\u00ed.<\/li>\n<li>Pri vstupe do hotelovej izby si z\u00e1kazn\u00edk vo vlastnom z\u00e1ujme prekontroluje stav hotelovej izby a jednotliv\u00fdch zariaden\u00ed a ich funk\u010dnos\u0165 a pr\u00edpadn\u00e9 vady alebo nedostatky ihne\u010f ozn\u00e1mi recepcii hotela. Hos\u0165 pou\u017e\u00edva izbu po dobu, ktor\u00fa dohodol s hotelom pri pr\u00edchode.<\/li>\n<li>Hotelov\u00e1 hala a priestory lobby baru s\u00fa ur\u010den\u00e9 na pr\u00edjem n\u00e1v\u0161tev z\u00e1kazn\u00edkov ubytovan\u00fdch v hoteli. V hotelovej izbe smie z\u00e1kazn\u00edk prij\u00edma\u0165 n\u00e1v\u0161tevy len so s\u00fahlasom pracovn\u00edka recepcie<br \/>\nhotela a po zap\u00edsan\u00ed do knihy n\u00e1v\u0161tev a len v \u010dase od 8.00 do 22.00 hodiny.<\/li>\n<li>Hos\u0165 vy\u00fa\u010dtuje svoj pobyt\u00a0 pri pr\u00edchode na recepcii hotela. Hos\u0165 sa odhl\u00e1si z pobytu najnesk\u00f4r do 10.00 hod v de\u0148 odchodu, v tej istej dobe uvo\u013en\u00ed izbu. Ak hos\u0165 tak neurob\u00ed v ur\u010denej dobe m\u00f4\u017ee mu hotel \u00fa\u010dtova\u0165 pobyt aj nasleduj\u00faci de\u0148. V pr\u00edpade z\u00e1ujmu o skor\u00fd Check-in alebo neskor\u00fd Check-out kontaktujte, pros\u00edm, recepciu hotela. Poskytnutie t\u00fdchto doplnkov\u00fdch slu\u017eieb z\u00e1vis\u00ed od aktu\u00e1lnych prev\u00e1dzkov\u00fdch a kapacitn\u00fdch mo\u017enost\u00ed hotela. Poplatok za neskor\u00fd Check-out do 13:00 hod. \/ 30 \u20ac, do 16:00 hod. \/ 50% z ceny izby\/1 noc. Skor\u00fd Check-in do 10:00 hod. \/ 50% z ceny izby\/1 noc, od 10:00 \u2013 14:00 hod \/ 30 \u20ac.<\/li>\n<li>V hotelovej izbe alebo v priestoroch hotela nesmie hos\u0165 bez s\u00fahlasu vedenia hotela premiest\u0148ova\u0165 zariadenie, vykon\u00e1va\u0165 opravy a ak\u00e9ko\u013evek z\u00e1sahy do elektrickej siete alebo inej in\u0161tal\u00e1cie.<\/li>\n<li>Hotelov\u00ed zamestnanci m\u00f4\u017eu vstupova\u0165 do izieb za \u00fa\u010delom upratania izby, doplnenia minibaru a izbov\u00fdch doplnkov, v pr\u00edpade ak je nevyhnutn\u00e9 odstr\u00e1ni\u0165 poruchu, pr\u00edpadne poskytn\u00fa\u0165 zdravotn\u00fa pomoc, alebo v pr\u00edpade podozrenia z poru\u0161ovania ubytovacieho poriadku \u010di v\u00e1\u017eneho ohrozenia majetku hotela alebo in\u00fdch z\u00e1kazn\u00edkov alebo ohrozenia \u017eivota alebo zdravia os\u00f4b.<\/li>\n<li>V objekte hotela, osobitne v izb\u00e1ch nie je hos\u0165om povolen\u00e9 pou\u017e\u00edva\u0165 vlastn\u00e9 elektrick\u00e9 spotrebi\u010de, s v\u00fdnimkou elektrick\u00fdch spotrebi\u010dov sl\u00fa\u017eiacich na osobn\u00fa hygienu hos\u0165a (holiace, pr\u00edp. mas\u00e1\u017ene stroj\u010deky, su\u0161i\u010de vlasov a pod.).<\/li>\n<li>Hos\u0165 je povinn\u00fd pri odchode z izby uzatvori\u0165 vodovodn\u00e9 uz\u00e1very, vypn\u00fa\u0165 v izbe a pri\u013eahl\u00fdch priestoroch elektrick\u00e9 osvetlenie a \u010fal\u0161ie spotrebi\u010de (r\u00e1dio, telev\u00edzor a pod.) a uzatvori\u0165 dvere. Po ukon\u010den\u00ed pobytu, v de\u0148 odchodu pri odhl\u00e1sen\u00ed sa z hotela, odovzd\u00e1 hos\u0165 pridelen\u00e9 \u010dipov\u00e9 a osu\u0161kov\u00e9 karty na recepcii. V pr\u00edpade, \u017ee hos\u0165 karty neodovzd\u00e1, je povinn\u00fd uhradi\u0165 hotelu \u0161kodu (v pr\u00edpade \u010dipovej karty 5\u20ac\/karta a v pr\u00edpade osu\u0161kovej karty 10\u20ac\/karta). Z\u00e1kazn\u00edk je povinn\u00fd zanecha\u0165 hotelov\u00fa izbu v stave, v akom ju prevzal na za\u010diatku pobytu. V pr\u00edpade sp\u00f4sobenia \u0161kody alebo zmeny stavu hotelovej izby, je z\u00e1kazn\u00edk povinn\u00fd pred skon\u010den\u00edm pobytu uvies\u0165 hotelov\u00fa izbu na vlastn\u00e9 n\u00e1klady do p\u00f4vodn\u00e9ho stavu, inak je povinn\u00fd nahradi\u0165 prev\u00e1dzkovate\u013eovi v\u0161etky n\u00e1klady na uvedenie izby do p\u00f4vodn\u00e9ho stavu.<\/li>\n<li>Z bezpe\u010dnostn\u00fdch d\u00f4vodov nie je povolen\u00e9 necha\u0165 deti do 10 rokov bez dozoru dospel\u00fdch os\u00f4b v izbe a ostatn\u00fdch spolo\u010densk\u00fdch priestoroch hotela.<\/li>\n<li>\n<div class=\"v1elementToProof\">Hos\u0165ovi nie je dovolen\u00e9 bra\u0165 na izbu \u0161portov\u00e9 n\u00e1radie a predmety, pre ktor\u00e9 je na \u00faschovu vyhraden\u00e9 miesto. Ubytovanie so zviera\u0165om je povolen\u00e9 v\u00fdhradne na z\u00e1klade povolenia a uhradenia poplatku za pobyt so zviera\u0165om. Psy a in\u00e9 zvierat\u00e1 m\u00f4\u017eu by\u0165 ubytovan\u00e9 pod\u013ea osobitn\u00fdch predpisov. Cena za umiestnenie zvierat sa \u00fa\u010dtuje na z\u00e1klade dohodnutej ceny. Na ubytovanie zvierat sa vz\u0165ahuj\u00fa nasledovn\u00e9 opatrenia:<br \/>\n\u2013 nie je dovolen\u00e9, aby zvierat\u00e1 boli v hotelov\u00fdch priestoroch, vr\u00e1tane hotelovej izby, ponechan\u00e9 bez dozoru ubytovan\u00e9ho hos\u0165a (majite\u013ea alebo doprev\u00e1dzaj\u00facej osoby),<br \/>\n\u2013 zvierat\u00e1 sa nesm\u00fa necha\u0165 odpo\u010d\u00edva\u0165 \u2013 le\u017ea\u0165 na l\u00f4\u017eku alebo ostatnom zariaden\u00ed, ktor\u00e9 sl\u00fa\u017ei na odpo\u010dinok hos\u0165a. Nie je dovolen\u00e9 pou\u017e\u00edva\u0165 vane, sprchy, alebo um\u00fdvadl\u00e1 na k\u00fapanie a um\u00fdvanie zvierat,<br \/>\n\u2013 na k\u0155menie psov a in\u00fdch zvierat nesmie by\u0165 pou\u017eit\u00fd invent\u00e1r, ktor\u00fd sl\u00fa\u017ei na pr\u00edpravu a pod\u00e1vanie pokrmu hos\u0165om,<\/div>\n<div class=\"v1elementToProof\">\u2013 vo v\u0161etk\u00fdch verejn\u00fdch priestoroch hotela s\u00fa majitelia psov alebo doprev\u00e1dzaj\u00face osoby povinn\u00ed zabezpe\u010di\u0165, aby mali psy nasaden\u00fd n\u00e1hubok a boli veden\u00e9 na v\u00f4dzke,<\/div>\n<div class=\"v1elementToProof\">\u2013 vstup zvierat je zak\u00e1zan\u00fd do priestorov, v ktor\u00fdch sa pripravuj\u00fa alebo pod\u00e1vaj\u00fa jedl\u00e1 a\u00a0n\u00e1poje,<\/div>\n<div class=\"v1elementToProof\">\u2013 zodpovednos\u0165 za \u0161kody sp\u00f4soben\u00e9 zviera\u0165om na majetku hotela nesie hos\u0165 alebo majite\u013e zviera\u0165a.<\/div>\n<\/li>\n<li>Na \u00faschovu cenn\u00fdch vec\u00ed sl\u00fa\u017eia hos\u0165om trezory, ktor\u00e9 sa nach\u00e1dzaj\u00fa na ka\u017edej izbe.<\/li>\n<li>No\u010dn\u00fd k\u013eud v hoteli je od 22:00 hod. do 06:00 hod. Po\u010das no\u010dn\u00e9ho k\u013eudu nesmie hos\u0165 ru\u0161i\u0165 ostatn\u00fdch z\u00e1kazn\u00edkov. Nie je vhodn\u00e1 siln\u00e1 hlasitos\u0165 telev\u00edzie, hlu\u010dn\u00e9 rozpr\u00e1vanie, spev, hlasit\u00e9 rozhovory v hotelov\u00fdch chodb\u00e1ch, hotelovej terase a pod.<\/li>\n<li>V hoteli je na vidite\u013enom mieste vyvesen\u00fd po\u017eiarny poriadok \u2013 hosti s\u00fa povinn\u00ed riadi\u0165 sa n\u00edm po\u010das pobytu.<\/li>\n<li>Faj\u010denie je povolen\u00e9 len vo vyhraden\u00fdch priestoroch hotela. V hotelov\u00fdch izb\u00e1ch a spolo\u010densk\u00fdch priestoroch hotela plat\u00ed pr\u00edsny z\u00e1kaz faj\u010denia. Hotel je opr\u00e1vnen\u00fd \u00fa\u010dtova\u0165 sumu 50 \u20ac za poru\u0161enie tohto z\u00e1kazu. Z\u00e1kaz faj\u010denia plat\u00ed aj pre tzv. elektronick\u00e9 cigarety a in\u00e9 podobn\u00e9 v\u00fdrobky, ktor\u00e9 sa u\u017e\u00edvaj\u00fa faj\u010den\u00edm, aj ke\u010f neobsahuj\u00fa tabak. Pre faj\u010diarov s\u00fa vyhraden\u00e9 priestory, v ktor\u00fdch je povolen\u00e9 faj\u010di\u0165 \u2013 Cigar &amp; Lounge bar, priestory pred hotelom so stojanov\u00fdm popoln\u00edkom, terasa hotela pri Lobby bare.<\/li>\n<li>Reklama\u010dn\u00fd poriadok \u2013 inform\u00e1cie o podmienkach a sp\u00f4sobe uplatnenia pr\u00e1v zo zodpovednosti prev\u00e1dzkovate\u013ea za vady (\u010falej len \u201ereklam\u00e1cia\u201c) vr\u00e1tane \u00fadajov o tom, kde m\u00f4\u017ee reklam\u00e1ciu uplatni\u0165 a postup pri uplatnen\u00ed reklam\u00e1cie poskytovan\u00fdch slu\u017eieb v hoteli s\u00fa upraven\u00e9 v Reklama\u010dnom poriadku hotela, ktor\u00fd je zverejnen\u00fd na internetovej str\u00e1nke hotela www.horizontresort.sk a dostupn\u00fd na recepcii hotela.<\/li>\n<li>Prev\u00e1dzkovate\u013e hotela zodpoved\u00e1 za \u0161kodu vzniknut\u00fa z\u00e1kazn\u00edkovi po\u010das pobytu v hoteli v zmysle pr\u00edslu\u0161n\u00fdch ustanoven\u00ed Ob\u010dianskeho z\u00e1konn\u00edka a ostatn\u00fdch v\u0161eobecne z\u00e1v\u00e4zn\u00fdch pr\u00e1vnych predpisov platn\u00fdch a \u00fa\u010dinn\u00fdch na \u00fazem\u00ed Slovenskej republiky.<\/li>\n<li>Za klenoty, peniaze a in\u00e9 cennosti prev\u00e1dzkovate\u013e zodpoved\u00e1 len do sumy 332 \u20ac (s\u00fahrnn\u00e1 \u010diastka pre v\u0161etky vnesen\u00e9 alebo dolo\u017een\u00e9 cennosti v r\u00e1mci jedn\u00e9ho pobytu v hoteli), iba\u017ee boli prevzat\u00e9 prev\u00e1dzkovate\u013eom do \u00faschovy. Hotel pon\u00faka mo\u017enos\u0165 prevzatia klenotov, pe\u0148az\u00ed a in\u00fdch cennost\u00ed do \u00faschovy prev\u00e1dzkovate\u013ea a ich umiestnenia v trezore umiestnenom na recepcii hotela, pokia\u013e to prev\u00e1dzkov\u00e9 mo\u017enosti prev\u00e1dzkovate\u013ea umo\u017e\u0148uj\u00fa. O mo\u017enosti pod\u013ea<br \/>\npredch\u00e1dzaj\u00facej vety je z\u00e1kazn\u00edk povinn\u00fd informova\u0165 sa na recepcii hotela pri n\u00e1stupe na pobyt alebo kedyko\u013evek po\u010das pobytu. Za \u00faschovu sa na tento \u00fa\u010del nepova\u017euje umiestnenie klenotov, pe\u0148az\u00ed a in\u00fdch cennost\u00ed do trezoru alebo \u00faschovnej skrinky v hotelovej izbe.<\/li>\n<li>N\u00e1roky zo zodpovednosti prev\u00e1dzkovate\u013ea za \u0161kodu je z\u00e1kazn\u00edk povinn\u00fd uplatni\u0165 si v lehot\u00e1ch a sp\u00f4sobom ustanoven\u00fdmi pr\u00edslu\u0161n\u00fdmi ustanoveniami Ob\u010dianskeho z\u00e1konn\u00edka a ostatn\u00fdch v\u0161eobecne z\u00e1v\u00e4zn\u00fdch pr\u00e1vnych predpisov platn\u00fdch a \u00fa\u010dinn\u00fdch na \u00fazem\u00ed Slovenskej republiky.<\/li>\n<li>Zabudnut\u00e9 veci host\u00ed v hoteli s\u00fa evidovan\u00e9 a usklad\u0148ovan\u00e9 po dobu 6 mesiacov. Zabudnut\u00e9 veci hotel doru\u010d\u00ed z\u00e1kazn\u00edkovi len na z\u00e1klade jeho po\u017eiadavky doru\u010denej hotelu v uvedenej lehote na n\u00e1klady z\u00e1kazn\u00edka.<\/li>\n<li>Z\u00e1kazn\u00edk zodpoved\u00e1 za \u0161kodu sp\u00f4soben\u00fa n\u00edm alebo osobami, za ktor\u00e9 zodpoved\u00e1, na majetku prev\u00e1dzkovate\u013ea a\/alebo hotela, ako aj na \u017eivote, majetku alebo zdrav\u00ed zamestnancov<br \/>\nprev\u00e1dzkovate\u013ea alebo in\u00fdch z\u00e1kazn\u00edkov. Takto vzniknut\u00fa \u0161kodu je z\u00e1kazn\u00edk povinn\u00fd nahradi\u0165 po\u0161koden\u00e9mu (prev\u00e1dzkovate\u013eovi alebo z\u00e1kazn\u00edkovi alebo zamestnancovi) v zmysle pr\u00edslu\u0161n\u00fdch v\u0161eobecne z\u00e1v\u00e4zn\u00fdch pr\u00e1vnych predpisov.<\/li>\n<li>Hos\u0165 je povinn\u00fd poda\u0165 na recepcii hotela inform\u00e1ciu o odchode na individu\u00e1lnu t\u00faru a zap\u00edsa\u0165 sa do knihy vych\u00e1dzok a t\u00far.<\/li>\n<li>Do priestorov hotela je mo\u017en\u00e9 prich\u00e1dza\u0165 motorov\u00fdmi vozidlami len po pr\u00edstupov\u00fdch cest\u00e1ch a s vozidlami parkova\u0165 len na vyhraden\u00fdch miestach pre parkovanie ubytovan\u00fdch host\u00ed. Parkovacie plochy hotela nie s\u00fa str\u00e1\u017een\u00e9 a\u00a0cena ubytovania nezah\u0155\u0148a str\u00e1\u017eenie motorov\u00e9ho vozidla ubytovan\u00e9ho hos\u0165a odstaven\u00e9ho na parkovisku hotela, ani in\u00fd sp\u00f4sob jeho ochrany.<\/li>\n<li>S\u0165a\u017enosti hos\u0165a a pr\u00edpadn\u00e9 n\u00e1vrhy na zlep\u0161enie \u010dinnosti hotela prij\u00edma recepcia hotela.<\/li>\n<li>Ubytovan\u00fd hos\u0165 je povinn\u00fd dodr\u017eiava\u0165 ustanovenia ubytovacieho poriadku. V pr\u00edpade, \u017ee ho poru\u0161\u00ed hrub\u00fdm sp\u00f4sobom, hotel pod\u013ea $ 759 ods. 2 ob\u010dianskeho z\u00e1konn\u00edka m\u00f4\u017ee od zmluvy o ubytovac\u00edch slu\u017eb\u00e1ch odst\u00fapi\u0165 e\u0161te pred uplynut\u00edm dohodnut\u00e9ho \u010dasu.<\/li>\n<\/ol>\n<p>Tento ubytovac\u00ed poriadok nadob\u00fada platnos\u0165 a \u00fa\u010dinnos\u0165 d\u0148a 1.10.2022.<\/p>\n","protected":false},"excerpt":{"rendered":"<p>UBYTOVAC\u00cd\u00a0\u00a0PORIADOK \u2013 HOTEL HORIZONT RESORT**** Ubytovac\u00ed poriadok je vydan\u00fd spolo\u010dnos\u0165ou TATRA TRADING INTERNATIONAL s.r.o., Star\u00e1 Lesn\u00e1 178, 059 60 Tatransk\u00e1 Lomnica, I\u010cO: 35 710 501, spolo\u010dnos\u0165 zap\u00edsan\u00e1 v OR Okr. s\u00fadu Pre\u0161ov, odd. Sro, vlo\u017eka \u010d. 11587\/P (\u010falej len \u201eprev\u00e1dzkovate\u013e\u201c) a vz\u0165ahuje sa na poskytovanie ubytovac\u00edch a s t\u00fdm s\u00favisiacich slu\u017eieb (\u010falej len \u201eslu\u017eby\u201c) v&#8230;<\/p>\n","protected":false},"author":1,"featured_media":0,"parent":0,"menu_order":0,"comment_status":"closed","ping_status":"closed","template":"","meta":{"footnotes":""},"class_list":["post-5131","page","type-page","status-publish","hentry"],"acf":[],"aioseo_notices":[],"_links":{"self":[{"href":"https:\/\/www.horizontresort.sk\/hu\/wp-json\/wp\/v2\/pages\/5131","targetHints":{"allow":["GET"]}}],"collection":[{"href":"https:\/\/www.horizontresort.sk\/hu\/wp-json\/wp\/v2\/pages"}],"about":[{"href":"https:\/\/www.horizontresort.sk\/hu\/wp-json\/wp\/v2\/types\/page"}],"author":[{"embeddable":true,"href":"https:\/\/www.horizontresort.sk\/hu\/wp-json\/wp\/v2\/users\/1"}],"replies":[{"embeddable":true,"href":"https:\/\/www.horizontresort.sk\/hu\/wp-json\/wp\/v2\/comments?post=5131"}],"version-history":[{"count":1,"href":"https:\/\/www.horizontresort.sk\/hu\/wp-json\/wp\/v2\/pages\/5131\/revisions"}],"predecessor-version":[{"id":5132,"href":"https:\/\/www.horizontresort.sk\/hu\/wp-json\/wp\/v2\/pages\/5131\/revisions\/5132"}],"wp:attachment":[{"href":"https:\/\/www.horizontresort.sk\/hu\/wp-json\/wp\/v2\/media?parent=5131"}],"curies":[{"name":"wp","href":"https:\/\/api.w.org\/{rel}","templated":true}]}}