{"id":5122,"date":"2025-04-30T09:29:43","date_gmt":"2025-04-30T07:29:43","guid":{"rendered":"https:\/\/www.horizontresort.sk\/svadby\/"},"modified":"2026-03-16T16:07:11","modified_gmt":"2026-03-16T15:07:11","slug":"eskuvok","status":"publish","type":"page","link":"https:\/\/www.horizontresort.sk\/hu\/eskuvok\/","title":{"rendered":"Esk\u00fcv\u0151k"},"content":{"rendered":"<h3>Kezdj\u00fck el egy\u00fctt \u00edrni rendk\u00edv\u00fcli t\u00f6rt\u00e9net\u00fcket<\/h3>\n<p>Az \u00d6n\u00f6k felejthetetlen napja el\u00e9rhet\u0151 k\u00f6zels\u00e9gben van. Ossz\u00e1k meg vel\u00fcnk \u00e1lmaikat, mi pedig val\u00f3ra v\u00e1ltjuk azokat.<\/p>\n<p>Amennyiben konzult\u00e1ci\u00f3ra, szem\u00e9lyre szabott aj\u00e1nlatra vagy szem\u00e9lyes tal\u00e1lkoz\u00f3ra v\u00e1gynak, \u00f6r\u00f6mmel \u00e1llunk rendelkez\u00e9s\u00fckre. \u00cdrjanak n\u00e9h\u00e1ny sort, \u00e9s hamarosan jelentkez\u00fcnk egy, az \u00d6n\u00f6k szerelmi t\u00f6rt\u00e9net\u00e9hez illeszked\u0151 javaslattal.<\/p>\n<style type=\"text\/css\">\n\t\t\t#gallery-1 {\n\t\t\t\tmargin: auto;\n\t\t\t}\n\t\t\t#gallery-1 .gallery-item {\n\t\t\t\tfloat: left;\n\t\t\t\tmargin-top: 10px;\n\t\t\t\ttext-align: center;\n\t\t\t\twidth: 33%;\n\t\t\t}\n\t\t\t#gallery-1 img {\n\t\t\t\tborder: 2px solid #cfcfcf;\n\t\t\t}\n\t\t\t#gallery-1 .gallery-caption {\n\t\t\t\tmargin-left: 0;\n\t\t\t}\n\t\t\t\/* see gallery_shortcode() in wp-includes\/media.php *\/\n\t\t<\/style>\n<div id='gallery-1' class='gallery galleryid-5122 gallery-columns-3 gallery-size-thumbnail'>\n<dl class='gallery-item'>\n<dt class='gallery-icon landscape'>\n\t\t\t\t<a href='https:\/\/www.horizontresort.sk\/wp-content\/uploads\/2025\/03\/Horizont_Resort_1000x650_29.jpg' title=\"\" data-rl_title=\"\" class=\"rl-gallery-link\" data-rl_caption=\"\" data-rel=\"lightbox-gallery-1\"><img loading=\"lazy\" decoding=\"async\" width=\"800\" height=\"650\" src=\"https:\/\/www.horizontresort.sk\/wp-content\/uploads\/2025\/03\/Horizont_Resort_1000x650_29-800x650.jpg\" class=\"attachment-thumbnail size-thumbnail\" alt=\"\" \/><\/a>\n\t\t\t<\/dt>\n<\/dl>\n<dl class='gallery-item'>\n<dt class='gallery-icon landscape'>\n\t\t\t\t<a href='https:\/\/www.horizontresort.sk\/wp-content\/uploads\/2025\/03\/Horizont_Resort_1300x800_29.jpg' title=\"\" data-rl_title=\"\" class=\"rl-gallery-link\" data-rl_caption=\"\" data-rel=\"lightbox-gallery-1\"><img loading=\"lazy\" decoding=\"async\" width=\"800\" height=\"650\" src=\"https:\/\/www.horizontresort.sk\/wp-content\/uploads\/2025\/03\/Horizont_Resort_1300x800_29-800x650.jpg\" class=\"attachment-thumbnail size-thumbnail\" alt=\"\" \/><\/a>\n\t\t\t<\/dt>\n<\/dl>\n<dl class='gallery-item'>\n<dt class='gallery-icon landscape'>\n\t\t\t\t<a href='https:\/\/www.horizontresort.sk\/wp-content\/uploads\/2025\/03\/Horizont_Resort_1300x800_05.jpg' title=\"\" data-rl_title=\"\" class=\"rl-gallery-link\" data-rl_caption=\"\" data-rel=\"lightbox-gallery-1\"><img loading=\"lazy\" decoding=\"async\" width=\"800\" height=\"650\" src=\"https:\/\/www.horizontresort.sk\/wp-content\/uploads\/2025\/03\/Horizont_Resort_1300x800_05-800x650.jpg\" class=\"attachment-thumbnail size-thumbnail\" alt=\"\" \/><\/a>\n\t\t\t<\/dt>\n<\/dl>\n<p><br style=\"clear: both\" \/>\n\t\t<\/div>\n<h3>Az \u00d6n\u00f6k nagy napja az elegancia szenved\u00e9lyes \u00e9rint\u00e9s\u00e9vel<\/h3>\n<p>K\u00e9pzeljenek el egy esk\u00fcv\u0151t, amely ugyanolyan var\u00e1zslatos, mint a szerelm\u00fck. Egy esk\u00fcv\u0151t, amely nemcsak meghat, hanem l\u00e1ngra is gy\u00fajt. Egy t\u00f6k\u00e9letes helysz\u00ednen, ahol minden pillant\u00e1s elektromos \u00e9lm\u00e9nny\u00e9 v\u00e1lik, minden gesztus t\u00f6rt\u00e9netet mes\u00e9l, \u00e9s a szerelemnek saj\u00e1t \u00edze van.<\/p>\n<p>A Horizont Resort** sz\u00e1llod\u00e1ban nem csup\u00e1n egy szertart\u00e1s v\u00e1r \u00d6n\u00f6kre. Egy olyan \u00e9lm\u00e9nyt k\u00edn\u00e1lunk, amely simogatja az \u00e9rz\u00e9keket, fel\u00e9breszti az \u00e9rzelmeket, \u00e9s a legszebb eml\u00e9keket hagyja maga ut\u00e1n. Legyen sz\u00f3 meghitt \u00fcnnepl\u00e9sr\u0151l a csillagos \u00e9g alatt, eleg\u00e1ns, f\u00e9ny\u0171z\u0151 lakom\u00e1r\u00f3l vagy pezsg\u0151 hangulat\u00fa kerti partir\u00f3l, az \u00d6n\u00f6k szerelmi t\u00f6rt\u00e9nete lesz sz\u00e1munkra az inspir\u00e1ci\u00f3.<\/p>\n<style type=\"text\/css\">\n\t\t\t#gallery-2 {\n\t\t\t\tmargin: auto;\n\t\t\t}\n\t\t\t#gallery-2 .gallery-item {\n\t\t\t\tfloat: left;\n\t\t\t\tmargin-top: 10px;\n\t\t\t\ttext-align: center;\n\t\t\t\twidth: 33%;\n\t\t\t}\n\t\t\t#gallery-2 img {\n\t\t\t\tborder: 2px solid #cfcfcf;\n\t\t\t}\n\t\t\t#gallery-2 .gallery-caption {\n\t\t\t\tmargin-left: 0;\n\t\t\t}\n\t\t\t\/* see gallery_shortcode() in wp-includes\/media.php *\/\n\t\t<\/style>\n<div id='gallery-2' class='gallery galleryid-5122 gallery-columns-3 gallery-size-thumbnail'>\n<dl class='gallery-item'>\n<dt class='gallery-icon landscape'>\n\t\t\t\t<a href='https:\/\/www.horizontresort.sk\/wp-content\/uploads\/2025\/03\/Horizont_Resort_1300x800_15.jpg' title=\"\" data-rl_title=\"\" class=\"rl-gallery-link\" data-rl_caption=\"\" data-rel=\"lightbox-gallery-2\"><img loading=\"lazy\" decoding=\"async\" width=\"800\" height=\"650\" src=\"https:\/\/www.horizontresort.sk\/wp-content\/uploads\/2025\/03\/Horizont_Resort_1300x800_15-800x650.jpg\" class=\"attachment-thumbnail size-thumbnail\" alt=\"\" \/><\/a>\n\t\t\t<\/dt>\n<\/dl>\n<dl class='gallery-item'>\n<dt class='gallery-icon landscape'>\n\t\t\t\t<a href='https:\/\/www.horizontresort.sk\/wp-content\/uploads\/2025\/03\/Horizont_Resort_1300x800_11.jpg' title=\"\" data-rl_title=\"\" class=\"rl-gallery-link\" data-rl_caption=\"\" data-rel=\"lightbox-gallery-2\"><img loading=\"lazy\" decoding=\"async\" width=\"800\" height=\"650\" src=\"https:\/\/www.horizontresort.sk\/wp-content\/uploads\/2025\/03\/Horizont_Resort_1300x800_11-800x650.jpg\" class=\"attachment-thumbnail size-thumbnail\" alt=\"\" \/><\/a>\n\t\t\t<\/dt>\n<\/dl>\n<dl class='gallery-item'>\n<dt class='gallery-icon landscape'>\n\t\t\t\t<a href='https:\/\/www.horizontresort.sk\/wp-content\/uploads\/2025\/03\/Horizont_Resort_1300x800_14.jpg' title=\"\" data-rl_title=\"\" class=\"rl-gallery-link\" data-rl_caption=\"\" data-rel=\"lightbox-gallery-2\"><img loading=\"lazy\" decoding=\"async\" width=\"800\" height=\"650\" src=\"https:\/\/www.horizontresort.sk\/wp-content\/uploads\/2025\/03\/Horizont_Resort_1300x800_14-800x650.jpg\" class=\"attachment-thumbnail size-thumbnail\" alt=\"\" \/><\/a>\n\t\t\t<\/dt>\n<\/dl>\n<p><br style=\"clear: both\" \/>\n\t\t<\/div>\n<div class=\"gdc_row\">\n<div class=\"gdc_column gdc_chalf\">\n<div class=\"gdc_inner\">\n<p>Egy hely, ahol az \u00e1lmok val\u00f3ra v\u00e1lnak<\/p>\n<p>Horizont Resort** Star\u00e1 Lesn\u00e1**<\/p>\n<ul>\n<li>eleg\u00e1ns kongresszusi terem ak\u00e1r 150 f\u0151 r\u00e9sz\u00e9re<\/li>\n<li>VIP lounge bens\u0151s\u00e9ges hangulattal ak\u00e1r 30 f\u0151 r\u00e9sz\u00e9re<\/li>\n<li>kert romantikus szabadt\u00e9ri szertart\u00e1sokhoz<\/li>\n<\/ul>\n<\/div>\n<\/div>\n<div class=\"gdc_column gdc_chalf\">\n<div class=\"gdc_inner\">\n<h3>Mi\u00e9rt \u00e9rdemli meg az \u00d6n\u00f6k \u201eigenje\u201d a Horizont Resortot<\/h3>\n<p>Modern, id\u0151t\u00e1ll\u00f3 \u00e9s t\u00f6k\u00e9letesen felszerelt terek panor\u00e1m\u00e1s kil\u00e1t\u00e1ssal a leny\u0171g\u00f6z\u0151 Magas-T\u00e1tr\u00e1ra, amely m\u00e9lt\u00f3 tan\u00faja lesz az esk\u00fcj\u00fcknek Saj\u00e1t desszertek \u00e9s tort\u00e1k? Term\u00e9szetesen. Ha pedig nem szeretn\u00e9nek ezzel foglalkozni, \u00f6r\u00f6mmel elk\u00e9sz\u00edtj\u00fck \u00d6n\u00f6knek Saj\u00e1t bor vagy alkohol? Csak dug\u00f3d\u00edjat sz\u00e1m\u00edtunk fel, amely tartalmazza az italok<\/p>\n<p>h\u0171t\u00e9s\u00e9t, kezel\u00e9s\u00e9t, a felszolg\u00e1l\u00e1st \u00e9s a teljes lelt\u00e1roz\u00e1st A b\u00e9rleti d\u00edj tartalmazza az alap hangos\u00edt\u00e1st, technikust, asztalokat, eleg\u00e1ns, minimalista ter\u00edt\u00e9st feh\u00e9r abroszokkal \u00e9s feh\u00e9r szalv\u00e9t\u00e1kkal El\u00e9rhet\u0151s\u00e9g eset\u00e9n a terem m\u00e1r az esk\u00fcv\u0151 el\u0151tti napon rendelkez\u00e9s\u00fckre \u00e1ll a r\u00e9szletek nyugodt finomhangol\u00e1s\u00e1hoz<\/p>\n<\/div>\n<\/div>\n<\/div>\n<h3>Extra el\u0151ny\u00f6k a k\u00f6lts\u00e9gvet\u00e9s\u00fck \u00e9s k\u00e9nyelm\u00fck \u00e9rdek\u00e9ben<\/h3>\n<p>20% kedvezm\u00e9ny alkoholos \u00e9s alkoholmentes italokra, borokra \u00e9s r\u00f6viditalokra 20% kedvezm\u00e9ny a sz\u00e1ll\u00e1s \u00e1r\u00e1b\u00f3l \u00d6n\u00f6k \u00e9s vend\u00e9geik sz\u00e1m\u00e1ra, amely tartalmazza a gazdag b\u00fcf\u00e9reggelit, a wellness k\u00f6zpont bel\u00e9p\u0151t, Wi Fi kapcsolatot \u00e9s parkol\u00e1st ingyenes parkol\u00e1s<\/p>\n","protected":false},"excerpt":{"rendered":"<p>Kezdj\u00fck el egy\u00fctt \u00edrni rendk\u00edv\u00fcli t\u00f6rt\u00e9net\u00fcket Az \u00d6n\u00f6k felejthetetlen napja el\u00e9rhet\u0151 k\u00f6zels\u00e9gben van. Ossz\u00e1k meg vel\u00fcnk \u00e1lmaikat, mi pedig val\u00f3ra v\u00e1ltjuk azokat. Amennyiben konzult\u00e1ci\u00f3ra, szem\u00e9lyre szabott aj\u00e1nlatra vagy szem\u00e9lyes tal\u00e1lkoz\u00f3ra v\u00e1gynak, \u00f6r\u00f6mmel \u00e1llunk rendelkez\u00e9s\u00fckre. \u00cdrjanak n\u00e9h\u00e1ny sort, \u00e9s hamarosan jelentkez\u00fcnk egy, az \u00d6n\u00f6k szerelmi t\u00f6rt\u00e9net\u00e9hez illeszked\u0151 javaslattal. Az \u00d6n\u00f6k nagy napja az elegancia szenved\u00e9lyes \u00e9rint\u00e9s\u00e9vel&#8230;<\/p>\n","protected":false},"author":7,"featured_media":5038,"parent":0,"menu_order":0,"comment_status":"closed","ping_status":"closed","template":"template-svatby.php","meta":{"footnotes":""},"class_list":["post-5122","page","type-page","status-publish","has-post-thumbnail","hentry"],"acf":[],"aioseo_notices":[],"_links":{"self":[{"href":"https:\/\/www.horizontresort.sk\/hu\/wp-json\/wp\/v2\/pages\/5122","targetHints":{"allow":["GET"]}}],"collection":[{"href":"https:\/\/www.horizontresort.sk\/hu\/wp-json\/wp\/v2\/pages"}],"about":[{"href":"https:\/\/www.horizontresort.sk\/hu\/wp-json\/wp\/v2\/types\/page"}],"author":[{"embeddable":true,"href":"https:\/\/www.horizontresort.sk\/hu\/wp-json\/wp\/v2\/users\/7"}],"replies":[{"embeddable":true,"href":"https:\/\/www.horizontresort.sk\/hu\/wp-json\/wp\/v2\/comments?post=5122"}],"version-history":[{"count":3,"href":"https:\/\/www.horizontresort.sk\/hu\/wp-json\/wp\/v2\/pages\/5122\/revisions"}],"predecessor-version":[{"id":5240,"href":"https:\/\/www.horizontresort.sk\/hu\/wp-json\/wp\/v2\/pages\/5122\/revisions\/5240"}],"wp:featuredmedia":[{"embeddable":true,"href":"https:\/\/www.horizontresort.sk\/hu\/wp-json\/wp\/v2\/media\/5038"}],"wp:attachment":[{"href":"https:\/\/www.horizontresort.sk\/hu\/wp-json\/wp\/v2\/media?parent=5122"}],"curies":[{"name":"wp","href":"https:\/\/api.w.org\/{rel}","templated":true}]}}