{"id":5112,"date":"2020-04-22T11:04:32","date_gmt":"2020-04-22T09:04:32","guid":{"rendered":"https:\/\/www.horizontresort.sk\/o-hoteli\/"},"modified":"2026-03-13T08:58:27","modified_gmt":"2026-03-13T07:58:27","slug":"a-szallodarol","status":"publish","type":"page","link":"https:\/\/www.horizontresort.sk\/hu\/a-szallodarol\/","title":{"rendered":"A sz\u00e1llod\u00e1r\u00f3l"},"content":{"rendered":"<div class=\"gdc_row\">\n<div class=\"gdc_column gdc_cthird\">\n<div class=\"gdc_inner\">\n<p><img loading=\"lazy\" decoding=\"async\" class=\"alignnone size-full wp-image-934\" src=\"https:\/\/www.horizontresort.sk\/wp-content\/uploads\/2025\/03\/Horizont_Resort__9_650x650.jpg\" alt=\"\" width=\"650\" height=\"650\" srcset=\"https:\/\/www.horizontresort.sk\/wp-content\/uploads\/2025\/03\/Horizont_Resort__9_650x650.jpg 650w, https:\/\/www.horizontresort.sk\/wp-content\/uploads\/2025\/03\/Horizont_Resort__9_650x650-300x300.jpg 300w\" sizes=\"auto, (max-width: 650px) 100vw, 650px\" \/><\/p>\n<\/div>\n<\/div>\n<div class=\"gdc_column gdc_ctwo-thirds\">\n<div class=\"gdc_inner\">\n<h2>Vitajte v Hoteli Horizont Resort ****<\/h2>\n<p>Mil\u00ed hostia, dovo\u013ete aby sme v\u00e1s priv\u00edtali v na\u0161om hoteli Horizont Resort.<\/p>\n<p>Ak h\u013ead\u00e1te v\u00fdnimo\u010dn\u00e9 wellness pobyty, rodinn\u00fa dovolenku s de\u0165mi, romantick\u00fd pobyt pre v\u00e1\u0161ho partnera, alebo t\u00fa\u017eite po dokonalom relaxe, wellnesse a oddychu s \u00fa\u017easn\u00fdm v\u00fdh\u013eadom na \u0161t\u00edty Vysok\u00fdch Tatier, ste na spr\u00e1vnom mieste.<\/p>\n<p>Vysk\u00fa\u0161ajte slu\u017eby hotela Horizont Resort a rezervujte si vysn\u00edvan\u00fd pobyt.<\/p>\n<\/div>\n<\/div>\n<\/div>\n<div class=\"line\"><\/div>\n<div class=\"gdc_row\">\n<div class=\"gdc_column gdc_cthird\">\n<div class=\"gdc_inner\">\n<p><strong>Modern\u00e9 a komfortn\u00e9<\/strong><\/p>\n<h2>UBYTOVANIE V HOTELI HORIZONT RESORT<\/h2>\n<p>Hotel Horizont Resort pon\u00faka ubytovanie v 61 izb\u00e1ch r\u00f4znych kateg\u00f3rii. Izby Standard, Family Superior alebo Exclusive Suite a De Luxe apartm\u00e1noch. Celkov\u00e1 kapacita hotela je 122 pevn\u00fdch l\u00f4\u017eok a 32 pr\u00edstelok, spolu pre 154 os\u00f4b.<\/p>\n<\/div>\n<\/div>\n<div class=\"gdc_column gdc_cthird\">\n<div class=\"gdc_inner\">\n<p><strong>V\u00fdnimo\u010dn\u00e9 a profesion\u00e1lne<\/strong><\/p>\n<h2>RELAXA\u010cN\u00c9 &amp; WELLNESS SLU\u017dBY<\/h2>\n<p>Dominantou hotela je exkluz\u00edvna priv\u00e1tna z\u00f3na na streche hotela Vip Sky Lounge, Mountain wellness centrum vytvoren\u00e9 z c\u00e9drov\u00e9ho dreva s mno\u017estvom atrakci\u00ed, klasick\u00e9 relaxa\u010dn\u00e9 mas\u00e1\u017ee alebo thajsk\u00e9 mas\u00e1\u017ene centrum s roden\u00fdmi mas\u00e9rkami z Thajska.<\/p>\n<\/div>\n<\/div>\n<div class=\"gdc_column gdc_cthird\">\n<div class=\"gdc_inner\">\n<p><strong>Nad\u0161tandartn\u00e9 firemn\u00e9<\/strong><\/p>\n<h2>EVENTY A AKCIE<\/h2>\n<p>\u0160irok\u00e1 ponuka konferen\u010dn\u00fdch priestorov je prisp\u00f4soben\u00e1 najnov\u0161\u00edm trendom a po\u017eiadavk\u00e1m v oblasti eventov, \u0161kolen\u00ed, kongresov, svadieb, teambuildingov a firemn\u00fdch akci\u00ed. Pon\u00fakame v\u00e1m priestor variabilnej kongresovej s\u00e1ly pre 220 os\u00f4b, meeting room, biznis sal\u00f3nik, vip sal\u00f3nik alebo exteri\u00e9rov\u00e9 priestory v prekr\u00e1snom are\u00e1li hotela.<\/p>\n<\/div>\n<\/div>\n<\/div>\n<div class=\"line\"><\/div>\n<p><strong>Kto sme<\/strong><\/p>\n<h2>N\u00e1\u0161 pr\u00edbeh<\/h2>\n<div class=\"gdc_row\">\n<div class=\"gdc_column gdc_chalf\">\n<div class=\"gdc_inner\">\n<p><img loading=\"lazy\" decoding=\"async\" class=\"alignnone size-full wp-image-873\" src=\"https:\/\/www.horizontresort.sk\/wp-content\/uploads\/2025\/03\/Horizont_Resort_1000x650_39.jpg\" alt=\"\" width=\"1000\" height=\"650\" srcset=\"https:\/\/www.horizontresort.sk\/wp-content\/uploads\/2025\/03\/Horizont_Resort_1000x650_39.jpg 1000w, https:\/\/www.horizontresort.sk\/wp-content\/uploads\/2025\/03\/Horizont_Resort_1000x650_39-300x195.jpg 300w, https:\/\/www.horizontresort.sk\/wp-content\/uploads\/2025\/03\/Horizont_Resort_1000x650_39-768x499.jpg 768w\" sizes=\"auto, (max-width: 1000px) 100vw, 1000px\" \/><\/p>\n<\/div>\n<\/div>\n<div class=\"gdc_column gdc_chalf\">\n<div class=\"gdc_inner\">\n<p>Spolo\u010dnos\u0165 TATRA TRADING INTERNATIONAL s.r.o. vznikla v roku 1997 poskytovala ubytovacie a s\u00favisiace slu\u017eby v hoteli HORIZONT***.<\/p>\n<p>Hotel sa nach\u00e1dza v obci Star\u00e1 Lesn\u00e1 v tatranskom regi\u00f3ne s najvy\u0161\u0161\u00edm medzin\u00e1rodn\u00fdm v\u00fdznamom. V\u00fdhodn\u00e1 geografick\u00e1 poloha, dobr\u00e1 dopravn\u00e1 dostupnos\u0165, existencia rozsiahleho pr\u00edrodn\u00e9ho a kult\u00farno-historick\u00e9ho potenci\u00e1lu v regi\u00f3ne, v\u00fdborn\u00e9 podmienky pre zimn\u00fa aj letn\u00fa turistiku zaradili tento hotel u\u017e v minulosti k v\u00fdznamn\u00fdm hotelom na Slovensku. V\u010faka podpore z E\u00da realiz\u00e1ciou aktiv\u00edt projektu vzniklo po rekon\u0161trukcii v roku 2016 atrakt\u00edvne hotelov\u00e9 zariadenie schopn\u00e9 \u00faspe\u0161ne reagova\u0165 na po\u017eiadavky cie\u013eov\u00fdch skup\u00edn, disponuj\u00face komplexnou ponukou slu\u017eieb cestovn\u00e9ho ruchu vysok\u00e9ho \u0161tandardu s celoro\u010dn\u00fdm vyu\u017eit\u00edm, ktor\u00e9 v okol\u00ed Starej Lesnej neboli dosia\u013e pr\u00edstupn\u00e9.<\/p>\n<\/div>\n<\/div>\n<\/div>\n<p>Novovybudovan\u00e1 kongresov\u00e1 s\u00e1la umo\u017enila na\u0161tartovanie kongresovej turistiky, synergick\u00fdm efektom je efekt\u00edvnej\u0161ie a intenz\u00edvnej\u0161ie vyu\u017eitie existuj\u00facich ubytovac\u00edch kapac\u00edt a gastronomick\u00fdch slu\u017eieb. Kongresov\u00e1 s\u00e1la sa vyu\u017e\u00edva celoro\u010dne nielen pre firemn\u00e9 podujatia, ale aj pre r\u00f4zne spolo\u010densk\u00e9, kult\u00farne a rodinn\u00e9 podujatia. V\u00fdnimo\u010dn\u00e1 poloha hotela, s n\u00e1dhern\u00fdm v\u00fdh\u013eadom rovno na Lomnick\u00fd \u0161t\u00edt a naj\u0161ir\u0161ia ponuka v\u00fdnimo\u010dn\u00fdch wellness slu\u017eieb nadchne ka\u017ed\u00e9ho n\u00e1v\u0161tevn\u00edka tohto rezortu.<\/p>\n<p>Sme radi, \u017ee v\u00e1s budeme m\u00f4c\u0165 priv\u00edta\u0165 v na\u0161om hoteli a poskytn\u00fa\u0165 v\u00e1m tie najlep\u0161ie z\u00e1\u017eitky pre v\u00e1\u0161 nezabudnute\u013en\u00fd pobyt a presved\u010di\u0165 v\u00e1s o kvalite na\u0161ich slu\u017eieb.<\/p>\n","protected":false},"excerpt":{"rendered":"<p>Kto sme N\u00e1\u0161 pr\u00edbeh Novovybudovan\u00e1 kongresov\u00e1 s\u00e1la umo\u017enila na\u0161tartovanie kongresovej turistiky, synergick\u00fdm efektom je efekt\u00edvnej\u0161ie a intenz\u00edvnej\u0161ie vyu\u017eitie existuj\u00facich ubytovac\u00edch kapac\u00edt a gastronomick\u00fdch slu\u017eieb. Kongresov\u00e1 s\u00e1la sa vyu\u017e\u00edva celoro\u010dne nielen pre firemn\u00e9 podujatia, ale aj pre r\u00f4zne spolo\u010densk\u00e9, kult\u00farne a rodinn\u00e9 podujatia. V\u00fdnimo\u010dn\u00e1 poloha hotela, s n\u00e1dhern\u00fdm v\u00fdh\u013eadom rovno na Lomnick\u00fd \u0161t\u00edt a naj\u0161ir\u0161ia ponuka&#8230;<\/p>\n","protected":false},"author":1,"featured_media":0,"parent":0,"menu_order":41,"comment_status":"closed","ping_status":"closed","template":"","meta":{"footnotes":""},"class_list":["post-5112","page","type-page","status-publish","hentry"],"acf":[],"aioseo_notices":[],"_links":{"self":[{"href":"https:\/\/www.horizontresort.sk\/hu\/wp-json\/wp\/v2\/pages\/5112","targetHints":{"allow":["GET"]}}],"collection":[{"href":"https:\/\/www.horizontresort.sk\/hu\/wp-json\/wp\/v2\/pages"}],"about":[{"href":"https:\/\/www.horizontresort.sk\/hu\/wp-json\/wp\/v2\/types\/page"}],"author":[{"embeddable":true,"href":"https:\/\/www.horizontresort.sk\/hu\/wp-json\/wp\/v2\/users\/1"}],"replies":[{"embeddable":true,"href":"https:\/\/www.horizontresort.sk\/hu\/wp-json\/wp\/v2\/comments?post=5112"}],"version-history":[{"count":1,"href":"https:\/\/www.horizontresort.sk\/hu\/wp-json\/wp\/v2\/pages\/5112\/revisions"}],"predecessor-version":[{"id":5113,"href":"https:\/\/www.horizontresort.sk\/hu\/wp-json\/wp\/v2\/pages\/5112\/revisions\/5113"}],"wp:attachment":[{"href":"https:\/\/www.horizontresort.sk\/hu\/wp-json\/wp\/v2\/media?parent=5112"}],"curies":[{"name":"wp","href":"https:\/\/api.w.org\/{rel}","templated":true}]}}