{"id":2924,"date":"2020-04-22T11:04:32","date_gmt":"2020-04-22T09:04:32","guid":{"rendered":"https:\/\/www.horizontresort.sk\/o-hoteli\/"},"modified":"2025-03-24T12:41:56","modified_gmt":"2025-03-24T11:41:56","slug":"about-hotel","status":"publish","type":"page","link":"https:\/\/www.horizontresort.sk\/en\/about-hotel\/","title":{"rendered":"About hotel"},"content":{"rendered":"<div class=\"gdc_row\">\n<div class=\"gdc_column gdc_cthird\">\n<div class=\"gdc_inner\">\n<p><img loading=\"lazy\" decoding=\"async\" class=\"alignnone size-full wp-image-934\" src=\"https:\/\/www.horizontresort.sk\/wp-content\/uploads\/2025\/03\/Horizont_Resort__9_650x650.jpg\" alt=\"\" width=\"650\" height=\"650\" srcset=\"https:\/\/www.horizontresort.sk\/wp-content\/uploads\/2025\/03\/Horizont_Resort__9_650x650.jpg 650w, https:\/\/www.horizontresort.sk\/wp-content\/uploads\/2025\/03\/Horizont_Resort__9_650x650-300x300.jpg 300w\" sizes=\"auto, (max-width: 650px) 100vw, 650px\" \/><\/p>\n<\/div>\n<\/div>\n<div class=\"gdc_column gdc_ctwo-thirds\">\n<div class=\"gdc_inner\">\n<h2>Welcome to Hotel Horizont Resort ****<\/h2>\n<p>Dear guests, let us welcome you to our hotel Horizont Resort.<\/p>\n<p>If you are looking for exceptional wellness stays, a family vacation with children, a romantic stay for your partner, or you are looking for perfect relaxation, wellness and rest with a stunning view of the peaks of the High Tatras, you are in the right place.<\/p>\n<p>Try the services of the hotel Horizont Resort and book your dream stay.<\/p>\n<\/div>\n<\/div>\n<\/div>\n<div class=\"line\"><\/div>\n<div class=\"gdc_row\">\n<div class=\"gdc_column gdc_cthird\">\n<div class=\"gdc_inner\">\n<h3>Modern and comfortable<\/h3>\n<h2>ACCOMMODATION AT HOTEL HORIZONT RESORT<\/h2>\n<p>Hotel Horizont Resort offers accommodation in 61 rooms of various categories. Standard, Family Superior or Exclusive Suite rooms and De Luxe apartments. The total capacity of the hotel is 122 fixed beds and 32 extra beds, for a total of 154 people.<\/p>\n<\/div>\n<\/div>\n<div class=\"gdc_column gdc_cthird\">\n<div class=\"gdc_inner\">\n<h3>Exceptional and professional<\/h3>\n<h2>RELAXATION &amp; WELLNESS SERVICES<\/h2>\n<p>The hotel&#8217;s highlight is the exclusive private rooftop area, the Vip Sky Lounge, a Mountain wellness center made of cedar wood with many attractions, classic relaxation massages or a Thai massage center with native masseuses from Thailand.<\/p>\n<\/div>\n<\/div>\n<div class=\"gdc_column gdc_cthird\">\n<div class=\"gdc_inner\">\n<h3>Above-standard corporate<\/h3>\n<h2>EVENTS<\/h2>\n<p>A wide range of conference facilities is adapted to the latest trends and requirements in the field of events, trainings, congresses, weddings, teambuildings and corporate events. We offer you the space of a variable congress hall for 220 people, a meeting room, a business lounge, a VIP lounge or exterior spaces in the beautiful hotel grounds.<\/p>\n<\/div>\n<\/div>\n<\/div>\n<div class=\"line\"><\/div>\n<p><strong>Who we are<\/strong><\/p>\n<h2>Our story<\/h2>\n<div class=\"gdc_row\">\n<div class=\"gdc_column gdc_chalf\">\n<div class=\"gdc_inner\">\n<p><img loading=\"lazy\" decoding=\"async\" class=\"alignnone size-full wp-image-873\" src=\"https:\/\/www.horizontresort.sk\/wp-content\/uploads\/2025\/03\/Horizont_Resort_1000x650_39.jpg\" alt=\"\" width=\"1000\" height=\"650\" srcset=\"https:\/\/www.horizontresort.sk\/wp-content\/uploads\/2025\/03\/Horizont_Resort_1000x650_39.jpg 1000w, https:\/\/www.horizontresort.sk\/wp-content\/uploads\/2025\/03\/Horizont_Resort_1000x650_39-300x195.jpg 300w, https:\/\/www.horizontresort.sk\/wp-content\/uploads\/2025\/03\/Horizont_Resort_1000x650_39-768x499.jpg 768w\" sizes=\"auto, (max-width: 1000px) 100vw, 1000px\" \/><\/p>\n<\/div>\n<\/div>\n<div class=\"gdc_column gdc_chalf\">\n<div class=\"gdc_inner\">\n<p>TATRA TRADING INTERNATIONAL s.r.o. was founded in 1997 and provided accommodation and related services in the HORIZONT*** hotel.<\/p>\n<p>The hotel is located in the village of Star\u00e1 Lesn\u00e1 in the Tatra region of the highest international importance. The advantageous geographical location, good transport accessibility, the existence of extensive natural and cultural-historical potential in the region, excellent conditions for winter and summer tourism have already ranked this hotel among the important hotels in Slovakia in the past. Thanks to EU support for the implementation of project activities, an attractive hotel facility was created after reconstruction in 2016, capable of successfully responding to the requirements of target groups, with a comprehensive offer of high-standard tourism services with year-round use, which were not available in the vicinity of Star\u00e1 Lesn\u00e1 until now.<\/p>\n<\/div>\n<\/div>\n<\/div>\n<p>The newly built congress hall has enabled the start of congress tourism, the synergistic effect is a more efficient and intensive use of existing accommodation capacities and gastronomic services. The congress hall is used all year round not only for corporate events, but also for various social, cultural and family events. The exceptional location of the hotel, with a beautiful view directly to the Lomnick\u00fd \u0161t\u00edt and the widest range of exceptional wellness services will delight every visitor to this resort.<\/p>\n<p>We are pleased to be able to welcome you to our hotel and provide you with the best experiences for your unforgettable stay and convince you of the quality of our services.<\/p>\n","protected":false},"excerpt":{"rendered":"<p>Who we are Our story The newly built congress hall has enabled the start of congress tourism, the synergistic effect is a more efficient and intensive use of existing accommodation capacities and gastronomic services. The congress hall is used all year round not only for corporate events, but also for various social, cultural and family&#8230;<\/p>\n","protected":false},"author":1,"featured_media":0,"parent":0,"menu_order":41,"comment_status":"closed","ping_status":"closed","template":"","meta":{"footnotes":""},"class_list":["post-2924","page","type-page","status-publish","hentry"],"acf":[],"aioseo_notices":[],"_links":{"self":[{"href":"https:\/\/www.horizontresort.sk\/en\/wp-json\/wp\/v2\/pages\/2924","targetHints":{"allow":["GET"]}}],"collection":[{"href":"https:\/\/www.horizontresort.sk\/en\/wp-json\/wp\/v2\/pages"}],"about":[{"href":"https:\/\/www.horizontresort.sk\/en\/wp-json\/wp\/v2\/types\/page"}],"author":[{"embeddable":true,"href":"https:\/\/www.horizontresort.sk\/en\/wp-json\/wp\/v2\/users\/1"}],"replies":[{"embeddable":true,"href":"https:\/\/www.horizontresort.sk\/en\/wp-json\/wp\/v2\/comments?post=2924"}],"version-history":[{"count":5,"href":"https:\/\/www.horizontresort.sk\/en\/wp-json\/wp\/v2\/pages\/2924\/revisions"}],"predecessor-version":[{"id":3443,"href":"https:\/\/www.horizontresort.sk\/en\/wp-json\/wp\/v2\/pages\/2924\/revisions\/3443"}],"wp:attachment":[{"href":"https:\/\/www.horizontresort.sk\/en\/wp-json\/wp\/v2\/media?parent=2924"}],"curies":[{"name":"wp","href":"https:\/\/api.w.org\/{rel}","templated":true}]}}