{"id":9,"date":"2020-04-22T11:04:32","date_gmt":"2020-04-22T09:04:32","guid":{"rendered":"http:\/\/orion.mh370.cz\/?page_id=9"},"modified":"2025-03-24T12:39:31","modified_gmt":"2025-03-24T11:39:31","slug":"o-hoteli","status":"publish","type":"page","link":"https:\/\/www.horizontresort.sk\/cs\/o-hoteli\/","title":{"rendered":"O hotelu"},"content":{"rendered":"<div class=\"gdc_row\">\n<div class=\"gdc_column gdc_cthird\">\n<div class=\"gdc_inner\">\n<p><img loading=\"lazy\" decoding=\"async\" class=\"alignnone size-full wp-image-934\" src=\"https:\/\/www.horizontresort.sk\/wp-content\/uploads\/2025\/03\/Horizont_Resort__9_650x650.jpg\" alt=\"\" width=\"650\" height=\"650\" srcset=\"https:\/\/www.horizontresort.sk\/wp-content\/uploads\/2025\/03\/Horizont_Resort__9_650x650.jpg 650w, https:\/\/www.horizontresort.sk\/wp-content\/uploads\/2025\/03\/Horizont_Resort__9_650x650-300x300.jpg 300w\" sizes=\"auto, (max-width: 650px) 100vw, 650px\" \/><\/p>\n<\/div>\n<\/div>\n<div class=\"gdc_column gdc_ctwo-thirds\">\n<div class=\"gdc_inner\">\n<h2>V\u00edtejte v Hotelu Horizont Resort ****<\/h2>\n<p>Mil\u00ed host\u00e9, dovolte, abychom v\u00e1s p\u0159iv\u00edtali v na\u0161em hotelu Horizont Resort.<\/p>\n<p>Pokud hled\u00e1te v\u00fdjime\u010dn\u00e9 wellness pobyty, rodinnou dovolenou s d\u011btmi, romantick\u00fd pobyt pro va\u0161eho partnera, nebo tou\u017e\u00edte po dokonal\u00e9m relaxu, wellnessu a odpo\u010dinku s \u00fa\u017easn\u00fdm v\u00fdhledem na \u0161t\u00edty Vysok\u00fdch Tater, jste na spr\u00e1vn\u00e9m m\u00edst\u011b.<\/p>\n<p>Vyzkou\u0161ejte slu\u017eby hotelu Horizont Resort a rezervujte si vysn\u011bn\u00fd pobyt.<\/p>\n<\/div>\n<\/div>\n<\/div>\n<div class=\"line\"><\/div>\n<div class=\"gdc_row\">\n<div class=\"gdc_column gdc_cthird\">\n<div class=\"gdc_inner\">\n<h3>Modern\u00ed a komfortn\u00ed<\/h3>\n<h2>UBYTOV\u00c1N\u00cd V HOTELU HORIZONT RESORT<\/h2>\n<p>Hotel Horizont Resort nab\u00edz\u00ed ubytov\u00e1n\u00ed v 61 pokoj\u00edch r\u016fzn\u00fdch kategori\u00ed. Pokoje Standard, Family Superior nebo Exclusive Suite a De Luxe apartm\u00e1nech. Celkov\u00e1 kapacita hotelu je 122 pevn\u00fdch l\u016f\u017eek a 32 p\u0159ist\u00fdlek, celkem pro 154 osob.<\/p>\n<\/div>\n<\/div>\n<div class=\"gdc_column gdc_cthird\">\n<div class=\"gdc_inner\">\n<h3>V\u00fdjime\u010dn\u00e9 a profesion\u00e1ln\u00ed<\/h3>\n<h2>RELAXA\u010cN\u00cd &amp; WELLNESS SLU\u017dBY<\/h2>\n<p>Dominantou hotelu je exkluzivn\u00ed priv\u00e1tn\u00ed z\u00f3na na st\u0159e\u0161e hotelu Vip Sky Lounge, Mountain wellness centrum vytvo\u0159en\u00e9 z cedrov\u00e9ho d\u0159eva se spoustou atrakc\u00ed, klasick\u00e9 relaxa\u010dn\u00ed mas\u00e1\u017ee nebo thajsk\u00e9 mas\u00e1\u017en\u00ed centrum s rodil\u00fdmi mas\u00e9rkami z Thajska.<\/p>\n<\/div>\n<\/div>\n<div class=\"gdc_column gdc_cthird\">\n<div class=\"gdc_inner\">\n<h3>Nadstandardn\u00ed firemn\u00ed<\/h3>\n<h2>EVENTY A AKCE<\/h2>\n<p>\u0160irok\u00e1 nab\u00eddka konferen\u010dn\u00edch prostor je p\u0159izp\u016fsobena nejnov\u011bj\u0161\u00edm trend\u016fm a po\u017eadavk\u016fm v oblasti event\u016f, \u0161kolen\u00ed, kongres\u016f, svateb, teambuilding\u016f a firemn\u00edch akc\u00ed. Nab\u00edz\u00edme v\u00e1m prostor variabiln\u00edho kongresov\u00e9ho s\u00e1lu pro 220 osob, meeting room, byznys salonek, vip salonek nebo exteri\u00e9rov\u00e9 \u200b\u200bprostory v p\u0159ekr\u00e1sn\u00e9m are\u00e1lu hotelu.<\/p>\n<\/div>\n<\/div>\n<\/div>\n<div class=\"line\"><\/div>\n<p><strong>Kdo jsme<\/strong><\/p>\n<h2>N\u00e1\u0161 p\u0159\u00edb\u011bh<\/h2>\n<div class=\"gdc_row\">\n<div class=\"gdc_column gdc_chalf\">\n<div class=\"gdc_inner\">\n<p><img loading=\"lazy\" decoding=\"async\" class=\"alignnone size-full wp-image-873\" src=\"https:\/\/www.horizontresort.sk\/wp-content\/uploads\/2025\/03\/Horizont_Resort_1000x650_39.jpg\" alt=\"\" width=\"1000\" height=\"650\" srcset=\"https:\/\/www.horizontresort.sk\/wp-content\/uploads\/2025\/03\/Horizont_Resort_1000x650_39.jpg 1000w, https:\/\/www.horizontresort.sk\/wp-content\/uploads\/2025\/03\/Horizont_Resort_1000x650_39-300x195.jpg 300w, https:\/\/www.horizontresort.sk\/wp-content\/uploads\/2025\/03\/Horizont_Resort_1000x650_39-768x499.jpg 768w\" sizes=\"auto, (max-width: 1000px) 100vw, 1000px\" \/><\/p>\n<\/div>\n<\/div>\n<div class=\"gdc_column gdc_chalf\">\n<div class=\"gdc_inner\">\n<p>Spole\u010dnost TATRA TRADING INTERNATIONAL s.r.o. vznikla v roce 1997 poskytovala ubytovac\u00ed a souvisej\u00edc\u00ed slu\u017eby v hotelu HORIZONT***.<\/p>\n<p>Hotel se nach\u00e1z\u00ed v obci Star\u00e1 Lesn\u00e1 v tatransk\u00e9m regionu s nejvy\u0161\u0161\u00edm mezin\u00e1rodn\u00edm v\u00fdznamem. V\u00fdhodn\u00e1 geografick\u00e1 poloha, dobr\u00e1 dopravn\u00ed dostupnost, existence rozs\u00e1hl\u00e9ho p\u0159\u00edrodn\u00edho a kulturn\u011b-historick\u00e9ho potenci\u00e1lu v regionu, v\u00fdborn\u00e9 podm\u00ednky pro zimn\u00ed i letn\u00ed turistiku za\u0159adily tento hotel ji\u017e v minulosti k v\u00fdznamn\u00fdm hotel\u016fm na Slovensku. D\u00edky podpo\u0159e z EU realizac\u00ed aktivit projektu vzniklo po rekonstrukci v roce 2016 atraktivn\u00ed hotelov\u00e9 za\u0159\u00edzen\u00ed schopn\u00e9 \u00fasp\u011b\u0161n\u011b reagovat na po\u017eadavky c\u00edlov\u00fdch skupin, disponuj\u00edc\u00ed komplexn\u00ed nab\u00eddkou slu\u017eeb cestovn\u00edho ruchu vysok\u00e9ho standardu s celoro\u010dn\u00edm vyu\u017eit\u00edm, kter\u00e9 v okol\u00ed Star\u00e9 Lesn\u00e9 nebyly dosud p\u0159\u00edstupn\u00e9.<\/p>\n<\/div>\n<\/div>\n<\/div>\n<p>Nov\u011b vybudovan\u00fd kongresov\u00fd s\u00e1l umo\u017enil nastartov\u00e1n\u00ed kongresov\u00e9 turistiky, synergick\u00fdm efektem je efektivn\u011bj\u0161\u00ed a intenzivn\u011bj\u0161\u00ed vyu\u017eit\u00ed st\u00e1vaj\u00edc\u00edch ubytovac\u00edch kapacit a gastronomick\u00fdch slu\u017eeb. Kongresov\u00fd s\u00e1l se vyu\u017e\u00edv\u00e1 celoro\u010dn\u011b nejen pro firemn\u00ed akce, ale tak\u00e9 pro r\u016fzn\u00e9 spole\u010densk\u00e9, kulturn\u00ed a rodinn\u00e9 akce. V\u00fdjime\u010dn\u00e1 poloha hotelu, s n\u00e1dhern\u00fdm v\u00fdhledem rovnou na Lomnick\u00fd \u0161t\u00edt a nej\u0161ir\u0161\u00ed nab\u00eddka v\u00fdjime\u010dn\u00fdch wellness slu\u017eeb nadchne ka\u017ed\u00e9ho n\u00e1v\u0161t\u011bvn\u00edka tohoto resortu.<\/p>\n<p>Jsme r\u00e1di, \u017ee v\u00e1s budeme moci p\u0159iv\u00edtat v na\u0161em hotelu a poskytnout v\u00e1m ty nejlep\u0161\u00ed z\u00e1\u017eitky pro v\u00e1\u0161 nezapomenuteln\u00fd pobyt a p\u0159esv\u011bd\u010dit v\u00e1s o kvalit\u011b na\u0161ich slu\u017eeb.<\/p>\n","protected":false},"excerpt":{"rendered":"<p>Kdo jsme N\u00e1\u0161 p\u0159\u00edb\u011bh Nov\u011b vybudovan\u00fd kongresov\u00fd s\u00e1l umo\u017enil nastartov\u00e1n\u00ed kongresov\u00e9 turistiky, synergick\u00fdm efektem je efektivn\u011bj\u0161\u00ed a intenzivn\u011bj\u0161\u00ed vyu\u017eit\u00ed st\u00e1vaj\u00edc\u00edch ubytovac\u00edch kapacit a gastronomick\u00fdch slu\u017eeb. Kongresov\u00fd s\u00e1l se vyu\u017e\u00edv\u00e1 celoro\u010dn\u011b nejen pro firemn\u00ed akce, ale tak\u00e9 pro r\u016fzn\u00e9 spole\u010densk\u00e9, kulturn\u00ed a rodinn\u00e9 akce. V\u00fdjime\u010dn\u00e1 poloha hotelu, s n\u00e1dhern\u00fdm v\u00fdhledem rovnou na Lomnick\u00fd \u0161t\u00edt a nej\u0161ir\u0161\u00ed&#8230;<\/p>\n","protected":false},"author":1,"featured_media":0,"parent":0,"menu_order":41,"comment_status":"closed","ping_status":"closed","template":"","meta":{"footnotes":""},"class_list":["post-9","page","type-page","status-publish","hentry"],"acf":[],"aioseo_notices":[],"_links":{"self":[{"href":"https:\/\/www.horizontresort.sk\/cs\/wp-json\/wp\/v2\/pages\/9","targetHints":{"allow":["GET"]}}],"collection":[{"href":"https:\/\/www.horizontresort.sk\/cs\/wp-json\/wp\/v2\/pages"}],"about":[{"href":"https:\/\/www.horizontresort.sk\/cs\/wp-json\/wp\/v2\/types\/page"}],"author":[{"embeddable":true,"href":"https:\/\/www.horizontresort.sk\/cs\/wp-json\/wp\/v2\/users\/1"}],"replies":[{"embeddable":true,"href":"https:\/\/www.horizontresort.sk\/cs\/wp-json\/wp\/v2\/comments?post=9"}],"version-history":[{"count":12,"href":"https:\/\/www.horizontresort.sk\/cs\/wp-json\/wp\/v2\/pages\/9\/revisions"}],"predecessor-version":[{"id":3442,"href":"https:\/\/www.horizontresort.sk\/cs\/wp-json\/wp\/v2\/pages\/9\/revisions\/3442"}],"wp:attachment":[{"href":"https:\/\/www.horizontresort.sk\/cs\/wp-json\/wp\/v2\/media?parent=9"}],"curies":[{"name":"wp","href":"https:\/\/api.w.org\/{rel}","templated":true}]}}