{"id":764,"date":"2020-11-02T14:18:39","date_gmt":"2020-11-02T13:18:39","guid":{"rendered":"http:\/\/arka.mh370.cz\/?page_id=764"},"modified":"2026-04-09T22:09:21","modified_gmt":"2026-04-09T20:09:21","slug":"uzitecne-informace","status":"publish","type":"page","link":"https:\/\/www.horizontresort.sk\/cs\/o-hoteli\/uzitecne-informace\/","title":{"rendered":"U\u017eite\u010dn\u00e9 informace"},"content":{"rendered":"<p>V\u00e1\u017een\u00ed host\u00e9, p\u0159ipravili jsme pro v\u00e1s nejd\u016fle\u017eit\u011bj\u0161\u00ed informace k pobytu v na\u0161em hotelu. V p\u0159\u00edpad\u011b jak\u00fdchkoli dotaz\u016f kontaktujte na\u0161i hotelovou recepci nebo rezerva\u010dn\u00ed odd\u011blen\u00ed. P\u0159ejeme v\u00e1m p\u0159\u00edjemn\u00fd pobyt.<\/p>\n<h2>Recepce<\/h2>\n<div class=\"gdc_row\">\n<div class=\"gdc_column gdc_chalf\">\n<div class=\"gdc_inner\">\n<p><strong>ONLINE CHECK-IN REGISTRA\u010cN\u00cd FORMUL\u00c1\u0158<\/strong><\/p>\n<p>Abychom v\u00e1m u\u0161et\u0159ili \u010das a zp\u0159\u00edjemnili v\u00e1\u0161 pobyt, zavedli jsme rychl\u00fd online Check-in. Tento n\u00e1stroj v\u00e1m umo\u017en\u00ed rychle a jednodu\u0161e se ubytovat bez zbyte\u010dn\u00e9ho \u010dek\u00e1n\u00ed na recepci.<\/p>\n<p>Automaticky v\u00e1m po\u0161leme e-mail s v\u00fdzvou k online Check-in 3 dny p\u0159ed va\u0161\u00edm p\u0159\u00edjezdem. Pokud byste zapomn\u011bli, syst\u00e9m v\u00e1s upozorn\u00ed je\u0161t\u011b 1 den p\u0159ed va\u0161\u00edm p\u0159\u00edchodem.<\/p>\n<p>Formul\u00e1\u0159 online Check-in je velmi jednoduch\u00fd a vy\u017eaduje z\u00e1kladn\u00ed osobn\u00ed \u00fadaje jako jm\u00e9no, p\u0159\u00edjmen\u00ed, adresu a \u010d\u00edslo ob\u010dansk\u00e9ho pr\u016fkazu. Vyplnit jej m\u016f\u017eete pohodln\u011b z domu nebo kdekoli, nap\u0159\u00edklad b\u011bhem cesty k n\u00e1m. Tyto \u00fadaje pot\u0159ebujeme pro va\u0161i rezervaci a vypln\u011bn\u00edm formul\u00e1\u0159e n\u00e1m pom\u016f\u017eete zrychlit proces ubytov\u00e1n\u00ed, abyste se vyhnuli \u010dek\u00e1n\u00ed na recepci.<\/p>\n<p>Pros\u00edme v\u00e1s, abyste online Check-in v\u017edy vyplnili. E-mail s formul\u00e1\u0159em obdr\u017e\u00ed ka\u017ed\u00fd host p\u0159i rezervaci pobytu.<\/p>\n<\/div>\n<\/div>\n<div class=\"gdc_column gdc_chalf\">\n<div class=\"gdc_inner\">\n<p>Na\u0161e hotelov\u00e1 recepce je v\u00e1m k dispozici nep\u0159etr\u017eit\u011b 24 hodin. V p\u0159\u00edpad\u011b jak\u00fdchkoli dotaz\u016f, rezervac\u00ed nebo po\u017eadavk\u016f n\u00e1s kdykoli m\u016f\u017eete kontaktovat. P\u0159ed\u00e1me v\u00e1m v\u0161echny d\u016fle\u017eit\u00e9 informace t\u00fdkaj\u00edc\u00ed se va\u0161eho pobytu v na\u0161em hotelu.<\/p>\n<p>CHECK IN v hotelu je od 14:00 hodin.<br \/>\nCHECK OUT v hotelu je do 10:00 hodin.<br \/>\nLATE CHECK OUT\u00a0\u2013 V p\u0159\u00edpad\u011b z\u00e1jmu o \u010dasn\u00fd Check \u2013 in nebo pozdn\u00ed Check \u2013 out kontaktujte, pros\u00edm, recepci hotelu. Poskytnut\u00ed t\u011bchto dopl\u0148kov\u00fdch slu\u017eeb z\u00e1vis\u00ed na aktu\u00e1ln\u00edch provozn\u00edch a kapacitn\u00edch mo\u017enostech hotelu.<br \/>\nPoplatek za pozdn\u00ed Check &#8211; out do 13:00 hodin je 30 \u20ac, do 16:00 hodin &#8211; 50% z ceny pokoje\/1 noc<br \/>\n\u010casn\u00fd Check in \u2013 do 10:00 hodin \u2013 50% z ceny pokoje\/1 noc, od 10:00 \u2013 14:00 hodin \u2013 30 \u20ac<\/p>\n<\/div>\n<\/div>\n<\/div>\n<div class=\"gdc_row\">\n<div class=\"gdc_column gdc_chalf\">\n<div class=\"gdc_inner\">\n<h2>Internet<\/h2>\n<p>V cel\u00e9m are\u00e1lu hotelu je v\u00e1m k dispozici bezplatn\u00e9 WI \u2013 FI p\u0159ipojen\u00ed na internet. Pro z\u00edsk\u00e1n\u00ed p\u0159\u00edstupu je nutn\u00e1 registrace do na\u0161\u00ed aplikace.<\/p>\n<\/div>\n<\/div>\n<div class=\"gdc_column gdc_chalf\">\n<div class=\"gdc_inner\">\n<h2>Parkov\u00e1n\u00ed<\/h2>\n<p>B\u011bhem va\u0161eho pobytu je v\u00e1m k dispozici bezplatn\u00e9 parkov\u00e1n\u00ed na hl\u00eddan\u00e9m hotelov\u00e9m parkovi\u0161ti. Kapacita hotelov\u00e9ho parkovi\u0161t\u011b je pro 68 m\u00edst.<\/p>\n<\/div>\n<\/div>\n<\/div>\n<div class=\"gdc_row\">\n<div class=\"gdc_column gdc_chalf\">\n<div class=\"gdc_inner\">\n<h2>Stravov\u00e1n\u00ed<\/h2>\n<p>V na\u0161\u00ed v\u00fdjime\u010dn\u00e9 hotelov\u00e9 restauraci pro v\u00e1s \u0161\u00e9fkucha\u0159 p\u0159ipravil menu podle sou\u010dasn\u00fdch modern\u00edch trend\u016f. V cen\u011b pobytu je zahrnuta sn\u00eddan\u011b a ve\u010de\u0159e bez n\u00e1poj\u016f.<\/p>\n<ul>\n<li>Dress code v restauraci \u2013 doporu\u010dujeme v\u00e1m neform\u00e1ln\u00ed oble\u010den\u00ed. Vstup do hotelov\u00e9 restaurace v plavk\u00e1ch, \u017eupanu, kr\u00e1tk\u00fdch kalhot\u00e1ch nebo pantofl\u00edch nen\u00ed dovolen.<\/li>\n<li>sn\u00eddan\u011b je pod\u00e1v\u00e1na v hotelov\u00e9 restauraci vedle hotelov\u00e9 recepce ve 2. pat\u0159e v dob\u011b od 7:00 \u2013 10:00<\/li>\n<li>ve\u010de\u0159e jsou pod\u00e1v\u00e1ny v dob\u011b od 18:00 \u2013 21:00 ( v term\u00ednu od <span data-olk-copy-source=\"MessageBody\">30. 03. \u2013 30.10.<\/span>) a od 17:00 \u2013 20:00 ( v term\u00ednu od <span data-olk-copy-source=\"MessageBody\">31.10. \u2013 29. 03.<\/span>)<\/li>\n<li>ob\u011bdy \u2013 <span class=\"HwtZe\" lang=\"cs\"><span class=\"jCAhz ChMk0b\"><span class=\"ryNqvb\">formou A la carte menu jsou k dispozici b\u011bhem otev\u00edrac\u00edch hodin restaurace v dob\u011b od 12:00 &#8211; 15:00 hodin.<\/span><\/span><\/span><\/li>\n<li>na hotelov\u00fdch pokoj\u00edch m\u00e1te k dispozici bezplatn\u00fd set pro p\u0159\u00edpravu k\u00e1vy a \u010daje<\/li>\n<li>lehk\u00e9 snack ob\u010derstven\u00ed b\u011bhem dne si m\u016f\u017eete objednat v na\u0161em Lobby baru<\/li>\n<\/ul>\n<\/div>\n<\/div>\n<div class=\"gdc_column gdc_chalf\">\n<div class=\"gdc_inner\">\n<h2>Hotelov\u00e9 slu\u017eby<\/h2>\n<p>Vybaven\u00ed, kter\u00e9 maj\u00ed na\u0161i host\u00e9 k dispozici \u2013 slu\u017eby \u010dist\u00edrny a pr\u00e1delny, \u017eehli\u010dka a \u017eehlic\u00ed prkno na zap\u016fj\u010den\u00ed prodej suven\u00fdr\u016f, informa\u010dn\u00ed turistick\u00e9 slu\u017eby, trezor na pokoj\u00edch, \u00faschovna zavazadel, transfer host\u016f, sm\u011bn\u00e1rna, p\u016fj\u010dovna audiovizu\u00e1ln\u00ed konferen\u010dn\u00ed techniky (flipch mo\u010den\u00ed, asistentsk\u00e9 slu\u017eby<\/p>\n<\/div>\n<\/div>\n<\/div>\n<div class=\"gdc_row\">\n<div class=\"gdc_column gdc_chalf\">\n<div class=\"gdc_inner\">\n<h2>Vybaven\u00ed pro d\u011bti<\/h2>\n<p>P\u0159i va\u0161\u00ed rezervaci n\u00e1s informujte o pot\u0159eb\u00e1ch pro va\u0161e d\u011b\u0165\u00e1tko.K dispozici a bezplatn\u011b je na vy\u017e\u00e1d\u00e1n\u00ed d\u011btsk\u00e1 post\u00fdlka, d\u011btsk\u00e9 \u017eidle, d\u011btsk\u00fd stup\u00ednek, d\u011btsk\u00e9 vani\u010dky, no\u010dn\u00edk, oh\u0159\u00edva\u010d lahv\u00ed, d\u011btsk\u00e9 pojistky do z\u00e1suvky, d\u011btsk\u00fd \u017eupan, d\u011btsk\u00e9 menu v restauraci.<br \/>\nNa wellness recepci si m\u016f\u017eete zakoupit z\u00e1kladn\u00ed pot\u0159eby pro d\u00edt\u011b &#8211; d\u011btsk\u00e9 pleny, plenky do vody, ruk\u00e1vky na plav\u00e1n\u00ed nebo plovac\u00ed pot\u0159eby. V restauraci m\u00e1te v nab\u00eddce d\u011btsk\u00e9 menu.<\/p>\n<\/div>\n<\/div>\n<div class=\"gdc_column gdc_chalf\">\n<div class=\"gdc_inner\">\n<h2>Anima\u010dn\u00ed program<\/h2>\n<p>Ka\u017ed\u00fd p\u00e1tek a sobotu je v hotelu z\u00e1bavn\u00fd program pro d\u011bti a dosp\u011bl\u00e9, cvi\u010den\u00ed v baz\u00e9nu, sout\u011b\u017ee, d\u011btsk\u00e9 p\u00e1rty, diskot\u00e9ky s maskotem. B\u011bhem va\u0161eho pobytu m\u016f\u017eete vyu\u017e\u00edt slu\u017eeb d\u011btsk\u00e9ho koutku vedle Lobby baru.<\/p>\n<\/div>\n<\/div>\n<\/div>\n<div class=\"gdc_row\">\n<div class=\"gdc_column gdc_chalf\">\n<div class=\"gdc_inner\">\n<h2>Platebn\u00ed karty<\/h2>\n<p>V na\u0161em hotelu akceptujeme n\u00e1sleduj\u00edc\u00ed typy platebn\u00edch karet: Master Card, VISA, VISA Electron, International Maestro, American Express. Hotel si vyhrazuje pr\u00e1vo autorizovat platebn\u00ed karty p\u0159i p\u0159\u00edjezdu.<\/p>\n<\/div>\n<\/div>\n<div class=\"gdc_column gdc_chalf\">\n<div class=\"gdc_inner\">\n<h2>Imobiln\u00ed host\u00e9<\/h2>\n<p>Hotel Horizont Resort nem\u00e1 pokoje p\u0159izp\u016fsoben\u00e9 pro imobiln\u00ed hosty.<\/p>\n<\/div>\n<\/div>\n<\/div>\n<div class=\"gdc_row\">\n<div class=\"gdc_column gdc_chalf\">\n<div class=\"gdc_inner\">\n<h2>Ly\u017e\u00e1rna<\/h2>\n<p>Hotelov\u00fdm host\u016fm je k dispozici modern\u00ed profesion\u00e1ln\u00ed ly\u017e\u00e1rna s oz\u00f3nov\u00fdm \u010di\u0161t\u011bn\u00edm a su\u0161en\u00edm ly\u017ea\u0159sk\u00e9 obuvi, dr\u017e\u00e1ky ly\u017e\u00ed a samostatn\u00fdm vchodem z bo\u010dn\u00ed strany hotelu v 1. pat\u0159e. B\u011bhem zimn\u00ed sez\u00f3ny od hotelu v pravideln\u00fdch intervalech jezd\u00ed SKI BUS do tatransk\u00fdch st\u0159edisek.<\/p>\n<\/div>\n<\/div>\n<div class=\"gdc_column gdc_chalf\">\n<div class=\"gdc_inner\">\n<h2>Pobyt se zv\u00ed\u0159aty<\/h2>\n<p>Pobyt s dom\u00e1c\u00edmi zv\u00ed\u0159\u00e1tky (psy a ko\u010dky) je mo\u017en\u00fd. Nen\u00ed v\u0161ak dovoleno pob\u00fdvat v prostor\u00e1ch stravov\u00e1n\u00ed restaurace, bar\u016f, wellness centra, d\u011btsk\u00e9ho koutku. V p\u0159\u00edpad\u011b va\u0161eho z\u00e1jmu v\u00e1m r\u00e1di bezplatn\u011b zap\u016fj\u010d\u00edme pel\u00ed\u0161ky, misky na j\u00eddlo a vodu. Poplatek za pobyt je 20 \u20ac \/ noc.<br \/>\nVe v\u0161ech ve\u0159ejn\u00fdch prostor\u00e1ch mus\u00ed b\u00fdt pes na vod\u00edtku a v doprovodu sv\u00e9ho majitele. Zv\u00ed\u0159ata nesm\u00ed b\u00fdt ponech\u00e1na bez dozoru. V p\u0159\u00edpad\u011b po\u0161kozen\u00ed hotelov\u00e9ho majetku, je host povinen uhradit vzniklou \u0161kodu v pln\u00e9 v\u00fd\u0161i.<\/p>\n<\/div>\n<\/div>\n<\/div>\n<div class=\"gdc_row\">\n<div class=\"gdc_column gdc_chalf\">\n<div class=\"gdc_inner\">\n<h2>Kou\u0159en\u00ed<\/h2>\n<p>Hotel Horizont Resort je neku\u0159\u00e1ck\u00fdm hotelem. Pro hosty je k dispozici Cigar Lounge, nach\u00e1zej\u00edc\u00ed se vedle Lobby baru a kou\u0159en\u00ed je mo\u017en\u00e9 pouze na venkovn\u00edch teras\u00e1ch. Kou\u0159en\u00ed je p\u0159\u00edsn\u011b zak\u00e1z\u00e1no na pokoj\u00edch a za poru\u0161en\u00ed bude \u00fa\u010dtov\u00e1na pokuta 50 \u20ac za vy\u010di\u0161t\u011bn\u00ed.<\/p>\n<\/div>\n<\/div>\n<div class=\"gdc_column gdc_chalf\">\n<div class=\"gdc_inner\">\n<h2>Wellness slu\u017eby<\/h2>\n<p>V cen\u011b pobytu m\u00e1te neomezen\u00fd vstup do hotelov\u00e9ho Mountain Wellness centra (relaxa\u010dn\u00ed baz\u00e9n s barem a v\u00ed\u0159ivkou, sauny \u2013 soln\u00e1, finsk\u00e1, parn\u00ed, infra, odpo\u010dinkov\u00e1 vodn\u00ed postel, jacuzzi, odpo\u010dinkov\u00e1 m\u00edstnost s vodop\u00e1dem, ochlazovac\u00ed baz\u00e9n)<br \/>\nDoporu\u010dujeme v\u00e1m rezervaci dal\u0161\u00edch na\u0161ich wellness slu\u017eeb p\u0159edem, nebo p\u0159i va\u0161em p\u0159\u00edjezdu Check in. Rezervujte si mas\u00e1\u017ee, procedury nebo vstup do exkluzivn\u00ed priv\u00e1tn\u00ed z\u00f3ny Vip Sky Lounge.<\/p>\n<p><strong>Wellness slu\u017eby v Hotelu Hills<\/strong><\/p>\n<p>V p\u0159\u00edpad\u011b va\u0161eho z\u00e1jmu si u n\u00e1s m\u016f\u017eete zakoupit dal\u0161\u00ed wellness slu\u017eby do na\u0161eho Hotelu Hills, kter\u00fd se nach\u00e1z\u00ed v bl\u00edzkosti Hotelu Horizont Resort.<\/p>\n<\/div>\n<\/div>\n<\/div>\n<div class=\"line\"><\/div>\n<div class=\"gdc_row\">\n<div class=\"gdc_column gdc_chalf\">\n<div class=\"gdc_inner\">\n<h2>Otev\u00edrac\u00ed hodiny<\/h2>\n<p><strong>Restaurace<\/strong><br \/>\n7:00 &#8211; 21:00<\/p>\n<p><strong>Cigar Lounge<\/strong><br \/>\n9:00 &#8211; 22:00<\/p>\n<p><strong>Lobby bar<\/strong><br \/>\n9:00 &#8211; 22:00<\/p>\n<\/div>\n<\/div>\n<div class=\"gdc_column gdc_chalf\">\n<div class=\"gdc_inner\">\n<h2>Otev\u00edrac\u00ed hodiny Wellness centra<\/h2>\n<p><strong>Mountain Wellness centrum<\/strong><br \/>\nPond\u011bl\u00ed &#8211; P\u00e1tek<br \/>\n14:00 &#8211; 21:00 (baz\u00e9nov\u00e1 \u010dast)<br \/>\n16:00 &#8211; 21:00 (saunov\u00e1 \u010dast)<br \/>\nSobota &#8211; Ned\u011ble<br \/>\n10:00 &#8211; 21:00 (baz\u00e9nov\u00e1 \u010dast)<br \/>\n12:00 &#8211; 21:00 (saunov\u00e1 \u010dast)<\/p>\n<p><strong>Mountain Wellness centrum &#8211; deti do 12 let<\/strong><br \/>\nPond\u011bl\u00ed &#8211; P\u00e1tek<br \/>\n14:00 &#8211; 17:00 (sauny + baz\u00e9n) a do 19:00 (baz\u00e9n)<br \/>\nSobota &#8211; Ned\u011ble<br \/>\n10:00 &#8211; 17:00 (sauny + baz\u00e9n) a do 19:00 (baz\u00e9n)<\/p>\n<p><strong>Fitnes centrum<\/strong><br \/>\n14:00 &#8211; 21:00<\/p>\n<p><strong>Vip Sky Lounge<\/strong><br \/>\nPrvn\u00ed \u010dasov\u00fd slot 10:20 &#8211; posledn\u00ed slot 20:50<\/p>\n<\/div>\n<\/div>\n<\/div>\n<p>&nbsp;<\/p>\n","protected":false},"excerpt":{"rendered":"<p>V\u00e1\u017een\u00ed host\u00e9, p\u0159ipravili jsme pro v\u00e1s nejd\u016fle\u017eit\u011bj\u0161\u00ed informace k pobytu v na\u0161em hotelu. V p\u0159\u00edpad\u011b jak\u00fdchkoli dotaz\u016f kontaktujte na\u0161i hotelovou recepci nebo rezerva\u010dn\u00ed odd\u011blen\u00ed. P\u0159ejeme v\u00e1m p\u0159\u00edjemn\u00fd pobyt. Recepce &nbsp;<\/p>\n","protected":false},"author":1,"featured_media":943,"parent":9,"menu_order":44,"comment_status":"closed","ping_status":"closed","template":"","meta":{"footnotes":""},"class_list":["post-764","page","type-page","status-publish","has-post-thumbnail","hentry"],"acf":[],"aioseo_notices":[],"_links":{"self":[{"href":"https:\/\/www.horizontresort.sk\/cs\/wp-json\/wp\/v2\/pages\/764","targetHints":{"allow":["GET"]}}],"collection":[{"href":"https:\/\/www.horizontresort.sk\/cs\/wp-json\/wp\/v2\/pages"}],"about":[{"href":"https:\/\/www.horizontresort.sk\/cs\/wp-json\/wp\/v2\/types\/page"}],"author":[{"embeddable":true,"href":"https:\/\/www.horizontresort.sk\/cs\/wp-json\/wp\/v2\/users\/1"}],"replies":[{"embeddable":true,"href":"https:\/\/www.horizontresort.sk\/cs\/wp-json\/wp\/v2\/comments?post=764"}],"version-history":[{"count":21,"href":"https:\/\/www.horizontresort.sk\/cs\/wp-json\/wp\/v2\/pages\/764\/revisions"}],"predecessor-version":[{"id":5341,"href":"https:\/\/www.horizontresort.sk\/cs\/wp-json\/wp\/v2\/pages\/764\/revisions\/5341"}],"up":[{"embeddable":true,"href":"https:\/\/www.horizontresort.sk\/cs\/wp-json\/wp\/v2\/pages\/9"}],"wp:featuredmedia":[{"embeddable":true,"href":"https:\/\/www.horizontresort.sk\/cs\/wp-json\/wp\/v2\/media\/943"}],"wp:attachment":[{"href":"https:\/\/www.horizontresort.sk\/cs\/wp-json\/wp\/v2\/media?parent=764"}],"curies":[{"name":"wp","href":"https:\/\/api.w.org\/{rel}","templated":true}]}}