{"id":501,"date":"2020-10-16T10:26:21","date_gmt":"2020-10-16T08:26:21","guid":{"rendered":"http:\/\/arka.mh370.cz\/?page_id=501"},"modified":"2025-04-29T09:58:45","modified_gmt":"2025-04-29T07:58:45","slug":"aktivity-v-okoli","status":"publish","type":"page","link":"https:\/\/www.horizontresort.sk\/cs\/sluzby\/aktivity-v-okoli\/","title":{"rendered":"Aktivity v okol\u00ed"},"content":{"rendered":"<h2>Vychutnejte si kouzlo Vysok\u00fdch Tater naplno!<\/h2>\n<div class=\"gdc_row\">\n<div class=\"gdc_column gdc_chalf\">\n<div class=\"gdc_inner\">\n<h3>Objevte letn\u00ed tv\u00e1\u0159 Tater<\/h3>\n<p>A\u0165 u\u017e tou\u017e\u00edte po aktivn\u00ed turistice, pohodov\u00e9 proch\u00e1zce nebo v\u00fdletu lanovkou s v\u00fdhledem, ka\u017ed\u00fd si zde najde to sv\u00e9. Vyvezte se lanovkou na Lomnick\u00fd \u0161t\u00edt, Hrebienok \u010di Skalnat\u00e9 pleso. <a href=\"https:\/\/www.vt.sk\/informacie\/info\/prevadzka-lanoviek\">Provoz lanovek<\/a><\/p>\n<p>Objevte kr\u00e1su \u0160trbsk\u00e9ho \u010di Zelen\u00e9ho plesa, kter\u00e9 pat\u0159\u00ed mezi nejkr\u00e1sn\u011bj\u0161\u00ed t\u00fary v regionu. Nezapome\u0148te ani na magickou <a href=\"http:\/\/www.ssj.sk\/sk\/jaskyna\/2-belianska-jaskyna\">Belianskou jeskyni<\/a>, m\u00edsto pln\u00e9 stalagmit\u016f, jez\u00edrek a fascinuj\u00edc\u00edch p\u0159\u00edb\u011bh\u016f ukryt\u00fdch pod zem\u00ed. A pokud tou\u017e\u00edte po klidn\u011bj\u0161\u00ed aktivit\u011b, jen p\u00e1r minut od Star\u00e9 Lesn\u00e9 najdete <a href=\"https:\/\/www.golftatry.sk\/\">Golfov\u00fd resort Black Stork<\/a> ve Velk\u00e9 Lomnici &#8211; 27jamkov\u00e9 h\u0159i\u0161t\u011b pat\u0159\u00edc\u00ed mezi nejkr\u00e1sn\u011bj\u0161\u00ed ve st\u0159edn\u00ed Evrop\u011b. V l\u00e9t\u011b jsou Tatry r\u00e1jem i pro cyklisty. \u010cekaj\u00ed zde na V\u00e1s <a href=\"https:\/\/regiontatry.sk\/cyklistika\/\">zna\u010den\u00e9 cyklostezky<\/a> r\u016fzn\u00e9 n\u00e1ro\u010dnosti, nap\u0159\u00edklad obl\u00edben\u00e1 Tatransk\u00e1 magistr\u00e1la nebo cyklotrasa z Hrebienka na Slezsk\u00fd d\u016fm.<\/p>\n<\/div>\n<\/div>\n<div class=\"gdc_column gdc_chalf\">\n<div class=\"gdc_inner\">\n<p><img loading=\"lazy\" decoding=\"async\" class=\"alignnone wp-image-3654 size-large\" src=\"https:\/\/www.horizontresort.sk\/wp-content\/uploads\/2025\/04\/strbske-pleso-3231824_1920-1600x1067.jpg\" alt=\"\" width=\"1600\" height=\"1067\" srcset=\"https:\/\/www.horizontresort.sk\/wp-content\/uploads\/2025\/04\/strbske-pleso-3231824_1920-1600x1067.jpg 1600w, https:\/\/www.horizontresort.sk\/wp-content\/uploads\/2025\/04\/strbske-pleso-3231824_1920-300x200.jpg 300w, https:\/\/www.horizontresort.sk\/wp-content\/uploads\/2025\/04\/strbske-pleso-3231824_1920-768x512.jpg 768w, https:\/\/www.horizontresort.sk\/wp-content\/uploads\/2025\/04\/strbske-pleso-3231824_1920-1536x1024.jpg 1536w, https:\/\/www.horizontresort.sk\/wp-content\/uploads\/2025\/04\/strbske-pleso-3231824_1920.jpg 1920w\" sizes=\"auto, (max-width: 1600px) 100vw, 1600px\" \/><\/p>\n<\/div>\n<\/div>\n<\/div>\n<div class=\"gdc_row\">\n<div class=\"gdc_column gdc_chalf\">\n<div class=\"gdc_inner\">\n<img loading=\"lazy\" decoding=\"async\" class=\"alignnone wp-image-3658 size-full\" src=\"https:\/\/www.horizontresort.sk\/wp-content\/uploads\/2025\/04\/cable-car-854520_1280.jpg\" alt=\"\" width=\"1280\" height=\"960\" srcset=\"https:\/\/www.horizontresort.sk\/wp-content\/uploads\/2025\/04\/cable-car-854520_1280.jpg 1280w, https:\/\/www.horizontresort.sk\/wp-content\/uploads\/2025\/04\/cable-car-854520_1280-300x225.jpg 300w, https:\/\/www.horizontresort.sk\/wp-content\/uploads\/2025\/04\/cable-car-854520_1280-768x576.jpg 768w\" sizes=\"auto, (max-width: 1280px) 100vw, 1280px\" \/>\n<\/div>\n<\/div>\n<div class=\"gdc_column gdc_chalf\">\n<div class=\"gdc_inner\">\n<h3>V zim\u011b, kdy se p\u0159\u00edroda m\u011bn\u00ed v poh\u00e1dku<\/h3>\n<p>Kdy\u017e krajinu p\u0159ikryje b\u00edl\u00e1 pe\u0159ina, Vysok\u00e9 Tatry se prom\u011bn\u00ed v kouzeln\u00fd r\u00e1j. Vydejte se na zimn\u00ed t\u00faru k zamrzl\u00e9mu \u0160trbsk\u00e9mu Plesu nebo si vychutnejte dechberouc\u00ed v\u00fdhled z <a href=\"https:\/\/www.vt.sk\/stredisko\/strediska\/vylety-lanovkami\/lomnicky-stit\">Lomnick\u00e9ho \u0161t\u00edtu<\/a>, na kter\u00fd V\u00e1s lanovka vyveze i b\u011bhem zimy a tra\u0165ov\u00fdch trat\u00ed. na <a href=\"https:\/\/www.vt.sk\/aktivity\/zimne-aktivity\/sankovacka-na-hrebienku\">s\u00e1\u0148ka\u0159sk\u00e9 dr\u00e1ze<\/a> z Hrebienka do Smokovce, kter\u00e1 m\u011b\u0159\u00ed a\u017e 2,5 kilometru.<\/p>\n<h3>Kultura s tatransk\u00fdm podpisem<\/h3>\n<p>Tatry nejsou jen o p\u0159\u00edrod\u011b, ale jsou tak\u00e9 m\u00edstem bohat\u00e9 historie a \u017eiv\u00e9 kultury. Poznejte tatransk\u00fd region i jinak ne\u017e jen pohledem na \u0161t\u00edty. Nav\u0161tivte muzeum <a href=\"https:\/\/www.tanap.sk\/\">TANAP<\/a>-u v Tatransk\u00e9 Lomnici a pono\u0159te se do fascinuj\u00edc\u00edho sv\u011bta tatransk\u00e9 p\u0159\u00edrody a historie ochrany tohoto v\u00fdjime\u010dn\u00e9ho \u00fazem\u00ed. Nevynechejte ani botanickou zahradu, kter\u00e1 v\u00e1m uk\u00e1\u017ee kr\u00e1su a rozmanitost horsk\u00e9 fl\u00f3ry.<\/p>\n<\/div>\n<\/div>\n<\/div>\n<h3>Adrenalin v Tatr\u00e1ch<\/h3>\n<p>Pokud tou\u017e\u00edte po d\u00e1vce vzru\u0161en\u00ed, Vysok\u00e9 Tatry maj\u00ed co nab\u00eddnout i pro ty nejodv\u00e1\u017en\u011bj\u0161\u00ed. \u010cek\u00e1 V\u00e1s lezen\u00ed po skal\u00e1ch \u010di <a href=\"https:\/\/www.tatry.sk\/tipy-na-vylety\/pre-aktivnych\/ferratou-cez-priecne-sedlo\/\">ferraty<\/a>, kter\u00e9 prov\u011b\u0159\u00ed va\u0161i odvahu i kondici. V l\u00e9t\u011b se m\u016f\u017eete pustit na horsk\u00e1 kola po adrenalinov\u00fdch tras\u00e1ch nebo se spustit <a href=\"https:\/\/www.tatry.sk\/kolobezky\/\">na kolob\u011b\u017ece<\/a> na asfaltov\u00e9 trati 3 km ze Startu do Tatransk\u00e9 Lomnice. Pro milovn\u00edky v\u00fd\u0161ek je zde i paragliding, d\u00edky kter\u00e9mu si Tatry prohl\u00e9dnete z pta\u010d\u00ed perspektivy. Nechte se vt\u00e1hnout do dobrodru\u017estv\u00ed, na kter\u00e9 jen tak nezapomenete.<\/p>\n<div class=\"gdc_row\">\n<div class=\"gdc_column gdc_chalf\">\n<div class=\"gdc_inner\">\n<h3><span class=\"HwtZe\" lang=\"cs\"><span class=\"jCAhz ChMk0b\"><span class=\"ryNqvb\">Tatry o\u010dima d\u011bt\u00ed<\/span><\/span><\/span><\/h3>\n<p>V Tatr\u00e1ch se budou radovat i ti nejmen\u0161\u00ed! Okol\u00ed Star\u00e9 Lesn\u00e9 nab\u00edz\u00ed mno\u017estv\u00ed dobrodru\u017estv\u00ed, kter\u00e9 prom\u011bn\u00ed ka\u017ed\u00fd den v nezapomenuteln\u00fd z\u00e1\u017eitek. Vydejte se s d\u011btmi do Vever\u010d\u00edho <a href=\"https:\/\/www.tatry.sk\/kam-s-detmi\/lanove-parky\/\">lanov\u00e9ho parku<\/a> na \u0160trbsk\u00e9m Plese, objevte kouzeln\u00fd sv\u011bt iluz\u00ed v <a href=\"https:\/\/www.tricklandia.sk\/en\/home-en\/\">Tricklandii<\/a> nebo si ud\u011blejte v\u00fdlet do <a href=\"https:\/\/www.dobrahracka.sk\/\">Galerii Dobr\u00e1 Hra\u010dka<\/a> v Tatransk\u00e9 Lomnici. V Nov\u00e9m Smokovci naleznete Tatransk\u00e9 d\u0159ev\u011bn\u00e9 kr\u00e1lovstv\u00ed, kter\u00e9 hravou formou p\u0159ibli\u017euje kr\u00e1sy p\u0159\u00edrody. A kdy\u017e p\u0159ijdou na \u0159adu sm\u00edch a z\u00e1bava, Poliankovo \u200b\u200bv Tatransk\u00e9 Poliance \u010di Orl\u00edkovo na \u0160trbsk\u00e9m Plese se postaraj\u00ed o to, aby to byl den pln\u00fd radosti, her a objevov\u00e1n\u00ed.<\/p>\n<\/div>\n<\/div>\n<div class=\"gdc_column gdc_chalf\">\n<div class=\"gdc_inner\">\n<img loading=\"lazy\" decoding=\"async\" class=\"alignnone size-full wp-image-3662\" src=\"https:\/\/www.horizontresort.sk\/wp-content\/uploads\/2025\/04\/legs-3842677_1280.jpg\" alt=\"\" width=\"1280\" height=\"853\" srcset=\"https:\/\/www.horizontresort.sk\/wp-content\/uploads\/2025\/04\/legs-3842677_1280.jpg 1280w, https:\/\/www.horizontresort.sk\/wp-content\/uploads\/2025\/04\/legs-3842677_1280-300x200.jpg 300w, https:\/\/www.horizontresort.sk\/wp-content\/uploads\/2025\/04\/legs-3842677_1280-768x512.jpg 768w\" sizes=\"auto, (max-width: 1280px) 100vw, 1280px\" \/>\n<\/div>\n<\/div>\n<\/div>\n<p>Nezapomenuteln\u00e9 v\u00fdhledy, v\u016fn\u011b lesa a ticho, kter\u00e9 l\u00e9\u010d\u00ed. Tatry jsou m\u00edsto, kde se poj\u00ed kr\u00e1sa p\u0159\u00edrody s dokonal\u00fdm relaxem. A to v\u0161e jen na krok od Va\u0161eho ubytov\u00e1n\u00ed.<\/p>\n","protected":false},"excerpt":{"rendered":"<p>Vychutnejte si kouzlo Vysok\u00fdch Tater naplno! Adrenalin v Tatr\u00e1ch Pokud tou\u017e\u00edte po d\u00e1vce vzru\u0161en\u00ed, Vysok\u00e9 Tatry maj\u00ed co nab\u00eddnout i pro ty nejodv\u00e1\u017en\u011bj\u0161\u00ed. \u010cek\u00e1 V\u00e1s lezen\u00ed po skal\u00e1ch \u010di ferraty, kter\u00e9 prov\u011b\u0159\u00ed va\u0161i odvahu i kondici. V l\u00e9t\u011b se m\u016f\u017eete pustit na horsk\u00e1 kola po adrenalinov\u00fdch tras\u00e1ch nebo se spustit na kolob\u011b\u017ece na asfaltov\u00e9 trati&#8230;<\/p>\n","protected":false},"author":1,"featured_media":1208,"parent":13,"menu_order":39,"comment_status":"closed","ping_status":"closed","template":"","meta":{"footnotes":""},"class_list":["post-501","page","type-page","status-publish","has-post-thumbnail","hentry"],"acf":[],"aioseo_notices":[],"_links":{"self":[{"href":"https:\/\/www.horizontresort.sk\/cs\/wp-json\/wp\/v2\/pages\/501","targetHints":{"allow":["GET"]}}],"collection":[{"href":"https:\/\/www.horizontresort.sk\/cs\/wp-json\/wp\/v2\/pages"}],"about":[{"href":"https:\/\/www.horizontresort.sk\/cs\/wp-json\/wp\/v2\/types\/page"}],"author":[{"embeddable":true,"href":"https:\/\/www.horizontresort.sk\/cs\/wp-json\/wp\/v2\/users\/1"}],"replies":[{"embeddable":true,"href":"https:\/\/www.horizontresort.sk\/cs\/wp-json\/wp\/v2\/comments?post=501"}],"version-history":[{"count":9,"href":"https:\/\/www.horizontresort.sk\/cs\/wp-json\/wp\/v2\/pages\/501\/revisions"}],"predecessor-version":[{"id":5211,"href":"https:\/\/www.horizontresort.sk\/cs\/wp-json\/wp\/v2\/pages\/501\/revisions\/5211"}],"up":[{"embeddable":true,"href":"https:\/\/www.horizontresort.sk\/cs\/wp-json\/wp\/v2\/pages\/13"}],"wp:featuredmedia":[{"embeddable":true,"href":"https:\/\/www.horizontresort.sk\/cs\/wp-json\/wp\/v2\/media\/1208"}],"wp:attachment":[{"href":"https:\/\/www.horizontresort.sk\/cs\/wp-json\/wp\/v2\/media?parent=501"}],"curies":[{"name":"wp","href":"https:\/\/api.w.org\/{rel}","templated":true}]}}