{"id":1457,"date":"2025-03-14T10:09:48","date_gmt":"2025-03-14T09:09:48","guid":{"rendered":"https:\/\/www.horizontresort.sk\/?page_id=1457"},"modified":"2025-03-17T16:55:09","modified_gmt":"2025-03-17T15:55:09","slug":"apartman-borovica","status":"publish","type":"page","link":"https:\/\/www.horizontresort.sk\/cs\/ubytovanie\/chalety-a-apartmany\/apartman-borovica\/","title":{"rendered":"Apartm\u00e1n Borovice"},"content":{"rendered":"<style type=\"text\/css\">\n\t\t\t#gallery-1 {\n\t\t\t\tmargin: auto;\n\t\t\t}\n\t\t\t#gallery-1 .gallery-item {\n\t\t\t\tfloat: left;\n\t\t\t\tmargin-top: 10px;\n\t\t\t\ttext-align: center;\n\t\t\t\twidth: 25%;\n\t\t\t}\n\t\t\t#gallery-1 img {\n\t\t\t\tborder: 2px solid #cfcfcf;\n\t\t\t}\n\t\t\t#gallery-1 .gallery-caption {\n\t\t\t\tmargin-left: 0;\n\t\t\t}\n\t\t\t\/* see gallery_shortcode() in wp-includes\/media.php *\/\n\t\t<\/style>\n<div id='gallery-1' class='gallery galleryid-1457 gallery-columns-4 gallery-size-thumbnail'>\n<dl class='gallery-item'>\n<dt class='gallery-icon landscape'>\n\t\t\t\t<a href='https:\/\/www.horizontresort.sk\/wp-content\/uploads\/2025\/03\/Apartman_10_24-1600x900.jpeg' title=\"\" data-rl_title=\"\" class=\"rl-gallery-link\" data-rl_caption=\"\" data-rel=\"lightbox-gallery-1\"><img loading=\"lazy\" decoding=\"async\" width=\"800\" height=\"650\" src=\"https:\/\/www.horizontresort.sk\/wp-content\/uploads\/2025\/03\/Apartman_10_24-800x650.jpeg\" class=\"attachment-thumbnail size-thumbnail\" alt=\"\" \/><\/a>\n\t\t\t<\/dt>\n<\/dl>\n<dl class='gallery-item'>\n<dt class='gallery-icon landscape'>\n\t\t\t\t<a href='https:\/\/www.horizontresort.sk\/wp-content\/uploads\/2025\/03\/Apartman_10_22-1600x900.jpeg' title=\"\" data-rl_title=\"\" class=\"rl-gallery-link\" data-rl_caption=\"\" data-rel=\"lightbox-gallery-1\"><img loading=\"lazy\" decoding=\"async\" width=\"800\" height=\"650\" src=\"https:\/\/www.horizontresort.sk\/wp-content\/uploads\/2025\/03\/Apartman_10_22-800x650.jpeg\" class=\"attachment-thumbnail size-thumbnail\" alt=\"\" \/><\/a>\n\t\t\t<\/dt>\n<\/dl>\n<dl class='gallery-item'>\n<dt class='gallery-icon landscape'>\n\t\t\t\t<a href='https:\/\/www.horizontresort.sk\/wp-content\/uploads\/2025\/03\/Apartman_10_09-1600x900.jpeg' title=\"\" data-rl_title=\"\" class=\"rl-gallery-link\" data-rl_caption=\"\" data-rel=\"lightbox-gallery-1\"><img loading=\"lazy\" decoding=\"async\" width=\"800\" height=\"650\" src=\"https:\/\/www.horizontresort.sk\/wp-content\/uploads\/2025\/03\/Apartman_10_09-800x650.jpeg\" class=\"attachment-thumbnail size-thumbnail\" alt=\"\" \/><\/a>\n\t\t\t<\/dt>\n<\/dl>\n<dl class='gallery-item'>\n<dt class='gallery-icon landscape'>\n\t\t\t\t<a href='https:\/\/www.horizontresort.sk\/wp-content\/uploads\/2025\/03\/Apartman_10_26-1024x576-1.jpeg' title=\"\" data-rl_title=\"\" class=\"rl-gallery-link\" data-rl_caption=\"\" data-rel=\"lightbox-gallery-1\"><img loading=\"lazy\" decoding=\"async\" width=\"800\" height=\"576\" src=\"https:\/\/www.horizontresort.sk\/wp-content\/uploads\/2025\/03\/Apartman_10_26-1024x576-1-800x576.jpeg\" class=\"attachment-thumbnail size-thumbnail\" alt=\"\" \/><\/a>\n\t\t\t<\/dt>\n<\/dl>\n<p><br style=\"clear: both\" \/><\/p>\n<dl class='gallery-item'>\n<dt class='gallery-icon portrait'>\n\t\t\t\t<a href='https:\/\/www.horizontresort.sk\/wp-content\/uploads\/2025\/03\/Apartman_10_15-1020x1536-1.jpeg' title=\"\" data-rl_title=\"\" class=\"rl-gallery-link\" data-rl_caption=\"\" data-rel=\"lightbox-gallery-1\"><img loading=\"lazy\" decoding=\"async\" width=\"800\" height=\"650\" src=\"https:\/\/www.horizontresort.sk\/wp-content\/uploads\/2025\/03\/Apartman_10_15-1020x1536-1-800x650.jpeg\" class=\"attachment-thumbnail size-thumbnail\" alt=\"\" \/><\/a>\n\t\t\t<\/dt>\n<\/dl>\n<dl class='gallery-item'>\n<dt class='gallery-icon landscape'>\n\t\t\t\t<a href='https:\/\/www.horizontresort.sk\/wp-content\/uploads\/2025\/03\/Apartman_10_14-1-1024x576-1.jpeg' title=\"\" data-rl_title=\"\" class=\"rl-gallery-link\" data-rl_caption=\"\" data-rel=\"lightbox-gallery-1\"><img loading=\"lazy\" decoding=\"async\" width=\"800\" height=\"576\" src=\"https:\/\/www.horizontresort.sk\/wp-content\/uploads\/2025\/03\/Apartman_10_14-1-1024x576-1-800x576.jpeg\" class=\"attachment-thumbnail size-thumbnail\" alt=\"\" \/><\/a>\n\t\t\t<\/dt>\n<\/dl>\n<dl class='gallery-item'>\n<dt class='gallery-icon landscape'>\n\t\t\t\t<a href='https:\/\/www.horizontresort.sk\/wp-content\/uploads\/2025\/03\/Apartman_10_00-1600x900.jpeg' title=\"\" data-rl_title=\"\" class=\"rl-gallery-link\" data-rl_caption=\"\" data-rel=\"lightbox-gallery-1\"><img loading=\"lazy\" decoding=\"async\" width=\"800\" height=\"650\" src=\"https:\/\/www.horizontresort.sk\/wp-content\/uploads\/2025\/03\/Apartman_10_00-800x650.jpeg\" class=\"attachment-thumbnail size-thumbnail\" alt=\"\" \/><\/a>\n\t\t\t<\/dt>\n<\/dl>\n<dl class='gallery-item'>\n<dt class='gallery-icon landscape'>\n\t\t\t\t<a href='https:\/\/www.horizontresort.sk\/wp-content\/uploads\/2025\/03\/Apartman_10_00-1024x576-1.jpeg' title=\"\" data-rl_title=\"\" class=\"rl-gallery-link\" data-rl_caption=\"\" data-rel=\"lightbox-gallery-1\"><img loading=\"lazy\" decoding=\"async\" width=\"800\" height=\"576\" src=\"https:\/\/www.horizontresort.sk\/wp-content\/uploads\/2025\/03\/Apartman_10_00-1024x576-1-800x576.jpeg\" class=\"attachment-thumbnail size-thumbnail\" alt=\"\" \/><\/a>\n\t\t\t<\/dt>\n<\/dl>\n<p><br style=\"clear: both\" \/>\n\t\t<\/div>\n<div class=\"line\"><\/div>\n<div class=\"gdc_row\">\n<div class=\"gdc_column gdc_chalf\">\n<div class=\"gdc_inner\">\n<h2>Informace<\/h2>\n<p>V\u00edtejte v tatransk\u00fdch chaletech a apartm\u00e1nech, kter\u00e9 jsou sou\u010d\u00e1st\u00ed are\u00e1lu hotelu Horizont Resort a nach\u00e1zej\u00ed se v malebn\u00e9m b\u0159ezov\u00e9m h\u00e1ji. Tyto luxusn\u00ed horsk\u00e9 chaty v alpsk\u00e9m stylu nab\u00edzej\u00ed kr\u00e1sn\u00e9 v\u00fdhledy na okoln\u00ed p\u0159\u00edrodu a \u0161t\u00edty Vysok\u00fdch Tater, p\u0159i\u010dem\u017e zaji\u0161\u0165uj\u00ed maxim\u00e1ln\u00ed komfort a relax. Jsou um\u00edst\u011bny na m\u00edst\u011b s vynikaj\u00edc\u00edm p\u0159\u00edstupem k turistick\u00fdm, ly\u017ea\u0159sk\u00fdm a wellness slu\u017eb\u00e1m. K dispozici m\u00e1te ly\u017e\u00e1rnu s ozonov\u00fdm su\u0161en\u00edm v hlavn\u00ed budov\u011b hotelu, bezplatn\u00e9 soukrom\u00e9 parkovi\u0161t\u011b, are\u00e1l s d\u011btsk\u00fdm h\u0159i\u0161t\u011bm a jez\u00edrkem. Ve v\u0161ech prostor\u00e1ch chalet\u016f a apartm\u00e1n\u016f je bezplatn\u00e9 WiFi p\u0159ipojen\u00ed na internet.<\/p>\n<p>Apartm\u00e1n BOROVICA se nach\u00e1z\u00ed v 1. pat\u0159e apartm\u00e1nov\u00e9ho domu a je ide\u00e1ln\u00ed pro 4 dosp\u011bl\u00e9 osoby a 2 d\u011bti do 18 let. Sou\u010d\u00e1st\u00ed apartm\u00e1nu je lo\u017enice, d\u011btsk\u00fd pokoj s palandou, ob\u00fdvac\u00ed m\u00edstnost s kuchyn\u00ed a koupelna. Prosklen\u00e1 francouzsk\u00e1 okna poskytuj\u00ed n\u00e1dhern\u00fd v\u00fdhled na okoln\u00ed p\u0159\u00edrodu. Ob\u00fdvac\u00ed \u010d\u00e1st je vybavena TV, krbem, j\u00eddeln\u00edm stolem a je propojena s pln\u011b vybavenou kuchyn\u00ed, kter\u00e1 zahrnuje keramickou varnou desku, lednici, varnou konvici a my\u010dku n\u00e1dob\u00ed.<\/p>\n<\/div>\n<\/div>\n<div class=\"gdc_column gdc_chalf\">\n<div class=\"gdc_inner\">\n<h2>Vybaven\u00ed<\/h2>\n<ul>\n<li>Antialergick\u00e9 p\u0159ikr\u00fdvky<\/li>\n<li>chladni\u010dka<\/li>\n<li>Francouzsk\u00e9 okno<\/li>\n<li>Kosmetick\u00fd set<\/li>\n<li>Kuchyn\u011b &#8211; varn\u00e1 deska na va\u0159en\u00ed<\/li>\n<li>LCD TV 40\u201c<\/li>\n<li>Ortopedick\u00e9 matrace<\/li>\n<li>Sprcha, WC, Vysou\u0161e\u010d vlas\u016f<\/li>\n<li>my\u010dka n\u00e1dob\u00ed<\/li>\n<li>varn\u00e1 konvice<\/li>\n<li>Wi-Fi<\/li>\n<\/ul>\n<\/div>\n<\/div>\n<\/div>\n","protected":false},"excerpt":{"rendered":"","protected":false},"author":1,"featured_media":1458,"parent":1400,"menu_order":17,"comment_status":"closed","ping_status":"closed","template":"template-detail-pokoje.php","meta":{"footnotes":""},"class_list":["post-1457","page","type-page","status-publish","has-post-thumbnail","hentry"],"acf":[],"aioseo_notices":[],"_links":{"self":[{"href":"https:\/\/www.horizontresort.sk\/cs\/wp-json\/wp\/v2\/pages\/1457","targetHints":{"allow":["GET"]}}],"collection":[{"href":"https:\/\/www.horizontresort.sk\/cs\/wp-json\/wp\/v2\/pages"}],"about":[{"href":"https:\/\/www.horizontresort.sk\/cs\/wp-json\/wp\/v2\/types\/page"}],"author":[{"embeddable":true,"href":"https:\/\/www.horizontresort.sk\/cs\/wp-json\/wp\/v2\/users\/1"}],"replies":[{"embeddable":true,"href":"https:\/\/www.horizontresort.sk\/cs\/wp-json\/wp\/v2\/comments?post=1457"}],"version-history":[{"count":6,"href":"https:\/\/www.horizontresort.sk\/cs\/wp-json\/wp\/v2\/pages\/1457\/revisions"}],"predecessor-version":[{"id":3210,"href":"https:\/\/www.horizontresort.sk\/cs\/wp-json\/wp\/v2\/pages\/1457\/revisions\/3210"}],"up":[{"embeddable":true,"href":"https:\/\/www.horizontresort.sk\/cs\/wp-json\/wp\/v2\/pages\/1400"}],"wp:featuredmedia":[{"embeddable":true,"href":"https:\/\/www.horizontresort.sk\/cs\/wp-json\/wp\/v2\/media\/1458"}],"wp:attachment":[{"href":"https:\/\/www.horizontresort.sk\/cs\/wp-json\/wp\/v2\/media?parent=1457"}],"curies":[{"name":"wp","href":"https:\/\/api.w.org\/{rel}","templated":true}]}}