{"id":1402,"date":"2025-03-13T15:13:08","date_gmt":"2025-03-13T14:13:08","guid":{"rendered":"https:\/\/www.horizontresort.sk\/?page_id=1402"},"modified":"2025-04-08T14:25:16","modified_gmt":"2025-04-08T12:25:16","slug":"chalet-horizont","status":"publish","type":"page","link":"https:\/\/www.horizontresort.sk\/cs\/ubytovanie\/chalety-a-apartmany\/chalet-horizont\/","title":{"rendered":"Chalet"},"content":{"rendered":"<style type=\"text\/css\">\n\t\t\t#gallery-1 {\n\t\t\t\tmargin: auto;\n\t\t\t}\n\t\t\t#gallery-1 .gallery-item {\n\t\t\t\tfloat: left;\n\t\t\t\tmargin-top: 10px;\n\t\t\t\ttext-align: center;\n\t\t\t\twidth: 25%;\n\t\t\t}\n\t\t\t#gallery-1 img {\n\t\t\t\tborder: 2px solid #cfcfcf;\n\t\t\t}\n\t\t\t#gallery-1 .gallery-caption {\n\t\t\t\tmargin-left: 0;\n\t\t\t}\n\t\t\t\/* see gallery_shortcode() in wp-includes\/media.php *\/\n\t\t<\/style>\n<div id='gallery-1' class='gallery galleryid-1402 gallery-columns-4 gallery-size-thumbnail'>\n<dl class='gallery-item'>\n<dt class='gallery-icon landscape'>\n\t\t\t\t<a href='https:\/\/www.horizontresort.sk\/wp-content\/uploads\/2025\/03\/Chalet_Horizont_Resort_1-1.jpg' title=\"\" data-rl_title=\"\" class=\"rl-gallery-link\" data-rl_caption=\"\" data-rel=\"lightbox-gallery-1\"><img loading=\"lazy\" decoding=\"async\" width=\"800\" height=\"650\" src=\"https:\/\/www.horizontresort.sk\/wp-content\/uploads\/2025\/03\/Chalet_Horizont_Resort_1-1-800x650.jpg\" class=\"attachment-thumbnail size-thumbnail\" alt=\"\" \/><\/a>\n\t\t\t<\/dt>\n<\/dl>\n<dl class='gallery-item'>\n<dt class='gallery-icon landscape'>\n\t\t\t\t<a href='https:\/\/www.horizontresort.sk\/wp-content\/uploads\/2025\/03\/Brezy_chalety_apartmany_LQ_00-1-1600x1063.jpg' title=\"\" data-rl_title=\"\" class=\"rl-gallery-link\" data-rl_caption=\"\" data-rel=\"lightbox-gallery-1\"><img loading=\"lazy\" decoding=\"async\" width=\"800\" height=\"650\" src=\"https:\/\/www.horizontresort.sk\/wp-content\/uploads\/2025\/03\/Brezy_chalety_apartmany_LQ_00-1-800x650.jpg\" class=\"attachment-thumbnail size-thumbnail\" alt=\"\" \/><\/a>\n\t\t\t<\/dt>\n<\/dl>\n<dl class='gallery-item'>\n<dt class='gallery-icon landscape'>\n\t\t\t\t<a href='https:\/\/www.horizontresort.sk\/wp-content\/uploads\/2025\/03\/Brezy_chalety_apartmany_LQ_02-1-1600x1063.jpg' title=\"\" data-rl_title=\"\" class=\"rl-gallery-link\" data-rl_caption=\"\" data-rel=\"lightbox-gallery-1\"><img loading=\"lazy\" decoding=\"async\" width=\"800\" height=\"650\" src=\"https:\/\/www.horizontresort.sk\/wp-content\/uploads\/2025\/03\/Brezy_chalety_apartmany_LQ_02-1-800x650.jpg\" class=\"attachment-thumbnail size-thumbnail\" alt=\"\" \/><\/a>\n\t\t\t<\/dt>\n<\/dl>\n<dl class='gallery-item'>\n<dt class='gallery-icon landscape'>\n\t\t\t\t<a href='https:\/\/www.horizontresort.sk\/wp-content\/uploads\/2025\/03\/Brezy_chalety_apartmany_LQ_08-1-1600x1063.jpg' title=\"\" data-rl_title=\"\" class=\"rl-gallery-link\" data-rl_caption=\"\" data-rel=\"lightbox-gallery-1\"><img loading=\"lazy\" decoding=\"async\" width=\"800\" height=\"650\" src=\"https:\/\/www.horizontresort.sk\/wp-content\/uploads\/2025\/03\/Brezy_chalety_apartmany_LQ_08-1-800x650.jpg\" class=\"attachment-thumbnail size-thumbnail\" alt=\"\" \/><\/a>\n\t\t\t<\/dt>\n<\/dl>\n<p><br style=\"clear: both\" \/><\/p>\n<dl class='gallery-item'>\n<dt class='gallery-icon landscape'>\n\t\t\t\t<a href='https:\/\/www.horizontresort.sk\/wp-content\/uploads\/2025\/03\/Brezy_chalety_apartmany_LQ_06-1-1600x1063.jpg' title=\"\" data-rl_title=\"\" class=\"rl-gallery-link\" data-rl_caption=\"\" data-rel=\"lightbox-gallery-1\"><img loading=\"lazy\" decoding=\"async\" width=\"800\" height=\"650\" src=\"https:\/\/www.horizontresort.sk\/wp-content\/uploads\/2025\/03\/Brezy_chalety_apartmany_LQ_06-1-800x650.jpg\" class=\"attachment-thumbnail size-thumbnail\" alt=\"\" \/><\/a>\n\t\t\t<\/dt>\n<\/dl>\n<dl class='gallery-item'>\n<dt class='gallery-icon landscape'>\n\t\t\t\t<a href='https:\/\/www.horizontresort.sk\/wp-content\/uploads\/2025\/03\/Brezy_chalet_07.jpg' title=\"\" data-rl_title=\"\" class=\"rl-gallery-link\" data-rl_caption=\"\" data-rel=\"lightbox-gallery-1\"><img loading=\"lazy\" decoding=\"async\" width=\"800\" height=\"650\" src=\"https:\/\/www.horizontresort.sk\/wp-content\/uploads\/2025\/03\/Brezy_chalet_07-800x650.jpg\" class=\"attachment-thumbnail size-thumbnail\" alt=\"\" \/><\/a>\n\t\t\t<\/dt>\n<\/dl>\n<dl class='gallery-item'>\n<dt class='gallery-icon landscape'>\n\t\t\t\t<a href='https:\/\/www.horizontresort.sk\/wp-content\/uploads\/2025\/03\/Brezy_chalet_05-1.jpg' title=\"\" data-rl_title=\"\" class=\"rl-gallery-link\" data-rl_caption=\"\" data-rel=\"lightbox-gallery-1\"><img loading=\"lazy\" decoding=\"async\" width=\"800\" height=\"650\" src=\"https:\/\/www.horizontresort.sk\/wp-content\/uploads\/2025\/03\/Brezy_chalet_05-1-800x650.jpg\" class=\"attachment-thumbnail size-thumbnail\" alt=\"\" \/><\/a>\n\t\t\t<\/dt>\n<\/dl>\n<dl class='gallery-item'>\n<dt class='gallery-icon landscape'>\n\t\t\t\t<a href='https:\/\/www.horizontresort.sk\/wp-content\/uploads\/2025\/03\/Brezy_chalety_apartmany_LQ_12-1-1600x1063.jpg' title=\"\" data-rl_title=\"\" class=\"rl-gallery-link\" data-rl_caption=\"\" data-rel=\"lightbox-gallery-1\"><img loading=\"lazy\" decoding=\"async\" width=\"800\" height=\"650\" src=\"https:\/\/www.horizontresort.sk\/wp-content\/uploads\/2025\/03\/Brezy_chalety_apartmany_LQ_12-1-800x650.jpg\" class=\"attachment-thumbnail size-thumbnail\" alt=\"\" \/><\/a>\n\t\t\t<\/dt>\n<\/dl>\n<p><br style=\"clear: both\" \/><\/p>\n<dl class='gallery-item'>\n<dt class='gallery-icon landscape'>\n\t\t\t\t<a href='https:\/\/www.horizontresort.sk\/wp-content\/uploads\/2025\/03\/Brezy_chalety_apartmany_LQ_14-1600x1063.jpg' title=\"\" data-rl_title=\"\" class=\"rl-gallery-link\" data-rl_caption=\"\" data-rel=\"lightbox-gallery-1\"><img loading=\"lazy\" decoding=\"async\" width=\"800\" height=\"650\" src=\"https:\/\/www.horizontresort.sk\/wp-content\/uploads\/2025\/03\/Brezy_chalety_apartmany_LQ_14-800x650.jpg\" class=\"attachment-thumbnail size-thumbnail\" alt=\"\" \/><\/a>\n\t\t\t<\/dt>\n<\/dl>\n<dl class='gallery-item'>\n<dt class='gallery-icon landscape'>\n\t\t\t\t<a href='https:\/\/www.horizontresort.sk\/wp-content\/uploads\/2025\/03\/Brezy_chalety_apartmany_LQ_15-1600x1063.jpg' title=\"\" data-rl_title=\"\" class=\"rl-gallery-link\" data-rl_caption=\"\" data-rel=\"lightbox-gallery-1\"><img loading=\"lazy\" decoding=\"async\" width=\"800\" height=\"650\" src=\"https:\/\/www.horizontresort.sk\/wp-content\/uploads\/2025\/03\/Brezy_chalety_apartmany_LQ_15-800x650.jpg\" class=\"attachment-thumbnail size-thumbnail\" alt=\"\" \/><\/a>\n\t\t\t<\/dt>\n<\/dl>\n<dl class='gallery-item'>\n<dt class='gallery-icon landscape'>\n\t\t\t\t<a href='https:\/\/www.horizontresort.sk\/wp-content\/uploads\/2025\/03\/Brezy_chalety_apartmany_LQ_16-1600x1063.jpg' title=\"\" data-rl_title=\"\" class=\"rl-gallery-link\" data-rl_caption=\"\" data-rel=\"lightbox-gallery-1\"><img loading=\"lazy\" decoding=\"async\" width=\"800\" height=\"650\" src=\"https:\/\/www.horizontresort.sk\/wp-content\/uploads\/2025\/03\/Brezy_chalety_apartmany_LQ_16-800x650.jpg\" class=\"attachment-thumbnail size-thumbnail\" alt=\"\" \/><\/a>\n\t\t\t<\/dt>\n<\/dl>\n<p>\t\t\t<br style='clear: both' \/>\n\t\t<\/div>\n<div class=\"line\"><\/div>\n<div class=\"gdc_row\">\n<div class=\"gdc_column gdc_chalf\">\n<div class=\"gdc_inner\">\n<h2 data-start=\"0\" data-end=\"15\"><strong data-start=\"0\" data-end=\"13\">Informace<\/strong><\/h2>\n<p data-start=\"17\" data-end=\"320\">V tatransk\u00fdch chatech a apartm\u00e1nech, situovan\u00fdch v b\u0159ezov\u00e9m h\u00e1ji v are\u00e1lu hotelu Horizont Resort, za\u017eijete dokonal\u00fd komfort a relaxaci s n\u00e1dhern\u00fdmi v\u00fdhledy na okoln\u00ed p\u0159\u00edrodu a \u0161t\u00edty Vysok\u00fdch Tater. Luxusn\u00ed horsk\u00e9 chaty v alpsk\u00e9m stylu nab\u00edzej\u00ed maxim\u00e1ln\u00ed pohodl\u00ed pro rodiny, skupiny p\u0159\u00e1tel i kolektivy.<\/p>\n<h2 data-start=\"322\" data-end=\"352\"><strong data-start=\"326\" data-end=\"350\">Charakteristika chat<\/strong><\/h2>\n<p data-start=\"354\" data-end=\"380\"><strong data-start=\"354\" data-end=\"367\">Kapacita:<\/strong> A\u017e 8 osob.<\/p>\n<p data-start=\"382\" data-end=\"394\"><strong data-start=\"382\" data-end=\"392\">Patro:<\/strong><\/p>\n<ul data-start=\"395\" data-end=\"559\">\n<li data-start=\"395\" data-end=\"559\">T\u0159i odd\u011blen\u00e9 lo\u017enice: jedna s man\u017eelskou postel\u00ed (mo\u017enost p\u0159id\u00e1n\u00ed d\u011btsk\u00e9 post\u00fdlky) a dv\u011b s odd\u011blen\u00fdmi l\u016f\u017eky, v\u0161echny s francouzsk\u00fdmi okny s v\u00fdhledem na p\u0159\u00edrodu.<\/li>\n<\/ul>\n<p data-start=\"561\" data-end=\"575\"><strong data-start=\"561\" data-end=\"573\">P\u0159\u00edzem\u00ed:<\/strong><\/p>\n<ul data-start=\"576\" data-end=\"780\">\n<li data-start=\"576\" data-end=\"624\">Ob\u00fdvac\u00ed pokoj s TV, krbem a j\u00eddeln\u00edm stolem.<\/li>\n<li data-start=\"625\" data-end=\"727\">Pln\u011b vybaven\u00e1 kuchy\u0148 s troubou, keramickou varnou deskou, lednic\u00ed, varnou konvic\u00ed a my\u010dkou n\u00e1dob\u00ed.<\/li>\n<li data-start=\"728\" data-end=\"780\"><strong data-start=\"730\" data-end=\"743\">Exteri\u00e9r:<\/strong> Terasa s v\u00fdhledem na Vysok\u00e9 Tatry.<\/li>\n<\/ul>\n<h3 data-start=\"782\" data-end=\"810\"><strong data-start=\"786\" data-end=\"808\">Slu\u017eby a vybaven\u00ed:<\/strong><\/h3>\n<ul data-start=\"811\" data-end=\"1015\">\n<li data-start=\"811\" data-end=\"870\"><strong data-start=\"813\" data-end=\"825\">Ly\u017e\u00e1rna:<\/strong> S oz\u00f3nov\u00fdm su\u0161en\u00edm v hlavn\u00ed budov\u011b hotelu.<\/li>\n<li data-start=\"871\" data-end=\"920\"><strong data-start=\"873\" data-end=\"887\">Parkov\u00e1n\u00ed:<\/strong> Bezplatn\u00e9 soukrom\u00e9 parkovi\u0161t\u011b.<\/li>\n<li data-start=\"921\" data-end=\"960\"><strong data-start=\"923\" data-end=\"933\">Are\u00e1l:<\/strong> D\u011btsk\u00e9 h\u0159i\u0161t\u011b a jez\u00edrko.<\/li>\n<li data-start=\"961\" data-end=\"1015\"><strong data-start=\"963\" data-end=\"976\">Internet:<\/strong> Bezplatn\u00e9 Wi-Fi ve v\u0161ech prostor\u00e1ch.<\/li>\n<\/ul>\n<p data-start=\"1017\" data-end=\"1235\" data-is-last-node=\"\" data-is-only-node=\"\">Tyto chaty jsou ide\u00e1ln\u00ed volbou pro ty, kte\u0159\u00ed hledaj\u00ed kombinaci soukrom\u00ed, komfortu a bl\u00edzkosti p\u0159\u00edrody. V bl\u00edzkosti se nach\u00e1zej\u00ed turistick\u00e1 a ly\u017ea\u0159sk\u00e1 st\u0159ediska i wellness slu\u017eby, co\u017e zaru\u010duje pestr\u00e9 vy\u017eit\u00ed po cel\u00fd rok.<\/p>\n<\/div>\n<\/div>\n<div class=\"gdc_column gdc_chalf\">\n<div class=\"gdc_inner\">\n<h2>Vybaven\u00ed<\/h2>\n<ul>\n<li>Antialergick\u00e9 p\u0159ikr\u00fdvky<\/li>\n<li>Francouzsk\u00e9 okno<\/li>\n<li>Kosmetick\u00fd set<\/li>\n<li>Krb<\/li>\n<li>Kuchy\u0148 \u2013 trouba na va\u0159en\u00ed, chladni\u010dka, my\u010dka n\u00e1dob\u00ed, varn\u00e1 konvice<\/li>\n<li>LCD TV 40\u201c<\/li>\n<li>Ortopedick\u00e9 matrace<\/li>\n<li>Sprcha, WC, Vysou\u0161e\u010d vlas\u016f<\/li>\n<li>Terasa<\/li>\n<li>Wi-Fi<\/li>\n<\/ul>\n<\/div>\n<\/div>\n<\/div>\n","protected":false},"excerpt":{"rendered":"","protected":false},"author":1,"featured_media":1406,"parent":1400,"menu_order":14,"comment_status":"closed","ping_status":"closed","template":"template-detail-pokoje.php","meta":{"footnotes":""},"class_list":["post-1402","page","type-page","status-publish","has-post-thumbnail","hentry"],"acf":[],"aioseo_notices":[],"_links":{"self":[{"href":"https:\/\/www.horizontresort.sk\/cs\/wp-json\/wp\/v2\/pages\/1402","targetHints":{"allow":["GET"]}}],"collection":[{"href":"https:\/\/www.horizontresort.sk\/cs\/wp-json\/wp\/v2\/pages"}],"about":[{"href":"https:\/\/www.horizontresort.sk\/cs\/wp-json\/wp\/v2\/types\/page"}],"author":[{"embeddable":true,"href":"https:\/\/www.horizontresort.sk\/cs\/wp-json\/wp\/v2\/users\/1"}],"replies":[{"embeddable":true,"href":"https:\/\/www.horizontresort.sk\/cs\/wp-json\/wp\/v2\/comments?post=1402"}],"version-history":[{"count":11,"href":"https:\/\/www.horizontresort.sk\/cs\/wp-json\/wp\/v2\/pages\/1402\/revisions"}],"predecessor-version":[{"id":3575,"href":"https:\/\/www.horizontresort.sk\/cs\/wp-json\/wp\/v2\/pages\/1402\/revisions\/3575"}],"up":[{"embeddable":true,"href":"https:\/\/www.horizontresort.sk\/cs\/wp-json\/wp\/v2\/pages\/1400"}],"wp:featuredmedia":[{"embeddable":true,"href":"https:\/\/www.horizontresort.sk\/cs\/wp-json\/wp\/v2\/media\/1406"}],"wp:attachment":[{"href":"https:\/\/www.horizontresort.sk\/cs\/wp-json\/wp\/v2\/media?parent=1402"}],"curies":[{"name":"wp","href":"https:\/\/api.w.org\/{rel}","templated":true}]}}